{"id":11717,"date":"2026-04-18T12:39:26","date_gmt":"2026-04-18T12:39:26","guid":{"rendered":"https:\/\/livrariasolmar.pt\/?post_type=product&#038;p=11717"},"modified":"2026-04-18T12:39:26","modified_gmt":"2026-04-18T12:39:26","slug":"oh-nao-mae-que-distraida","status":"publish","type":"product","link":"https:\/\/livrariasolmar.pt\/en\/produto\/oh-nao-mae-que-distraida\/","title":{"rendered":"Oh, N\u00e3o, M\u00e3e! Que Distra\u00edda!"},"content":{"rendered":"","protected":false},"excerpt":{"rendered":"<p>A Ol\u00edvia, o Heitor e a m\u00e3e v\u00e3o apanhar o comboio. A m\u00e3e quis chegar muito cedo, para poderem estar descansados, mas&#8230; Oh, n\u00e3o! Parece que a m\u00e3e se esqueceu do telefone! E da carteira! E onde estar\u00e3o as chaves de casa? Entre viagens de t\u00e1xi e desvios inesperados, felizmente v\u00e3o encontrando quem seja prest\u00e1vel (e divertido!).<\/p>\n<p>Um livro deliciosamente divertido que nos far\u00e1 sorrir ao reconhecer os nossos dias bem-intencionados, mas cheios de inesperados\u00a0<i>Oh, n\u00e3o!<\/i>.<\/p>\n","protected":false},"author":2,"featured_media":11720,"template":"","meta":[],"product_cat":[384],"product_tag":[],"cat_produtos":[1980],"yoast_head":"<!-- This site is optimized with the Yoast SEO plugin v16.6 - https:\/\/yoast.com\/wordpress\/plugins\/seo\/ -->\n<title>Oh, N\u00e3o, M\u00e3e! Que Distra\u00edda! - Livraria Solmar - Livraria online<\/title>\n<meta name=\"robots\" content=\"index, follow, max-snippet:-1, max-image-preview:large, max-video-preview:-1\" \/>\n<link rel=\"canonical\" href=\"https:\/\/livrariasolmar.pt\/en\/produto\/oh-nao-mae-que-distraida\/\" \/>\n<meta property=\"og:locale\" content=\"en_US\" \/>\n<meta property=\"og:type\" content=\"article\" \/>\n<meta property=\"og:title\" content=\"Oh, N\u00e3o, M\u00e3e! Que Distra\u00edda! - Livraria Solmar - Livraria online\" \/>\n<meta property=\"og:description\" content=\"A Ol\u00edvia, o Heitor e a m\u00e3e v\u00e3o apanhar o comboio. A m\u00e3e quis chegar muito cedo, para poderem estar descansados, mas... Oh, n\u00e3o! Parece que a m\u00e3e se esqueceu do telefone! E da carteira! E onde estar\u00e3o as chaves de casa? Entre viagens de t\u00e1xi e desvios inesperados, felizmente v\u00e3o encontrando quem seja prest\u00e1vel (e divertido!).  Um livro deliciosamente divertido que nos far\u00e1 sorrir ao reconhecer os nossos dias bem-intencionados, mas cheios de inesperados\u00a0Oh, n\u00e3o!.\" \/>\n<meta property=\"og:url\" content=\"https:\/\/livrariasolmar.pt\/produto\/oh-nao-mae-que-distraida\/\" \/>\n<meta property=\"og:site_name\" content=\"Livraria Solmar - Livraria online\" \/>\n<meta property=\"og:image\" content=\"https:\/\/livrariasolmar.pt\/wp-content\/uploads\/2026\/04\/1540-1.jpg\" \/>\n\t<meta property=\"og:image:width\" content=\"340\" \/>\n\t<meta property=\"og:image:height\" content=\"340\" \/>\n<meta name=\"twitter:card\" content=\"summary_large_image\" \/>\n<script type=\"application\/ld+json\" class=\"yoast-schema-graph\">{\"@context\":\"https:\/\/schema.org\",\"@graph\":[{\"@type\":\"WebSite\",\"@id\":\"https:\/\/livrariasolmar.pt\/#website\",\"url\":\"https:\/\/livrariasolmar.pt\/\",\"name\":\"Livraria Solmar - Livraria online\",\"description\":\"Com\\u00e9rcio Livros E Objetos De Arte, Lda - Ponta Delgada, A\\u00e7ores\",\"potentialAction\":[{\"@type\":\"SearchAction\",\"target\":{\"@type\":\"EntryPoint\",\"urlTemplate\":\"https:\/\/livrariasolmar.pt\/?s={search_term_string}\"},\"query-input\":\"required name=search_term_string\"}],\"inLanguage\":\"en-US\"},{\"@type\":\"ImageObject\",\"@id\":\"https:\/\/livrariasolmar.pt\/produto\/oh-nao-mae-que-distraida\/#primaryimage\",\"inLanguage\":\"en-US\",\"url\":\"https:\/\/livrariasolmar.pt\/wp-content\/uploads\/2026\/04\/1540-1.jpg\",\"contentUrl\":\"https:\/\/livrariasolmar.pt\/wp-content\/uploads\/2026\/04\/1540-1.jpg\",\"width\":340,\"height\":340},{\"@type\":\"WebPage\",\"@id\":\"https:\/\/livrariasolmar.pt\/produto\/oh-nao-mae-que-distraida\/#webpage\",\"url\":\"https:\/\/livrariasolmar.pt\/produto\/oh-nao-mae-que-distraida\/\",\"name\":\"Oh, N\\u00e3o, M\\u00e3e! Que Distra\\u00edda! - Livraria Solmar - Livraria online\",\"isPartOf\":{\"@id\":\"https:\/\/livrariasolmar.pt\/#website\"},\"primaryImageOfPage\":{\"@id\":\"https:\/\/livrariasolmar.pt\/produto\/oh-nao-mae-que-distraida\/#primaryimage\"},\"datePublished\":\"2026-04-18T12:39:26+00:00\",\"dateModified\":\"2026-04-18T12:39:26+00:00\",\"breadcrumb\":{\"@id\":\"https:\/\/livrariasolmar.pt\/produto\/oh-nao-mae-que-distraida\/#breadcrumb\"},\"inLanguage\":\"en-US\",\"potentialAction\":[{\"@type\":\"ReadAction\",\"target\":[\"https:\/\/livrariasolmar.pt\/produto\/oh-nao-mae-que-distraida\/\"]}]},{\"@type\":\"BreadcrumbList\",\"@id\":\"https:\/\/livrariasolmar.pt\/produto\/oh-nao-mae-que-distraida\/#breadcrumb\",\"itemListElement\":[{\"@type\":\"ListItem\",\"position\":1,\"name\":\"In\\u00edcio\",\"item\":\"https:\/\/livrariasolmar.pt\/en\/\"},{\"@type\":\"ListItem\",\"position\":2,\"name\":\"Shop\",\"item\":\"https:\/\/livrariasolmar.pt\/en\/shop\/\"},{\"@type\":\"ListItem\",\"position\":3,\"name\":\"Oh, N\\u00e3o, M\\u00e3e! Que Distra\\u00edda!\"}]}]}<\/script>\n<!-- \/ Yoast SEO plugin. -->","_links":{"self":[{"href":"https:\/\/livrariasolmar.pt\/en\/wp-json\/wp\/v2\/product\/11717"}],"collection":[{"href":"https:\/\/livrariasolmar.pt\/en\/wp-json\/wp\/v2\/product"}],"about":[{"href":"https:\/\/livrariasolmar.pt\/en\/wp-json\/wp\/v2\/types\/product"}],"author":[{"embeddable":true,"href":"https:\/\/livrariasolmar.pt\/en\/wp-json\/wp\/v2\/users\/2"}],"wp:featuredmedia":[{"embeddable":true,"href":"https:\/\/livrariasolmar.pt\/en\/wp-json\/wp\/v2\/media\/11720"}],"wp:attachment":[{"href":"https:\/\/livrariasolmar.pt\/en\/wp-json\/wp\/v2\/media?parent=11717"}],"wp:term":[{"taxonomy":"product_cat","embeddable":true,"href":"https:\/\/livrariasolmar.pt\/en\/wp-json\/wp\/v2\/product_cat?post=11717"},{"taxonomy":"product_tag","embeddable":true,"href":"https:\/\/livrariasolmar.pt\/en\/wp-json\/wp\/v2\/product_tag?post=11717"},{"taxonomy":"cat_produtos","embeddable":true,"href":"https:\/\/livrariasolmar.pt\/en\/wp-json\/wp\/v2\/cat_produtos?post=11717"}],"curies":[{"name":"wp","href":"https:\/\/api.w.org\/{rel}","templated":true}]}}