{"id":11723,"date":"2026-04-20T17:45:46","date_gmt":"2026-04-20T17:45:46","guid":{"rendered":"https:\/\/livrariasolmar.pt\/?post_type=product&#038;p=11723"},"modified":"2026-04-20T17:45:46","modified_gmt":"2026-04-20T17:45:46","slug":"pai-rico-pai-pobre-familia-esperta-familia-rica","status":"publish","type":"product","link":"https:\/\/livrariasolmar.pt\/en\/produto\/pai-rico-pai-pobre-familia-esperta-familia-rica\/","title":{"rendered":"Pai Rico, Pai Pobre: Fam\u00edlia Esperta, Fam\u00edlia Rica"},"content":{"rendered":"","protected":false},"excerpt":{"rendered":"<p>Compreender a linguagem do dinheiro n\u00e3o s\u00f3 lhe permite tomar melhores decis\u00f5es, como tamb\u00e9m lhe d\u00e1 o poder de transformar o seu futuro e o da sua fam\u00edlia. Falar sobre este assunto pode parecer intimidante, mas \u00e9 uma parte inevit\u00e1vel do dia a dia. Assim, quanto mais compreender como funciona o dinheiro e como \u00e9 utilizado, mais controlo ter\u00e1 sobre as suas finan\u00e7as.<\/p>\n<p>Este livro vai ajud\u00e1-lo a:<\/p>\n<p>&#8211; Dominar a linguagem do dinheiro, desde conceitos b\u00e1sicos a ideias mais complexas.<br \/>\n&#8211; Compreender como pensam e agem as fam\u00edlias financeiramente inteligentes.<br \/>\n&#8211; Aplicar li\u00e7\u00f5es simples, mas eficazes, baseadas na experi\u00eancia de Robert Kiyosaki.<br \/>\n&#8211; Envolver a sua fam\u00edlia no processo, criando uma base s\u00f3lida de educa\u00e7\u00e3o financeira para todos.<\/p>\n<p><i>Fam\u00edlia Esperta, Fam\u00edlia Rica<\/i>\u00a0permite dar o primeiro passo para uma vida financeira mais livre e pr\u00f3spera.<\/p>\n<p>&nbsp;<\/p>\n","protected":false},"author":2,"featured_media":11728,"template":"","meta":[],"product_cat":[1386,1387,173],"product_tag":[],"cat_produtos":[1914],"yoast_head":"<!-- This site is optimized with the Yoast SEO plugin v16.6 - https:\/\/yoast.com\/wordpress\/plugins\/seo\/ -->\n<title>Pai Rico, Pai Pobre: Fam\u00edlia Esperta, Fam\u00edlia Rica - Livraria Solmar - Livraria online<\/title>\n<meta name=\"robots\" content=\"index, follow, max-snippet:-1, max-image-preview:large, max-video-preview:-1\" \/>\n<link rel=\"canonical\" href=\"https:\/\/livrariasolmar.pt\/en\/produto\/pai-rico-pai-pobre-familia-esperta-familia-rica\/\" \/>\n<meta property=\"og:locale\" content=\"en_US\" \/>\n<meta property=\"og:type\" content=\"article\" \/>\n<meta property=\"og:title\" content=\"Pai Rico, Pai Pobre: Fam\u00edlia Esperta, Fam\u00edlia Rica - Livraria Solmar - Livraria online\" \/>\n<meta property=\"og:description\" content=\"Compreender a linguagem do dinheiro n\u00e3o s\u00f3 lhe permite tomar melhores decis\u00f5es, como tamb\u00e9m lhe d\u00e1 o poder de transformar o seu futuro e o da sua fam\u00edlia. Falar sobre este assunto pode parecer intimidante, mas \u00e9 uma parte inevit\u00e1vel do dia a dia. Assim, quanto mais compreender como funciona o dinheiro e como \u00e9 utilizado, mais controlo ter\u00e1 sobre as suas finan\u00e7as.  Este livro vai ajud\u00e1-lo a:  - Dominar a linguagem do dinheiro, desde conceitos b\u00e1sicos a ideias mais complexas. - Compreender como pensam e agem as fam\u00edlias financeiramente inteligentes. - Aplicar li\u00e7\u00f5es simples, mas eficazes, baseadas na experi\u00eancia de Robert Kiyosaki. - Envolver a sua fam\u00edlia no processo, criando uma base s\u00f3lida de educa\u00e7\u00e3o financeira para todos.  Fam\u00edlia Esperta, Fam\u00edlia Rica\u00a0permite dar o primeiro passo para uma vida financeira mais livre e pr\u00f3spera.  &nbsp;\" \/>\n<meta property=\"og:url\" content=\"https:\/\/livrariasolmar.pt\/produto\/pai-rico-pai-pobre-familia-esperta-familia-rica\/\" \/>\n<meta property=\"og:site_name\" content=\"Livraria Solmar - Livraria online\" \/>\n<meta property=\"og:image\" content=\"https:\/\/livrariasolmar.pt\/wp-content\/uploads\/2026\/04\/1540-1-4.jpg\" \/>\n\t<meta property=\"og:image:width\" content=\"340\" \/>\n\t<meta property=\"og:image:height\" content=\"340\" \/>\n<meta name=\"twitter:card\" content=\"summary_large_image\" \/>\n<script type=\"application\/ld+json\" class=\"yoast-schema-graph\">{\"@context\":\"https:\/\/schema.org\",\"@graph\":[{\"@type\":\"WebSite\",\"@id\":\"https:\/\/livrariasolmar.pt\/#website\",\"url\":\"https:\/\/livrariasolmar.pt\/\",\"name\":\"Livraria Solmar - Livraria online\",\"description\":\"Com\\u00e9rcio Livros E Objetos De Arte, Lda - Ponta Delgada, A\\u00e7ores\",\"potentialAction\":[{\"@type\":\"SearchAction\",\"target\":{\"@type\":\"EntryPoint\",\"urlTemplate\":\"https:\/\/livrariasolmar.pt\/?s={search_term_string}\"},\"query-input\":\"required name=search_term_string\"}],\"inLanguage\":\"en-US\"},{\"@type\":\"ImageObject\",\"@id\":\"https:\/\/livrariasolmar.pt\/produto\/pai-rico-pai-pobre-familia-esperta-familia-rica\/#primaryimage\",\"inLanguage\":\"en-US\",\"url\":\"https:\/\/livrariasolmar.pt\/wp-content\/uploads\/2026\/04\/1540-1-4.jpg\",\"contentUrl\":\"https:\/\/livrariasolmar.pt\/wp-content\/uploads\/2026\/04\/1540-1-4.jpg\",\"width\":340,\"height\":340},{\"@type\":\"WebPage\",\"@id\":\"https:\/\/livrariasolmar.pt\/produto\/pai-rico-pai-pobre-familia-esperta-familia-rica\/#webpage\",\"url\":\"https:\/\/livrariasolmar.pt\/produto\/pai-rico-pai-pobre-familia-esperta-familia-rica\/\",\"name\":\"Pai Rico, Pai Pobre: Fam\\u00edlia Esperta, Fam\\u00edlia Rica - Livraria Solmar - Livraria online\",\"isPartOf\":{\"@id\":\"https:\/\/livrariasolmar.pt\/#website\"},\"primaryImageOfPage\":{\"@id\":\"https:\/\/livrariasolmar.pt\/produto\/pai-rico-pai-pobre-familia-esperta-familia-rica\/#primaryimage\"},\"datePublished\":\"2026-04-20T17:45:46+00:00\",\"dateModified\":\"2026-04-20T17:45:46+00:00\",\"breadcrumb\":{\"@id\":\"https:\/\/livrariasolmar.pt\/produto\/pai-rico-pai-pobre-familia-esperta-familia-rica\/#breadcrumb\"},\"inLanguage\":\"en-US\",\"potentialAction\":[{\"@type\":\"ReadAction\",\"target\":[\"https:\/\/livrariasolmar.pt\/produto\/pai-rico-pai-pobre-familia-esperta-familia-rica\/\"]}]},{\"@type\":\"BreadcrumbList\",\"@id\":\"https:\/\/livrariasolmar.pt\/produto\/pai-rico-pai-pobre-familia-esperta-familia-rica\/#breadcrumb\",\"itemListElement\":[{\"@type\":\"ListItem\",\"position\":1,\"name\":\"In\\u00edcio\",\"item\":\"https:\/\/livrariasolmar.pt\/en\/\"},{\"@type\":\"ListItem\",\"position\":2,\"name\":\"Shop\",\"item\":\"https:\/\/livrariasolmar.pt\/en\/shop\/\"},{\"@type\":\"ListItem\",\"position\":3,\"name\":\"Pai Rico, Pai Pobre: Fam\\u00edlia Esperta, Fam\\u00edlia Rica\"}]}]}<\/script>\n<!-- \/ Yoast SEO plugin. -->","_links":{"self":[{"href":"https:\/\/livrariasolmar.pt\/en\/wp-json\/wp\/v2\/product\/11723"}],"collection":[{"href":"https:\/\/livrariasolmar.pt\/en\/wp-json\/wp\/v2\/product"}],"about":[{"href":"https:\/\/livrariasolmar.pt\/en\/wp-json\/wp\/v2\/types\/product"}],"author":[{"embeddable":true,"href":"https:\/\/livrariasolmar.pt\/en\/wp-json\/wp\/v2\/users\/2"}],"wp:featuredmedia":[{"embeddable":true,"href":"https:\/\/livrariasolmar.pt\/en\/wp-json\/wp\/v2\/media\/11728"}],"wp:attachment":[{"href":"https:\/\/livrariasolmar.pt\/en\/wp-json\/wp\/v2\/media?parent=11723"}],"wp:term":[{"taxonomy":"product_cat","embeddable":true,"href":"https:\/\/livrariasolmar.pt\/en\/wp-json\/wp\/v2\/product_cat?post=11723"},{"taxonomy":"product_tag","embeddable":true,"href":"https:\/\/livrariasolmar.pt\/en\/wp-json\/wp\/v2\/product_tag?post=11723"},{"taxonomy":"cat_produtos","embeddable":true,"href":"https:\/\/livrariasolmar.pt\/en\/wp-json\/wp\/v2\/cat_produtos?post=11723"}],"curies":[{"name":"wp","href":"https:\/\/api.w.org\/{rel}","templated":true}]}}