{"id":11731,"date":"2026-04-22T18:12:59","date_gmt":"2026-04-22T18:12:59","guid":{"rendered":"https:\/\/livrariasolmar.pt\/?post_type=product&#038;p=11731"},"modified":"2026-04-22T18:12:59","modified_gmt":"2026-04-22T18:12:59","slug":"o-pequeno-tigre-pergunta-nao-posso-porque","status":"publish","type":"product","link":"https:\/\/livrariasolmar.pt\/en\/produto\/o-pequeno-tigre-pergunta-nao-posso-porque\/","title":{"rendered":"O Pequeno Tigre Pergunta: N\u00e3o Posso porqu\u00ea?"},"content":{"rendered":"","protected":false},"excerpt":{"rendered":"<p>Nem sempre \u00e9 f\u00e1cil ouvir um\u00a0<i>n\u00e3o<\/i>. Mas \u00e0s vezes \u00e9 a\u00ed que come\u00e7a a crescer o cora\u00e7\u00e3o.<\/p>\n<p>O Pequeno Tigre quer fazer Tantas coisas incr\u00edveis comer gelado, ir para a escola de pijama, saltar muito alto, ficar acordado at\u00e9 tarde. Mas est\u00e1 sempre algu\u00e9m a dizer-lhe que n\u00e3o pode!<\/p>\n<p>Entre perguntas insistentes e ideias mirabolantes, o Pequeno Tigre descobre que os\u00a0<i>n\u00e3os<\/i>\u00a0n\u00e3o existem para travar os sonhos, mas para o proteger, orientar e ajudar a crescer.<\/p>\n<p>Uma hist\u00f3ria divertida e cheia de ternura sobre limites, confian\u00e7a e amor incondicional.<\/p>\n","protected":false},"author":2,"featured_media":11732,"template":"","meta":[],"product_cat":[172],"product_tag":[],"cat_produtos":[1981],"yoast_head":"<!-- This site is optimized with the Yoast SEO plugin v16.6 - https:\/\/yoast.com\/wordpress\/plugins\/seo\/ -->\n<title>O Pequeno Tigre Pergunta: N\u00e3o Posso porqu\u00ea? - Livraria Solmar - Livraria online<\/title>\n<meta name=\"robots\" content=\"index, follow, max-snippet:-1, max-image-preview:large, max-video-preview:-1\" \/>\n<link rel=\"canonical\" href=\"https:\/\/livrariasolmar.pt\/en\/produto\/o-pequeno-tigre-pergunta-nao-posso-porque\/\" \/>\n<meta property=\"og:locale\" content=\"en_US\" \/>\n<meta property=\"og:type\" content=\"article\" \/>\n<meta property=\"og:title\" content=\"O Pequeno Tigre Pergunta: N\u00e3o Posso porqu\u00ea? - Livraria Solmar - Livraria online\" \/>\n<meta property=\"og:description\" content=\"Nem sempre \u00e9 f\u00e1cil ouvir um\u00a0n\u00e3o. Mas \u00e0s vezes \u00e9 a\u00ed que come\u00e7a a crescer o cora\u00e7\u00e3o.  O Pequeno Tigre quer fazer Tantas coisas incr\u00edveis comer gelado, ir para a escola de pijama, saltar muito alto, ficar acordado at\u00e9 tarde. Mas est\u00e1 sempre algu\u00e9m a dizer-lhe que n\u00e3o pode!  Entre perguntas insistentes e ideias mirabolantes, o Pequeno Tigre descobre que os\u00a0n\u00e3os\u00a0n\u00e3o existem para travar os sonhos, mas para o proteger, orientar e ajudar a crescer.  Uma hist\u00f3ria divertida e cheia de ternura sobre limites, confian\u00e7a e amor incondicional.\" \/>\n<meta property=\"og:url\" content=\"https:\/\/livrariasolmar.pt\/produto\/o-pequeno-tigre-pergunta-nao-posso-porque\/\" \/>\n<meta property=\"og:site_name\" content=\"Livraria Solmar - Livraria online\" \/>\n<meta property=\"og:image\" content=\"https:\/\/livrariasolmar.pt\/wp-content\/uploads\/2026\/04\/1540-1-6.jpg\" \/>\n\t<meta property=\"og:image:width\" content=\"340\" \/>\n\t<meta property=\"og:image:height\" content=\"340\" \/>\n<meta name=\"twitter:card\" content=\"summary_large_image\" \/>\n<script type=\"application\/ld+json\" class=\"yoast-schema-graph\">{\"@context\":\"https:\/\/schema.org\",\"@graph\":[{\"@type\":\"WebSite\",\"@id\":\"https:\/\/livrariasolmar.pt\/#website\",\"url\":\"https:\/\/livrariasolmar.pt\/\",\"name\":\"Livraria Solmar - Livraria online\",\"description\":\"Com\\u00e9rcio Livros E Objetos De Arte, Lda - Ponta Delgada, A\\u00e7ores\",\"potentialAction\":[{\"@type\":\"SearchAction\",\"target\":{\"@type\":\"EntryPoint\",\"urlTemplate\":\"https:\/\/livrariasolmar.pt\/?s={search_term_string}\"},\"query-input\":\"required name=search_term_string\"}],\"inLanguage\":\"en-US\"},{\"@type\":\"ImageObject\",\"@id\":\"https:\/\/livrariasolmar.pt\/produto\/o-pequeno-tigre-pergunta-nao-posso-porque\/#primaryimage\",\"inLanguage\":\"en-US\",\"url\":\"https:\/\/livrariasolmar.pt\/wp-content\/uploads\/2026\/04\/1540-1-6.jpg\",\"contentUrl\":\"https:\/\/livrariasolmar.pt\/wp-content\/uploads\/2026\/04\/1540-1-6.jpg\",\"width\":340,\"height\":340},{\"@type\":\"WebPage\",\"@id\":\"https:\/\/livrariasolmar.pt\/produto\/o-pequeno-tigre-pergunta-nao-posso-porque\/#webpage\",\"url\":\"https:\/\/livrariasolmar.pt\/produto\/o-pequeno-tigre-pergunta-nao-posso-porque\/\",\"name\":\"O Pequeno Tigre Pergunta: N\\u00e3o Posso porqu\\u00ea? - Livraria Solmar - Livraria online\",\"isPartOf\":{\"@id\":\"https:\/\/livrariasolmar.pt\/#website\"},\"primaryImageOfPage\":{\"@id\":\"https:\/\/livrariasolmar.pt\/produto\/o-pequeno-tigre-pergunta-nao-posso-porque\/#primaryimage\"},\"datePublished\":\"2026-04-22T18:12:59+00:00\",\"dateModified\":\"2026-04-22T18:12:59+00:00\",\"breadcrumb\":{\"@id\":\"https:\/\/livrariasolmar.pt\/produto\/o-pequeno-tigre-pergunta-nao-posso-porque\/#breadcrumb\"},\"inLanguage\":\"en-US\",\"potentialAction\":[{\"@type\":\"ReadAction\",\"target\":[\"https:\/\/livrariasolmar.pt\/produto\/o-pequeno-tigre-pergunta-nao-posso-porque\/\"]}]},{\"@type\":\"BreadcrumbList\",\"@id\":\"https:\/\/livrariasolmar.pt\/produto\/o-pequeno-tigre-pergunta-nao-posso-porque\/#breadcrumb\",\"itemListElement\":[{\"@type\":\"ListItem\",\"position\":1,\"name\":\"In\\u00edcio\",\"item\":\"https:\/\/livrariasolmar.pt\/en\/\"},{\"@type\":\"ListItem\",\"position\":2,\"name\":\"Shop\",\"item\":\"https:\/\/livrariasolmar.pt\/en\/shop\/\"},{\"@type\":\"ListItem\",\"position\":3,\"name\":\"O Pequeno Tigre Pergunta: N\\u00e3o Posso porqu\\u00ea?\"}]}]}<\/script>\n<!-- \/ Yoast SEO plugin. -->","_links":{"self":[{"href":"https:\/\/livrariasolmar.pt\/en\/wp-json\/wp\/v2\/product\/11731"}],"collection":[{"href":"https:\/\/livrariasolmar.pt\/en\/wp-json\/wp\/v2\/product"}],"about":[{"href":"https:\/\/livrariasolmar.pt\/en\/wp-json\/wp\/v2\/types\/product"}],"author":[{"embeddable":true,"href":"https:\/\/livrariasolmar.pt\/en\/wp-json\/wp\/v2\/users\/2"}],"wp:featuredmedia":[{"embeddable":true,"href":"https:\/\/livrariasolmar.pt\/en\/wp-json\/wp\/v2\/media\/11732"}],"wp:attachment":[{"href":"https:\/\/livrariasolmar.pt\/en\/wp-json\/wp\/v2\/media?parent=11731"}],"wp:term":[{"taxonomy":"product_cat","embeddable":true,"href":"https:\/\/livrariasolmar.pt\/en\/wp-json\/wp\/v2\/product_cat?post=11731"},{"taxonomy":"product_tag","embeddable":true,"href":"https:\/\/livrariasolmar.pt\/en\/wp-json\/wp\/v2\/product_tag?post=11731"},{"taxonomy":"cat_produtos","embeddable":true,"href":"https:\/\/livrariasolmar.pt\/en\/wp-json\/wp\/v2\/cat_produtos?post=11731"}],"curies":[{"name":"wp","href":"https:\/\/api.w.org\/{rel}","templated":true}]}}