{"id":11737,"date":"2026-04-26T11:57:53","date_gmt":"2026-04-26T11:57:53","guid":{"rendered":"https:\/\/livrariasolmar.pt\/?post_type=product&#038;p=11737"},"modified":"2026-04-26T11:57:53","modified_gmt":"2026-04-26T11:57:53","slug":"o-assassino-cego","status":"publish","type":"product","link":"https:\/\/livrariasolmar.pt\/en\/produto\/o-assassino-cego\/","title":{"rendered":"O Assassino Cego"},"content":{"rendered":"","protected":false},"excerpt":{"rendered":"<p>Uma dram\u00e1tica saga familiar mesclada com o mais perfeito noir.<\/p>\n<p>Amor, como\u00e7\u00e3o e coragem num romance inesquec\u00edvel.<\/p>\n<p>\u00abDez dias ap\u00f3s o fim da guerra, a minha irm\u00e3 Laura atirou-se com um carro de uma ponte.\u00bb O conflito \u00e9 a Segunda Guerra Mundial, e estas inquietantes palavras s\u00e3o proferidas por Iris Chase Griffen, casada aos dezoito anos com um ilustre empres\u00e1rio, mas agora pobre e com oitenta e dois anos. Iris recordar\u00e1 nestas p\u00e1ginas a sua vida \u00bf tudo menos exemplar \u00bf e os acontecimentos que levaram \u00e0 morte da sua irm\u00e3, revelando pouco a pouco os segredos religiosamente guardados da rica e exc\u00eantrica dinastia Chase.<\/p>\n<p>Um desses segredos \u00e9\u00a0<i>O Assassino Cego<\/i>, um romance que rendeu \u00e0 falecida Laura Chase n\u00e3o apenas notoriedade, mas tamb\u00e9m um culto de leitores devotos. Sexualmente expl\u00edcito, o livro era uma fantasia\u00a0<i>pulp<\/i>\u00a0improvisada por dois amantes an\u00f3nimos que se encontravam secretamente em quartos alugados e caf\u00e9s mal-afamados. \u00c0 medida que esta hist\u00f3ria dentro da hist\u00f3ria se desenrola, entre amor, ci\u00fame, sacrif\u00edcio e trai\u00e7\u00e3o, o mesmo acontece com a narrativa real, aproximando-se ambas, p\u00e9 ante p\u00e9, da cat\u00e1strofe.<\/p>\n<p>No romance vencedor do Booker Prize, Margaret Atwood oferece-nos uma hist\u00f3ria em que a profunda ironia e o drama sombrio culminam numa reviravolta final brilhante e deveras surpreendente.<\/p>\n","protected":false},"author":2,"featured_media":11738,"template":"","meta":[],"product_cat":[153],"product_tag":[],"cat_produtos":[1983],"yoast_head":"<!-- This site is optimized with the Yoast SEO plugin v16.6 - https:\/\/yoast.com\/wordpress\/plugins\/seo\/ -->\n<title>O Assassino Cego - Livraria Solmar - Livraria online<\/title>\n<meta name=\"robots\" content=\"index, follow, max-snippet:-1, max-image-preview:large, max-video-preview:-1\" \/>\n<link rel=\"canonical\" href=\"https:\/\/livrariasolmar.pt\/en\/produto\/o-assassino-cego\/\" \/>\n<meta property=\"og:locale\" content=\"en_US\" \/>\n<meta property=\"og:type\" content=\"article\" \/>\n<meta property=\"og:title\" content=\"O Assassino Cego - Livraria Solmar - Livraria online\" \/>\n<meta property=\"og:description\" content=\"Uma dram\u00e1tica saga familiar mesclada com o mais perfeito noir.  Amor, como\u00e7\u00e3o e coragem num romance inesquec\u00edvel.  \u00abDez dias ap\u00f3s o fim da guerra, a minha irm\u00e3 Laura atirou-se com um carro de uma ponte.\u00bb O conflito \u00e9 a Segunda Guerra Mundial, e estas inquietantes palavras s\u00e3o proferidas por Iris Chase Griffen, casada aos dezoito anos com um ilustre empres\u00e1rio, mas agora pobre e com oitenta e dois anos. Iris recordar\u00e1 nestas p\u00e1ginas a sua vida \u00bf tudo menos exemplar \u00bf e os acontecimentos que levaram \u00e0 morte da sua irm\u00e3, revelando pouco a pouco os segredos religiosamente guardados da rica e exc\u00eantrica dinastia Chase.  Um desses segredos \u00e9\u00a0O Assassino Cego, um romance que rendeu \u00e0 falecida Laura Chase n\u00e3o apenas notoriedade, mas tamb\u00e9m um culto de leitores devotos. Sexualmente expl\u00edcito, o livro era uma fantasia\u00a0pulp\u00a0improvisada por dois amantes an\u00f3nimos que se encontravam secretamente em quartos alugados e caf\u00e9s mal-afamados. \u00c0 medida que esta hist\u00f3ria dentro da hist\u00f3ria se desenrola, entre amor, ci\u00fame, sacrif\u00edcio e trai\u00e7\u00e3o, o mesmo acontece com a narrativa real, aproximando-se ambas, p\u00e9 ante p\u00e9, da cat\u00e1strofe.  No romance vencedor do Booker Prize, Margaret Atwood oferece-nos uma hist\u00f3ria em que a profunda ironia e o drama sombrio culminam numa reviravolta final brilhante e deveras surpreendente.\" \/>\n<meta property=\"og:url\" content=\"https:\/\/livrariasolmar.pt\/produto\/o-assassino-cego\/\" \/>\n<meta property=\"og:site_name\" content=\"Livraria Solmar - Livraria online\" \/>\n<meta property=\"og:image\" content=\"https:\/\/livrariasolmar.pt\/wp-content\/uploads\/2026\/04\/8245c0553a1d78423bbf0126dcaa67d8.jpg\" \/>\n\t<meta property=\"og:image:width\" content=\"440\" \/>\n\t<meta property=\"og:image:height\" content=\"702\" \/>\n<meta name=\"twitter:card\" content=\"summary_large_image\" \/>\n<script type=\"application\/ld+json\" class=\"yoast-schema-graph\">{\"@context\":\"https:\/\/schema.org\",\"@graph\":[{\"@type\":\"WebSite\",\"@id\":\"https:\/\/livrariasolmar.pt\/#website\",\"url\":\"https:\/\/livrariasolmar.pt\/\",\"name\":\"Livraria Solmar - Livraria online\",\"description\":\"Com\\u00e9rcio Livros E Objetos De Arte, Lda - Ponta Delgada, A\\u00e7ores\",\"potentialAction\":[{\"@type\":\"SearchAction\",\"target\":{\"@type\":\"EntryPoint\",\"urlTemplate\":\"https:\/\/livrariasolmar.pt\/?s={search_term_string}\"},\"query-input\":\"required name=search_term_string\"}],\"inLanguage\":\"en-US\"},{\"@type\":\"ImageObject\",\"@id\":\"https:\/\/livrariasolmar.pt\/produto\/o-assassino-cego\/#primaryimage\",\"inLanguage\":\"en-US\",\"url\":\"https:\/\/livrariasolmar.pt\/wp-content\/uploads\/2026\/04\/8245c0553a1d78423bbf0126dcaa67d8.jpg\",\"contentUrl\":\"https:\/\/livrariasolmar.pt\/wp-content\/uploads\/2026\/04\/8245c0553a1d78423bbf0126dcaa67d8.jpg\",\"width\":440,\"height\":702},{\"@type\":\"WebPage\",\"@id\":\"https:\/\/livrariasolmar.pt\/produto\/o-assassino-cego\/#webpage\",\"url\":\"https:\/\/livrariasolmar.pt\/produto\/o-assassino-cego\/\",\"name\":\"O Assassino Cego - Livraria Solmar - Livraria online\",\"isPartOf\":{\"@id\":\"https:\/\/livrariasolmar.pt\/#website\"},\"primaryImageOfPage\":{\"@id\":\"https:\/\/livrariasolmar.pt\/produto\/o-assassino-cego\/#primaryimage\"},\"datePublished\":\"2026-04-26T11:57:53+00:00\",\"dateModified\":\"2026-04-26T11:57:53+00:00\",\"breadcrumb\":{\"@id\":\"https:\/\/livrariasolmar.pt\/produto\/o-assassino-cego\/#breadcrumb\"},\"inLanguage\":\"en-US\",\"potentialAction\":[{\"@type\":\"ReadAction\",\"target\":[\"https:\/\/livrariasolmar.pt\/produto\/o-assassino-cego\/\"]}]},{\"@type\":\"BreadcrumbList\",\"@id\":\"https:\/\/livrariasolmar.pt\/produto\/o-assassino-cego\/#breadcrumb\",\"itemListElement\":[{\"@type\":\"ListItem\",\"position\":1,\"name\":\"In\\u00edcio\",\"item\":\"https:\/\/livrariasolmar.pt\/en\/\"},{\"@type\":\"ListItem\",\"position\":2,\"name\":\"Shop\",\"item\":\"https:\/\/livrariasolmar.pt\/en\/shop\/\"},{\"@type\":\"ListItem\",\"position\":3,\"name\":\"O Assassino Cego\"}]}]}<\/script>\n<!-- \/ Yoast SEO plugin. -->","_links":{"self":[{"href":"https:\/\/livrariasolmar.pt\/en\/wp-json\/wp\/v2\/product\/11737"}],"collection":[{"href":"https:\/\/livrariasolmar.pt\/en\/wp-json\/wp\/v2\/product"}],"about":[{"href":"https:\/\/livrariasolmar.pt\/en\/wp-json\/wp\/v2\/types\/product"}],"author":[{"embeddable":true,"href":"https:\/\/livrariasolmar.pt\/en\/wp-json\/wp\/v2\/users\/2"}],"wp:featuredmedia":[{"embeddable":true,"href":"https:\/\/livrariasolmar.pt\/en\/wp-json\/wp\/v2\/media\/11738"}],"wp:attachment":[{"href":"https:\/\/livrariasolmar.pt\/en\/wp-json\/wp\/v2\/media?parent=11737"}],"wp:term":[{"taxonomy":"product_cat","embeddable":true,"href":"https:\/\/livrariasolmar.pt\/en\/wp-json\/wp\/v2\/product_cat?post=11737"},{"taxonomy":"product_tag","embeddable":true,"href":"https:\/\/livrariasolmar.pt\/en\/wp-json\/wp\/v2\/product_tag?post=11737"},{"taxonomy":"cat_produtos","embeddable":true,"href":"https:\/\/livrariasolmar.pt\/en\/wp-json\/wp\/v2\/cat_produtos?post=11737"}],"curies":[{"name":"wp","href":"https:\/\/api.w.org\/{rel}","templated":true}]}}