{"id":11741,"date":"2026-05-01T16:33:12","date_gmt":"2026-05-01T16:33:12","guid":{"rendered":"https:\/\/livrariasolmar.pt\/?post_type=product&#038;p=11741"},"modified":"2026-05-01T16:33:12","modified_gmt":"2026-05-01T16:33:12","slug":"para-acabar-de-vez-com-eddy-bellegueule","status":"publish","type":"product","link":"https:\/\/livrariasolmar.pt\/en\/produto\/para-acabar-de-vez-com-eddy-bellegueule\/","title":{"rendered":"Para Acabar de Vez com Eddy Bellegueule"},"content":{"rendered":"","protected":false},"excerpt":{"rendered":"<p align=\"justify\">\u00abNa verdade, a revolta contra os meus pais, contra a pobreza, contra a minha classe social, o seu racismo, a sua viol\u00eancia, os seus costumes, foi apenas secund\u00e1ria. Pois antes de me revoltar contra o mundo da minha inf\u00e2ncia, foi o mundo da minha inf\u00e2ncia que se revoltou contra mim. N\u00e3o tive outra escolha sen\u00e3o fugir. Este livro \u00e9 uma tentativa de compreender.&#8221;<\/p>\n<p>\u00c9.L. Primeiro e aclamado romance de \u00c9douard Louis, que lhe conferiu de imediato um lugar de destaque na Literatura contempor\u00e2nea, Para Acabar de Vez com Eddy Bellegueule \u00e9 uma obra poderosa e crua que entretece autobiografia e fi c\u00e7\u00e3o para refletir sobre classe, viol\u00eancia e sexualidade.<\/p>\n<p>&nbsp;<\/p>\n","protected":false},"author":2,"featured_media":11742,"template":"","meta":[],"product_cat":[192],"product_tag":[],"cat_produtos":[1984],"yoast_head":"<!-- This site is optimized with the Yoast SEO plugin v16.6 - https:\/\/yoast.com\/wordpress\/plugins\/seo\/ -->\n<title>Para Acabar de Vez com Eddy Bellegueule - Livraria Solmar - Livraria online<\/title>\n<meta name=\"robots\" content=\"index, follow, max-snippet:-1, max-image-preview:large, max-video-preview:-1\" \/>\n<link rel=\"canonical\" href=\"https:\/\/livrariasolmar.pt\/en\/produto\/para-acabar-de-vez-com-eddy-bellegueule\/\" \/>\n<meta property=\"og:locale\" content=\"en_US\" \/>\n<meta property=\"og:type\" content=\"article\" \/>\n<meta property=\"og:title\" content=\"Para Acabar de Vez com Eddy Bellegueule - Livraria Solmar - Livraria online\" \/>\n<meta property=\"og:description\" content=\"\u00abNa verdade, a revolta contra os meus pais, contra a pobreza, contra a minha classe social, o seu racismo, a sua viol\u00eancia, os seus costumes, foi apenas secund\u00e1ria. Pois antes de me revoltar contra o mundo da minha inf\u00e2ncia, foi o mundo da minha inf\u00e2ncia que se revoltou contra mim. N\u00e3o tive outra escolha sen\u00e3o fugir. Este livro \u00e9 uma tentativa de compreender.&quot; \u00c9.L. Primeiro e aclamado romance de \u00c9douard Louis, que lhe conferiu de imediato um lugar de destaque na Literatura contempor\u00e2nea, Para Acabar de Vez com Eddy Bellegueule \u00e9 uma obra poderosa e crua que entretece autobiografia e fi c\u00e7\u00e3o para refletir sobre classe, viol\u00eancia e sexualidade.  &nbsp;\" \/>\n<meta property=\"og:url\" content=\"https:\/\/livrariasolmar.pt\/produto\/para-acabar-de-vez-com-eddy-bellegueule\/\" \/>\n<meta property=\"og:site_name\" content=\"Livraria Solmar - Livraria online\" \/>\n<meta property=\"og:image\" content=\"https:\/\/livrariasolmar.pt\/wp-content\/uploads\/2026\/05\/1507-1.jpg\" \/>\n\t<meta property=\"og:image:width\" content=\"400\" \/>\n\t<meta property=\"og:image:height\" content=\"500\" \/>\n<meta name=\"twitter:card\" content=\"summary_large_image\" \/>\n<script type=\"application\/ld+json\" class=\"yoast-schema-graph\">{\"@context\":\"https:\/\/schema.org\",\"@graph\":[{\"@type\":\"WebSite\",\"@id\":\"https:\/\/livrariasolmar.pt\/#website\",\"url\":\"https:\/\/livrariasolmar.pt\/\",\"name\":\"Livraria Solmar - Livraria online\",\"description\":\"Com\\u00e9rcio Livros E Objetos De Arte, Lda - Ponta Delgada, A\\u00e7ores\",\"potentialAction\":[{\"@type\":\"SearchAction\",\"target\":{\"@type\":\"EntryPoint\",\"urlTemplate\":\"https:\/\/livrariasolmar.pt\/?s={search_term_string}\"},\"query-input\":\"required name=search_term_string\"}],\"inLanguage\":\"en-US\"},{\"@type\":\"ImageObject\",\"@id\":\"https:\/\/livrariasolmar.pt\/produto\/para-acabar-de-vez-com-eddy-bellegueule\/#primaryimage\",\"inLanguage\":\"en-US\",\"url\":\"https:\/\/livrariasolmar.pt\/wp-content\/uploads\/2026\/05\/1507-1.jpg\",\"contentUrl\":\"https:\/\/livrariasolmar.pt\/wp-content\/uploads\/2026\/05\/1507-1.jpg\",\"width\":400,\"height\":500},{\"@type\":\"WebPage\",\"@id\":\"https:\/\/livrariasolmar.pt\/produto\/para-acabar-de-vez-com-eddy-bellegueule\/#webpage\",\"url\":\"https:\/\/livrariasolmar.pt\/produto\/para-acabar-de-vez-com-eddy-bellegueule\/\",\"name\":\"Para Acabar de Vez com Eddy Bellegueule - Livraria Solmar - Livraria online\",\"isPartOf\":{\"@id\":\"https:\/\/livrariasolmar.pt\/#website\"},\"primaryImageOfPage\":{\"@id\":\"https:\/\/livrariasolmar.pt\/produto\/para-acabar-de-vez-com-eddy-bellegueule\/#primaryimage\"},\"datePublished\":\"2026-05-01T16:33:12+00:00\",\"dateModified\":\"2026-05-01T16:33:12+00:00\",\"breadcrumb\":{\"@id\":\"https:\/\/livrariasolmar.pt\/produto\/para-acabar-de-vez-com-eddy-bellegueule\/#breadcrumb\"},\"inLanguage\":\"en-US\",\"potentialAction\":[{\"@type\":\"ReadAction\",\"target\":[\"https:\/\/livrariasolmar.pt\/produto\/para-acabar-de-vez-com-eddy-bellegueule\/\"]}]},{\"@type\":\"BreadcrumbList\",\"@id\":\"https:\/\/livrariasolmar.pt\/produto\/para-acabar-de-vez-com-eddy-bellegueule\/#breadcrumb\",\"itemListElement\":[{\"@type\":\"ListItem\",\"position\":1,\"name\":\"In\\u00edcio\",\"item\":\"https:\/\/livrariasolmar.pt\/en\/\"},{\"@type\":\"ListItem\",\"position\":2,\"name\":\"Shop\",\"item\":\"https:\/\/livrariasolmar.pt\/en\/shop\/\"},{\"@type\":\"ListItem\",\"position\":3,\"name\":\"Para Acabar de Vez com Eddy Bellegueule\"}]}]}<\/script>\n<!-- \/ Yoast SEO plugin. -->","_links":{"self":[{"href":"https:\/\/livrariasolmar.pt\/en\/wp-json\/wp\/v2\/product\/11741"}],"collection":[{"href":"https:\/\/livrariasolmar.pt\/en\/wp-json\/wp\/v2\/product"}],"about":[{"href":"https:\/\/livrariasolmar.pt\/en\/wp-json\/wp\/v2\/types\/product"}],"author":[{"embeddable":true,"href":"https:\/\/livrariasolmar.pt\/en\/wp-json\/wp\/v2\/users\/2"}],"wp:featuredmedia":[{"embeddable":true,"href":"https:\/\/livrariasolmar.pt\/en\/wp-json\/wp\/v2\/media\/11742"}],"wp:attachment":[{"href":"https:\/\/livrariasolmar.pt\/en\/wp-json\/wp\/v2\/media?parent=11741"}],"wp:term":[{"taxonomy":"product_cat","embeddable":true,"href":"https:\/\/livrariasolmar.pt\/en\/wp-json\/wp\/v2\/product_cat?post=11741"},{"taxonomy":"product_tag","embeddable":true,"href":"https:\/\/livrariasolmar.pt\/en\/wp-json\/wp\/v2\/product_tag?post=11741"},{"taxonomy":"cat_produtos","embeddable":true,"href":"https:\/\/livrariasolmar.pt\/en\/wp-json\/wp\/v2\/cat_produtos?post=11741"}],"curies":[{"name":"wp","href":"https:\/\/api.w.org\/{rel}","templated":true}]}}