{"id":11745,"date":"2026-05-07T17:42:56","date_gmt":"2026-05-07T17:42:56","guid":{"rendered":"https:\/\/livrariasolmar.pt\/?post_type=product&#038;p=11745"},"modified":"2026-05-07T17:42:56","modified_gmt":"2026-05-07T17:42:56","slug":"as-reputacoes","status":"publish","type":"product","link":"https:\/\/livrariasolmar.pt\/en\/produto\/as-reputacoes\/","title":{"rendered":"As Reputa\u00e7\u00f5es"},"content":{"rendered":"","protected":false},"excerpt":{"rendered":"<p>Javier Mallarino, o caricaturista mais influente do pa\u00eds, \u00e9 considerado uma lenda viva. \u00abCapaz de levar \u00e0 revoga\u00e7\u00e3o de uma lei, alterar o erro de um magistrado, derrubar um presidente de c\u00e2mara ou amea\u00e7ar seriamente a estabilidade de um minist\u00e9rio, e isto tendo apenas por armas o papel e a tinta-da-china\u00bb, \u00e9 um homem temido por pol\u00edticos e homenageado pelas altas institui\u00e7\u00f5es do pa\u00eds. Aos 65 anos, e ap\u00f3s quatro d\u00e9cadas de uma carreira brilhante, o pr\u00e9mio que recebe confirma uma vida de \u00eaxitos e rever\u00eancia.<\/p>\n<p>No entanto, a presen\u00e7a inesperada de uma mulher na cerim\u00f3nia de homenagem traz consigo o peso do passado, arrependimentos e liga\u00e7\u00f5es obscuras do caricaturista \u00e0 vida pol\u00edtica do pa\u00eds. O passado rebenta no presente e Mallarino v\u00ea-se obrigado a p\u00f4r em causa o seu trabalho e a sua posi\u00e7\u00e3o.<\/p>\n<p>O j\u00fari do Pr\u00e9mio da Real Academia Espanhola que premiou\u00a0<i>As Reputa\u00e7\u00f5es<\/i>\u00a0elogiou a capacidade de Juan Gabriel V\u00e1squez de \u00abelaborar a constru\u00e7\u00e3o de um romance acabado\u00bb e valorizou de forma particular \u00aba cria\u00e7\u00e3o de personagens que d\u00e3o corpo \u00e0s complexas rela\u00e7\u00f5es entre o poder e os meios de comunica\u00e7\u00e3o.\u00bb<\/p>\n","protected":false},"author":2,"featured_media":11746,"template":"","meta":[],"product_cat":[153,190],"product_tag":[],"cat_produtos":[1805],"yoast_head":"<!-- This site is optimized with the Yoast SEO plugin v16.6 - https:\/\/yoast.com\/wordpress\/plugins\/seo\/ -->\n<title>As Reputa\u00e7\u00f5es - Livraria Solmar - Livraria online<\/title>\n<meta name=\"robots\" content=\"index, follow, max-snippet:-1, max-image-preview:large, max-video-preview:-1\" \/>\n<link rel=\"canonical\" href=\"https:\/\/livrariasolmar.pt\/en\/produto\/as-reputacoes\/\" \/>\n<meta property=\"og:locale\" content=\"en_US\" \/>\n<meta property=\"og:type\" content=\"article\" \/>\n<meta property=\"og:title\" content=\"As Reputa\u00e7\u00f5es - Livraria Solmar - Livraria online\" \/>\n<meta property=\"og:description\" content=\"Javier Mallarino, o caricaturista mais influente do pa\u00eds, \u00e9 considerado uma lenda viva. \u00abCapaz de levar \u00e0 revoga\u00e7\u00e3o de uma lei, alterar o erro de um magistrado, derrubar um presidente de c\u00e2mara ou amea\u00e7ar seriamente a estabilidade de um minist\u00e9rio, e isto tendo apenas por armas o papel e a tinta-da-china\u00bb, \u00e9 um homem temido por pol\u00edticos e homenageado pelas altas institui\u00e7\u00f5es do pa\u00eds. Aos 65 anos, e ap\u00f3s quatro d\u00e9cadas de uma carreira brilhante, o pr\u00e9mio que recebe confirma uma vida de \u00eaxitos e rever\u00eancia.  No entanto, a presen\u00e7a inesperada de uma mulher na cerim\u00f3nia de homenagem traz consigo o peso do passado, arrependimentos e liga\u00e7\u00f5es obscuras do caricaturista \u00e0 vida pol\u00edtica do pa\u00eds. O passado rebenta no presente e Mallarino v\u00ea-se obrigado a p\u00f4r em causa o seu trabalho e a sua posi\u00e7\u00e3o.  O j\u00fari do Pr\u00e9mio da Real Academia Espanhola que premiou\u00a0As Reputa\u00e7\u00f5es\u00a0elogiou a capacidade de Juan Gabriel V\u00e1squez de \u00abelaborar a constru\u00e7\u00e3o de um romance acabado\u00bb e valorizou de forma particular \u00aba cria\u00e7\u00e3o de personagens que d\u00e3o corpo \u00e0s complexas rela\u00e7\u00f5es entre o poder e os meios de comunica\u00e7\u00e3o.\u00bb\" \/>\n<meta property=\"og:url\" content=\"https:\/\/livrariasolmar.pt\/produto\/as-reputacoes\/\" \/>\n<meta property=\"og:site_name\" content=\"Livraria Solmar - Livraria online\" \/>\n<meta property=\"og:image\" content=\"https:\/\/livrariasolmar.pt\/wp-content\/uploads\/2026\/05\/9789895899623_1776171839.jpg\" \/>\n\t<meta property=\"og:image:width\" content=\"518\" \/>\n\t<meta property=\"og:image:height\" content=\"800\" \/>\n<meta name=\"twitter:card\" content=\"summary_large_image\" \/>\n<script type=\"application\/ld+json\" class=\"yoast-schema-graph\">{\"@context\":\"https:\/\/schema.org\",\"@graph\":[{\"@type\":\"WebSite\",\"@id\":\"https:\/\/livrariasolmar.pt\/#website\",\"url\":\"https:\/\/livrariasolmar.pt\/\",\"name\":\"Livraria Solmar - Livraria online\",\"description\":\"Com\\u00e9rcio Livros E Objetos De Arte, Lda - Ponta Delgada, A\\u00e7ores\",\"potentialAction\":[{\"@type\":\"SearchAction\",\"target\":{\"@type\":\"EntryPoint\",\"urlTemplate\":\"https:\/\/livrariasolmar.pt\/?s={search_term_string}\"},\"query-input\":\"required name=search_term_string\"}],\"inLanguage\":\"en-US\"},{\"@type\":\"ImageObject\",\"@id\":\"https:\/\/livrariasolmar.pt\/produto\/as-reputacoes\/#primaryimage\",\"inLanguage\":\"en-US\",\"url\":\"https:\/\/livrariasolmar.pt\/wp-content\/uploads\/2026\/05\/9789895899623_1776171839.jpg\",\"contentUrl\":\"https:\/\/livrariasolmar.pt\/wp-content\/uploads\/2026\/05\/9789895899623_1776171839.jpg\",\"width\":518,\"height\":800},{\"@type\":\"WebPage\",\"@id\":\"https:\/\/livrariasolmar.pt\/produto\/as-reputacoes\/#webpage\",\"url\":\"https:\/\/livrariasolmar.pt\/produto\/as-reputacoes\/\",\"name\":\"As Reputa\\u00e7\\u00f5es - Livraria Solmar - Livraria online\",\"isPartOf\":{\"@id\":\"https:\/\/livrariasolmar.pt\/#website\"},\"primaryImageOfPage\":{\"@id\":\"https:\/\/livrariasolmar.pt\/produto\/as-reputacoes\/#primaryimage\"},\"datePublished\":\"2026-05-07T17:42:56+00:00\",\"dateModified\":\"2026-05-07T17:42:56+00:00\",\"breadcrumb\":{\"@id\":\"https:\/\/livrariasolmar.pt\/produto\/as-reputacoes\/#breadcrumb\"},\"inLanguage\":\"en-US\",\"potentialAction\":[{\"@type\":\"ReadAction\",\"target\":[\"https:\/\/livrariasolmar.pt\/produto\/as-reputacoes\/\"]}]},{\"@type\":\"BreadcrumbList\",\"@id\":\"https:\/\/livrariasolmar.pt\/produto\/as-reputacoes\/#breadcrumb\",\"itemListElement\":[{\"@type\":\"ListItem\",\"position\":1,\"name\":\"In\\u00edcio\",\"item\":\"https:\/\/livrariasolmar.pt\/en\/\"},{\"@type\":\"ListItem\",\"position\":2,\"name\":\"Shop\",\"item\":\"https:\/\/livrariasolmar.pt\/en\/shop\/\"},{\"@type\":\"ListItem\",\"position\":3,\"name\":\"As Reputa\\u00e7\\u00f5es\"}]}]}<\/script>\n<!-- \/ Yoast SEO plugin. -->","_links":{"self":[{"href":"https:\/\/livrariasolmar.pt\/en\/wp-json\/wp\/v2\/product\/11745"}],"collection":[{"href":"https:\/\/livrariasolmar.pt\/en\/wp-json\/wp\/v2\/product"}],"about":[{"href":"https:\/\/livrariasolmar.pt\/en\/wp-json\/wp\/v2\/types\/product"}],"author":[{"embeddable":true,"href":"https:\/\/livrariasolmar.pt\/en\/wp-json\/wp\/v2\/users\/2"}],"wp:featuredmedia":[{"embeddable":true,"href":"https:\/\/livrariasolmar.pt\/en\/wp-json\/wp\/v2\/media\/11746"}],"wp:attachment":[{"href":"https:\/\/livrariasolmar.pt\/en\/wp-json\/wp\/v2\/media?parent=11745"}],"wp:term":[{"taxonomy":"product_cat","embeddable":true,"href":"https:\/\/livrariasolmar.pt\/en\/wp-json\/wp\/v2\/product_cat?post=11745"},{"taxonomy":"product_tag","embeddable":true,"href":"https:\/\/livrariasolmar.pt\/en\/wp-json\/wp\/v2\/product_tag?post=11745"},{"taxonomy":"cat_produtos","embeddable":true,"href":"https:\/\/livrariasolmar.pt\/en\/wp-json\/wp\/v2\/cat_produtos?post=11745"}],"curies":[{"name":"wp","href":"https:\/\/api.w.org\/{rel}","templated":true}]}}