{"id":11748,"date":"2026-05-07T17:49:15","date_gmt":"2026-05-07T17:49:15","guid":{"rendered":"https:\/\/livrariasolmar.pt\/?post_type=product&#038;p=11748"},"modified":"2026-05-07T17:49:15","modified_gmt":"2026-05-07T17:49:15","slug":"o-diabo-esta-nos-detalhes","status":"publish","type":"product","link":"https:\/\/livrariasolmar.pt\/en\/produto\/o-diabo-esta-nos-detalhes\/","title":{"rendered":"O Diabo Est\u00e1 nos Detalhes"},"content":{"rendered":"","protected":false},"excerpt":{"rendered":"<p>\u00abComo \u00e9 um espa\u00e7o imenso de liberdade, onde podemos dizer tudo, onde podemos conviver com o mal, narrar o horror, libertarmo-nos das regras da moral e da etiqueta, a literatura \u00e9 mais do que nunca necess\u00e1ria. Traz complexidade e ambiguidade a um mundo que as rejeita. a literatura pode auscultar, sem rodeios e sem concess\u00f5es, o que as nossas sociedades produzem de mais feio, de mais perigoso e de mais infame. Exige tempo num mundo onde tudo \u00e9 r\u00e1pido, onde a imagem e a emo\u00e7\u00e3o levam a melhor sobre a an\u00e1lise. Mas, para desempenhar plenamente o seu papel, tem de estar \u00e0 altura de si pr\u00f3pria e destes ideais.\u00bb<\/p>\n<p>Assim acontece nos textos que comp\u00f5em este livro, que v\u00e3o desde contos ao estilo de Tch\u00e9kov a defesas apaixonadas da leitura, passando por um iluminador di\u00e1logo sobre o universo narrativo da autora, que exibe aqui a sua afinad\u00edssima lucidez e subtil acutil\u00e2ncia.<\/p>\n<p>Publicado antes de\u00a0<i>Can\u00e7\u00e3o doce<\/i>, romance que lhe valeria o Goncourt, e da trilogia\u00a0<i>O Pa\u00eds dos Outros<\/i>, que a afirmou irrefutavelmente como um dos grandes nomes das Letras francesas, estes escritos descortinam a chama que impele a autora franco-marroquina a dedicar a vida \u00e0 escrita e \u00e0 defesa da literatura como arma capaz de derrubar os muros do preconceito, da intoler\u00e2ncia e da viol\u00eancia.<\/p>\n","protected":false},"author":2,"featured_media":11751,"template":"","meta":[],"product_cat":[153,190],"product_tag":[],"cat_produtos":[1985],"yoast_head":"<!-- This site is optimized with the Yoast SEO plugin v16.6 - https:\/\/yoast.com\/wordpress\/plugins\/seo\/ -->\n<title>O Diabo Est\u00e1 nos Detalhes - Livraria Solmar - Livraria online<\/title>\n<meta name=\"robots\" content=\"index, follow, max-snippet:-1, max-image-preview:large, max-video-preview:-1\" \/>\n<link rel=\"canonical\" href=\"https:\/\/livrariasolmar.pt\/en\/produto\/o-diabo-esta-nos-detalhes\/\" \/>\n<meta property=\"og:locale\" content=\"en_US\" \/>\n<meta property=\"og:type\" content=\"article\" \/>\n<meta property=\"og:title\" content=\"O Diabo Est\u00e1 nos Detalhes - Livraria Solmar - Livraria online\" \/>\n<meta property=\"og:description\" content=\"\u00abComo \u00e9 um espa\u00e7o imenso de liberdade, onde podemos dizer tudo, onde podemos conviver com o mal, narrar o horror, libertarmo-nos das regras da moral e da etiqueta, a literatura \u00e9 mais do que nunca necess\u00e1ria. Traz complexidade e ambiguidade a um mundo que as rejeita. a literatura pode auscultar, sem rodeios e sem concess\u00f5es, o que as nossas sociedades produzem de mais feio, de mais perigoso e de mais infame. Exige tempo num mundo onde tudo \u00e9 r\u00e1pido, onde a imagem e a emo\u00e7\u00e3o levam a melhor sobre a an\u00e1lise. Mas, para desempenhar plenamente o seu papel, tem de estar \u00e0 altura de si pr\u00f3pria e destes ideais.\u00bb  Assim acontece nos textos que comp\u00f5em este livro, que v\u00e3o desde contos ao estilo de Tch\u00e9kov a defesas apaixonadas da leitura, passando por um iluminador di\u00e1logo sobre o universo narrativo da autora, que exibe aqui a sua afinad\u00edssima lucidez e subtil acutil\u00e2ncia.  Publicado antes de\u00a0Can\u00e7\u00e3o doce, romance que lhe valeria o Goncourt, e da trilogia\u00a0O Pa\u00eds dos Outros, que a afirmou irrefutavelmente como um dos grandes nomes das Letras francesas, estes escritos descortinam a chama que impele a autora franco-marroquina a dedicar a vida \u00e0 escrita e \u00e0 defesa da literatura como arma capaz de derrubar os muros do preconceito, da intoler\u00e2ncia e da viol\u00eancia.\" \/>\n<meta property=\"og:url\" content=\"https:\/\/livrariasolmar.pt\/produto\/o-diabo-esta-nos-detalhes\/\" \/>\n<meta property=\"og:site_name\" content=\"Livraria Solmar - Livraria online\" \/>\n<meta property=\"og:image\" content=\"https:\/\/livrariasolmar.pt\/wp-content\/uploads\/2026\/05\/9789895894284_1776171828.jpg\" \/>\n\t<meta property=\"og:image:width\" content=\"518\" \/>\n\t<meta property=\"og:image:height\" content=\"800\" \/>\n<meta name=\"twitter:card\" content=\"summary_large_image\" \/>\n<script type=\"application\/ld+json\" class=\"yoast-schema-graph\">{\"@context\":\"https:\/\/schema.org\",\"@graph\":[{\"@type\":\"WebSite\",\"@id\":\"https:\/\/livrariasolmar.pt\/#website\",\"url\":\"https:\/\/livrariasolmar.pt\/\",\"name\":\"Livraria Solmar - Livraria online\",\"description\":\"Com\\u00e9rcio Livros E Objetos De Arte, Lda - Ponta Delgada, A\\u00e7ores\",\"potentialAction\":[{\"@type\":\"SearchAction\",\"target\":{\"@type\":\"EntryPoint\",\"urlTemplate\":\"https:\/\/livrariasolmar.pt\/?s={search_term_string}\"},\"query-input\":\"required name=search_term_string\"}],\"inLanguage\":\"en-US\"},{\"@type\":\"ImageObject\",\"@id\":\"https:\/\/livrariasolmar.pt\/produto\/o-diabo-esta-nos-detalhes\/#primaryimage\",\"inLanguage\":\"en-US\",\"url\":\"https:\/\/livrariasolmar.pt\/wp-content\/uploads\/2026\/05\/9789895894284_1776171828.jpg\",\"contentUrl\":\"https:\/\/livrariasolmar.pt\/wp-content\/uploads\/2026\/05\/9789895894284_1776171828.jpg\",\"width\":518,\"height\":800},{\"@type\":\"WebPage\",\"@id\":\"https:\/\/livrariasolmar.pt\/produto\/o-diabo-esta-nos-detalhes\/#webpage\",\"url\":\"https:\/\/livrariasolmar.pt\/produto\/o-diabo-esta-nos-detalhes\/\",\"name\":\"O Diabo Est\\u00e1 nos Detalhes - Livraria Solmar - Livraria online\",\"isPartOf\":{\"@id\":\"https:\/\/livrariasolmar.pt\/#website\"},\"primaryImageOfPage\":{\"@id\":\"https:\/\/livrariasolmar.pt\/produto\/o-diabo-esta-nos-detalhes\/#primaryimage\"},\"datePublished\":\"2026-05-07T17:49:15+00:00\",\"dateModified\":\"2026-05-07T17:49:15+00:00\",\"breadcrumb\":{\"@id\":\"https:\/\/livrariasolmar.pt\/produto\/o-diabo-esta-nos-detalhes\/#breadcrumb\"},\"inLanguage\":\"en-US\",\"potentialAction\":[{\"@type\":\"ReadAction\",\"target\":[\"https:\/\/livrariasolmar.pt\/produto\/o-diabo-esta-nos-detalhes\/\"]}]},{\"@type\":\"BreadcrumbList\",\"@id\":\"https:\/\/livrariasolmar.pt\/produto\/o-diabo-esta-nos-detalhes\/#breadcrumb\",\"itemListElement\":[{\"@type\":\"ListItem\",\"position\":1,\"name\":\"In\\u00edcio\",\"item\":\"https:\/\/livrariasolmar.pt\/en\/\"},{\"@type\":\"ListItem\",\"position\":2,\"name\":\"Shop\",\"item\":\"https:\/\/livrariasolmar.pt\/en\/shop\/\"},{\"@type\":\"ListItem\",\"position\":3,\"name\":\"O Diabo Est\\u00e1 nos Detalhes\"}]}]}<\/script>\n<!-- \/ Yoast SEO plugin. -->","_links":{"self":[{"href":"https:\/\/livrariasolmar.pt\/en\/wp-json\/wp\/v2\/product\/11748"}],"collection":[{"href":"https:\/\/livrariasolmar.pt\/en\/wp-json\/wp\/v2\/product"}],"about":[{"href":"https:\/\/livrariasolmar.pt\/en\/wp-json\/wp\/v2\/types\/product"}],"author":[{"embeddable":true,"href":"https:\/\/livrariasolmar.pt\/en\/wp-json\/wp\/v2\/users\/2"}],"wp:featuredmedia":[{"embeddable":true,"href":"https:\/\/livrariasolmar.pt\/en\/wp-json\/wp\/v2\/media\/11751"}],"wp:attachment":[{"href":"https:\/\/livrariasolmar.pt\/en\/wp-json\/wp\/v2\/media?parent=11748"}],"wp:term":[{"taxonomy":"product_cat","embeddable":true,"href":"https:\/\/livrariasolmar.pt\/en\/wp-json\/wp\/v2\/product_cat?post=11748"},{"taxonomy":"product_tag","embeddable":true,"href":"https:\/\/livrariasolmar.pt\/en\/wp-json\/wp\/v2\/product_tag?post=11748"},{"taxonomy":"cat_produtos","embeddable":true,"href":"https:\/\/livrariasolmar.pt\/en\/wp-json\/wp\/v2\/cat_produtos?post=11748"}],"curies":[{"name":"wp","href":"https:\/\/api.w.org\/{rel}","templated":true}]}}