{"id":11753,"date":"2026-05-07T18:13:29","date_gmt":"2026-05-07T18:13:29","guid":{"rendered":"https:\/\/livrariasolmar.pt\/?post_type=product&#038;p=11753"},"modified":"2026-05-07T18:13:29","modified_gmt":"2026-05-07T18:13:29","slug":"ave-negra","status":"publish","type":"product","link":"https:\/\/livrariasolmar.pt\/en\/produto\/ave-negra\/","title":{"rendered":"Ave Negra"},"content":{"rendered":"","protected":false},"excerpt":{"rendered":"<p>Na pequena comunidade de Rau\u00f0asandur, situada no extremo norte da Isl\u00e2ndia, em in\u00edcios do s\u00e9culo XIX, todos falam sobre a disc\u00f3rdia que reina em Sj\u00f6und e os rumores de adult\u00e9rio entre os dois casais que habitam esta quinta isolada. Quando, logo depois do falecimento suspeito de Gu\u00f0r\u00fan, mulher de Bjarni, sempre doente e queixosa, o mar devolve o corpo desfigurado de um homem, ningu\u00e9m duvida tratar-se de J\u00f3n, o marido da en\u00e9rgica e resoluta Steinunn. Esta e Bjarni s\u00e3o presos e conduzidos a julgamento, acusados de arquitectar a morte dos respectivos c\u00f4njuges. Todo o processo \u00e9 relatado por Eyj\u00f3lfur Kolbeinsson, o jovem e inexperiente vig\u00e1rio daquela remota par\u00f3quia, interiormente dividido entre a busca por uma verdade que satisfa\u00e7a a justi\u00e7a terrena, fria e intransigente, e o conforto espiritual dos seus paroquianos, cuja alma tormentosa \u00e9 o reflexo da natureza envolvente, agreste e hostil.<\/p>\n<p>Extraordin\u00e1rio romance de suspense sobre a culpa e a justi\u00e7a, o arrependimento e a expia\u00e7\u00e3o, por muitos considerado o precursor do noir n\u00f3rdico,\u00a0<i>Ave Negra<\/i>, de Gunnar Gunnarsson, baseia-se em factos reais e retrata magistralmente a sociedade islandesa do s\u00e9culo XIX, na qual todos acabam por ser v\u00edtimas e algozes.<\/p>\n","protected":false},"author":2,"featured_media":11754,"template":"","meta":[],"product_cat":[153,190],"product_tag":[],"cat_produtos":[1986],"yoast_head":"<!-- This site is optimized with the Yoast SEO plugin v16.6 - https:\/\/yoast.com\/wordpress\/plugins\/seo\/ -->\n<title>Ave Negra - Livraria Solmar - Livraria online<\/title>\n<meta name=\"robots\" content=\"index, follow, max-snippet:-1, max-image-preview:large, max-video-preview:-1\" \/>\n<link rel=\"canonical\" href=\"https:\/\/livrariasolmar.pt\/en\/produto\/ave-negra\/\" \/>\n<meta property=\"og:locale\" content=\"en_US\" \/>\n<meta property=\"og:type\" content=\"article\" \/>\n<meta property=\"og:title\" content=\"Ave Negra - Livraria Solmar - Livraria online\" \/>\n<meta property=\"og:description\" content=\"Na pequena comunidade de Rau\u00f0asandur, situada no extremo norte da Isl\u00e2ndia, em in\u00edcios do s\u00e9culo XIX, todos falam sobre a disc\u00f3rdia que reina em Sj\u00f6und e os rumores de adult\u00e9rio entre os dois casais que habitam esta quinta isolada. Quando, logo depois do falecimento suspeito de Gu\u00f0r\u00fan, mulher de Bjarni, sempre doente e queixosa, o mar devolve o corpo desfigurado de um homem, ningu\u00e9m duvida tratar-se de J\u00f3n, o marido da en\u00e9rgica e resoluta Steinunn. Esta e Bjarni s\u00e3o presos e conduzidos a julgamento, acusados de arquitectar a morte dos respectivos c\u00f4njuges. Todo o processo \u00e9 relatado por Eyj\u00f3lfur Kolbeinsson, o jovem e inexperiente vig\u00e1rio daquela remota par\u00f3quia, interiormente dividido entre a busca por uma verdade que satisfa\u00e7a a justi\u00e7a terrena, fria e intransigente, e o conforto espiritual dos seus paroquianos, cuja alma tormentosa \u00e9 o reflexo da natureza envolvente, agreste e hostil.  Extraordin\u00e1rio romance de suspense sobre a culpa e a justi\u00e7a, o arrependimento e a expia\u00e7\u00e3o, por muitos considerado o precursor do noir n\u00f3rdico,\u00a0Ave Negra, de Gunnar Gunnarsson, baseia-se em factos reais e retrata magistralmente a sociedade islandesa do s\u00e9culo XIX, na qual todos acabam por ser v\u00edtimas e algozes.\" \/>\n<meta property=\"og:url\" content=\"https:\/\/livrariasolmar.pt\/produto\/ave-negra\/\" \/>\n<meta property=\"og:site_name\" content=\"Livraria Solmar - Livraria online\" \/>\n<meta property=\"og:image\" content=\"https:\/\/livrariasolmar.pt\/wp-content\/uploads\/2026\/05\/9789895895489_1776171848.jpg\" \/>\n\t<meta property=\"og:image:width\" content=\"541\" \/>\n\t<meta property=\"og:image:height\" content=\"800\" \/>\n<meta name=\"twitter:card\" content=\"summary_large_image\" \/>\n<script type=\"application\/ld+json\" class=\"yoast-schema-graph\">{\"@context\":\"https:\/\/schema.org\",\"@graph\":[{\"@type\":\"WebSite\",\"@id\":\"https:\/\/livrariasolmar.pt\/#website\",\"url\":\"https:\/\/livrariasolmar.pt\/\",\"name\":\"Livraria Solmar - Livraria online\",\"description\":\"Com\\u00e9rcio Livros E Objetos De Arte, Lda - Ponta Delgada, A\\u00e7ores\",\"potentialAction\":[{\"@type\":\"SearchAction\",\"target\":{\"@type\":\"EntryPoint\",\"urlTemplate\":\"https:\/\/livrariasolmar.pt\/?s={search_term_string}\"},\"query-input\":\"required name=search_term_string\"}],\"inLanguage\":\"en-US\"},{\"@type\":\"ImageObject\",\"@id\":\"https:\/\/livrariasolmar.pt\/produto\/ave-negra\/#primaryimage\",\"inLanguage\":\"en-US\",\"url\":\"https:\/\/livrariasolmar.pt\/wp-content\/uploads\/2026\/05\/9789895895489_1776171848.jpg\",\"contentUrl\":\"https:\/\/livrariasolmar.pt\/wp-content\/uploads\/2026\/05\/9789895895489_1776171848.jpg\",\"width\":541,\"height\":800},{\"@type\":\"WebPage\",\"@id\":\"https:\/\/livrariasolmar.pt\/produto\/ave-negra\/#webpage\",\"url\":\"https:\/\/livrariasolmar.pt\/produto\/ave-negra\/\",\"name\":\"Ave Negra - Livraria Solmar - Livraria online\",\"isPartOf\":{\"@id\":\"https:\/\/livrariasolmar.pt\/#website\"},\"primaryImageOfPage\":{\"@id\":\"https:\/\/livrariasolmar.pt\/produto\/ave-negra\/#primaryimage\"},\"datePublished\":\"2026-05-07T18:13:29+00:00\",\"dateModified\":\"2026-05-07T18:13:29+00:00\",\"breadcrumb\":{\"@id\":\"https:\/\/livrariasolmar.pt\/produto\/ave-negra\/#breadcrumb\"},\"inLanguage\":\"en-US\",\"potentialAction\":[{\"@type\":\"ReadAction\",\"target\":[\"https:\/\/livrariasolmar.pt\/produto\/ave-negra\/\"]}]},{\"@type\":\"BreadcrumbList\",\"@id\":\"https:\/\/livrariasolmar.pt\/produto\/ave-negra\/#breadcrumb\",\"itemListElement\":[{\"@type\":\"ListItem\",\"position\":1,\"name\":\"In\\u00edcio\",\"item\":\"https:\/\/livrariasolmar.pt\/en\/\"},{\"@type\":\"ListItem\",\"position\":2,\"name\":\"Shop\",\"item\":\"https:\/\/livrariasolmar.pt\/en\/shop\/\"},{\"@type\":\"ListItem\",\"position\":3,\"name\":\"Ave Negra\"}]}]}<\/script>\n<!-- \/ Yoast SEO plugin. -->","_links":{"self":[{"href":"https:\/\/livrariasolmar.pt\/en\/wp-json\/wp\/v2\/product\/11753"}],"collection":[{"href":"https:\/\/livrariasolmar.pt\/en\/wp-json\/wp\/v2\/product"}],"about":[{"href":"https:\/\/livrariasolmar.pt\/en\/wp-json\/wp\/v2\/types\/product"}],"author":[{"embeddable":true,"href":"https:\/\/livrariasolmar.pt\/en\/wp-json\/wp\/v2\/users\/2"}],"wp:featuredmedia":[{"embeddable":true,"href":"https:\/\/livrariasolmar.pt\/en\/wp-json\/wp\/v2\/media\/11754"}],"wp:attachment":[{"href":"https:\/\/livrariasolmar.pt\/en\/wp-json\/wp\/v2\/media?parent=11753"}],"wp:term":[{"taxonomy":"product_cat","embeddable":true,"href":"https:\/\/livrariasolmar.pt\/en\/wp-json\/wp\/v2\/product_cat?post=11753"},{"taxonomy":"product_tag","embeddable":true,"href":"https:\/\/livrariasolmar.pt\/en\/wp-json\/wp\/v2\/product_tag?post=11753"},{"taxonomy":"cat_produtos","embeddable":true,"href":"https:\/\/livrariasolmar.pt\/en\/wp-json\/wp\/v2\/cat_produtos?post=11753"}],"curies":[{"name":"wp","href":"https:\/\/api.w.org\/{rel}","templated":true}]}}