{"id":11757,"date":"2026-05-07T18:24:28","date_gmt":"2026-05-07T18:24:28","guid":{"rendered":"https:\/\/livrariasolmar.pt\/?post_type=product&#038;p=11757"},"modified":"2026-05-07T18:24:29","modified_gmt":"2026-05-07T18:24:29","slug":"atlas-das-criaturas-magicas-de-portugal","status":"publish","type":"product","link":"https:\/\/livrariasolmar.pt\/en\/produto\/atlas-das-criaturas-magicas-de-portugal\/","title":{"rendered":"Atlas das Criaturas M\u00e1gicas de Portugal"},"content":{"rendered":"","protected":false},"excerpt":{"rendered":"<p>A tradi\u00e7\u00e3o oral do povo portugu\u00eas fez perdurar no tempo um rico e vasto folclore. Desde o tem\u00edvel Adamastor aos encantos das T\u00e1gides, somos guiados de norte a sul, n\u00e3o esquecendo as ilhas, pelos locais onde moram monstros, sereias e gigantes que se tornaram inspira\u00e7\u00e3o para in\u00fameras adapta\u00e7\u00f5es de literatura e cinema.<\/p>\n<p>Mas aten\u00e7\u00e3o, nem todas as criaturas querem ser encontradas&#8230;<\/p>\n<p>As descri\u00e7\u00f5es envolventes de Samuel F. Pimenta e o misticismo das ilustra\u00e7\u00f5es encantadoras de Helena Soares tornam este livro uma aut\u00eantica obra de arte.<\/p>\n","protected":false},"author":2,"featured_media":11758,"template":"","meta":[],"product_cat":[172,384],"product_tag":[],"cat_produtos":[1987],"yoast_head":"<!-- This site is optimized with the Yoast SEO plugin v16.6 - https:\/\/yoast.com\/wordpress\/plugins\/seo\/ -->\n<title>Atlas das Criaturas M\u00e1gicas de Portugal - Livraria Solmar - Livraria online<\/title>\n<meta name=\"robots\" content=\"index, follow, max-snippet:-1, max-image-preview:large, max-video-preview:-1\" \/>\n<link rel=\"canonical\" href=\"https:\/\/livrariasolmar.pt\/en\/produto\/atlas-das-criaturas-magicas-de-portugal\/\" \/>\n<meta property=\"og:locale\" content=\"en_US\" \/>\n<meta property=\"og:type\" content=\"article\" \/>\n<meta property=\"og:title\" content=\"Atlas das Criaturas M\u00e1gicas de Portugal - Livraria Solmar - Livraria online\" \/>\n<meta property=\"og:description\" content=\"A tradi\u00e7\u00e3o oral do povo portugu\u00eas fez perdurar no tempo um rico e vasto folclore. Desde o tem\u00edvel Adamastor aos encantos das T\u00e1gides, somos guiados de norte a sul, n\u00e3o esquecendo as ilhas, pelos locais onde moram monstros, sereias e gigantes que se tornaram inspira\u00e7\u00e3o para in\u00fameras adapta\u00e7\u00f5es de literatura e cinema.  Mas aten\u00e7\u00e3o, nem todas as criaturas querem ser encontradas...  As descri\u00e7\u00f5es envolventes de Samuel F. Pimenta e o misticismo das ilustra\u00e7\u00f5es encantadoras de Helena Soares tornam este livro uma aut\u00eantica obra de arte.\" \/>\n<meta property=\"og:url\" content=\"https:\/\/livrariasolmar.pt\/produto\/atlas-das-criaturas-magicas-de-portugal\/\" \/>\n<meta property=\"og:site_name\" content=\"Livraria Solmar - Livraria online\" \/>\n<meta property=\"article:modified_time\" content=\"2026-05-07T18:24:29+00:00\" \/>\n<meta property=\"og:image\" content=\"https:\/\/livrariasolmar.pt\/wp-content\/uploads\/2026\/05\/9789895834891_1776218636.jpg\" \/>\n\t<meta property=\"og:image:width\" content=\"625\" \/>\n\t<meta property=\"og:image:height\" content=\"800\" \/>\n<meta name=\"twitter:card\" content=\"summary_large_image\" \/>\n<script type=\"application\/ld+json\" class=\"yoast-schema-graph\">{\"@context\":\"https:\/\/schema.org\",\"@graph\":[{\"@type\":\"WebSite\",\"@id\":\"https:\/\/livrariasolmar.pt\/#website\",\"url\":\"https:\/\/livrariasolmar.pt\/\",\"name\":\"Livraria Solmar - Livraria online\",\"description\":\"Com\\u00e9rcio Livros E Objetos De Arte, Lda - Ponta Delgada, A\\u00e7ores\",\"potentialAction\":[{\"@type\":\"SearchAction\",\"target\":{\"@type\":\"EntryPoint\",\"urlTemplate\":\"https:\/\/livrariasolmar.pt\/?s={search_term_string}\"},\"query-input\":\"required name=search_term_string\"}],\"inLanguage\":\"en-US\"},{\"@type\":\"ImageObject\",\"@id\":\"https:\/\/livrariasolmar.pt\/produto\/atlas-das-criaturas-magicas-de-portugal\/#primaryimage\",\"inLanguage\":\"en-US\",\"url\":\"https:\/\/livrariasolmar.pt\/wp-content\/uploads\/2026\/05\/9789895834891_1776218636.jpg\",\"contentUrl\":\"https:\/\/livrariasolmar.pt\/wp-content\/uploads\/2026\/05\/9789895834891_1776218636.jpg\",\"width\":625,\"height\":800},{\"@type\":\"WebPage\",\"@id\":\"https:\/\/livrariasolmar.pt\/produto\/atlas-das-criaturas-magicas-de-portugal\/#webpage\",\"url\":\"https:\/\/livrariasolmar.pt\/produto\/atlas-das-criaturas-magicas-de-portugal\/\",\"name\":\"Atlas das Criaturas M\\u00e1gicas de Portugal - Livraria Solmar - Livraria online\",\"isPartOf\":{\"@id\":\"https:\/\/livrariasolmar.pt\/#website\"},\"primaryImageOfPage\":{\"@id\":\"https:\/\/livrariasolmar.pt\/produto\/atlas-das-criaturas-magicas-de-portugal\/#primaryimage\"},\"datePublished\":\"2026-05-07T18:24:28+00:00\",\"dateModified\":\"2026-05-07T18:24:29+00:00\",\"breadcrumb\":{\"@id\":\"https:\/\/livrariasolmar.pt\/produto\/atlas-das-criaturas-magicas-de-portugal\/#breadcrumb\"},\"inLanguage\":\"en-US\",\"potentialAction\":[{\"@type\":\"ReadAction\",\"target\":[\"https:\/\/livrariasolmar.pt\/produto\/atlas-das-criaturas-magicas-de-portugal\/\"]}]},{\"@type\":\"BreadcrumbList\",\"@id\":\"https:\/\/livrariasolmar.pt\/produto\/atlas-das-criaturas-magicas-de-portugal\/#breadcrumb\",\"itemListElement\":[{\"@type\":\"ListItem\",\"position\":1,\"name\":\"In\\u00edcio\",\"item\":\"https:\/\/livrariasolmar.pt\/en\/\"},{\"@type\":\"ListItem\",\"position\":2,\"name\":\"Shop\",\"item\":\"https:\/\/livrariasolmar.pt\/en\/shop\/\"},{\"@type\":\"ListItem\",\"position\":3,\"name\":\"Atlas das Criaturas M\\u00e1gicas de Portugal\"}]}]}<\/script>\n<!-- \/ Yoast SEO plugin. -->","_links":{"self":[{"href":"https:\/\/livrariasolmar.pt\/en\/wp-json\/wp\/v2\/product\/11757"}],"collection":[{"href":"https:\/\/livrariasolmar.pt\/en\/wp-json\/wp\/v2\/product"}],"about":[{"href":"https:\/\/livrariasolmar.pt\/en\/wp-json\/wp\/v2\/types\/product"}],"author":[{"embeddable":true,"href":"https:\/\/livrariasolmar.pt\/en\/wp-json\/wp\/v2\/users\/2"}],"wp:featuredmedia":[{"embeddable":true,"href":"https:\/\/livrariasolmar.pt\/en\/wp-json\/wp\/v2\/media\/11758"}],"wp:attachment":[{"href":"https:\/\/livrariasolmar.pt\/en\/wp-json\/wp\/v2\/media?parent=11757"}],"wp:term":[{"taxonomy":"product_cat","embeddable":true,"href":"https:\/\/livrariasolmar.pt\/en\/wp-json\/wp\/v2\/product_cat?post=11757"},{"taxonomy":"product_tag","embeddable":true,"href":"https:\/\/livrariasolmar.pt\/en\/wp-json\/wp\/v2\/product_tag?post=11757"},{"taxonomy":"cat_produtos","embeddable":true,"href":"https:\/\/livrariasolmar.pt\/en\/wp-json\/wp\/v2\/cat_produtos?post=11757"}],"curies":[{"name":"wp","href":"https:\/\/api.w.org\/{rel}","templated":true}]}}