{"id":11760,"date":"2026-05-07T18:31:23","date_gmt":"2026-05-07T18:31:23","guid":{"rendered":"https:\/\/livrariasolmar.pt\/?post_type=product&#038;p=11760"},"modified":"2026-05-07T18:31:24","modified_gmt":"2026-05-07T18:31:24","slug":"o-tesouro-do-jorge","status":"publish","type":"product","link":"https:\/\/livrariasolmar.pt\/en\/produto\/o-tesouro-do-jorge\/","title":{"rendered":"O Tesouro do Jorge"},"content":{"rendered":"","protected":false},"excerpt":{"rendered":"<p>O Jorge vive uma vida simples e cheia de prazeres modestos: uma casinha \u00e0 beira-mar, um jardinzinho, amigos, livros, o seu gato, a sua guitarra. Os vizinhos dele, o casal Florim\u00e3o, vivem num luxo exagerado: castelo, objetos de arte, plantas raras \u2014 e querem comprar o terreno do Jorge para ampliar sua propriedade. Eles oferecem presentes car\u00edssimos, fazem propostas irrecus\u00e1veis, mas o Jorge recusa sempre, com simplicidade e tranquilidade, porque \u00abele j\u00e1 tem tudo\u00bb o que realmente importa: paz, vista para o mar, amigos. Tudo o que na verdade importa.<\/p>\n<p>Este livro prop\u00f5e-nos uma importante reflex\u00e3o: o tesouro do Jorge n\u00e3o \u00e9 ouro, nem bens materiais sumptuosos \u2014 \u00e9 a aten\u00e7\u00e3o que sabe dar \u00e0s pequenas alegrias, a harmonia que sente consigo mesmo e com os outros. O contraste entre os dois tipos de vida, o luxo e simplicidade, sustentam o suspense e a beleza deste \u00e1lbum t\u00e3o especial.<\/p>\n","protected":false},"author":2,"featured_media":11761,"template":"","meta":[],"product_cat":[172,384],"product_tag":[],"cat_produtos":[1988],"yoast_head":"<!-- This site is optimized with the Yoast SEO plugin v16.6 - https:\/\/yoast.com\/wordpress\/plugins\/seo\/ -->\n<title>O Tesouro do Jorge - Livraria Solmar - Livraria online<\/title>\n<meta name=\"robots\" content=\"index, follow, max-snippet:-1, max-image-preview:large, max-video-preview:-1\" \/>\n<link rel=\"canonical\" href=\"https:\/\/livrariasolmar.pt\/en\/produto\/o-tesouro-do-jorge\/\" \/>\n<meta property=\"og:locale\" content=\"en_US\" \/>\n<meta property=\"og:type\" content=\"article\" \/>\n<meta property=\"og:title\" content=\"O Tesouro do Jorge - Livraria Solmar - Livraria online\" \/>\n<meta property=\"og:description\" content=\"O Jorge vive uma vida simples e cheia de prazeres modestos: uma casinha \u00e0 beira-mar, um jardinzinho, amigos, livros, o seu gato, a sua guitarra. Os vizinhos dele, o casal Florim\u00e3o, vivem num luxo exagerado: castelo, objetos de arte, plantas raras \u2014 e querem comprar o terreno do Jorge para ampliar sua propriedade. Eles oferecem presentes car\u00edssimos, fazem propostas irrecus\u00e1veis, mas o Jorge recusa sempre, com simplicidade e tranquilidade, porque \u00abele j\u00e1 tem tudo\u00bb o que realmente importa: paz, vista para o mar, amigos. Tudo o que na verdade importa.  Este livro prop\u00f5e-nos uma importante reflex\u00e3o: o tesouro do Jorge n\u00e3o \u00e9 ouro, nem bens materiais sumptuosos \u2014 \u00e9 a aten\u00e7\u00e3o que sabe dar \u00e0s pequenas alegrias, a harmonia que sente consigo mesmo e com os outros. O contraste entre os dois tipos de vida, o luxo e simplicidade, sustentam o suspense e a beleza deste \u00e1lbum t\u00e3o especial.\" \/>\n<meta property=\"og:url\" content=\"https:\/\/livrariasolmar.pt\/produto\/o-tesouro-do-jorge\/\" \/>\n<meta property=\"og:site_name\" content=\"Livraria Solmar - Livraria online\" \/>\n<meta property=\"article:modified_time\" content=\"2026-05-07T18:31:24+00:00\" \/>\n<meta property=\"og:image\" content=\"https:\/\/livrariasolmar.pt\/wp-content\/uploads\/2026\/05\/8854868-topshot.jpg\" \/>\n\t<meta property=\"og:image:width\" content=\"2000\" \/>\n\t<meta property=\"og:image:height\" content=\"2000\" \/>\n<meta name=\"twitter:card\" content=\"summary_large_image\" \/>\n<script type=\"application\/ld+json\" class=\"yoast-schema-graph\">{\"@context\":\"https:\/\/schema.org\",\"@graph\":[{\"@type\":\"WebSite\",\"@id\":\"https:\/\/livrariasolmar.pt\/#website\",\"url\":\"https:\/\/livrariasolmar.pt\/\",\"name\":\"Livraria Solmar - Livraria online\",\"description\":\"Com\\u00e9rcio Livros E Objetos De Arte, Lda - Ponta Delgada, A\\u00e7ores\",\"potentialAction\":[{\"@type\":\"SearchAction\",\"target\":{\"@type\":\"EntryPoint\",\"urlTemplate\":\"https:\/\/livrariasolmar.pt\/?s={search_term_string}\"},\"query-input\":\"required name=search_term_string\"}],\"inLanguage\":\"en-US\"},{\"@type\":\"ImageObject\",\"@id\":\"https:\/\/livrariasolmar.pt\/produto\/o-tesouro-do-jorge\/#primaryimage\",\"inLanguage\":\"en-US\",\"url\":\"https:\/\/livrariasolmar.pt\/wp-content\/uploads\/2026\/05\/8854868-topshot.jpg\",\"contentUrl\":\"https:\/\/livrariasolmar.pt\/wp-content\/uploads\/2026\/05\/8854868-topshot.jpg\",\"width\":2000,\"height\":2000},{\"@type\":\"WebPage\",\"@id\":\"https:\/\/livrariasolmar.pt\/produto\/o-tesouro-do-jorge\/#webpage\",\"url\":\"https:\/\/livrariasolmar.pt\/produto\/o-tesouro-do-jorge\/\",\"name\":\"O Tesouro do Jorge - Livraria Solmar - Livraria online\",\"isPartOf\":{\"@id\":\"https:\/\/livrariasolmar.pt\/#website\"},\"primaryImageOfPage\":{\"@id\":\"https:\/\/livrariasolmar.pt\/produto\/o-tesouro-do-jorge\/#primaryimage\"},\"datePublished\":\"2026-05-07T18:31:23+00:00\",\"dateModified\":\"2026-05-07T18:31:24+00:00\",\"breadcrumb\":{\"@id\":\"https:\/\/livrariasolmar.pt\/produto\/o-tesouro-do-jorge\/#breadcrumb\"},\"inLanguage\":\"en-US\",\"potentialAction\":[{\"@type\":\"ReadAction\",\"target\":[\"https:\/\/livrariasolmar.pt\/produto\/o-tesouro-do-jorge\/\"]}]},{\"@type\":\"BreadcrumbList\",\"@id\":\"https:\/\/livrariasolmar.pt\/produto\/o-tesouro-do-jorge\/#breadcrumb\",\"itemListElement\":[{\"@type\":\"ListItem\",\"position\":1,\"name\":\"In\\u00edcio\",\"item\":\"https:\/\/livrariasolmar.pt\/en\/\"},{\"@type\":\"ListItem\",\"position\":2,\"name\":\"Shop\",\"item\":\"https:\/\/livrariasolmar.pt\/en\/shop\/\"},{\"@type\":\"ListItem\",\"position\":3,\"name\":\"O Tesouro do Jorge\"}]}]}<\/script>\n<!-- \/ Yoast SEO plugin. -->","_links":{"self":[{"href":"https:\/\/livrariasolmar.pt\/en\/wp-json\/wp\/v2\/product\/11760"}],"collection":[{"href":"https:\/\/livrariasolmar.pt\/en\/wp-json\/wp\/v2\/product"}],"about":[{"href":"https:\/\/livrariasolmar.pt\/en\/wp-json\/wp\/v2\/types\/product"}],"author":[{"embeddable":true,"href":"https:\/\/livrariasolmar.pt\/en\/wp-json\/wp\/v2\/users\/2"}],"wp:featuredmedia":[{"embeddable":true,"href":"https:\/\/livrariasolmar.pt\/en\/wp-json\/wp\/v2\/media\/11761"}],"wp:attachment":[{"href":"https:\/\/livrariasolmar.pt\/en\/wp-json\/wp\/v2\/media?parent=11760"}],"wp:term":[{"taxonomy":"product_cat","embeddable":true,"href":"https:\/\/livrariasolmar.pt\/en\/wp-json\/wp\/v2\/product_cat?post=11760"},{"taxonomy":"product_tag","embeddable":true,"href":"https:\/\/livrariasolmar.pt\/en\/wp-json\/wp\/v2\/product_tag?post=11760"},{"taxonomy":"cat_produtos","embeddable":true,"href":"https:\/\/livrariasolmar.pt\/en\/wp-json\/wp\/v2\/cat_produtos?post=11760"}],"curies":[{"name":"wp","href":"https:\/\/api.w.org\/{rel}","templated":true}]}}