{"id":11765,"date":"2026-05-07T18:53:14","date_gmt":"2026-05-07T18:53:14","guid":{"rendered":"https:\/\/livrariasolmar.pt\/?post_type=product&#038;p=11765"},"modified":"2026-05-07T18:53:15","modified_gmt":"2026-05-07T18:53:15","slug":"historia-da-escrita","status":"publish","type":"product","link":"https:\/\/livrariasolmar.pt\/en\/produto\/historia-da-escrita\/","title":{"rendered":"Hist\u00f3ria da Escrita"},"content":{"rendered":"","protected":false},"excerpt":{"rendered":"<p>Desde usar ferramentas, criar gestos para tra\u00e7ar signos numa parede rochosa, fazer registos em papiro ou gravar sinais numa carapa\u00e7a de tartaruga, a escrita conserva o rasto das nossas atividades, das nossas ideias, das nossas leis. Tanto pode ser um instrumento de conhecimento como um meio de domina\u00e7\u00e3o ou um s\u00edmbolo de resist\u00eancia.<\/p>\n<p>Este \u00e9 um livro para quem escreve, para quem l\u00ea e para quem acredita que tudo come\u00e7a com uma pergunta, pois a escrita \u00e9 um espelho da nossa constante transforma\u00e7\u00e3o.<\/p>\n","protected":false},"author":2,"featured_media":11766,"template":"","meta":[],"product_cat":[172,384],"product_tag":[],"cat_produtos":[1989],"yoast_head":"<!-- This site is optimized with the Yoast SEO plugin v16.6 - https:\/\/yoast.com\/wordpress\/plugins\/seo\/ -->\n<title>Hist\u00f3ria da Escrita - Livraria Solmar - Livraria online<\/title>\n<meta name=\"robots\" content=\"index, follow, max-snippet:-1, max-image-preview:large, max-video-preview:-1\" \/>\n<link rel=\"canonical\" href=\"https:\/\/livrariasolmar.pt\/en\/produto\/historia-da-escrita\/\" \/>\n<meta property=\"og:locale\" content=\"en_US\" \/>\n<meta property=\"og:type\" content=\"article\" \/>\n<meta property=\"og:title\" content=\"Hist\u00f3ria da Escrita - Livraria Solmar - Livraria online\" \/>\n<meta property=\"og:description\" content=\"Desde usar ferramentas, criar gestos para tra\u00e7ar signos numa parede rochosa, fazer registos em papiro ou gravar sinais numa carapa\u00e7a de tartaruga, a escrita conserva o rasto das nossas atividades, das nossas ideias, das nossas leis. Tanto pode ser um instrumento de conhecimento como um meio de domina\u00e7\u00e3o ou um s\u00edmbolo de resist\u00eancia.  Este \u00e9 um livro para quem escreve, para quem l\u00ea e para quem acredita que tudo come\u00e7a com uma pergunta, pois a escrita \u00e9 um espelho da nossa constante transforma\u00e7\u00e3o.\" \/>\n<meta property=\"og:url\" content=\"https:\/\/livrariasolmar.pt\/produto\/historia-da-escrita\/\" \/>\n<meta property=\"og:site_name\" content=\"Livraria Solmar - Livraria online\" \/>\n<meta property=\"article:modified_time\" content=\"2026-05-07T18:53:15+00:00\" \/>\n<meta property=\"og:image\" content=\"https:\/\/livrariasolmar.pt\/wp-content\/uploads\/2026\/05\/1540-1-1.jpg\" \/>\n\t<meta property=\"og:image:width\" content=\"340\" \/>\n\t<meta property=\"og:image:height\" content=\"340\" \/>\n<meta name=\"twitter:card\" content=\"summary_large_image\" \/>\n<script type=\"application\/ld+json\" class=\"yoast-schema-graph\">{\"@context\":\"https:\/\/schema.org\",\"@graph\":[{\"@type\":\"WebSite\",\"@id\":\"https:\/\/livrariasolmar.pt\/#website\",\"url\":\"https:\/\/livrariasolmar.pt\/\",\"name\":\"Livraria Solmar - Livraria online\",\"description\":\"Com\\u00e9rcio Livros E Objetos De Arte, Lda - Ponta Delgada, A\\u00e7ores\",\"potentialAction\":[{\"@type\":\"SearchAction\",\"target\":{\"@type\":\"EntryPoint\",\"urlTemplate\":\"https:\/\/livrariasolmar.pt\/?s={search_term_string}\"},\"query-input\":\"required name=search_term_string\"}],\"inLanguage\":\"en-US\"},{\"@type\":\"ImageObject\",\"@id\":\"https:\/\/livrariasolmar.pt\/produto\/historia-da-escrita\/#primaryimage\",\"inLanguage\":\"en-US\",\"url\":\"https:\/\/livrariasolmar.pt\/wp-content\/uploads\/2026\/05\/1540-1-1.jpg\",\"contentUrl\":\"https:\/\/livrariasolmar.pt\/wp-content\/uploads\/2026\/05\/1540-1-1.jpg\",\"width\":340,\"height\":340},{\"@type\":\"WebPage\",\"@id\":\"https:\/\/livrariasolmar.pt\/produto\/historia-da-escrita\/#webpage\",\"url\":\"https:\/\/livrariasolmar.pt\/produto\/historia-da-escrita\/\",\"name\":\"Hist\\u00f3ria da Escrita - Livraria Solmar - Livraria online\",\"isPartOf\":{\"@id\":\"https:\/\/livrariasolmar.pt\/#website\"},\"primaryImageOfPage\":{\"@id\":\"https:\/\/livrariasolmar.pt\/produto\/historia-da-escrita\/#primaryimage\"},\"datePublished\":\"2026-05-07T18:53:14+00:00\",\"dateModified\":\"2026-05-07T18:53:15+00:00\",\"breadcrumb\":{\"@id\":\"https:\/\/livrariasolmar.pt\/produto\/historia-da-escrita\/#breadcrumb\"},\"inLanguage\":\"en-US\",\"potentialAction\":[{\"@type\":\"ReadAction\",\"target\":[\"https:\/\/livrariasolmar.pt\/produto\/historia-da-escrita\/\"]}]},{\"@type\":\"BreadcrumbList\",\"@id\":\"https:\/\/livrariasolmar.pt\/produto\/historia-da-escrita\/#breadcrumb\",\"itemListElement\":[{\"@type\":\"ListItem\",\"position\":1,\"name\":\"In\\u00edcio\",\"item\":\"https:\/\/livrariasolmar.pt\/en\/\"},{\"@type\":\"ListItem\",\"position\":2,\"name\":\"Shop\",\"item\":\"https:\/\/livrariasolmar.pt\/en\/shop\/\"},{\"@type\":\"ListItem\",\"position\":3,\"name\":\"Hist\\u00f3ria da Escrita\"}]}]}<\/script>\n<!-- \/ Yoast SEO plugin. -->","_links":{"self":[{"href":"https:\/\/livrariasolmar.pt\/en\/wp-json\/wp\/v2\/product\/11765"}],"collection":[{"href":"https:\/\/livrariasolmar.pt\/en\/wp-json\/wp\/v2\/product"}],"about":[{"href":"https:\/\/livrariasolmar.pt\/en\/wp-json\/wp\/v2\/types\/product"}],"author":[{"embeddable":true,"href":"https:\/\/livrariasolmar.pt\/en\/wp-json\/wp\/v2\/users\/2"}],"wp:featuredmedia":[{"embeddable":true,"href":"https:\/\/livrariasolmar.pt\/en\/wp-json\/wp\/v2\/media\/11766"}],"wp:attachment":[{"href":"https:\/\/livrariasolmar.pt\/en\/wp-json\/wp\/v2\/media?parent=11765"}],"wp:term":[{"taxonomy":"product_cat","embeddable":true,"href":"https:\/\/livrariasolmar.pt\/en\/wp-json\/wp\/v2\/product_cat?post=11765"},{"taxonomy":"product_tag","embeddable":true,"href":"https:\/\/livrariasolmar.pt\/en\/wp-json\/wp\/v2\/product_tag?post=11765"},{"taxonomy":"cat_produtos","embeddable":true,"href":"https:\/\/livrariasolmar.pt\/en\/wp-json\/wp\/v2\/cat_produtos?post=11765"}],"curies":[{"name":"wp","href":"https:\/\/api.w.org\/{rel}","templated":true}]}}