{"id":11769,"date":"2026-05-11T18:38:08","date_gmt":"2026-05-11T18:38:08","guid":{"rendered":"https:\/\/livrariasolmar.pt\/?post_type=product&#038;p=11769"},"modified":"2026-05-11T18:38:09","modified_gmt":"2026-05-11T18:38:09","slug":"historia-alegre-de-portugal","status":"publish","type":"product","link":"https:\/\/livrariasolmar.pt\/en\/produto\/historia-alegre-de-portugal\/","title":{"rendered":"Hist\u00f3ria Alegre de Portugal"},"content":{"rendered":"","protected":false},"excerpt":{"rendered":"<p>E se pud\u00e9ssemos conhecer a Hist\u00f3ria de Portugal de uma forma f\u00e1cil e divertida?<\/p>\n<p>Agora j\u00e1 podemos!<\/p>\n<p>Prepara-te para dez noites inesquec\u00edveis! Apresentamos-te o Jo\u00e3o, um antigo mestre-escola que decide contar a hist\u00f3ria do nosso pa\u00eds a um grupo de habitantes da sua terra, Agualva. Come\u00e7ando antes da independ\u00eancia de Portugal e terminando no reinado de D. Lu\u00eds, as aventuras ser\u00e3o mais do que muitas: vais rir, surpreender-te e descobrir a nossa hist\u00f3ria como nunca a viste!<\/p>\n<p>Adapta\u00e7\u00e3o a banda desenhada da obra de Manuel Pinheiro Chagas, brilhante escritor e pol\u00edtico portugu\u00eas do s\u00e9culo XIX, feita por Artur Correia, desenhador de longa carreira, com fant\u00e1sticas ilustra\u00e7\u00f5es e muito humor!<\/p>\n","protected":false},"author":2,"featured_media":11770,"template":"","meta":[],"product_cat":[384],"product_tag":[],"cat_produtos":[1990],"yoast_head":"<!-- This site is optimized with the Yoast SEO plugin v16.6 - https:\/\/yoast.com\/wordpress\/plugins\/seo\/ -->\n<title>Hist\u00f3ria Alegre de Portugal - Livraria Solmar - Livraria online<\/title>\n<meta name=\"robots\" content=\"index, follow, max-snippet:-1, max-image-preview:large, max-video-preview:-1\" \/>\n<link rel=\"canonical\" href=\"https:\/\/livrariasolmar.pt\/en\/produto\/historia-alegre-de-portugal\/\" \/>\n<meta property=\"og:locale\" content=\"en_US\" \/>\n<meta property=\"og:type\" content=\"article\" \/>\n<meta property=\"og:title\" content=\"Hist\u00f3ria Alegre de Portugal - Livraria Solmar - Livraria online\" \/>\n<meta property=\"og:description\" content=\"E se pud\u00e9ssemos conhecer a Hist\u00f3ria de Portugal de uma forma f\u00e1cil e divertida?  Agora j\u00e1 podemos!  Prepara-te para dez noites inesquec\u00edveis! Apresentamos-te o Jo\u00e3o, um antigo mestre-escola que decide contar a hist\u00f3ria do nosso pa\u00eds a um grupo de habitantes da sua terra, Agualva. Come\u00e7ando antes da independ\u00eancia de Portugal e terminando no reinado de D. Lu\u00eds, as aventuras ser\u00e3o mais do que muitas: vais rir, surpreender-te e descobrir a nossa hist\u00f3ria como nunca a viste!  Adapta\u00e7\u00e3o a banda desenhada da obra de Manuel Pinheiro Chagas, brilhante escritor e pol\u00edtico portugu\u00eas do s\u00e9culo XIX, feita por Artur Correia, desenhador de longa carreira, com fant\u00e1sticas ilustra\u00e7\u00f5es e muito humor!\" \/>\n<meta property=\"og:url\" content=\"https:\/\/livrariasolmar.pt\/produto\/historia-alegre-de-portugal\/\" \/>\n<meta property=\"og:site_name\" content=\"Livraria Solmar - Livraria online\" \/>\n<meta property=\"article:modified_time\" content=\"2026-05-11T18:38:09+00:00\" \/>\n<meta property=\"og:image\" content=\"https:\/\/livrariasolmar.pt\/wp-content\/uploads\/2026\/05\/1540-1-2.jpg\" \/>\n\t<meta property=\"og:image:width\" content=\"340\" \/>\n\t<meta property=\"og:image:height\" content=\"340\" \/>\n<meta name=\"twitter:card\" content=\"summary_large_image\" \/>\n<script type=\"application\/ld+json\" class=\"yoast-schema-graph\">{\"@context\":\"https:\/\/schema.org\",\"@graph\":[{\"@type\":\"WebSite\",\"@id\":\"https:\/\/livrariasolmar.pt\/#website\",\"url\":\"https:\/\/livrariasolmar.pt\/\",\"name\":\"Livraria Solmar - Livraria online\",\"description\":\"Com\\u00e9rcio Livros E Objetos De Arte, Lda - Ponta Delgada, A\\u00e7ores\",\"potentialAction\":[{\"@type\":\"SearchAction\",\"target\":{\"@type\":\"EntryPoint\",\"urlTemplate\":\"https:\/\/livrariasolmar.pt\/?s={search_term_string}\"},\"query-input\":\"required name=search_term_string\"}],\"inLanguage\":\"en-US\"},{\"@type\":\"ImageObject\",\"@id\":\"https:\/\/livrariasolmar.pt\/produto\/historia-alegre-de-portugal\/#primaryimage\",\"inLanguage\":\"en-US\",\"url\":\"https:\/\/livrariasolmar.pt\/wp-content\/uploads\/2026\/05\/1540-1-2.jpg\",\"contentUrl\":\"https:\/\/livrariasolmar.pt\/wp-content\/uploads\/2026\/05\/1540-1-2.jpg\",\"width\":340,\"height\":340},{\"@type\":\"WebPage\",\"@id\":\"https:\/\/livrariasolmar.pt\/produto\/historia-alegre-de-portugal\/#webpage\",\"url\":\"https:\/\/livrariasolmar.pt\/produto\/historia-alegre-de-portugal\/\",\"name\":\"Hist\\u00f3ria Alegre de Portugal - Livraria Solmar - Livraria online\",\"isPartOf\":{\"@id\":\"https:\/\/livrariasolmar.pt\/#website\"},\"primaryImageOfPage\":{\"@id\":\"https:\/\/livrariasolmar.pt\/produto\/historia-alegre-de-portugal\/#primaryimage\"},\"datePublished\":\"2026-05-11T18:38:08+00:00\",\"dateModified\":\"2026-05-11T18:38:09+00:00\",\"breadcrumb\":{\"@id\":\"https:\/\/livrariasolmar.pt\/produto\/historia-alegre-de-portugal\/#breadcrumb\"},\"inLanguage\":\"en-US\",\"potentialAction\":[{\"@type\":\"ReadAction\",\"target\":[\"https:\/\/livrariasolmar.pt\/produto\/historia-alegre-de-portugal\/\"]}]},{\"@type\":\"BreadcrumbList\",\"@id\":\"https:\/\/livrariasolmar.pt\/produto\/historia-alegre-de-portugal\/#breadcrumb\",\"itemListElement\":[{\"@type\":\"ListItem\",\"position\":1,\"name\":\"In\\u00edcio\",\"item\":\"https:\/\/livrariasolmar.pt\/en\/\"},{\"@type\":\"ListItem\",\"position\":2,\"name\":\"Shop\",\"item\":\"https:\/\/livrariasolmar.pt\/en\/shop\/\"},{\"@type\":\"ListItem\",\"position\":3,\"name\":\"Hist\\u00f3ria Alegre de Portugal\"}]}]}<\/script>\n<!-- \/ Yoast SEO plugin. -->","_links":{"self":[{"href":"https:\/\/livrariasolmar.pt\/en\/wp-json\/wp\/v2\/product\/11769"}],"collection":[{"href":"https:\/\/livrariasolmar.pt\/en\/wp-json\/wp\/v2\/product"}],"about":[{"href":"https:\/\/livrariasolmar.pt\/en\/wp-json\/wp\/v2\/types\/product"}],"author":[{"embeddable":true,"href":"https:\/\/livrariasolmar.pt\/en\/wp-json\/wp\/v2\/users\/2"}],"wp:featuredmedia":[{"embeddable":true,"href":"https:\/\/livrariasolmar.pt\/en\/wp-json\/wp\/v2\/media\/11770"}],"wp:attachment":[{"href":"https:\/\/livrariasolmar.pt\/en\/wp-json\/wp\/v2\/media?parent=11769"}],"wp:term":[{"taxonomy":"product_cat","embeddable":true,"href":"https:\/\/livrariasolmar.pt\/en\/wp-json\/wp\/v2\/product_cat?post=11769"},{"taxonomy":"product_tag","embeddable":true,"href":"https:\/\/livrariasolmar.pt\/en\/wp-json\/wp\/v2\/product_tag?post=11769"},{"taxonomy":"cat_produtos","embeddable":true,"href":"https:\/\/livrariasolmar.pt\/en\/wp-json\/wp\/v2\/cat_produtos?post=11769"}],"curies":[{"name":"wp","href":"https:\/\/api.w.org\/{rel}","templated":true}]}}