{"id":2807,"date":"2021-08-10T14:41:16","date_gmt":"2021-08-10T14:41:16","guid":{"rendered":"https:\/\/livrariasolmar.pt\/product\/livro-de-vozes-e-sombras\/"},"modified":"2021-08-10T14:42:06","modified_gmt":"2021-08-10T14:42:06","slug":"livro-de-vozes-e-sombras","status":"publish","type":"product","link":"https:\/\/livrariasolmar.pt\/en\/produto\/livro-de-vozes-e-sombras\/","title":{"rendered":"Livro de Vozes e Sombras"},"content":{"rendered":"","protected":false},"excerpt":{"rendered":"<p>Cl\u00e1udia Louren\u00e7o, a journalist, is sent from Lisbon to the island of S\u00e3o Miguel to work for Quotidiano. Her mission is to interview a well-known ex-operator of the Liberation Front of the Azores and to recover the chronicle of the island&#8217;s independence during the Revolution. She is confronted with a mystery man, the voice and shadow of the player, his truths that lie, his lies that tell the truth. She, who belongs to the &#8220;next generation,&#8221; does not seem to have any historical memory of the then country: she lives in the now, and the past is a distant territory whose narration flows within a somewhat obscure imaginary.<br \/>\nThe history of the FLA (and of FLAMA in Madeira) contains the &#8220;country of all returns&#8221;: the dictatorship, the end of the wars in Africa, decolonization, and the &#8220;return&#8221; to the European home through the back roads, the same ones that led the ships to get lost on the seas of departure. The country that decolonizes itself vibrates with revolutionary exaltation. And it is from the advances and retreats of this Revolution that the separatist temptation of the archipelago is born.<\/p>\n<p>In the long, secret interview with the FLA man, the journalist finds herself entangled in a story of political deceit, cronyism, property interests, foreign collusion, and other misunderstandings of the separatist movement, where there is no place for the victims of the FLA, nor for the helplessness of the &#8220;returners&#8221; from Africa. But Cl\u00e1udia Louren\u00e7o will find a way to give them a voice.<\/p>\n<p>Winner of the dst Literature Grand Prize<\/p>\n","protected":false},"author":2,"featured_media":2806,"template":"","meta":[],"product_cat":[146],"product_tag":[],"cat_produtos":[204],"yoast_head":"<!-- This site is optimized with the Yoast SEO plugin v16.6 - https:\/\/yoast.com\/wordpress\/plugins\/seo\/ -->\n<title>Livro de Vozes e Sombras - Livraria Solmar - Livraria online<\/title>\n<meta name=\"robots\" content=\"index, follow, max-snippet:-1, max-image-preview:large, max-video-preview:-1\" \/>\n<link rel=\"canonical\" href=\"https:\/\/livrariasolmar.pt\/en\/produto\/livro-de-vozes-e-sombras\/\" \/>\n<meta property=\"og:locale\" content=\"en_US\" \/>\n<meta property=\"og:type\" content=\"article\" \/>\n<meta property=\"og:title\" content=\"Livro de Vozes e Sombras - Livraria Solmar - Livraria online\" \/>\n<meta property=\"og:description\" content=\"Cl\u00e1udia Louren\u00e7o, a journalist, is sent from Lisbon to the island of S\u00e3o Miguel to work for Quotidiano. Her mission is to interview a well-known ex-operator of the Liberation Front of the Azores and to recover the chronicle of the island&#039;s independence during the Revolution. She is confronted with a mystery man, the voice and shadow of the player, his truths that lie, his lies that tell the truth. She, who belongs to the &quot;next generation,&quot; does not seem to have any historical memory of the then country: she lives in the now, and the past is a distant territory whose narration flows within a somewhat obscure imaginary. The history of the FLA (and of FLAMA in Madeira) contains the &quot;country of all returns&quot;: the dictatorship, the end of the wars in Africa, decolonization, and the &quot;return&quot; to the European home through the back roads, the same ones that led the ships to get lost on the seas of departure. The country that decolonizes itself vibrates with revolutionary exaltation. And it is from the advances and retreats of this Revolution that the separatist temptation of the archipelago is born.  In the long, secret interview with the FLA man, the journalist finds herself entangled in a story of political deceit, cronyism, property interests, foreign collusion, and other misunderstandings of the separatist movement, where there is no place for the victims of the FLA, nor for the helplessness of the &quot;returners&quot; from Africa. But Cl\u00e1udia Louren\u00e7o will find a way to give them a voice.  Winner of the dst Literature Grand Prize\" \/>\n<meta property=\"og:url\" content=\"https:\/\/livrariasolmar.pt\/en\/produto\/livro-de-vozes-e-sombras\/\" \/>\n<meta property=\"og:site_name\" content=\"Livraria Solmar - Livraria online\" \/>\n<meta property=\"article:modified_time\" content=\"2021-08-10T14:42:06+00:00\" \/>\n<meta property=\"og:image\" content=\"https:\/\/livrariasolmar.pt\/wp-content\/uploads\/2021\/08\/livro_de_vozes_e_sombras.jpg\" \/>\n\t<meta property=\"og:image:width\" content=\"235\" \/>\n\t<meta property=\"og:image:height\" content=\"350\" \/>\n<meta name=\"twitter:card\" content=\"summary_large_image\" \/>\n<script type=\"application\/ld+json\" class=\"yoast-schema-graph\">{\"@context\":\"https:\/\/schema.org\",\"@graph\":[{\"@type\":\"WebSite\",\"@id\":\"https:\/\/livrariasolmar.pt\/#website\",\"url\":\"https:\/\/livrariasolmar.pt\/\",\"name\":\"Livraria Solmar - Livraria online\",\"description\":\"Com\\u00e9rcio Livros E Objetos De Arte, Lda - Ponta Delgada, A\\u00e7ores\",\"potentialAction\":[{\"@type\":\"SearchAction\",\"target\":{\"@type\":\"EntryPoint\",\"urlTemplate\":\"https:\/\/livrariasolmar.pt\/?s={search_term_string}\"},\"query-input\":\"required name=search_term_string\"}],\"inLanguage\":\"en-US\"},{\"@type\":\"ImageObject\",\"@id\":\"https:\/\/livrariasolmar.pt\/en\/produto\/livro-de-vozes-e-sombras\/#primaryimage\",\"inLanguage\":\"en-US\",\"url\":\"https:\/\/livrariasolmar.pt\/wp-content\/uploads\/2021\/08\/livro_de_vozes_e_sombras.jpg\",\"contentUrl\":\"https:\/\/livrariasolmar.pt\/wp-content\/uploads\/2021\/08\/livro_de_vozes_e_sombras.jpg\",\"width\":235,\"height\":350},{\"@type\":\"WebPage\",\"@id\":\"https:\/\/livrariasolmar.pt\/en\/produto\/livro-de-vozes-e-sombras\/#webpage\",\"url\":\"https:\/\/livrariasolmar.pt\/en\/produto\/livro-de-vozes-e-sombras\/\",\"name\":\"Livro de Vozes e Sombras - Livraria Solmar - Livraria online\",\"isPartOf\":{\"@id\":\"https:\/\/livrariasolmar.pt\/#website\"},\"primaryImageOfPage\":{\"@id\":\"https:\/\/livrariasolmar.pt\/en\/produto\/livro-de-vozes-e-sombras\/#primaryimage\"},\"datePublished\":\"2021-08-10T14:41:16+00:00\",\"dateModified\":\"2021-08-10T14:42:06+00:00\",\"breadcrumb\":{\"@id\":\"https:\/\/livrariasolmar.pt\/en\/produto\/livro-de-vozes-e-sombras\/#breadcrumb\"},\"inLanguage\":\"en-US\",\"potentialAction\":[{\"@type\":\"ReadAction\",\"target\":[\"https:\/\/livrariasolmar.pt\/en\/produto\/livro-de-vozes-e-sombras\/\"]}]},{\"@type\":\"BreadcrumbList\",\"@id\":\"https:\/\/livrariasolmar.pt\/en\/produto\/livro-de-vozes-e-sombras\/#breadcrumb\",\"itemListElement\":[{\"@type\":\"ListItem\",\"position\":1,\"name\":\"In\\u00edcio\",\"item\":\"https:\/\/livrariasolmar.pt\/en\/\"},{\"@type\":\"ListItem\",\"position\":2,\"name\":\"Shop\",\"item\":\"https:\/\/livrariasolmar.pt\/en\/shop\/\"},{\"@type\":\"ListItem\",\"position\":3,\"name\":\"Livro de Vozes e Sombras\"}]}]}<\/script>\n<!-- \/ Yoast SEO plugin. -->","_links":{"self":[{"href":"https:\/\/livrariasolmar.pt\/en\/wp-json\/wp\/v2\/product\/2807"}],"collection":[{"href":"https:\/\/livrariasolmar.pt\/en\/wp-json\/wp\/v2\/product"}],"about":[{"href":"https:\/\/livrariasolmar.pt\/en\/wp-json\/wp\/v2\/types\/product"}],"author":[{"embeddable":true,"href":"https:\/\/livrariasolmar.pt\/en\/wp-json\/wp\/v2\/users\/2"}],"wp:featuredmedia":[{"embeddable":true,"href":"https:\/\/livrariasolmar.pt\/en\/wp-json\/wp\/v2\/media\/2806"}],"wp:attachment":[{"href":"https:\/\/livrariasolmar.pt\/en\/wp-json\/wp\/v2\/media?parent=2807"}],"wp:term":[{"taxonomy":"product_cat","embeddable":true,"href":"https:\/\/livrariasolmar.pt\/en\/wp-json\/wp\/v2\/product_cat?post=2807"},{"taxonomy":"product_tag","embeddable":true,"href":"https:\/\/livrariasolmar.pt\/en\/wp-json\/wp\/v2\/product_tag?post=2807"},{"taxonomy":"cat_produtos","embeddable":true,"href":"https:\/\/livrariasolmar.pt\/en\/wp-json\/wp\/v2\/cat_produtos?post=2807"}],"curies":[{"name":"wp","href":"https:\/\/api.w.org\/{rel}","templated":true}]}}