{"id":3017,"date":"2021-08-11T12:46:38","date_gmt":"2021-08-11T12:46:38","guid":{"rendered":"https:\/\/livrariasolmar.pt\/product\/telecomunicacoes-ferroviarias-como-porque-e-para-que\/"},"modified":"2021-08-11T12:47:38","modified_gmt":"2021-08-11T12:47:38","slug":"telecomunicacoes-ferroviarias-como-porque-e-para-que","status":"publish","type":"product","link":"https:\/\/livrariasolmar.pt\/en\/produto\/telecomunicacoes-ferroviarias-como-porque-e-para-que\/","title":{"rendered":"Telecomunica\u00e7\u00f5es Ferrovi\u00e1rias &#8211; Como, porqu\u00ea e para qu\u00ea"},"content":{"rendered":"","protected":false},"excerpt":{"rendered":"<p>In the railway sector, telecommunications are much more than a &#8220;sign of the times&#8221; or just a technological tool. On the contrary, their existence and use are, and always have been, nuclear to the activity itself and to one of its main attributes: safety. This edition intends to divulge among all those who are somehow connected to the railway a little of the history and the role of telecommunications in railway activity.<\/p>\n","protected":false},"author":2,"featured_media":0,"template":"","meta":[],"product_cat":[15],"product_tag":[],"cat_produtos":[],"yoast_head":"<!-- This site is optimized with the Yoast SEO plugin v16.6 - https:\/\/yoast.com\/wordpress\/plugins\/seo\/ -->\n<title>Telecomunica\u00e7\u00f5es Ferrovi\u00e1rias - Como, porqu\u00ea e para qu\u00ea - Livraria Solmar - Livraria online<\/title>\n<meta name=\"robots\" content=\"index, follow, max-snippet:-1, max-image-preview:large, max-video-preview:-1\" \/>\n<link rel=\"canonical\" href=\"https:\/\/livrariasolmar.pt\/en\/produto\/telecomunicacoes-ferroviarias-como-porque-e-para-que\/\" \/>\n<meta property=\"og:locale\" content=\"en_US\" \/>\n<meta property=\"og:type\" content=\"article\" \/>\n<meta property=\"og:title\" content=\"Telecomunica\u00e7\u00f5es Ferrovi\u00e1rias - Como, porqu\u00ea e para qu\u00ea - Livraria Solmar - Livraria online\" \/>\n<meta property=\"og:description\" content=\"In the railway sector, telecommunications are much more than a &quot;sign of the times&quot; or just a technological tool. On the contrary, their existence and use are, and always have been, nuclear to the activity itself and to one of its main attributes: safety. This edition intends to divulge among all those who are somehow connected to the railway a little of the history and the role of telecommunications in railway activity.\" \/>\n<meta property=\"og:url\" content=\"https:\/\/livrariasolmar.pt\/en\/produto\/telecomunicacoes-ferroviarias-como-porque-e-para-que\/\" \/>\n<meta property=\"og:site_name\" content=\"Livraria Solmar - Livraria online\" \/>\n<meta property=\"article:modified_time\" content=\"2021-08-11T12:47:38+00:00\" \/>\n<meta name=\"twitter:card\" content=\"summary_large_image\" \/>\n<script type=\"application\/ld+json\" class=\"yoast-schema-graph\">{\"@context\":\"https:\/\/schema.org\",\"@graph\":[{\"@type\":\"WebSite\",\"@id\":\"https:\/\/livrariasolmar.pt\/#website\",\"url\":\"https:\/\/livrariasolmar.pt\/\",\"name\":\"Livraria Solmar - Livraria online\",\"description\":\"Com\\u00e9rcio Livros E Objetos De Arte, Lda - Ponta Delgada, A\\u00e7ores\",\"potentialAction\":[{\"@type\":\"SearchAction\",\"target\":{\"@type\":\"EntryPoint\",\"urlTemplate\":\"https:\/\/livrariasolmar.pt\/?s={search_term_string}\"},\"query-input\":\"required name=search_term_string\"}],\"inLanguage\":\"en-US\"},{\"@type\":\"WebPage\",\"@id\":\"https:\/\/livrariasolmar.pt\/en\/produto\/telecomunicacoes-ferroviarias-como-porque-e-para-que\/#webpage\",\"url\":\"https:\/\/livrariasolmar.pt\/en\/produto\/telecomunicacoes-ferroviarias-como-porque-e-para-que\/\",\"name\":\"Telecomunica\\u00e7\\u00f5es Ferrovi\\u00e1rias - Como, porqu\\u00ea e para qu\\u00ea - Livraria Solmar - Livraria online\",\"isPartOf\":{\"@id\":\"https:\/\/livrariasolmar.pt\/#website\"},\"datePublished\":\"2021-08-11T12:46:38+00:00\",\"dateModified\":\"2021-08-11T12:47:38+00:00\",\"breadcrumb\":{\"@id\":\"https:\/\/livrariasolmar.pt\/en\/produto\/telecomunicacoes-ferroviarias-como-porque-e-para-que\/#breadcrumb\"},\"inLanguage\":\"en-US\",\"potentialAction\":[{\"@type\":\"ReadAction\",\"target\":[\"https:\/\/livrariasolmar.pt\/en\/produto\/telecomunicacoes-ferroviarias-como-porque-e-para-que\/\"]}]},{\"@type\":\"BreadcrumbList\",\"@id\":\"https:\/\/livrariasolmar.pt\/en\/produto\/telecomunicacoes-ferroviarias-como-porque-e-para-que\/#breadcrumb\",\"itemListElement\":[{\"@type\":\"ListItem\",\"position\":1,\"name\":\"In\\u00edcio\",\"item\":\"https:\/\/livrariasolmar.pt\/en\/\"},{\"@type\":\"ListItem\",\"position\":2,\"name\":\"Shop\",\"item\":\"https:\/\/livrariasolmar.pt\/en\/shop\/\"},{\"@type\":\"ListItem\",\"position\":3,\"name\":\"Telecomunica\\u00e7\\u00f5es Ferrovi\\u00e1rias &#8211; Como, porqu\\u00ea e para qu\\u00ea\"}]}]}<\/script>\n<!-- \/ Yoast SEO plugin. -->","_links":{"self":[{"href":"https:\/\/livrariasolmar.pt\/en\/wp-json\/wp\/v2\/product\/3017"}],"collection":[{"href":"https:\/\/livrariasolmar.pt\/en\/wp-json\/wp\/v2\/product"}],"about":[{"href":"https:\/\/livrariasolmar.pt\/en\/wp-json\/wp\/v2\/types\/product"}],"author":[{"embeddable":true,"href":"https:\/\/livrariasolmar.pt\/en\/wp-json\/wp\/v2\/users\/2"}],"wp:attachment":[{"href":"https:\/\/livrariasolmar.pt\/en\/wp-json\/wp\/v2\/media?parent=3017"}],"wp:term":[{"taxonomy":"product_cat","embeddable":true,"href":"https:\/\/livrariasolmar.pt\/en\/wp-json\/wp\/v2\/product_cat?post=3017"},{"taxonomy":"product_tag","embeddable":true,"href":"https:\/\/livrariasolmar.pt\/en\/wp-json\/wp\/v2\/product_tag?post=3017"},{"taxonomy":"cat_produtos","embeddable":true,"href":"https:\/\/livrariasolmar.pt\/en\/wp-json\/wp\/v2\/cat_produtos?post=3017"}],"curies":[{"name":"wp","href":"https:\/\/api.w.org\/{rel}","templated":true}]}}