{"id":3077,"date":"2021-08-11T14:55:56","date_gmt":"2021-08-11T14:55:56","guid":{"rendered":"https:\/\/livrariasolmar.pt\/product\/mae-hoje-e-bacalhau-a-chef-diogo-rocha\/"},"modified":"2021-08-11T14:56:44","modified_gmt":"2021-08-11T14:56:44","slug":"mae-hoje-e-bacalhau-a-chef-diogo-rocha","status":"publish","type":"product","link":"https:\/\/livrariasolmar.pt\/en\/produto\/mae-hoje-e-bacalhau-a-chef-diogo-rocha\/","title":{"rendered":"M\u00e3e, Hoje \u00e9 Bacalhau \u00e0 Chef Diogo Rocha"},"content":{"rendered":"","protected":false},"excerpt":{"rendered":"<p>We don&#8217;t want this secret to be kept and here we tell the story of a product of high quality, unique flavor, and culturally too important for the Portuguese.<br \/>\nWe talk about families and for families, as if we were inside the sea, making the journey to our kitchen, ending at the table. Successful projects are inevitably filled with good, talented people with a unique entrepreneurial spirit. The history of Lugrade brings together the love of two families, Lucas and Grade, in the wonderful people of &#8220;Dona Odete&#8221; and &#8220;Senhor Lucas&#8221;, who a few dozen years ago started to build this dream of bringing to the Portuguese the best codfish in the world. Thank goodness it is so! And, with the arrival of their sons Vitor and Joselito Lucas at the command of the company, the guarantee of quality and good work will continue, and even in the next generation we can already see its continuity.<br \/>\nTogether with Lugrade we honor our gastronomic heritage and, with this book, we unravel the next generations to be as much or more codfish lovers as all of us.<\/p>\n","protected":false},"author":2,"featured_media":3075,"template":"","meta":[],"product_cat":[281],"product_tag":[],"cat_produtos":[],"yoast_head":"<!-- This site is optimized with the Yoast SEO plugin v16.6 - https:\/\/yoast.com\/wordpress\/plugins\/seo\/ -->\n<title>M\u00e3e, Hoje \u00e9 Bacalhau \u00e0 Chef Diogo Rocha - Livraria Solmar - Livraria online<\/title>\n<meta name=\"robots\" content=\"index, follow, max-snippet:-1, max-image-preview:large, max-video-preview:-1\" \/>\n<link rel=\"canonical\" href=\"https:\/\/livrariasolmar.pt\/en\/produto\/mae-hoje-e-bacalhau-a-chef-diogo-rocha\/\" \/>\n<meta property=\"og:locale\" content=\"en_US\" \/>\n<meta property=\"og:type\" content=\"article\" \/>\n<meta property=\"og:title\" content=\"M\u00e3e, Hoje \u00e9 Bacalhau \u00e0 Chef Diogo Rocha - Livraria Solmar - Livraria online\" \/>\n<meta property=\"og:description\" content=\"We don&#039;t want this secret to be kept and here we tell the story of a product of high quality, unique flavor, and culturally too important for the Portuguese. We talk about families and for families, as if we were inside the sea, making the journey to our kitchen, ending at the table. Successful projects are inevitably filled with good, talented people with a unique entrepreneurial spirit. The history of Lugrade brings together the love of two families, Lucas and Grade, in the wonderful people of &quot;Dona Odete&quot; and &quot;Senhor Lucas&quot;, who a few dozen years ago started to build this dream of bringing to the Portuguese the best codfish in the world. Thank goodness it is so! And, with the arrival of their sons Vitor and Joselito Lucas at the command of the company, the guarantee of quality and good work will continue, and even in the next generation we can already see its continuity. Together with Lugrade we honor our gastronomic heritage and, with this book, we unravel the next generations to be as much or more codfish lovers as all of us.\" \/>\n<meta property=\"og:url\" content=\"https:\/\/livrariasolmar.pt\/en\/produto\/mae-hoje-e-bacalhau-a-chef-diogo-rocha\/\" \/>\n<meta property=\"og:site_name\" content=\"Livraria Solmar - Livraria online\" \/>\n<meta property=\"article:modified_time\" content=\"2021-08-11T14:56:44+00:00\" \/>\n<meta property=\"og:image\" content=\"https:\/\/livrariasolmar.pt\/wp-content\/uploads\/2021\/08\/mae_hoje_e_bacalhau_a_chef.jpg\" \/>\n\t<meta property=\"og:image:width\" content=\"244\" \/>\n\t<meta property=\"og:image:height\" content=\"350\" \/>\n<meta name=\"twitter:card\" content=\"summary_large_image\" \/>\n<script type=\"application\/ld+json\" class=\"yoast-schema-graph\">{\"@context\":\"https:\/\/schema.org\",\"@graph\":[{\"@type\":\"WebSite\",\"@id\":\"https:\/\/livrariasolmar.pt\/#website\",\"url\":\"https:\/\/livrariasolmar.pt\/\",\"name\":\"Livraria Solmar - Livraria online\",\"description\":\"Com\\u00e9rcio Livros E Objetos De Arte, Lda - Ponta Delgada, A\\u00e7ores\",\"potentialAction\":[{\"@type\":\"SearchAction\",\"target\":{\"@type\":\"EntryPoint\",\"urlTemplate\":\"https:\/\/livrariasolmar.pt\/?s={search_term_string}\"},\"query-input\":\"required name=search_term_string\"}],\"inLanguage\":\"en-US\"},{\"@type\":\"ImageObject\",\"@id\":\"https:\/\/livrariasolmar.pt\/en\/produto\/mae-hoje-e-bacalhau-a-chef-diogo-rocha\/#primaryimage\",\"inLanguage\":\"en-US\",\"url\":\"https:\/\/livrariasolmar.pt\/wp-content\/uploads\/2021\/08\/mae_hoje_e_bacalhau_a_chef.jpg\",\"contentUrl\":\"https:\/\/livrariasolmar.pt\/wp-content\/uploads\/2021\/08\/mae_hoje_e_bacalhau_a_chef.jpg\",\"width\":244,\"height\":350},{\"@type\":\"WebPage\",\"@id\":\"https:\/\/livrariasolmar.pt\/en\/produto\/mae-hoje-e-bacalhau-a-chef-diogo-rocha\/#webpage\",\"url\":\"https:\/\/livrariasolmar.pt\/en\/produto\/mae-hoje-e-bacalhau-a-chef-diogo-rocha\/\",\"name\":\"M\\u00e3e, Hoje \\u00e9 Bacalhau \\u00e0 Chef Diogo Rocha - Livraria Solmar - Livraria online\",\"isPartOf\":{\"@id\":\"https:\/\/livrariasolmar.pt\/#website\"},\"primaryImageOfPage\":{\"@id\":\"https:\/\/livrariasolmar.pt\/en\/produto\/mae-hoje-e-bacalhau-a-chef-diogo-rocha\/#primaryimage\"},\"datePublished\":\"2021-08-11T14:55:56+00:00\",\"dateModified\":\"2021-08-11T14:56:44+00:00\",\"breadcrumb\":{\"@id\":\"https:\/\/livrariasolmar.pt\/en\/produto\/mae-hoje-e-bacalhau-a-chef-diogo-rocha\/#breadcrumb\"},\"inLanguage\":\"en-US\",\"potentialAction\":[{\"@type\":\"ReadAction\",\"target\":[\"https:\/\/livrariasolmar.pt\/en\/produto\/mae-hoje-e-bacalhau-a-chef-diogo-rocha\/\"]}]},{\"@type\":\"BreadcrumbList\",\"@id\":\"https:\/\/livrariasolmar.pt\/en\/produto\/mae-hoje-e-bacalhau-a-chef-diogo-rocha\/#breadcrumb\",\"itemListElement\":[{\"@type\":\"ListItem\",\"position\":1,\"name\":\"In\\u00edcio\",\"item\":\"https:\/\/livrariasolmar.pt\/en\/\"},{\"@type\":\"ListItem\",\"position\":2,\"name\":\"Shop\",\"item\":\"https:\/\/livrariasolmar.pt\/en\/shop\/\"},{\"@type\":\"ListItem\",\"position\":3,\"name\":\"M\\u00e3e, Hoje \\u00e9 Bacalhau \\u00e0 Chef Diogo Rocha\"}]}]}<\/script>\n<!-- \/ Yoast SEO plugin. -->","_links":{"self":[{"href":"https:\/\/livrariasolmar.pt\/en\/wp-json\/wp\/v2\/product\/3077"}],"collection":[{"href":"https:\/\/livrariasolmar.pt\/en\/wp-json\/wp\/v2\/product"}],"about":[{"href":"https:\/\/livrariasolmar.pt\/en\/wp-json\/wp\/v2\/types\/product"}],"author":[{"embeddable":true,"href":"https:\/\/livrariasolmar.pt\/en\/wp-json\/wp\/v2\/users\/2"}],"wp:featuredmedia":[{"embeddable":true,"href":"https:\/\/livrariasolmar.pt\/en\/wp-json\/wp\/v2\/media\/3075"}],"wp:attachment":[{"href":"https:\/\/livrariasolmar.pt\/en\/wp-json\/wp\/v2\/media?parent=3077"}],"wp:term":[{"taxonomy":"product_cat","embeddable":true,"href":"https:\/\/livrariasolmar.pt\/en\/wp-json\/wp\/v2\/product_cat?post=3077"},{"taxonomy":"product_tag","embeddable":true,"href":"https:\/\/livrariasolmar.pt\/en\/wp-json\/wp\/v2\/product_tag?post=3077"},{"taxonomy":"cat_produtos","embeddable":true,"href":"https:\/\/livrariasolmar.pt\/en\/wp-json\/wp\/v2\/cat_produtos?post=3077"}],"curies":[{"name":"wp","href":"https:\/\/api.w.org\/{rel}","templated":true}]}}