{"id":3082,"date":"2021-08-11T14:58:13","date_gmt":"2021-08-11T14:58:13","guid":{"rendered":"https:\/\/livrariasolmar.pt\/product\/as-delicias-de-ella-rapido-e-facil\/"},"modified":"2021-08-11T14:59:53","modified_gmt":"2021-08-11T14:59:53","slug":"as-delicias-de-ella-rapido-e-facil","status":"publish","type":"product","link":"https:\/\/livrariasolmar.pt\/en\/produto\/as-delicias-de-ella-rapido-e-facil\/","title":{"rendered":"As Del\u00edcias de Ella: R\u00e1pido e F\u00e1cil"},"content":{"rendered":"","protected":false},"excerpt":{"rendered":"<p>Ella needs no introduction: with over two million followers on Instagram and a super popular podcast, she is the best known face of the new vegetarian cuisine.<br \/>\nWhat you will find in this book are more than one hundred delicious recipes from the author, all vegetable-based, but with a novelty: in addition to breakfasts (there are even pancakes!), pastes, sauces, spreads and snacks, there are two chapters of quick meals: 10 and 20 minutes only. But since many people don&#8217;t even have that much time available, Ella offers a whole chapter where she shows how to make meals for the whole week.<br \/>\nIn addition to the new &#8220;collection&#8221; of recipes, Ella adds as special ingredients in this book everything she has learned from her popular podcast. By talking to some of the world&#8217;s leading experts on issues of natural health, ecology, or sleeping habits, the author has developed her own philosophy of wellness that she now shares with readers.<br \/>\nAfter all, these delicious dishes are only part of a much more important project: your happiness.<\/p>\n","protected":false},"author":2,"featured_media":3080,"template":"","meta":[],"product_cat":[281],"product_tag":[],"cat_produtos":[],"yoast_head":"<!-- This site is optimized with the Yoast SEO plugin v16.6 - https:\/\/yoast.com\/wordpress\/plugins\/seo\/ -->\n<title>As Del\u00edcias de Ella: R\u00e1pido e F\u00e1cil - Livraria Solmar - Livraria online<\/title>\n<meta name=\"robots\" content=\"index, follow, max-snippet:-1, max-image-preview:large, max-video-preview:-1\" \/>\n<link rel=\"canonical\" href=\"https:\/\/livrariasolmar.pt\/en\/produto\/as-delicias-de-ella-rapido-e-facil\/\" \/>\n<meta property=\"og:locale\" content=\"en_US\" \/>\n<meta property=\"og:type\" content=\"article\" \/>\n<meta property=\"og:title\" content=\"As Del\u00edcias de Ella: R\u00e1pido e F\u00e1cil - Livraria Solmar - Livraria online\" \/>\n<meta property=\"og:description\" content=\"Ella needs no introduction: with over two million followers on Instagram and a super popular podcast, she is the best known face of the new vegetarian cuisine. What you will find in this book are more than one hundred delicious recipes from the author, all vegetable-based, but with a novelty: in addition to breakfasts (there are even pancakes!), pastes, sauces, spreads and snacks, there are two chapters of quick meals: 10 and 20 minutes only. But since many people don&#039;t even have that much time available, Ella offers a whole chapter where she shows how to make meals for the whole week. In addition to the new &quot;collection&quot; of recipes, Ella adds as special ingredients in this book everything she has learned from her popular podcast. By talking to some of the world&#039;s leading experts on issues of natural health, ecology, or sleeping habits, the author has developed her own philosophy of wellness that she now shares with readers. After all, these delicious dishes are only part of a much more important project: your happiness.\" \/>\n<meta property=\"og:url\" content=\"https:\/\/livrariasolmar.pt\/en\/produto\/as-delicias-de-ella-rapido-e-facil\/\" \/>\n<meta property=\"og:site_name\" content=\"Livraria Solmar - Livraria online\" \/>\n<meta property=\"article:modified_time\" content=\"2021-08-11T14:59:53+00:00\" \/>\n<meta property=\"og:image\" content=\"https:\/\/livrariasolmar.pt\/wp-content\/uploads\/2021\/08\/rapido_e_facil.jpg\" \/>\n\t<meta property=\"og:image:width\" content=\"248\" \/>\n\t<meta property=\"og:image:height\" content=\"350\" \/>\n<meta name=\"twitter:card\" content=\"summary_large_image\" \/>\n<script type=\"application\/ld+json\" class=\"yoast-schema-graph\">{\"@context\":\"https:\/\/schema.org\",\"@graph\":[{\"@type\":\"WebSite\",\"@id\":\"https:\/\/livrariasolmar.pt\/#website\",\"url\":\"https:\/\/livrariasolmar.pt\/\",\"name\":\"Livraria Solmar - Livraria online\",\"description\":\"Com\\u00e9rcio Livros E Objetos De Arte, Lda - Ponta Delgada, A\\u00e7ores\",\"potentialAction\":[{\"@type\":\"SearchAction\",\"target\":{\"@type\":\"EntryPoint\",\"urlTemplate\":\"https:\/\/livrariasolmar.pt\/?s={search_term_string}\"},\"query-input\":\"required name=search_term_string\"}],\"inLanguage\":\"en-US\"},{\"@type\":\"ImageObject\",\"@id\":\"https:\/\/livrariasolmar.pt\/en\/produto\/as-delicias-de-ella-rapido-e-facil\/#primaryimage\",\"inLanguage\":\"en-US\",\"url\":\"https:\/\/livrariasolmar.pt\/wp-content\/uploads\/2021\/08\/rapido_e_facil.jpg\",\"contentUrl\":\"https:\/\/livrariasolmar.pt\/wp-content\/uploads\/2021\/08\/rapido_e_facil.jpg\",\"width\":248,\"height\":350},{\"@type\":\"WebPage\",\"@id\":\"https:\/\/livrariasolmar.pt\/en\/produto\/as-delicias-de-ella-rapido-e-facil\/#webpage\",\"url\":\"https:\/\/livrariasolmar.pt\/en\/produto\/as-delicias-de-ella-rapido-e-facil\/\",\"name\":\"As Del\\u00edcias de Ella: R\\u00e1pido e F\\u00e1cil - Livraria Solmar - Livraria online\",\"isPartOf\":{\"@id\":\"https:\/\/livrariasolmar.pt\/#website\"},\"primaryImageOfPage\":{\"@id\":\"https:\/\/livrariasolmar.pt\/en\/produto\/as-delicias-de-ella-rapido-e-facil\/#primaryimage\"},\"datePublished\":\"2021-08-11T14:58:13+00:00\",\"dateModified\":\"2021-08-11T14:59:53+00:00\",\"breadcrumb\":{\"@id\":\"https:\/\/livrariasolmar.pt\/en\/produto\/as-delicias-de-ella-rapido-e-facil\/#breadcrumb\"},\"inLanguage\":\"en-US\",\"potentialAction\":[{\"@type\":\"ReadAction\",\"target\":[\"https:\/\/livrariasolmar.pt\/en\/produto\/as-delicias-de-ella-rapido-e-facil\/\"]}]},{\"@type\":\"BreadcrumbList\",\"@id\":\"https:\/\/livrariasolmar.pt\/en\/produto\/as-delicias-de-ella-rapido-e-facil\/#breadcrumb\",\"itemListElement\":[{\"@type\":\"ListItem\",\"position\":1,\"name\":\"In\\u00edcio\",\"item\":\"https:\/\/livrariasolmar.pt\/en\/\"},{\"@type\":\"ListItem\",\"position\":2,\"name\":\"Shop\",\"item\":\"https:\/\/livrariasolmar.pt\/en\/shop\/\"},{\"@type\":\"ListItem\",\"position\":3,\"name\":\"As Del\\u00edcias de Ella: R\\u00e1pido e F\\u00e1cil\"}]}]}<\/script>\n<!-- \/ Yoast SEO plugin. -->","_links":{"self":[{"href":"https:\/\/livrariasolmar.pt\/en\/wp-json\/wp\/v2\/product\/3082"}],"collection":[{"href":"https:\/\/livrariasolmar.pt\/en\/wp-json\/wp\/v2\/product"}],"about":[{"href":"https:\/\/livrariasolmar.pt\/en\/wp-json\/wp\/v2\/types\/product"}],"author":[{"embeddable":true,"href":"https:\/\/livrariasolmar.pt\/en\/wp-json\/wp\/v2\/users\/2"}],"wp:featuredmedia":[{"embeddable":true,"href":"https:\/\/livrariasolmar.pt\/en\/wp-json\/wp\/v2\/media\/3080"}],"wp:attachment":[{"href":"https:\/\/livrariasolmar.pt\/en\/wp-json\/wp\/v2\/media?parent=3082"}],"wp:term":[{"taxonomy":"product_cat","embeddable":true,"href":"https:\/\/livrariasolmar.pt\/en\/wp-json\/wp\/v2\/product_cat?post=3082"},{"taxonomy":"product_tag","embeddable":true,"href":"https:\/\/livrariasolmar.pt\/en\/wp-json\/wp\/v2\/product_tag?post=3082"},{"taxonomy":"cat_produtos","embeddable":true,"href":"https:\/\/livrariasolmar.pt\/en\/wp-json\/wp\/v2\/cat_produtos?post=3082"}],"curies":[{"name":"wp","href":"https:\/\/api.w.org\/{rel}","templated":true}]}}