{"id":3780,"date":"2021-11-19T14:11:59","date_gmt":"2021-11-19T14:11:59","guid":{"rendered":"https:\/\/livrariasolmar.pt\/?post_type=product&#038;p=3780"},"modified":"2023-01-02T18:47:08","modified_gmt":"2023-01-02T18:47:08","slug":"o-mais-belo-fim-do-mundo","status":"publish","type":"product","link":"https:\/\/livrariasolmar.pt\/en\/produto\/o-mais-belo-fim-do-mundo\/","title":{"rendered":"O Mais Belo Fim do Mundo"},"content":{"rendered":"","protected":false},"excerpt":{"rendered":"<p>Entre 2018 e 2021, o que mudou na nossa vida, o que transformou \u2014 para o melhor e para o pior \u2014 o nosso mundo? Neste livro, Jos\u00e9 Eduardo Agualusa re\u00fane contos, cr\u00f3nicas e apontamentos diar\u00edsticos escritos (e publicados na imprensa brasileira e portuguesa) durante esse per\u00edodo. S\u00e3o textos que refletem os tempos estranhos, convulsos e um tanto misteriosos que temos vivido, ao mesmo tempo que procuram lan\u00e7ar alguma luz sobre os dias que ainda n\u00e3o chegaram. Caminhando entre a fic\u00e7\u00e3o e o ensaio, sem grande preocupa\u00e7\u00e3o de respeitar fronteiras (pelo contr\u00e1rio, explorando a terra de ningu\u00e9m que fica entre as fronteiras), O Mais Belo Fim do Mundo divide-se entre cr\u00f3nicas, contos e textos onde se fica nesse limite entre a atualidade e o futuro, entre o passado e os tempos em que refletimos sobre ele.<\/p>\n<p>&nbsp;<\/p>\n","protected":false},"author":2,"featured_media":3781,"template":"","meta":[],"product_cat":[153],"product_tag":[],"cat_produtos":[],"yoast_head":"<!-- This site is optimized with the Yoast SEO plugin v16.6 - https:\/\/yoast.com\/wordpress\/plugins\/seo\/ -->\n<title>O Mais Belo Fim do Mundo - Livraria Solmar - Livraria online<\/title>\n<meta name=\"robots\" content=\"index, follow, max-snippet:-1, max-image-preview:large, max-video-preview:-1\" \/>\n<link rel=\"canonical\" href=\"https:\/\/livrariasolmar.pt\/en\/produto\/o-mais-belo-fim-do-mundo\/\" \/>\n<meta property=\"og:locale\" content=\"en_US\" \/>\n<meta property=\"og:type\" content=\"article\" \/>\n<meta property=\"og:title\" content=\"O Mais Belo Fim do Mundo - Livraria Solmar - Livraria online\" \/>\n<meta property=\"og:description\" content=\"Entre 2018 e 2021, o que mudou na nossa vida, o que transformou \u2014 para o melhor e para o pior \u2014 o nosso mundo? Neste livro, Jos\u00e9 Eduardo Agualusa re\u00fane contos, cr\u00f3nicas e apontamentos diar\u00edsticos escritos (e publicados na imprensa brasileira e portuguesa) durante esse per\u00edodo. S\u00e3o textos que refletem os tempos estranhos, convulsos e um tanto misteriosos que temos vivido, ao mesmo tempo que procuram lan\u00e7ar alguma luz sobre os dias que ainda n\u00e3o chegaram. Caminhando entre a fic\u00e7\u00e3o e o ensaio, sem grande preocupa\u00e7\u00e3o de respeitar fronteiras (pelo contr\u00e1rio, explorando a terra de ningu\u00e9m que fica entre as fronteiras), O Mais Belo Fim do Mundo divide-se entre cr\u00f3nicas, contos e textos onde se fica nesse limite entre a atualidade e o futuro, entre o passado e os tempos em que refletimos sobre ele.  &nbsp;\" \/>\n<meta property=\"og:url\" content=\"https:\/\/livrariasolmar.pt\/produto\/o-mais-belo-fim-do-mundo\/\" \/>\n<meta property=\"og:site_name\" content=\"Livraria Solmar - Livraria online\" \/>\n<meta property=\"article:modified_time\" content=\"2023-01-02T18:47:08+00:00\" \/>\n<meta property=\"og:image\" content=\"https:\/\/livrariasolmar.pt\/wp-content\/uploads\/2021\/11\/O-Mais-Belo-Fim-do-Mundo.jpg\" \/>\n\t<meta property=\"og:image:width\" content=\"300\" \/>\n\t<meta property=\"og:image:height\" content=\"470\" \/>\n<meta name=\"twitter:card\" content=\"summary_large_image\" \/>\n<script type=\"application\/ld+json\" class=\"yoast-schema-graph\">{\"@context\":\"https:\/\/schema.org\",\"@graph\":[{\"@type\":\"WebSite\",\"@id\":\"https:\/\/livrariasolmar.pt\/#website\",\"url\":\"https:\/\/livrariasolmar.pt\/\",\"name\":\"Livraria Solmar - Livraria online\",\"description\":\"Com\\u00e9rcio Livros E Objetos De Arte, Lda - Ponta Delgada, A\\u00e7ores\",\"potentialAction\":[{\"@type\":\"SearchAction\",\"target\":{\"@type\":\"EntryPoint\",\"urlTemplate\":\"https:\/\/livrariasolmar.pt\/?s={search_term_string}\"},\"query-input\":\"required name=search_term_string\"}],\"inLanguage\":\"en-US\"},{\"@type\":\"ImageObject\",\"@id\":\"https:\/\/livrariasolmar.pt\/produto\/o-mais-belo-fim-do-mundo\/#primaryimage\",\"inLanguage\":\"en-US\",\"url\":\"https:\/\/livrariasolmar.pt\/wp-content\/uploads\/2021\/11\/O-Mais-Belo-Fim-do-Mundo.jpg\",\"contentUrl\":\"https:\/\/livrariasolmar.pt\/wp-content\/uploads\/2021\/11\/O-Mais-Belo-Fim-do-Mundo.jpg\",\"width\":300,\"height\":470},{\"@type\":\"WebPage\",\"@id\":\"https:\/\/livrariasolmar.pt\/produto\/o-mais-belo-fim-do-mundo\/#webpage\",\"url\":\"https:\/\/livrariasolmar.pt\/produto\/o-mais-belo-fim-do-mundo\/\",\"name\":\"O Mais Belo Fim do Mundo - Livraria Solmar - Livraria online\",\"isPartOf\":{\"@id\":\"https:\/\/livrariasolmar.pt\/#website\"},\"primaryImageOfPage\":{\"@id\":\"https:\/\/livrariasolmar.pt\/produto\/o-mais-belo-fim-do-mundo\/#primaryimage\"},\"datePublished\":\"2021-11-19T14:11:59+00:00\",\"dateModified\":\"2023-01-02T18:47:08+00:00\",\"breadcrumb\":{\"@id\":\"https:\/\/livrariasolmar.pt\/produto\/o-mais-belo-fim-do-mundo\/#breadcrumb\"},\"inLanguage\":\"en-US\",\"potentialAction\":[{\"@type\":\"ReadAction\",\"target\":[\"https:\/\/livrariasolmar.pt\/produto\/o-mais-belo-fim-do-mundo\/\"]}]},{\"@type\":\"BreadcrumbList\",\"@id\":\"https:\/\/livrariasolmar.pt\/produto\/o-mais-belo-fim-do-mundo\/#breadcrumb\",\"itemListElement\":[{\"@type\":\"ListItem\",\"position\":1,\"name\":\"In\\u00edcio\",\"item\":\"https:\/\/livrariasolmar.pt\/en\/\"},{\"@type\":\"ListItem\",\"position\":2,\"name\":\"Shop\",\"item\":\"https:\/\/livrariasolmar.pt\/en\/shop\/\"},{\"@type\":\"ListItem\",\"position\":3,\"name\":\"O Mais Belo Fim do Mundo\"}]}]}<\/script>\n<!-- \/ Yoast SEO plugin. -->","_links":{"self":[{"href":"https:\/\/livrariasolmar.pt\/en\/wp-json\/wp\/v2\/product\/3780"}],"collection":[{"href":"https:\/\/livrariasolmar.pt\/en\/wp-json\/wp\/v2\/product"}],"about":[{"href":"https:\/\/livrariasolmar.pt\/en\/wp-json\/wp\/v2\/types\/product"}],"author":[{"embeddable":true,"href":"https:\/\/livrariasolmar.pt\/en\/wp-json\/wp\/v2\/users\/2"}],"wp:featuredmedia":[{"embeddable":true,"href":"https:\/\/livrariasolmar.pt\/en\/wp-json\/wp\/v2\/media\/3781"}],"wp:attachment":[{"href":"https:\/\/livrariasolmar.pt\/en\/wp-json\/wp\/v2\/media?parent=3780"}],"wp:term":[{"taxonomy":"product_cat","embeddable":true,"href":"https:\/\/livrariasolmar.pt\/en\/wp-json\/wp\/v2\/product_cat?post=3780"},{"taxonomy":"product_tag","embeddable":true,"href":"https:\/\/livrariasolmar.pt\/en\/wp-json\/wp\/v2\/product_tag?post=3780"},{"taxonomy":"cat_produtos","embeddable":true,"href":"https:\/\/livrariasolmar.pt\/en\/wp-json\/wp\/v2\/cat_produtos?post=3780"}],"curies":[{"name":"wp","href":"https:\/\/api.w.org\/{rel}","templated":true}]}}