{"id":4051,"date":"2022-02-16T16:08:49","date_gmt":"2022-02-16T16:08:49","guid":{"rendered":"https:\/\/livrariasolmar.pt\/?post_type=product&#038;p=4051"},"modified":"2022-12-22T21:36:14","modified_gmt":"2022-12-22T21:36:14","slug":"descobri-que-era-europeia","status":"publish","type":"product","link":"https:\/\/livrariasolmar.pt\/en\/produto\/descobri-que-era-europeia\/","title":{"rendered":"Descobri que Era Europeia"},"content":{"rendered":"","protected":false},"excerpt":{"rendered":"<p>Em 1950, aos 26 anos, Nat\u00e1lia Correia visitou os Estados Unidos. Terra de fasc\u00ednio e oportunidade para muitos emigrantes, o colosso americano \u00e9 retratado neste livro, nos seus sucessos e contradi\u00e7\u00f5es, com a penetrante lucidez da autora, j\u00e1 ent\u00e3o capaz de intercalar diferentes registos de escrita com uma mestria prodigiosa.<\/p>\n<p>Impress\u00f5es de viagem, mas tamb\u00e9m di\u00e1rio, ensaio e at\u00e9 poesia convergem neste testemunho envolvente, de uma atualidade desconcertante, de quem partiu \u00e0 descoberta do Am\u00e9rica e acabou por (re)descobrir as pr\u00f3prias ra\u00edzes europeias.<\/p>\n<p>Transcrito a partir do exemplar da primeira edi\u00e7\u00e3o (1951) da biblioteca pessoal de N\u00e1t\u00e1lia, o texto agora apresentado reflete as altera\u00e7\u00f5es e acrescentos por si introduzidos nesta obra de juventude, com vista a uma reedi\u00e7\u00e3o que nunca chegou a supervisionar &#8211; e que surge agora, devidamente contextualizada, num volume enriquecido com material in\u00e9dito, por ocasi\u00e3o dos 25 anos da morte da escritora a\u00e7oriana.<\/p>\n","protected":false},"author":2,"featured_media":4052,"template":"","meta":[],"product_cat":[146],"product_tag":[],"cat_produtos":[205],"yoast_head":"<!-- This site is optimized with the Yoast SEO plugin v16.6 - https:\/\/yoast.com\/wordpress\/plugins\/seo\/ -->\n<title>Descobri que Era Europeia - Livraria Solmar - Livraria online<\/title>\n<meta name=\"robots\" content=\"index, follow, max-snippet:-1, max-image-preview:large, max-video-preview:-1\" \/>\n<link rel=\"canonical\" href=\"https:\/\/livrariasolmar.pt\/en\/produto\/descobri-que-era-europeia\/\" \/>\n<meta property=\"og:locale\" content=\"en_US\" \/>\n<meta property=\"og:type\" content=\"article\" \/>\n<meta property=\"og:title\" content=\"Descobri que Era Europeia - Livraria Solmar - Livraria online\" \/>\n<meta property=\"og:description\" content=\"Em 1950, aos 26 anos, Nat\u00e1lia Correia visitou os Estados Unidos. Terra de fasc\u00ednio e oportunidade para muitos emigrantes, o colosso americano \u00e9 retratado neste livro, nos seus sucessos e contradi\u00e7\u00f5es, com a penetrante lucidez da autora, j\u00e1 ent\u00e3o capaz de intercalar diferentes registos de escrita com uma mestria prodigiosa.  Impress\u00f5es de viagem, mas tamb\u00e9m di\u00e1rio, ensaio e at\u00e9 poesia convergem neste testemunho envolvente, de uma atualidade desconcertante, de quem partiu \u00e0 descoberta do Am\u00e9rica e acabou por (re)descobrir as pr\u00f3prias ra\u00edzes europeias.  Transcrito a partir do exemplar da primeira edi\u00e7\u00e3o (1951) da biblioteca pessoal de N\u00e1t\u00e1lia, o texto agora apresentado reflete as altera\u00e7\u00f5es e acrescentos por si introduzidos nesta obra de juventude, com vista a uma reedi\u00e7\u00e3o que nunca chegou a supervisionar - e que surge agora, devidamente contextualizada, num volume enriquecido com material in\u00e9dito, por ocasi\u00e3o dos 25 anos da morte da escritora a\u00e7oriana.\" \/>\n<meta property=\"og:url\" content=\"https:\/\/livrariasolmar.pt\/produto\/descobri-que-era-europeia\/\" \/>\n<meta property=\"og:site_name\" content=\"Livraria Solmar - Livraria online\" \/>\n<meta property=\"article:modified_time\" content=\"2022-12-22T21:36:14+00:00\" \/>\n<meta property=\"og:image\" content=\"https:\/\/livrariasolmar.pt\/wp-content\/uploads\/2022\/02\/descobri_que_era_europeia.jpg\" \/>\n\t<meta property=\"og:image:width\" content=\"333\" \/>\n\t<meta property=\"og:image:height\" content=\"500\" \/>\n<meta name=\"twitter:card\" content=\"summary_large_image\" \/>\n<script type=\"application\/ld+json\" class=\"yoast-schema-graph\">{\"@context\":\"https:\/\/schema.org\",\"@graph\":[{\"@type\":\"WebSite\",\"@id\":\"https:\/\/livrariasolmar.pt\/#website\",\"url\":\"https:\/\/livrariasolmar.pt\/\",\"name\":\"Livraria Solmar - Livraria online\",\"description\":\"Com\\u00e9rcio Livros E Objetos De Arte, Lda - Ponta Delgada, A\\u00e7ores\",\"potentialAction\":[{\"@type\":\"SearchAction\",\"target\":{\"@type\":\"EntryPoint\",\"urlTemplate\":\"https:\/\/livrariasolmar.pt\/?s={search_term_string}\"},\"query-input\":\"required name=search_term_string\"}],\"inLanguage\":\"en-US\"},{\"@type\":\"ImageObject\",\"@id\":\"https:\/\/livrariasolmar.pt\/produto\/descobri-que-era-europeia\/#primaryimage\",\"inLanguage\":\"en-US\",\"url\":\"https:\/\/livrariasolmar.pt\/wp-content\/uploads\/2022\/02\/descobri_que_era_europeia.jpg\",\"contentUrl\":\"https:\/\/livrariasolmar.pt\/wp-content\/uploads\/2022\/02\/descobri_que_era_europeia.jpg\",\"width\":333,\"height\":500},{\"@type\":\"WebPage\",\"@id\":\"https:\/\/livrariasolmar.pt\/produto\/descobri-que-era-europeia\/#webpage\",\"url\":\"https:\/\/livrariasolmar.pt\/produto\/descobri-que-era-europeia\/\",\"name\":\"Descobri que Era Europeia - Livraria Solmar - Livraria online\",\"isPartOf\":{\"@id\":\"https:\/\/livrariasolmar.pt\/#website\"},\"primaryImageOfPage\":{\"@id\":\"https:\/\/livrariasolmar.pt\/produto\/descobri-que-era-europeia\/#primaryimage\"},\"datePublished\":\"2022-02-16T16:08:49+00:00\",\"dateModified\":\"2022-12-22T21:36:14+00:00\",\"breadcrumb\":{\"@id\":\"https:\/\/livrariasolmar.pt\/produto\/descobri-que-era-europeia\/#breadcrumb\"},\"inLanguage\":\"en-US\",\"potentialAction\":[{\"@type\":\"ReadAction\",\"target\":[\"https:\/\/livrariasolmar.pt\/produto\/descobri-que-era-europeia\/\"]}]},{\"@type\":\"BreadcrumbList\",\"@id\":\"https:\/\/livrariasolmar.pt\/produto\/descobri-que-era-europeia\/#breadcrumb\",\"itemListElement\":[{\"@type\":\"ListItem\",\"position\":1,\"name\":\"In\\u00edcio\",\"item\":\"https:\/\/livrariasolmar.pt\/en\/\"},{\"@type\":\"ListItem\",\"position\":2,\"name\":\"Shop\",\"item\":\"https:\/\/livrariasolmar.pt\/en\/shop\/\"},{\"@type\":\"ListItem\",\"position\":3,\"name\":\"Descobri que Era Europeia\"}]}]}<\/script>\n<!-- \/ Yoast SEO plugin. -->","_links":{"self":[{"href":"https:\/\/livrariasolmar.pt\/en\/wp-json\/wp\/v2\/product\/4051"}],"collection":[{"href":"https:\/\/livrariasolmar.pt\/en\/wp-json\/wp\/v2\/product"}],"about":[{"href":"https:\/\/livrariasolmar.pt\/en\/wp-json\/wp\/v2\/types\/product"}],"author":[{"embeddable":true,"href":"https:\/\/livrariasolmar.pt\/en\/wp-json\/wp\/v2\/users\/2"}],"wp:featuredmedia":[{"embeddable":true,"href":"https:\/\/livrariasolmar.pt\/en\/wp-json\/wp\/v2\/media\/4052"}],"wp:attachment":[{"href":"https:\/\/livrariasolmar.pt\/en\/wp-json\/wp\/v2\/media?parent=4051"}],"wp:term":[{"taxonomy":"product_cat","embeddable":true,"href":"https:\/\/livrariasolmar.pt\/en\/wp-json\/wp\/v2\/product_cat?post=4051"},{"taxonomy":"product_tag","embeddable":true,"href":"https:\/\/livrariasolmar.pt\/en\/wp-json\/wp\/v2\/product_tag?post=4051"},{"taxonomy":"cat_produtos","embeddable":true,"href":"https:\/\/livrariasolmar.pt\/en\/wp-json\/wp\/v2\/cat_produtos?post=4051"}],"curies":[{"name":"wp","href":"https:\/\/api.w.org\/{rel}","templated":true}]}}