{"id":4144,"date":"2022-02-17T17:03:05","date_gmt":"2022-02-17T17:03:05","guid":{"rendered":"https:\/\/livrariasolmar.pt\/?post_type=product&#038;p=4144"},"modified":"2025-12-13T19:09:16","modified_gmt":"2025-12-13T19:09:16","slug":"despenteando-paragrafos","status":"publish","type":"product","link":"https:\/\/livrariasolmar.pt\/en\/produto\/despenteando-paragrafos\/","title":{"rendered":"Despenteando Par\u00e1grafos"},"content":{"rendered":"","protected":false},"excerpt":{"rendered":"<p>Observa\u00e7\u00e3o bem-humorada e provocadora da realidade cultural portuguesa.<br \/>\nOn\u00e9simo Teot\u00f3nio Almeida \u00e9, h\u00e1 longos anos, professor na prestigiada universidade Brown, em Providence, EUA &#8211; pertencente \u00e0 Ivy League (um grupo constitu\u00eddo pelas institui\u00e7\u00f5es de maior prest\u00edgio cient\u00edfico nos Estados Unidos e no mundo). De l\u00e1, transformou-se num observador privilegiado e distanciado da realidade cultural portuguesa, que sempre tratou com toler\u00e2ncia, sentido de humor e ironia.<\/p>\n<p>Neste livro, o autor aborda quest\u00f5es pol\u00e9micas no nosso meio cultural e universit\u00e1rio: de onde v\u00eam a verborreia empolada e a dificuldade lusitana de se debater argumentos sem entrar em ataques pessoais? Porque eram os intelectuais portugueses t\u00e3o sens\u00edveis \u00e0s modas francesas? Porque \u00e9 que os intelectuais europeus n\u00e3o compreendem a Am\u00e9rica? Porque \u00e9 que o provincianismo portugu\u00eas \u00e9 t\u00e3o arrogante? Sempre num registo divertido, bem-humorado e provocador.<\/p>\n","protected":false},"author":2,"featured_media":4145,"template":"","meta":[],"product_cat":[146],"product_tag":[],"cat_produtos":[391],"yoast_head":"<!-- This site is optimized with the Yoast SEO plugin v16.6 - https:\/\/yoast.com\/wordpress\/plugins\/seo\/ -->\n<title>Despenteando Par\u00e1grafos - Livraria Solmar - Livraria online<\/title>\n<meta name=\"robots\" content=\"index, follow, max-snippet:-1, max-image-preview:large, max-video-preview:-1\" \/>\n<link rel=\"canonical\" href=\"https:\/\/livrariasolmar.pt\/en\/produto\/despenteando-paragrafos\/\" \/>\n<meta property=\"og:locale\" content=\"en_US\" \/>\n<meta property=\"og:type\" content=\"article\" \/>\n<meta property=\"og:title\" content=\"Despenteando Par\u00e1grafos - Livraria Solmar - Livraria online\" \/>\n<meta property=\"og:description\" content=\"Observa\u00e7\u00e3o bem-humorada e provocadora da realidade cultural portuguesa. On\u00e9simo Teot\u00f3nio Almeida \u00e9, h\u00e1 longos anos, professor na prestigiada universidade Brown, em Providence, EUA - pertencente \u00e0 Ivy League (um grupo constitu\u00eddo pelas institui\u00e7\u00f5es de maior prest\u00edgio cient\u00edfico nos Estados Unidos e no mundo). De l\u00e1, transformou-se num observador privilegiado e distanciado da realidade cultural portuguesa, que sempre tratou com toler\u00e2ncia, sentido de humor e ironia.  Neste livro, o autor aborda quest\u00f5es pol\u00e9micas no nosso meio cultural e universit\u00e1rio: de onde v\u00eam a verborreia empolada e a dificuldade lusitana de se debater argumentos sem entrar em ataques pessoais? Porque eram os intelectuais portugueses t\u00e3o sens\u00edveis \u00e0s modas francesas? Porque \u00e9 que os intelectuais europeus n\u00e3o compreendem a Am\u00e9rica? Porque \u00e9 que o provincianismo portugu\u00eas \u00e9 t\u00e3o arrogante? Sempre num registo divertido, bem-humorado e provocador.\" \/>\n<meta property=\"og:url\" content=\"https:\/\/livrariasolmar.pt\/produto\/despenteando-paragrafos\/\" \/>\n<meta property=\"og:site_name\" content=\"Livraria Solmar - Livraria online\" \/>\n<meta property=\"article:modified_time\" content=\"2025-12-13T19:09:16+00:00\" \/>\n<meta property=\"og:image\" content=\"https:\/\/livrariasolmar.pt\/wp-content\/uploads\/2022\/02\/41X9JELSqFL._SX248_BO1204203200_.jpg\" \/>\n\t<meta property=\"og:image:width\" content=\"250\" \/>\n\t<meta property=\"og:image:height\" content=\"390\" \/>\n<meta name=\"twitter:card\" content=\"summary_large_image\" \/>\n<script type=\"application\/ld+json\" class=\"yoast-schema-graph\">{\"@context\":\"https:\/\/schema.org\",\"@graph\":[{\"@type\":\"WebSite\",\"@id\":\"https:\/\/livrariasolmar.pt\/#website\",\"url\":\"https:\/\/livrariasolmar.pt\/\",\"name\":\"Livraria Solmar - Livraria online\",\"description\":\"Com\\u00e9rcio Livros E Objetos De Arte, Lda - Ponta Delgada, A\\u00e7ores\",\"potentialAction\":[{\"@type\":\"SearchAction\",\"target\":{\"@type\":\"EntryPoint\",\"urlTemplate\":\"https:\/\/livrariasolmar.pt\/?s={search_term_string}\"},\"query-input\":\"required name=search_term_string\"}],\"inLanguage\":\"en-US\"},{\"@type\":\"ImageObject\",\"@id\":\"https:\/\/livrariasolmar.pt\/produto\/despenteando-paragrafos\/#primaryimage\",\"inLanguage\":\"en-US\",\"url\":\"https:\/\/livrariasolmar.pt\/wp-content\/uploads\/2022\/02\/41X9JELSqFL._SX248_BO1204203200_.jpg\",\"contentUrl\":\"https:\/\/livrariasolmar.pt\/wp-content\/uploads\/2022\/02\/41X9JELSqFL._SX248_BO1204203200_.jpg\",\"width\":250,\"height\":390},{\"@type\":\"WebPage\",\"@id\":\"https:\/\/livrariasolmar.pt\/produto\/despenteando-paragrafos\/#webpage\",\"url\":\"https:\/\/livrariasolmar.pt\/produto\/despenteando-paragrafos\/\",\"name\":\"Despenteando Par\\u00e1grafos - Livraria Solmar - Livraria online\",\"isPartOf\":{\"@id\":\"https:\/\/livrariasolmar.pt\/#website\"},\"primaryImageOfPage\":{\"@id\":\"https:\/\/livrariasolmar.pt\/produto\/despenteando-paragrafos\/#primaryimage\"},\"datePublished\":\"2022-02-17T17:03:05+00:00\",\"dateModified\":\"2025-12-13T19:09:16+00:00\",\"breadcrumb\":{\"@id\":\"https:\/\/livrariasolmar.pt\/produto\/despenteando-paragrafos\/#breadcrumb\"},\"inLanguage\":\"en-US\",\"potentialAction\":[{\"@type\":\"ReadAction\",\"target\":[\"https:\/\/livrariasolmar.pt\/produto\/despenteando-paragrafos\/\"]}]},{\"@type\":\"BreadcrumbList\",\"@id\":\"https:\/\/livrariasolmar.pt\/produto\/despenteando-paragrafos\/#breadcrumb\",\"itemListElement\":[{\"@type\":\"ListItem\",\"position\":1,\"name\":\"In\\u00edcio\",\"item\":\"https:\/\/livrariasolmar.pt\/en\/\"},{\"@type\":\"ListItem\",\"position\":2,\"name\":\"Shop\",\"item\":\"https:\/\/livrariasolmar.pt\/en\/shop\/\"},{\"@type\":\"ListItem\",\"position\":3,\"name\":\"Despenteando Par\\u00e1grafos\"}]}]}<\/script>\n<!-- \/ Yoast SEO plugin. -->","_links":{"self":[{"href":"https:\/\/livrariasolmar.pt\/en\/wp-json\/wp\/v2\/product\/4144"}],"collection":[{"href":"https:\/\/livrariasolmar.pt\/en\/wp-json\/wp\/v2\/product"}],"about":[{"href":"https:\/\/livrariasolmar.pt\/en\/wp-json\/wp\/v2\/types\/product"}],"author":[{"embeddable":true,"href":"https:\/\/livrariasolmar.pt\/en\/wp-json\/wp\/v2\/users\/2"}],"wp:featuredmedia":[{"embeddable":true,"href":"https:\/\/livrariasolmar.pt\/en\/wp-json\/wp\/v2\/media\/4145"}],"wp:attachment":[{"href":"https:\/\/livrariasolmar.pt\/en\/wp-json\/wp\/v2\/media?parent=4144"}],"wp:term":[{"taxonomy":"product_cat","embeddable":true,"href":"https:\/\/livrariasolmar.pt\/en\/wp-json\/wp\/v2\/product_cat?post=4144"},{"taxonomy":"product_tag","embeddable":true,"href":"https:\/\/livrariasolmar.pt\/en\/wp-json\/wp\/v2\/product_tag?post=4144"},{"taxonomy":"cat_produtos","embeddable":true,"href":"https:\/\/livrariasolmar.pt\/en\/wp-json\/wp\/v2\/cat_produtos?post=4144"}],"curies":[{"name":"wp","href":"https:\/\/api.w.org\/{rel}","templated":true}]}}