{"id":4371,"date":"2022-02-25T16:44:09","date_gmt":"2022-02-25T16:44:09","guid":{"rendered":"https:\/\/livrariasolmar.pt\/?post_type=product&#038;p=4371"},"modified":"2025-11-28T18:42:19","modified_gmt":"2025-11-28T18:42:19","slug":"o-infinito-num-junco","status":"publish","type":"product","link":"https:\/\/livrariasolmar.pt\/en\/produto\/o-infinito-num-junco\/","title":{"rendered":"O Infinito num Junco"},"content":{"rendered":"","protected":false},"excerpt":{"rendered":"<p>A Inven\u00e7\u00e3o do livro na antiguidade e o nascer da sede dos livros.<br \/>\nEste \u00e9 um livro sobre a hist\u00f3ria dos livros. Uma narrativa desse artefacto fascinante que invent\u00e1mos para que as palavras pudessem viajar no tempo e no espa\u00e7o. \u00c9 o relato do seu nascimento, da sua evolu\u00e7\u00e3o e das suas muitas formas ao longo de mais de 30 s\u00e9culos: livros de fumo, de pedra, de argila, de papiro, de seda, de pele, de \u00e1rvore, de pl\u00e1stico e, agora, de pl\u00e1stico e luz.<\/p>\n<p>\u00c9 tamb\u00e9m um livro de viagens, com escalas nos campos de batalha de Alexandre, o Grande, na Villa dos Papiros horas antes da erup\u00e7\u00e3o do Ves\u00favio, nos pal\u00e1cios de Cle\u00f3patra, na cena do homic\u00eddio de Hip\u00e1tia, nas primeiras livrarias conhecidas, nas celas dos escribas, nas fogueiras onde arderam os livros proibidos, nos gulag, na biblioteca de Sarajevo e num labirinto subterr\u00e2neo em Oxford no ano 2000.<\/p>\n<p>Este livro \u00e9 tamb\u00e9m uma hist\u00f3ria \u00edntima entrela\u00e7ada com evoca\u00e7\u00f5es liter\u00e1rias, experi\u00eancias pessoais e hist\u00f3rias antigas que nunca perdem a relev\u00e2ncia: Her\u00f3doto e os factos alternativos, Arist\u00f3fanes e os processos judiciais contra humoristas, Tito L\u00edvio e o fen\u00f3meno dos f\u00e3s, Sulp\u00edcia e a voz liter\u00e1ria de mulheres.<\/p>\n<p>Mas acima de tudo, \u00e9 uma entusiasmante aventura coletiva, protagonizada por milhares de personagens que, ao longo do tempo, tornaram o livro poss\u00edvel e o ajudaram a transformar-se e evoluir &#8211; contadores de hist\u00f3rias, escribas, ilustradores e iluminadores, tradutores, alfarrabistas, professores, s\u00e1bios, espi\u00f5es, freiras e monjes, rebeldes, escravos e aventureiros.<\/p>\n<p>\u00c9 com flu\u00eancia, curiosidade e um permanente sentido de assombro que Irene Vallejo relata as perip\u00e9cias deste objeto inveros\u00edmil que mant\u00e9m vivas as nossas ideias, descobertas e sonhos. E, ao faz\u00ea-lo, conta tamb\u00e9m a nossa hist\u00f3ria de leitores \u00e1vidos, de todo o mundo, que mantemos o livro vivo.<\/p>\n<p>Um dos melhores livros do ano segundo os jornais El Mundo, La Vanguardia e The New York Times (Espanha).<\/p>\n","protected":false},"author":2,"featured_media":4372,"template":"","meta":[],"product_cat":[153],"product_tag":[],"cat_produtos":[],"yoast_head":"<!-- This site is optimized with the Yoast SEO plugin v16.6 - https:\/\/yoast.com\/wordpress\/plugins\/seo\/ -->\n<title>O Infinito num Junco - Livraria Solmar - Livraria online<\/title>\n<meta name=\"robots\" content=\"index, follow, max-snippet:-1, max-image-preview:large, max-video-preview:-1\" \/>\n<link rel=\"canonical\" href=\"https:\/\/livrariasolmar.pt\/en\/produto\/o-infinito-num-junco\/\" \/>\n<meta property=\"og:locale\" content=\"en_US\" \/>\n<meta property=\"og:type\" content=\"article\" \/>\n<meta property=\"og:title\" content=\"O Infinito num Junco - Livraria Solmar - Livraria online\" \/>\n<meta property=\"og:description\" content=\"A Inven\u00e7\u00e3o do livro na antiguidade e o nascer da sede dos livros. Este \u00e9 um livro sobre a hist\u00f3ria dos livros. Uma narrativa desse artefacto fascinante que invent\u00e1mos para que as palavras pudessem viajar no tempo e no espa\u00e7o. \u00c9 o relato do seu nascimento, da sua evolu\u00e7\u00e3o e das suas muitas formas ao longo de mais de 30 s\u00e9culos: livros de fumo, de pedra, de argila, de papiro, de seda, de pele, de \u00e1rvore, de pl\u00e1stico e, agora, de pl\u00e1stico e luz.  \u00c9 tamb\u00e9m um livro de viagens, com escalas nos campos de batalha de Alexandre, o Grande, na Villa dos Papiros horas antes da erup\u00e7\u00e3o do Ves\u00favio, nos pal\u00e1cios de Cle\u00f3patra, na cena do homic\u00eddio de Hip\u00e1tia, nas primeiras livrarias conhecidas, nas celas dos escribas, nas fogueiras onde arderam os livros proibidos, nos gulag, na biblioteca de Sarajevo e num labirinto subterr\u00e2neo em Oxford no ano 2000.  Este livro \u00e9 tamb\u00e9m uma hist\u00f3ria \u00edntima entrela\u00e7ada com evoca\u00e7\u00f5es liter\u00e1rias, experi\u00eancias pessoais e hist\u00f3rias antigas que nunca perdem a relev\u00e2ncia: Her\u00f3doto e os factos alternativos, Arist\u00f3fanes e os processos judiciais contra humoristas, Tito L\u00edvio e o fen\u00f3meno dos f\u00e3s, Sulp\u00edcia e a voz liter\u00e1ria de mulheres.  Mas acima de tudo, \u00e9 uma entusiasmante aventura coletiva, protagonizada por milhares de personagens que, ao longo do tempo, tornaram o livro poss\u00edvel e o ajudaram a transformar-se e evoluir - contadores de hist\u00f3rias, escribas, ilustradores e iluminadores, tradutores, alfarrabistas, professores, s\u00e1bios, espi\u00f5es, freiras e monjes, rebeldes, escravos e aventureiros.  \u00c9 com flu\u00eancia, curiosidade e um permanente sentido de assombro que Irene Vallejo relata as perip\u00e9cias deste objeto inveros\u00edmil que mant\u00e9m vivas as nossas ideias, descobertas e sonhos. E, ao faz\u00ea-lo, conta tamb\u00e9m a nossa hist\u00f3ria de leitores \u00e1vidos, de todo o mundo, que mantemos o livro vivo.  Um dos melhores livros do ano segundo os jornais El Mundo, La Vanguardia e The New York Times (Espanha).\" \/>\n<meta property=\"og:url\" content=\"https:\/\/livrariasolmar.pt\/produto\/o-infinito-num-junco\/\" \/>\n<meta property=\"og:site_name\" content=\"Livraria Solmar - Livraria online\" \/>\n<meta property=\"article:modified_time\" content=\"2025-11-28T18:42:19+00:00\" \/>\n<meta property=\"og:image\" content=\"https:\/\/livrariasolmar.pt\/wp-content\/uploads\/2022\/02\/9789722540377_1616605539.jpg\" \/>\n\t<meta property=\"og:image:width\" content=\"457\" \/>\n\t<meta property=\"og:image:height\" content=\"704\" \/>\n<meta name=\"twitter:card\" content=\"summary_large_image\" \/>\n<script type=\"application\/ld+json\" class=\"yoast-schema-graph\">{\"@context\":\"https:\/\/schema.org\",\"@graph\":[{\"@type\":\"WebSite\",\"@id\":\"https:\/\/livrariasolmar.pt\/#website\",\"url\":\"https:\/\/livrariasolmar.pt\/\",\"name\":\"Livraria Solmar - Livraria online\",\"description\":\"Com\\u00e9rcio Livros E Objetos De Arte, Lda - Ponta Delgada, A\\u00e7ores\",\"potentialAction\":[{\"@type\":\"SearchAction\",\"target\":{\"@type\":\"EntryPoint\",\"urlTemplate\":\"https:\/\/livrariasolmar.pt\/?s={search_term_string}\"},\"query-input\":\"required name=search_term_string\"}],\"inLanguage\":\"en-US\"},{\"@type\":\"ImageObject\",\"@id\":\"https:\/\/livrariasolmar.pt\/produto\/o-infinito-num-junco\/#primaryimage\",\"inLanguage\":\"en-US\",\"url\":\"https:\/\/livrariasolmar.pt\/wp-content\/uploads\/2022\/02\/9789722540377_1616605539.jpg\",\"contentUrl\":\"https:\/\/livrariasolmar.pt\/wp-content\/uploads\/2022\/02\/9789722540377_1616605539.jpg\",\"width\":457,\"height\":704},{\"@type\":\"WebPage\",\"@id\":\"https:\/\/livrariasolmar.pt\/produto\/o-infinito-num-junco\/#webpage\",\"url\":\"https:\/\/livrariasolmar.pt\/produto\/o-infinito-num-junco\/\",\"name\":\"O Infinito num Junco - Livraria Solmar - Livraria online\",\"isPartOf\":{\"@id\":\"https:\/\/livrariasolmar.pt\/#website\"},\"primaryImageOfPage\":{\"@id\":\"https:\/\/livrariasolmar.pt\/produto\/o-infinito-num-junco\/#primaryimage\"},\"datePublished\":\"2022-02-25T16:44:09+00:00\",\"dateModified\":\"2025-11-28T18:42:19+00:00\",\"breadcrumb\":{\"@id\":\"https:\/\/livrariasolmar.pt\/produto\/o-infinito-num-junco\/#breadcrumb\"},\"inLanguage\":\"en-US\",\"potentialAction\":[{\"@type\":\"ReadAction\",\"target\":[\"https:\/\/livrariasolmar.pt\/produto\/o-infinito-num-junco\/\"]}]},{\"@type\":\"BreadcrumbList\",\"@id\":\"https:\/\/livrariasolmar.pt\/produto\/o-infinito-num-junco\/#breadcrumb\",\"itemListElement\":[{\"@type\":\"ListItem\",\"position\":1,\"name\":\"In\\u00edcio\",\"item\":\"https:\/\/livrariasolmar.pt\/en\/\"},{\"@type\":\"ListItem\",\"position\":2,\"name\":\"Shop\",\"item\":\"https:\/\/livrariasolmar.pt\/en\/shop\/\"},{\"@type\":\"ListItem\",\"position\":3,\"name\":\"O Infinito num Junco\"}]}]}<\/script>\n<!-- \/ Yoast SEO plugin. -->","_links":{"self":[{"href":"https:\/\/livrariasolmar.pt\/en\/wp-json\/wp\/v2\/product\/4371"}],"collection":[{"href":"https:\/\/livrariasolmar.pt\/en\/wp-json\/wp\/v2\/product"}],"about":[{"href":"https:\/\/livrariasolmar.pt\/en\/wp-json\/wp\/v2\/types\/product"}],"author":[{"embeddable":true,"href":"https:\/\/livrariasolmar.pt\/en\/wp-json\/wp\/v2\/users\/2"}],"wp:featuredmedia":[{"embeddable":true,"href":"https:\/\/livrariasolmar.pt\/en\/wp-json\/wp\/v2\/media\/4372"}],"wp:attachment":[{"href":"https:\/\/livrariasolmar.pt\/en\/wp-json\/wp\/v2\/media?parent=4371"}],"wp:term":[{"taxonomy":"product_cat","embeddable":true,"href":"https:\/\/livrariasolmar.pt\/en\/wp-json\/wp\/v2\/product_cat?post=4371"},{"taxonomy":"product_tag","embeddable":true,"href":"https:\/\/livrariasolmar.pt\/en\/wp-json\/wp\/v2\/product_tag?post=4371"},{"taxonomy":"cat_produtos","embeddable":true,"href":"https:\/\/livrariasolmar.pt\/en\/wp-json\/wp\/v2\/cat_produtos?post=4371"}],"curies":[{"name":"wp","href":"https:\/\/api.w.org\/{rel}","templated":true}]}}