{"id":4521,"date":"2022-03-03T15:22:38","date_gmt":"2022-03-03T15:22:38","guid":{"rendered":"https:\/\/livrariasolmar.pt\/?post_type=product&#038;p=4521"},"modified":"2024-12-28T19:22:44","modified_gmt":"2024-12-28T19:22:44","slug":"ponta-delgada-memorias-fotograficas-1860-1960-2","status":"publish","type":"product","link":"https:\/\/livrariasolmar.pt\/en\/produto\/ponta-delgada-memorias-fotograficas-1860-1960-2\/","title":{"rendered":"Ponta Delgada Mem\u00f3rias Fotogr\u00e1ficas 1860 \u2013 1960"},"content":{"rendered":"","protected":false},"excerpt":{"rendered":"<div dir=\"auto\">Um magn\u00edfico \u00e1lbum fotogr\u00e1fico que fixa para a posterioridade um s\u00e9culo de hist\u00f3ria da cidade micaelense.<\/div>\n<div dir=\"auto\">As fotografias reunidas neste livro n\u00e3o s\u00e3o apenas uma mem\u00f3ria hist\u00f3rica da cidade \u2014 portadoras do seu passado e testemunhas da sua mudan\u00e7a, que nos levam a redescobrir os seus v\u00e1rios espa\u00e7os atrav\u00e9s da imobiliza\u00e7\u00e3o do tempo pret\u00e9rito que cada uma encerra e da rememora\u00e7\u00e3o das m\u00faltiplas narrativas que todas elas guardam.<\/div>\n","protected":false},"author":2,"featured_media":3659,"template":"","meta":[],"product_cat":[146],"product_tag":[],"cat_produtos":[378],"yoast_head":"<!-- This site is optimized with the Yoast SEO plugin v16.6 - https:\/\/yoast.com\/wordpress\/plugins\/seo\/ -->\n<title>Ponta Delgada Mem\u00f3rias Fotogr\u00e1ficas 1860 \u2013 1960 - Livraria Solmar - Livraria online<\/title>\n<meta name=\"robots\" content=\"index, follow, max-snippet:-1, max-image-preview:large, max-video-preview:-1\" \/>\n<link rel=\"canonical\" href=\"https:\/\/livrariasolmar.pt\/en\/produto\/ponta-delgada-memorias-fotograficas-1860-1960-2\/\" \/>\n<meta property=\"og:locale\" content=\"en_US\" \/>\n<meta property=\"og:type\" content=\"article\" \/>\n<meta property=\"og:title\" content=\"Ponta Delgada Mem\u00f3rias Fotogr\u00e1ficas 1860 \u2013 1960 - Livraria Solmar - Livraria online\" \/>\n<meta property=\"og:description\" content=\"Um magn\u00edfico \u00e1lbum fotogr\u00e1fico que fixa para a posterioridade um s\u00e9culo de hist\u00f3ria da cidade micaelense. As fotografias reunidas neste livro n\u00e3o s\u00e3o apenas uma mem\u00f3ria hist\u00f3rica da cidade \u2014 portadoras do seu passado e testemunhas da sua mudan\u00e7a, que nos levam a redescobrir os seus v\u00e1rios espa\u00e7os atrav\u00e9s da imobiliza\u00e7\u00e3o do tempo pret\u00e9rito que cada uma encerra e da rememora\u00e7\u00e3o das m\u00faltiplas narrativas que todas elas guardam.\" \/>\n<meta property=\"og:url\" content=\"https:\/\/livrariasolmar.pt\/produto\/ponta-delgada-memorias-fotograficas-1860-1960-2\/\" \/>\n<meta property=\"og:site_name\" content=\"Livraria Solmar - Livraria online\" \/>\n<meta property=\"article:modified_time\" content=\"2024-12-28T19:22:44+00:00\" \/>\n<meta property=\"og:image\" content=\"https:\/\/livrariasolmar.pt\/wp-content\/uploads\/2021\/11\/256899456_3050886268484255_2910101176233656376_n-1009x1024.png\" \/>\n\t<meta property=\"og:image:width\" content=\"1009\" \/>\n\t<meta property=\"og:image:height\" content=\"1024\" \/>\n<meta name=\"twitter:card\" content=\"summary_large_image\" \/>\n<script type=\"application\/ld+json\" class=\"yoast-schema-graph\">{\"@context\":\"https:\/\/schema.org\",\"@graph\":[{\"@type\":\"WebSite\",\"@id\":\"https:\/\/livrariasolmar.pt\/#website\",\"url\":\"https:\/\/livrariasolmar.pt\/\",\"name\":\"Livraria Solmar - Livraria online\",\"description\":\"Com\\u00e9rcio Livros E Objetos De Arte, Lda - Ponta Delgada, A\\u00e7ores\",\"potentialAction\":[{\"@type\":\"SearchAction\",\"target\":{\"@type\":\"EntryPoint\",\"urlTemplate\":\"https:\/\/livrariasolmar.pt\/?s={search_term_string}\"},\"query-input\":\"required name=search_term_string\"}],\"inLanguage\":\"en-US\"},{\"@type\":\"ImageObject\",\"@id\":\"https:\/\/livrariasolmar.pt\/produto\/ponta-delgada-memorias-fotograficas-1860-1960-2\/#primaryimage\",\"inLanguage\":\"en-US\",\"url\":\"https:\/\/livrariasolmar.pt\/wp-content\/uploads\/2021\/11\/256899456_3050886268484255_2910101176233656376_n.png\",\"contentUrl\":\"https:\/\/livrariasolmar.pt\/wp-content\/uploads\/2021\/11\/256899456_3050886268484255_2910101176233656376_n.png\",\"width\":1724,\"height\":1750},{\"@type\":\"WebPage\",\"@id\":\"https:\/\/livrariasolmar.pt\/produto\/ponta-delgada-memorias-fotograficas-1860-1960-2\/#webpage\",\"url\":\"https:\/\/livrariasolmar.pt\/produto\/ponta-delgada-memorias-fotograficas-1860-1960-2\/\",\"name\":\"Ponta Delgada Mem\\u00f3rias Fotogr\\u00e1ficas 1860 \\u2013 1960 - Livraria Solmar - Livraria online\",\"isPartOf\":{\"@id\":\"https:\/\/livrariasolmar.pt\/#website\"},\"primaryImageOfPage\":{\"@id\":\"https:\/\/livrariasolmar.pt\/produto\/ponta-delgada-memorias-fotograficas-1860-1960-2\/#primaryimage\"},\"datePublished\":\"2022-03-03T15:22:38+00:00\",\"dateModified\":\"2024-12-28T19:22:44+00:00\",\"breadcrumb\":{\"@id\":\"https:\/\/livrariasolmar.pt\/produto\/ponta-delgada-memorias-fotograficas-1860-1960-2\/#breadcrumb\"},\"inLanguage\":\"en-US\",\"potentialAction\":[{\"@type\":\"ReadAction\",\"target\":[\"https:\/\/livrariasolmar.pt\/produto\/ponta-delgada-memorias-fotograficas-1860-1960-2\/\"]}]},{\"@type\":\"BreadcrumbList\",\"@id\":\"https:\/\/livrariasolmar.pt\/produto\/ponta-delgada-memorias-fotograficas-1860-1960-2\/#breadcrumb\",\"itemListElement\":[{\"@type\":\"ListItem\",\"position\":1,\"name\":\"In\\u00edcio\",\"item\":\"https:\/\/livrariasolmar.pt\/en\/\"},{\"@type\":\"ListItem\",\"position\":2,\"name\":\"Shop\",\"item\":\"https:\/\/livrariasolmar.pt\/en\/shop\/\"},{\"@type\":\"ListItem\",\"position\":3,\"name\":\"Ponta Delgada Mem\\u00f3rias Fotogr\\u00e1ficas 1860 \\u2013 1960\"}]}]}<\/script>\n<!-- \/ Yoast SEO plugin. -->","_links":{"self":[{"href":"https:\/\/livrariasolmar.pt\/en\/wp-json\/wp\/v2\/product\/4521"}],"collection":[{"href":"https:\/\/livrariasolmar.pt\/en\/wp-json\/wp\/v2\/product"}],"about":[{"href":"https:\/\/livrariasolmar.pt\/en\/wp-json\/wp\/v2\/types\/product"}],"author":[{"embeddable":true,"href":"https:\/\/livrariasolmar.pt\/en\/wp-json\/wp\/v2\/users\/2"}],"wp:featuredmedia":[{"embeddable":true,"href":"https:\/\/livrariasolmar.pt\/en\/wp-json\/wp\/v2\/media\/3659"}],"wp:attachment":[{"href":"https:\/\/livrariasolmar.pt\/en\/wp-json\/wp\/v2\/media?parent=4521"}],"wp:term":[{"taxonomy":"product_cat","embeddable":true,"href":"https:\/\/livrariasolmar.pt\/en\/wp-json\/wp\/v2\/product_cat?post=4521"},{"taxonomy":"product_tag","embeddable":true,"href":"https:\/\/livrariasolmar.pt\/en\/wp-json\/wp\/v2\/product_tag?post=4521"},{"taxonomy":"cat_produtos","embeddable":true,"href":"https:\/\/livrariasolmar.pt\/en\/wp-json\/wp\/v2\/cat_produtos?post=4521"}],"curies":[{"name":"wp","href":"https:\/\/api.w.org\/{rel}","templated":true}]}}