{"id":4530,"date":"2022-03-03T18:14:53","date_gmt":"2022-03-03T18:14:53","guid":{"rendered":"https:\/\/livrariasolmar.pt\/?post_type=product&#038;p=4530"},"modified":"2025-12-08T16:58:19","modified_gmt":"2025-12-08T16:58:19","slug":"viagens-de-um-artista-enquanto-jovem","status":"publish","type":"product","link":"https:\/\/livrariasolmar.pt\/en\/produto\/viagens-de-um-artista-enquanto-jovem\/","title":{"rendered":"Viagens de Um Artista Enquanto Jovem"},"content":{"rendered":"","protected":false},"excerpt":{"rendered":"<p>Na densa Floresta da imprensa a\u00e7oriana do s\u00e9culo xx somos muitas vezes surpreendidos\u00a0 por\u00a0 um tapete de folhas ca\u00eddas no esquecimento. Algumas delas, pela sua singularidade, merecem ser levantadas do ch\u00e3o para mem\u00f3ria futura. \u00c9 o caso deste conjunto de cr\u00f3nicas de Carlos Carreiro, publicadas no Di\u00e1rio dos A\u00e7ores entre 1967 e 1970. Escritas ao sabor da sua passagem por diferentes cidades nos finais da agitada d\u00e9cada de 60, as impress\u00f5es de viagem aqui registadas s\u00e3o um bom exemplo daquilo que, no campo do jornalismo, distingue a cr\u00f3nica da reportagem.<\/p>\n<p>Carlos Guilherme Riley<\/p>\n","protected":false},"author":2,"featured_media":3819,"template":"","meta":[],"product_cat":[146],"product_tag":[],"cat_produtos":[385],"yoast_head":"<!-- This site is optimized with the Yoast SEO plugin v16.6 - https:\/\/yoast.com\/wordpress\/plugins\/seo\/ -->\n<title>Viagens de Um Artista Enquanto Jovem - Livraria Solmar - Livraria online<\/title>\n<meta name=\"robots\" content=\"index, follow, max-snippet:-1, max-image-preview:large, max-video-preview:-1\" \/>\n<link rel=\"canonical\" href=\"https:\/\/livrariasolmar.pt\/en\/produto\/viagens-de-um-artista-enquanto-jovem\/\" \/>\n<meta property=\"og:locale\" content=\"en_US\" \/>\n<meta property=\"og:type\" content=\"article\" \/>\n<meta property=\"og:title\" content=\"Viagens de Um Artista Enquanto Jovem - Livraria Solmar - Livraria online\" \/>\n<meta property=\"og:description\" content=\"Na densa Floresta da imprensa a\u00e7oriana do s\u00e9culo xx somos muitas vezes surpreendidos\u00a0 por\u00a0 um tapete de folhas ca\u00eddas no esquecimento. Algumas delas, pela sua singularidade, merecem ser levantadas do ch\u00e3o para mem\u00f3ria futura. \u00c9 o caso deste conjunto de cr\u00f3nicas de Carlos Carreiro, publicadas no Di\u00e1rio dos A\u00e7ores entre 1967 e 1970. Escritas ao sabor da sua passagem por diferentes cidades nos finais da agitada d\u00e9cada de 60, as impress\u00f5es de viagem aqui registadas s\u00e3o um bom exemplo daquilo que, no campo do jornalismo, distingue a cr\u00f3nica da reportagem.  Carlos Guilherme Riley\" \/>\n<meta property=\"og:url\" content=\"https:\/\/livrariasolmar.pt\/produto\/viagens-de-um-artista-enquanto-jovem\/\" \/>\n<meta property=\"og:site_name\" content=\"Livraria Solmar - Livraria online\" \/>\n<meta property=\"article:modified_time\" content=\"2025-12-08T16:58:19+00:00\" \/>\n<meta property=\"og:image\" content=\"https:\/\/livrariasolmar.pt\/wp-content\/uploads\/2021\/11\/259746297_3157448561198870_3099664744477190022_n-002-732x1024.png\" \/>\n\t<meta property=\"og:image:width\" content=\"732\" \/>\n\t<meta property=\"og:image:height\" content=\"1024\" \/>\n<meta name=\"twitter:card\" content=\"summary_large_image\" \/>\n<script type=\"application\/ld+json\" class=\"yoast-schema-graph\">{\"@context\":\"https:\/\/schema.org\",\"@graph\":[{\"@type\":\"WebSite\",\"@id\":\"https:\/\/livrariasolmar.pt\/#website\",\"url\":\"https:\/\/livrariasolmar.pt\/\",\"name\":\"Livraria Solmar - Livraria online\",\"description\":\"Com\\u00e9rcio Livros E Objetos De Arte, Lda - Ponta Delgada, A\\u00e7ores\",\"potentialAction\":[{\"@type\":\"SearchAction\",\"target\":{\"@type\":\"EntryPoint\",\"urlTemplate\":\"https:\/\/livrariasolmar.pt\/?s={search_term_string}\"},\"query-input\":\"required name=search_term_string\"}],\"inLanguage\":\"en-US\"},{\"@type\":\"ImageObject\",\"@id\":\"https:\/\/livrariasolmar.pt\/produto\/viagens-de-um-artista-enquanto-jovem\/#primaryimage\",\"inLanguage\":\"en-US\",\"url\":\"https:\/\/livrariasolmar.pt\/wp-content\/uploads\/2021\/11\/259746297_3157448561198870_3099664744477190022_n-002.png\",\"contentUrl\":\"https:\/\/livrariasolmar.pt\/wp-content\/uploads\/2021\/11\/259746297_3157448561198870_3099664744477190022_n-002.png\",\"width\":1463,\"height\":2048},{\"@type\":\"WebPage\",\"@id\":\"https:\/\/livrariasolmar.pt\/produto\/viagens-de-um-artista-enquanto-jovem\/#webpage\",\"url\":\"https:\/\/livrariasolmar.pt\/produto\/viagens-de-um-artista-enquanto-jovem\/\",\"name\":\"Viagens de Um Artista Enquanto Jovem - Livraria Solmar - Livraria online\",\"isPartOf\":{\"@id\":\"https:\/\/livrariasolmar.pt\/#website\"},\"primaryImageOfPage\":{\"@id\":\"https:\/\/livrariasolmar.pt\/produto\/viagens-de-um-artista-enquanto-jovem\/#primaryimage\"},\"datePublished\":\"2022-03-03T18:14:53+00:00\",\"dateModified\":\"2025-12-08T16:58:19+00:00\",\"breadcrumb\":{\"@id\":\"https:\/\/livrariasolmar.pt\/produto\/viagens-de-um-artista-enquanto-jovem\/#breadcrumb\"},\"inLanguage\":\"en-US\",\"potentialAction\":[{\"@type\":\"ReadAction\",\"target\":[\"https:\/\/livrariasolmar.pt\/produto\/viagens-de-um-artista-enquanto-jovem\/\"]}]},{\"@type\":\"BreadcrumbList\",\"@id\":\"https:\/\/livrariasolmar.pt\/produto\/viagens-de-um-artista-enquanto-jovem\/#breadcrumb\",\"itemListElement\":[{\"@type\":\"ListItem\",\"position\":1,\"name\":\"In\\u00edcio\",\"item\":\"https:\/\/livrariasolmar.pt\/en\/\"},{\"@type\":\"ListItem\",\"position\":2,\"name\":\"Shop\",\"item\":\"https:\/\/livrariasolmar.pt\/en\/shop\/\"},{\"@type\":\"ListItem\",\"position\":3,\"name\":\"Viagens de Um Artista Enquanto Jovem\"}]}]}<\/script>\n<!-- \/ Yoast SEO plugin. -->","_links":{"self":[{"href":"https:\/\/livrariasolmar.pt\/en\/wp-json\/wp\/v2\/product\/4530"}],"collection":[{"href":"https:\/\/livrariasolmar.pt\/en\/wp-json\/wp\/v2\/product"}],"about":[{"href":"https:\/\/livrariasolmar.pt\/en\/wp-json\/wp\/v2\/types\/product"}],"author":[{"embeddable":true,"href":"https:\/\/livrariasolmar.pt\/en\/wp-json\/wp\/v2\/users\/2"}],"wp:featuredmedia":[{"embeddable":true,"href":"https:\/\/livrariasolmar.pt\/en\/wp-json\/wp\/v2\/media\/3819"}],"wp:attachment":[{"href":"https:\/\/livrariasolmar.pt\/en\/wp-json\/wp\/v2\/media?parent=4530"}],"wp:term":[{"taxonomy":"product_cat","embeddable":true,"href":"https:\/\/livrariasolmar.pt\/en\/wp-json\/wp\/v2\/product_cat?post=4530"},{"taxonomy":"product_tag","embeddable":true,"href":"https:\/\/livrariasolmar.pt\/en\/wp-json\/wp\/v2\/product_tag?post=4530"},{"taxonomy":"cat_produtos","embeddable":true,"href":"https:\/\/livrariasolmar.pt\/en\/wp-json\/wp\/v2\/cat_produtos?post=4530"}],"curies":[{"name":"wp","href":"https:\/\/api.w.org\/{rel}","templated":true}]}}