{"id":4590,"date":"2022-03-04T18:45:18","date_gmt":"2022-03-04T18:45:18","guid":{"rendered":"https:\/\/livrariasolmar.pt\/?post_type=product&#038;p=4590"},"modified":"2022-10-18T14:18:14","modified_gmt":"2022-10-18T14:18:14","slug":"os-cantos","status":"publish","type":"product","link":"https:\/\/livrariasolmar.pt\/en\/produto\/os-cantos\/","title":{"rendered":"Os Cantos"},"content":{"rendered":"","protected":false},"excerpt":{"rendered":"<p>Foi na Primavera de 1988, durante uma estadia em Ponta Delgada, que conheci Jos\u00e9 do Canto. \u00c9 verdade que ele morrera, mas desde quando \u00e9 que tal afectou o meu interesse por algu\u00e9m?<\/p>\n<p>De certa forma, sinto-me mais perto dele do que os seus contempor\u00e2neos. N\u00e3o se trata, como \u00e9 \u00f3bvio, de uma identifica\u00e7\u00e3o. Quase tudo e n\u00e3o apenas a \u00e9poca, a origem social e o sexo nos separa. E, no entanto, n\u00e3o descansei enquanto n\u00e3o decifrei o enigma que o rodeava. Descendente de uma ilustre fam\u00edlia a\u00e7oriana, Jos\u00e9 do Canto era, no sentido pr\u00f3prio do termo, um \u00abvitoriano\u00bb.<\/p>\n<p>\u00c9 verdade que nascera nos A\u00e7ores, e n\u00e3o em Inglaterra, mas a sua cultura era cosmopolita. Como outros portugueses, sabia que vivia na periferia da Civiliza\u00e7\u00e3o, mas, ao contr\u00e1rio deles, considerava S\u00e3o Miguel um para\u00edso.<\/p>\n","protected":false},"author":2,"featured_media":3867,"template":"","meta":[],"product_cat":[146],"product_tag":[],"cat_produtos":[],"yoast_head":"<!-- This site is optimized with the Yoast SEO plugin v16.6 - https:\/\/yoast.com\/wordpress\/plugins\/seo\/ -->\n<title>Os Cantos - Livraria Solmar - Livraria online<\/title>\n<meta name=\"robots\" content=\"index, follow, max-snippet:-1, max-image-preview:large, max-video-preview:-1\" \/>\n<link rel=\"canonical\" href=\"https:\/\/livrariasolmar.pt\/en\/produto\/os-cantos\/\" \/>\n<meta property=\"og:locale\" content=\"en_US\" \/>\n<meta property=\"og:type\" content=\"article\" \/>\n<meta property=\"og:title\" content=\"Os Cantos - Livraria Solmar - Livraria online\" \/>\n<meta property=\"og:description\" content=\"Foi na Primavera de 1988, durante uma estadia em Ponta Delgada, que conheci Jos\u00e9 do Canto. \u00c9 verdade que ele morrera, mas desde quando \u00e9 que tal afectou o meu interesse por algu\u00e9m?  De certa forma, sinto-me mais perto dele do que os seus contempor\u00e2neos. N\u00e3o se trata, como \u00e9 \u00f3bvio, de uma identifica\u00e7\u00e3o. Quase tudo e n\u00e3o apenas a \u00e9poca, a origem social e o sexo nos separa. E, no entanto, n\u00e3o descansei enquanto n\u00e3o decifrei o enigma que o rodeava. Descendente de uma ilustre fam\u00edlia a\u00e7oriana, Jos\u00e9 do Canto era, no sentido pr\u00f3prio do termo, um \u00abvitoriano\u00bb.  \u00c9 verdade que nascera nos A\u00e7ores, e n\u00e3o em Inglaterra, mas a sua cultura era cosmopolita. Como outros portugueses, sabia que vivia na periferia da Civiliza\u00e7\u00e3o, mas, ao contr\u00e1rio deles, considerava S\u00e3o Miguel um para\u00edso.\" \/>\n<meta property=\"og:url\" content=\"https:\/\/livrariasolmar.pt\/produto\/os-cantos\/\" \/>\n<meta property=\"og:site_name\" content=\"Livraria Solmar - Livraria online\" \/>\n<meta property=\"article:modified_time\" content=\"2022-10-18T14:18:14+00:00\" \/>\n<meta property=\"og:image\" content=\"https:\/\/livrariasolmar.pt\/wp-content\/uploads\/2021\/12\/Os-Cantos.jpg\" \/>\n\t<meta property=\"og:image:width\" content=\"254\" \/>\n\t<meta property=\"og:image:height\" content=\"400\" \/>\n<meta name=\"twitter:card\" content=\"summary_large_image\" \/>\n<script type=\"application\/ld+json\" class=\"yoast-schema-graph\">{\"@context\":\"https:\/\/schema.org\",\"@graph\":[{\"@type\":\"WebSite\",\"@id\":\"https:\/\/livrariasolmar.pt\/#website\",\"url\":\"https:\/\/livrariasolmar.pt\/\",\"name\":\"Livraria Solmar - Livraria online\",\"description\":\"Com\\u00e9rcio Livros E Objetos De Arte, Lda - Ponta Delgada, A\\u00e7ores\",\"potentialAction\":[{\"@type\":\"SearchAction\",\"target\":{\"@type\":\"EntryPoint\",\"urlTemplate\":\"https:\/\/livrariasolmar.pt\/?s={search_term_string}\"},\"query-input\":\"required name=search_term_string\"}],\"inLanguage\":\"en-US\"},{\"@type\":\"ImageObject\",\"@id\":\"https:\/\/livrariasolmar.pt\/produto\/os-cantos\/#primaryimage\",\"inLanguage\":\"en-US\",\"url\":\"https:\/\/livrariasolmar.pt\/wp-content\/uploads\/2021\/12\/Os-Cantos.jpg\",\"contentUrl\":\"https:\/\/livrariasolmar.pt\/wp-content\/uploads\/2021\/12\/Os-Cantos.jpg\",\"width\":254,\"height\":400},{\"@type\":\"WebPage\",\"@id\":\"https:\/\/livrariasolmar.pt\/produto\/os-cantos\/#webpage\",\"url\":\"https:\/\/livrariasolmar.pt\/produto\/os-cantos\/\",\"name\":\"Os Cantos - Livraria Solmar - Livraria online\",\"isPartOf\":{\"@id\":\"https:\/\/livrariasolmar.pt\/#website\"},\"primaryImageOfPage\":{\"@id\":\"https:\/\/livrariasolmar.pt\/produto\/os-cantos\/#primaryimage\"},\"datePublished\":\"2022-03-04T18:45:18+00:00\",\"dateModified\":\"2022-10-18T14:18:14+00:00\",\"breadcrumb\":{\"@id\":\"https:\/\/livrariasolmar.pt\/produto\/os-cantos\/#breadcrumb\"},\"inLanguage\":\"en-US\",\"potentialAction\":[{\"@type\":\"ReadAction\",\"target\":[\"https:\/\/livrariasolmar.pt\/produto\/os-cantos\/\"]}]},{\"@type\":\"BreadcrumbList\",\"@id\":\"https:\/\/livrariasolmar.pt\/produto\/os-cantos\/#breadcrumb\",\"itemListElement\":[{\"@type\":\"ListItem\",\"position\":1,\"name\":\"In\\u00edcio\",\"item\":\"https:\/\/livrariasolmar.pt\/en\/\"},{\"@type\":\"ListItem\",\"position\":2,\"name\":\"Shop\",\"item\":\"https:\/\/livrariasolmar.pt\/en\/shop\/\"},{\"@type\":\"ListItem\",\"position\":3,\"name\":\"Os Cantos\"}]}]}<\/script>\n<!-- \/ Yoast SEO plugin. -->","_links":{"self":[{"href":"https:\/\/livrariasolmar.pt\/en\/wp-json\/wp\/v2\/product\/4590"}],"collection":[{"href":"https:\/\/livrariasolmar.pt\/en\/wp-json\/wp\/v2\/product"}],"about":[{"href":"https:\/\/livrariasolmar.pt\/en\/wp-json\/wp\/v2\/types\/product"}],"author":[{"embeddable":true,"href":"https:\/\/livrariasolmar.pt\/en\/wp-json\/wp\/v2\/users\/2"}],"wp:featuredmedia":[{"embeddable":true,"href":"https:\/\/livrariasolmar.pt\/en\/wp-json\/wp\/v2\/media\/3867"}],"wp:attachment":[{"href":"https:\/\/livrariasolmar.pt\/en\/wp-json\/wp\/v2\/media?parent=4590"}],"wp:term":[{"taxonomy":"product_cat","embeddable":true,"href":"https:\/\/livrariasolmar.pt\/en\/wp-json\/wp\/v2\/product_cat?post=4590"},{"taxonomy":"product_tag","embeddable":true,"href":"https:\/\/livrariasolmar.pt\/en\/wp-json\/wp\/v2\/product_tag?post=4590"},{"taxonomy":"cat_produtos","embeddable":true,"href":"https:\/\/livrariasolmar.pt\/en\/wp-json\/wp\/v2\/cat_produtos?post=4590"}],"curies":[{"name":"wp","href":"https:\/\/api.w.org\/{rel}","templated":true}]}}