{"id":4817,"date":"2022-03-17T19:35:35","date_gmt":"2022-03-17T19:35:35","guid":{"rendered":"https:\/\/livrariasolmar.pt\/?post_type=product&#038;p=4817"},"modified":"2024-01-19T17:09:55","modified_gmt":"2024-01-19T17:09:55","slug":"renascer","status":"publish","type":"product","link":"https:\/\/livrariasolmar.pt\/en\/produto\/renascer\/","title":{"rendered":"Renascer"},"content":{"rendered":"","protected":false},"excerpt":{"rendered":"<p>Esta sele\u00e7\u00e3o dos di\u00e1rios e apontamentos de Susan Sontag inicia-se com entradas dos anos da adolesc\u00eancia, em 1947, atravessa os anos da faculdade, as primeiras experi\u00eancias na escrita, a sua forma\u00e7\u00e3o sexual e emocional, e acaba em 1963, quando Sontag era j\u00e1 plena participante e observadora da vida intelectual e art\u00edstica da cidade de Nova Iorque.<\/p>\n<p>Renascer \u00e9 um autorretrato caleidosc\u00f3pico de uma das maiores escritoras e pensadoras norte-americanas do s\u00e9culo xx, dona de uma curiosidade voraz e de uma enorme apet\u00eancia pela vida. Atrav\u00e9s deste livro testemunhamos a complexidade da sua jovem consci\u00eancia, partilhamos os encontros com autores (escritores, realizadores, pensadores) que ajudaram a formar o seu pensamento, e somos arrebatados para o profundo desafio que constitui a escrita em si.<\/p>\n<p>Um relato profundamente honesto de como nasce a artista e a cr\u00edtica \u2014 e do supremo ato de vontade que a torna uma das mais influentes intelectuais do nosso tempo.<\/p>\n","protected":false},"author":2,"featured_media":4818,"template":"","meta":[],"product_cat":[153],"product_tag":[],"cat_produtos":[],"yoast_head":"<!-- This site is optimized with the Yoast SEO plugin v16.6 - https:\/\/yoast.com\/wordpress\/plugins\/seo\/ -->\n<title>Renascer - Livraria Solmar - Livraria online<\/title>\n<meta name=\"robots\" content=\"index, follow, max-snippet:-1, max-image-preview:large, max-video-preview:-1\" \/>\n<link rel=\"canonical\" href=\"https:\/\/livrariasolmar.pt\/en\/produto\/renascer\/\" \/>\n<meta property=\"og:locale\" content=\"en_US\" \/>\n<meta property=\"og:type\" content=\"article\" \/>\n<meta property=\"og:title\" content=\"Renascer - Livraria Solmar - Livraria online\" \/>\n<meta property=\"og:description\" content=\"Esta sele\u00e7\u00e3o dos di\u00e1rios e apontamentos de Susan Sontag inicia-se com entradas dos anos da adolesc\u00eancia, em 1947, atravessa os anos da faculdade, as primeiras experi\u00eancias na escrita, a sua forma\u00e7\u00e3o sexual e emocional, e acaba em 1963, quando Sontag era j\u00e1 plena participante e observadora da vida intelectual e art\u00edstica da cidade de Nova Iorque.  Renascer \u00e9 um autorretrato caleidosc\u00f3pico de uma das maiores escritoras e pensadoras norte-americanas do s\u00e9culo xx, dona de uma curiosidade voraz e de uma enorme apet\u00eancia pela vida. Atrav\u00e9s deste livro testemunhamos a complexidade da sua jovem consci\u00eancia, partilhamos os encontros com autores (escritores, realizadores, pensadores) que ajudaram a formar o seu pensamento, e somos arrebatados para o profundo desafio que constitui a escrita em si.  Um relato profundamente honesto de como nasce a artista e a cr\u00edtica \u2014 e do supremo ato de vontade que a torna uma das mais influentes intelectuais do nosso tempo.\" \/>\n<meta property=\"og:url\" content=\"https:\/\/livrariasolmar.pt\/produto\/renascer\/\" \/>\n<meta property=\"og:site_name\" content=\"Livraria Solmar - Livraria online\" \/>\n<meta property=\"article:modified_time\" content=\"2024-01-19T17:09:55+00:00\" \/>\n<meta property=\"og:image\" content=\"https:\/\/livrariasolmar.pt\/wp-content\/uploads\/2022\/03\/300x-3.jpg\" \/>\n\t<meta property=\"og:image:width\" content=\"300\" \/>\n\t<meta property=\"og:image:height\" content=\"470\" \/>\n<meta name=\"twitter:card\" content=\"summary_large_image\" \/>\n<script type=\"application\/ld+json\" class=\"yoast-schema-graph\">{\"@context\":\"https:\/\/schema.org\",\"@graph\":[{\"@type\":\"WebSite\",\"@id\":\"https:\/\/livrariasolmar.pt\/#website\",\"url\":\"https:\/\/livrariasolmar.pt\/\",\"name\":\"Livraria Solmar - Livraria online\",\"description\":\"Com\\u00e9rcio Livros E Objetos De Arte, Lda - Ponta Delgada, A\\u00e7ores\",\"potentialAction\":[{\"@type\":\"SearchAction\",\"target\":{\"@type\":\"EntryPoint\",\"urlTemplate\":\"https:\/\/livrariasolmar.pt\/?s={search_term_string}\"},\"query-input\":\"required name=search_term_string\"}],\"inLanguage\":\"en-US\"},{\"@type\":\"ImageObject\",\"@id\":\"https:\/\/livrariasolmar.pt\/produto\/renascer\/#primaryimage\",\"inLanguage\":\"en-US\",\"url\":\"https:\/\/livrariasolmar.pt\/wp-content\/uploads\/2022\/03\/300x-3.jpg\",\"contentUrl\":\"https:\/\/livrariasolmar.pt\/wp-content\/uploads\/2022\/03\/300x-3.jpg\",\"width\":300,\"height\":470},{\"@type\":\"WebPage\",\"@id\":\"https:\/\/livrariasolmar.pt\/produto\/renascer\/#webpage\",\"url\":\"https:\/\/livrariasolmar.pt\/produto\/renascer\/\",\"name\":\"Renascer - Livraria Solmar - Livraria online\",\"isPartOf\":{\"@id\":\"https:\/\/livrariasolmar.pt\/#website\"},\"primaryImageOfPage\":{\"@id\":\"https:\/\/livrariasolmar.pt\/produto\/renascer\/#primaryimage\"},\"datePublished\":\"2022-03-17T19:35:35+00:00\",\"dateModified\":\"2024-01-19T17:09:55+00:00\",\"breadcrumb\":{\"@id\":\"https:\/\/livrariasolmar.pt\/produto\/renascer\/#breadcrumb\"},\"inLanguage\":\"en-US\",\"potentialAction\":[{\"@type\":\"ReadAction\",\"target\":[\"https:\/\/livrariasolmar.pt\/produto\/renascer\/\"]}]},{\"@type\":\"BreadcrumbList\",\"@id\":\"https:\/\/livrariasolmar.pt\/produto\/renascer\/#breadcrumb\",\"itemListElement\":[{\"@type\":\"ListItem\",\"position\":1,\"name\":\"In\\u00edcio\",\"item\":\"https:\/\/livrariasolmar.pt\/en\/\"},{\"@type\":\"ListItem\",\"position\":2,\"name\":\"Shop\",\"item\":\"https:\/\/livrariasolmar.pt\/en\/shop\/\"},{\"@type\":\"ListItem\",\"position\":3,\"name\":\"Renascer\"}]}]}<\/script>\n<!-- \/ Yoast SEO plugin. -->","_links":{"self":[{"href":"https:\/\/livrariasolmar.pt\/en\/wp-json\/wp\/v2\/product\/4817"}],"collection":[{"href":"https:\/\/livrariasolmar.pt\/en\/wp-json\/wp\/v2\/product"}],"about":[{"href":"https:\/\/livrariasolmar.pt\/en\/wp-json\/wp\/v2\/types\/product"}],"author":[{"embeddable":true,"href":"https:\/\/livrariasolmar.pt\/en\/wp-json\/wp\/v2\/users\/2"}],"wp:featuredmedia":[{"embeddable":true,"href":"https:\/\/livrariasolmar.pt\/en\/wp-json\/wp\/v2\/media\/4818"}],"wp:attachment":[{"href":"https:\/\/livrariasolmar.pt\/en\/wp-json\/wp\/v2\/media?parent=4817"}],"wp:term":[{"taxonomy":"product_cat","embeddable":true,"href":"https:\/\/livrariasolmar.pt\/en\/wp-json\/wp\/v2\/product_cat?post=4817"},{"taxonomy":"product_tag","embeddable":true,"href":"https:\/\/livrariasolmar.pt\/en\/wp-json\/wp\/v2\/product_tag?post=4817"},{"taxonomy":"cat_produtos","embeddable":true,"href":"https:\/\/livrariasolmar.pt\/en\/wp-json\/wp\/v2\/cat_produtos?post=4817"}],"curies":[{"name":"wp","href":"https:\/\/api.w.org\/{rel}","templated":true}]}}