{"id":5172,"date":"2022-05-31T18:59:40","date_gmt":"2022-05-31T18:59:40","guid":{"rendered":"https:\/\/livrariasolmar.pt\/?post_type=product&#038;p=5172"},"modified":"2023-12-26T18:40:35","modified_gmt":"2023-12-26T18:40:35","slug":"pessoa-uma-biografia","status":"publish","type":"product","link":"https:\/\/livrariasolmar.pt\/en\/produto\/pessoa-uma-biografia\/","title":{"rendered":"Pessoa. Uma Biografia"},"content":{"rendered":"","protected":false},"excerpt":{"rendered":"<p>Fernando Pessoa \u00e9, a par de Lu\u00eds de Cam\u00f5es, o maior poeta portugu\u00eas. E \u00e9 uma das figuras proeminentes do modernismo europeu, juntamente com escritores como Kafka, Joyce e Proust. O seu vast\u00edssimo legado &#8211; da poesia, drama e fic\u00e7\u00e3o ao artigo de opini\u00e3o e escrita medi\u00fanica, cruzando e aprofundando in\u00fameros dom\u00ednios do conhecimento (da literatura \u00e0 religi\u00e3o, passando pela hist\u00f3ria, a filosofia, a astrologia e tantos outros) &#8211; tem vindo a ser progressivamente conhecido pelos leitores portugueses e de todo o mundo.<\/p>\n<p>Por\u00e9m, o homem por detr\u00e1s da extraordin\u00e1ria multiplicidade de vozes (os heter\u00f3nimos e dezenas de outros autores ficcionais), e de uma das obras liter\u00e1rias mais complexas e ricas de todos os tempos, \u00e9 quase um desconhecido. Jo\u00e3o Gaspar Sim\u00f5es, com a publica\u00e7\u00e3o da sua biografia em 1950, teve o grande m\u00e9rito de reconhecer a import\u00e2ncia de Fernando Pessoa numa altura em que o poeta ainda n\u00e3o era justamente apreciado. Mas a obra n\u00e3o se baseou numa pesquisa mais aprofundada e desde h\u00e1 muitos anos que se sentia a falta de uma obra biogr\u00e1fica de refer\u00eancia.<\/p>\n<p>PESSOA: A BIOGRAPHY, do autor norte-americano naturalizado portugu\u00eas Richard Zenith, publicado nos EUA e na Gr\u00e3-Bretanha em 2021 e que agora se publica em Portugal, vem suprir definitivamente essa lacuna.<\/p>\n","protected":false},"author":2,"featured_media":5173,"template":"","meta":[],"product_cat":[176],"product_tag":[],"cat_produtos":[],"yoast_head":"<!-- This site is optimized with the Yoast SEO plugin v16.6 - https:\/\/yoast.com\/wordpress\/plugins\/seo\/ -->\n<title>Pessoa. Uma Biografia - Livraria Solmar - Livraria online<\/title>\n<meta name=\"robots\" content=\"index, follow, max-snippet:-1, max-image-preview:large, max-video-preview:-1\" \/>\n<link rel=\"canonical\" href=\"https:\/\/livrariasolmar.pt\/en\/produto\/pessoa-uma-biografia\/\" \/>\n<meta property=\"og:locale\" content=\"en_US\" \/>\n<meta property=\"og:type\" content=\"article\" \/>\n<meta property=\"og:title\" content=\"Pessoa. Uma Biografia - Livraria Solmar - Livraria online\" \/>\n<meta property=\"og:description\" content=\"Fernando Pessoa \u00e9, a par de Lu\u00eds de Cam\u00f5es, o maior poeta portugu\u00eas. E \u00e9 uma das figuras proeminentes do modernismo europeu, juntamente com escritores como Kafka, Joyce e Proust. O seu vast\u00edssimo legado - da poesia, drama e fic\u00e7\u00e3o ao artigo de opini\u00e3o e escrita medi\u00fanica, cruzando e aprofundando in\u00fameros dom\u00ednios do conhecimento (da literatura \u00e0 religi\u00e3o, passando pela hist\u00f3ria, a filosofia, a astrologia e tantos outros) - tem vindo a ser progressivamente conhecido pelos leitores portugueses e de todo o mundo.  Por\u00e9m, o homem por detr\u00e1s da extraordin\u00e1ria multiplicidade de vozes (os heter\u00f3nimos e dezenas de outros autores ficcionais), e de uma das obras liter\u00e1rias mais complexas e ricas de todos os tempos, \u00e9 quase um desconhecido. Jo\u00e3o Gaspar Sim\u00f5es, com a publica\u00e7\u00e3o da sua biografia em 1950, teve o grande m\u00e9rito de reconhecer a import\u00e2ncia de Fernando Pessoa numa altura em que o poeta ainda n\u00e3o era justamente apreciado. Mas a obra n\u00e3o se baseou numa pesquisa mais aprofundada e desde h\u00e1 muitos anos que se sentia a falta de uma obra biogr\u00e1fica de refer\u00eancia.  PESSOA: A BIOGRAPHY, do autor norte-americano naturalizado portugu\u00eas Richard Zenith, publicado nos EUA e na Gr\u00e3-Bretanha em 2021 e que agora se publica em Portugal, vem suprir definitivamente essa lacuna.\" \/>\n<meta property=\"og:url\" content=\"https:\/\/livrariasolmar.pt\/produto\/pessoa-uma-biografia\/\" \/>\n<meta property=\"og:site_name\" content=\"Livraria Solmar - Livraria online\" \/>\n<meta property=\"article:modified_time\" content=\"2023-12-26T18:40:35+00:00\" \/>\n<meta property=\"og:image\" content=\"https:\/\/livrariasolmar.pt\/wp-content\/uploads\/2022\/05\/300x.jpg\" \/>\n\t<meta property=\"og:image:width\" content=\"300\" \/>\n\t<meta property=\"og:image:height\" content=\"470\" \/>\n<meta name=\"twitter:card\" content=\"summary_large_image\" \/>\n<script type=\"application\/ld+json\" class=\"yoast-schema-graph\">{\"@context\":\"https:\/\/schema.org\",\"@graph\":[{\"@type\":\"WebSite\",\"@id\":\"https:\/\/livrariasolmar.pt\/#website\",\"url\":\"https:\/\/livrariasolmar.pt\/\",\"name\":\"Livraria Solmar - Livraria online\",\"description\":\"Com\\u00e9rcio Livros E Objetos De Arte, Lda - Ponta Delgada, A\\u00e7ores\",\"potentialAction\":[{\"@type\":\"SearchAction\",\"target\":{\"@type\":\"EntryPoint\",\"urlTemplate\":\"https:\/\/livrariasolmar.pt\/?s={search_term_string}\"},\"query-input\":\"required name=search_term_string\"}],\"inLanguage\":\"en-US\"},{\"@type\":\"ImageObject\",\"@id\":\"https:\/\/livrariasolmar.pt\/produto\/pessoa-uma-biografia\/#primaryimage\",\"inLanguage\":\"en-US\",\"url\":\"https:\/\/livrariasolmar.pt\/wp-content\/uploads\/2022\/05\/300x.jpg\",\"contentUrl\":\"https:\/\/livrariasolmar.pt\/wp-content\/uploads\/2022\/05\/300x.jpg\",\"width\":300,\"height\":470},{\"@type\":\"WebPage\",\"@id\":\"https:\/\/livrariasolmar.pt\/produto\/pessoa-uma-biografia\/#webpage\",\"url\":\"https:\/\/livrariasolmar.pt\/produto\/pessoa-uma-biografia\/\",\"name\":\"Pessoa. Uma Biografia - Livraria Solmar - Livraria online\",\"isPartOf\":{\"@id\":\"https:\/\/livrariasolmar.pt\/#website\"},\"primaryImageOfPage\":{\"@id\":\"https:\/\/livrariasolmar.pt\/produto\/pessoa-uma-biografia\/#primaryimage\"},\"datePublished\":\"2022-05-31T18:59:40+00:00\",\"dateModified\":\"2023-12-26T18:40:35+00:00\",\"breadcrumb\":{\"@id\":\"https:\/\/livrariasolmar.pt\/produto\/pessoa-uma-biografia\/#breadcrumb\"},\"inLanguage\":\"en-US\",\"potentialAction\":[{\"@type\":\"ReadAction\",\"target\":[\"https:\/\/livrariasolmar.pt\/produto\/pessoa-uma-biografia\/\"]}]},{\"@type\":\"BreadcrumbList\",\"@id\":\"https:\/\/livrariasolmar.pt\/produto\/pessoa-uma-biografia\/#breadcrumb\",\"itemListElement\":[{\"@type\":\"ListItem\",\"position\":1,\"name\":\"In\\u00edcio\",\"item\":\"https:\/\/livrariasolmar.pt\/en\/\"},{\"@type\":\"ListItem\",\"position\":2,\"name\":\"Shop\",\"item\":\"https:\/\/livrariasolmar.pt\/en\/shop\/\"},{\"@type\":\"ListItem\",\"position\":3,\"name\":\"Pessoa. Uma Biografia\"}]}]}<\/script>\n<!-- \/ Yoast SEO plugin. -->","_links":{"self":[{"href":"https:\/\/livrariasolmar.pt\/en\/wp-json\/wp\/v2\/product\/5172"}],"collection":[{"href":"https:\/\/livrariasolmar.pt\/en\/wp-json\/wp\/v2\/product"}],"about":[{"href":"https:\/\/livrariasolmar.pt\/en\/wp-json\/wp\/v2\/types\/product"}],"author":[{"embeddable":true,"href":"https:\/\/livrariasolmar.pt\/en\/wp-json\/wp\/v2\/users\/2"}],"wp:featuredmedia":[{"embeddable":true,"href":"https:\/\/livrariasolmar.pt\/en\/wp-json\/wp\/v2\/media\/5173"}],"wp:attachment":[{"href":"https:\/\/livrariasolmar.pt\/en\/wp-json\/wp\/v2\/media?parent=5172"}],"wp:term":[{"taxonomy":"product_cat","embeddable":true,"href":"https:\/\/livrariasolmar.pt\/en\/wp-json\/wp\/v2\/product_cat?post=5172"},{"taxonomy":"product_tag","embeddable":true,"href":"https:\/\/livrariasolmar.pt\/en\/wp-json\/wp\/v2\/product_tag?post=5172"},{"taxonomy":"cat_produtos","embeddable":true,"href":"https:\/\/livrariasolmar.pt\/en\/wp-json\/wp\/v2\/cat_produtos?post=5172"}],"curies":[{"name":"wp","href":"https:\/\/api.w.org\/{rel}","templated":true}]}}