{"id":5208,"date":"2022-06-23T15:02:16","date_gmt":"2022-06-23T15:02:16","guid":{"rendered":"https:\/\/livrariasolmar.pt\/?post_type=product&#038;p=5208"},"modified":"2026-04-09T17:33:53","modified_gmt":"2026-04-09T17:33:53","slug":"a-escrava-acoriana","status":"publish","type":"product","link":"https:\/\/livrariasolmar.pt\/en\/produto\/a-escrava-acoriana\/","title":{"rendered":"A Escrava A\u00e7oriana"},"content":{"rendered":"","protected":false},"excerpt":{"rendered":"<p>&nbsp;<\/p>\n<p>No ano da Gra\u00e7a de 1873, o mundo pertence aos homens que cospem para o ch\u00e3o. A\u00e7orada por partir, Ros\u00e1rio oculta-se num enorme capote e capucho negro, tal como a maioria das mulheres. \u00c9 uma adolescente irreverente, do contra, e desafia todas as conven\u00e7\u00f5es masculinas: rouba, corre descal\u00e7a, luta com os punhos e at\u00e9 beija em p\u00fablico. No final do dia, l\u00ea Camilo e reza o ter\u00e7o com a m\u00e3e.<\/p>\n<p>As Ilhas Adjacentes s\u00e3o um misto de encanto e de escassez, afasta- das do Reino e das promessas da Coroa. Os engajadores brasileiros aliciam os a\u00e7orianos a viajar para o Imp\u00e9rio, com promessas de riqueza. A fam\u00edlia de Ros\u00e1rio entrega tudo o que possui e embarca na escurid\u00e3o.<\/p>\n<p>Mas a viagem no navio \u00e9 calamitosa, uma nuvem de pessoas atoladas na pr\u00f3pria imund\u00edcie, e a chegada ao Rio de Janeiro oferece desafios inesperados. Ros\u00e1rio vive como uma escrava e v\u00ea o futuro esfumar-se. Perde o rumo, a virgindade e a esperan\u00e7a. Precisa de reagir, mas isso implica tornar-se uma pessoa totalmente diferente.<\/p>\n","protected":false},"author":2,"featured_media":5209,"template":"","meta":[],"product_cat":[146],"product_tag":[],"cat_produtos":[],"yoast_head":"<!-- This site is optimized with the Yoast SEO plugin v16.6 - https:\/\/yoast.com\/wordpress\/plugins\/seo\/ -->\n<title>A Escrava A\u00e7oriana - Livraria Solmar - Livraria online<\/title>\n<meta name=\"robots\" content=\"index, follow, max-snippet:-1, max-image-preview:large, max-video-preview:-1\" \/>\n<link rel=\"canonical\" href=\"https:\/\/livrariasolmar.pt\/en\/produto\/a-escrava-acoriana\/\" \/>\n<meta property=\"og:locale\" content=\"en_US\" \/>\n<meta property=\"og:type\" content=\"article\" \/>\n<meta property=\"og:title\" content=\"A Escrava A\u00e7oriana - Livraria Solmar - Livraria online\" \/>\n<meta property=\"og:description\" content=\"&nbsp;  No ano da Gra\u00e7a de 1873, o mundo pertence aos homens que cospem para o ch\u00e3o. A\u00e7orada por partir, Ros\u00e1rio oculta-se num enorme capote e capucho negro, tal como a maioria das mulheres. \u00c9 uma adolescente irreverente, do contra, e desafia todas as conven\u00e7\u00f5es masculinas: rouba, corre descal\u00e7a, luta com os punhos e at\u00e9 beija em p\u00fablico. No final do dia, l\u00ea Camilo e reza o ter\u00e7o com a m\u00e3e.  As Ilhas Adjacentes s\u00e3o um misto de encanto e de escassez, afasta- das do Reino e das promessas da Coroa. Os engajadores brasileiros aliciam os a\u00e7orianos a viajar para o Imp\u00e9rio, com promessas de riqueza. A fam\u00edlia de Ros\u00e1rio entrega tudo o que possui e embarca na escurid\u00e3o.  Mas a viagem no navio \u00e9 calamitosa, uma nuvem de pessoas atoladas na pr\u00f3pria imund\u00edcie, e a chegada ao Rio de Janeiro oferece desafios inesperados. Ros\u00e1rio vive como uma escrava e v\u00ea o futuro esfumar-se. Perde o rumo, a virgindade e a esperan\u00e7a. Precisa de reagir, mas isso implica tornar-se uma pessoa totalmente diferente.\" \/>\n<meta property=\"og:url\" content=\"https:\/\/livrariasolmar.pt\/produto\/a-escrava-acoriana\/\" \/>\n<meta property=\"og:site_name\" content=\"Livraria Solmar - Livraria online\" \/>\n<meta property=\"article:modified_time\" content=\"2026-04-09T17:33:53+00:00\" \/>\n<meta property=\"og:image\" content=\"https:\/\/livrariasolmar.pt\/wp-content\/uploads\/2022\/06\/1507-1.jpg\" \/>\n\t<meta property=\"og:image:width\" content=\"400\" \/>\n\t<meta property=\"og:image:height\" content=\"614\" \/>\n<meta name=\"twitter:card\" content=\"summary_large_image\" \/>\n<script type=\"application\/ld+json\" class=\"yoast-schema-graph\">{\"@context\":\"https:\/\/schema.org\",\"@graph\":[{\"@type\":\"WebSite\",\"@id\":\"https:\/\/livrariasolmar.pt\/#website\",\"url\":\"https:\/\/livrariasolmar.pt\/\",\"name\":\"Livraria Solmar - Livraria online\",\"description\":\"Com\\u00e9rcio Livros E Objetos De Arte, Lda - Ponta Delgada, A\\u00e7ores\",\"potentialAction\":[{\"@type\":\"SearchAction\",\"target\":{\"@type\":\"EntryPoint\",\"urlTemplate\":\"https:\/\/livrariasolmar.pt\/?s={search_term_string}\"},\"query-input\":\"required name=search_term_string\"}],\"inLanguage\":\"en-US\"},{\"@type\":\"ImageObject\",\"@id\":\"https:\/\/livrariasolmar.pt\/produto\/a-escrava-acoriana\/#primaryimage\",\"inLanguage\":\"en-US\",\"url\":\"https:\/\/livrariasolmar.pt\/wp-content\/uploads\/2022\/06\/1507-1.jpg\",\"contentUrl\":\"https:\/\/livrariasolmar.pt\/wp-content\/uploads\/2022\/06\/1507-1.jpg\",\"width\":400,\"height\":614},{\"@type\":\"WebPage\",\"@id\":\"https:\/\/livrariasolmar.pt\/produto\/a-escrava-acoriana\/#webpage\",\"url\":\"https:\/\/livrariasolmar.pt\/produto\/a-escrava-acoriana\/\",\"name\":\"A Escrava A\\u00e7oriana - Livraria Solmar - Livraria online\",\"isPartOf\":{\"@id\":\"https:\/\/livrariasolmar.pt\/#website\"},\"primaryImageOfPage\":{\"@id\":\"https:\/\/livrariasolmar.pt\/produto\/a-escrava-acoriana\/#primaryimage\"},\"datePublished\":\"2022-06-23T15:02:16+00:00\",\"dateModified\":\"2026-04-09T17:33:53+00:00\",\"breadcrumb\":{\"@id\":\"https:\/\/livrariasolmar.pt\/produto\/a-escrava-acoriana\/#breadcrumb\"},\"inLanguage\":\"en-US\",\"potentialAction\":[{\"@type\":\"ReadAction\",\"target\":[\"https:\/\/livrariasolmar.pt\/produto\/a-escrava-acoriana\/\"]}]},{\"@type\":\"BreadcrumbList\",\"@id\":\"https:\/\/livrariasolmar.pt\/produto\/a-escrava-acoriana\/#breadcrumb\",\"itemListElement\":[{\"@type\":\"ListItem\",\"position\":1,\"name\":\"In\\u00edcio\",\"item\":\"https:\/\/livrariasolmar.pt\/en\/\"},{\"@type\":\"ListItem\",\"position\":2,\"name\":\"Shop\",\"item\":\"https:\/\/livrariasolmar.pt\/en\/shop\/\"},{\"@type\":\"ListItem\",\"position\":3,\"name\":\"A Escrava A\\u00e7oriana\"}]}]}<\/script>\n<!-- \/ Yoast SEO plugin. -->","_links":{"self":[{"href":"https:\/\/livrariasolmar.pt\/en\/wp-json\/wp\/v2\/product\/5208"}],"collection":[{"href":"https:\/\/livrariasolmar.pt\/en\/wp-json\/wp\/v2\/product"}],"about":[{"href":"https:\/\/livrariasolmar.pt\/en\/wp-json\/wp\/v2\/types\/product"}],"author":[{"embeddable":true,"href":"https:\/\/livrariasolmar.pt\/en\/wp-json\/wp\/v2\/users\/2"}],"wp:featuredmedia":[{"embeddable":true,"href":"https:\/\/livrariasolmar.pt\/en\/wp-json\/wp\/v2\/media\/5209"}],"wp:attachment":[{"href":"https:\/\/livrariasolmar.pt\/en\/wp-json\/wp\/v2\/media?parent=5208"}],"wp:term":[{"taxonomy":"product_cat","embeddable":true,"href":"https:\/\/livrariasolmar.pt\/en\/wp-json\/wp\/v2\/product_cat?post=5208"},{"taxonomy":"product_tag","embeddable":true,"href":"https:\/\/livrariasolmar.pt\/en\/wp-json\/wp\/v2\/product_tag?post=5208"},{"taxonomy":"cat_produtos","embeddable":true,"href":"https:\/\/livrariasolmar.pt\/en\/wp-json\/wp\/v2\/cat_produtos?post=5208"}],"curies":[{"name":"wp","href":"https:\/\/api.w.org\/{rel}","templated":true}]}}