{"id":5217,"date":"2022-06-24T15:04:35","date_gmt":"2022-06-24T15:04:35","guid":{"rendered":"https:\/\/livrariasolmar.pt\/?post_type=product&#038;p=5217"},"modified":"2022-09-09T14:36:54","modified_gmt":"2022-09-09T14:36:54","slug":"casos-que-nao-vem-ao-acaso","status":"publish","type":"product","link":"https:\/\/livrariasolmar.pt\/en\/produto\/casos-que-nao-vem-ao-acaso\/","title":{"rendered":"Casos Que N\u00e3o V\u00eam ao Acaso"},"content":{"rendered":"","protected":false},"excerpt":{"rendered":"<p><b>PR\u00c9-LAN\u00c7AMENTO<\/b> &#8211; ENTREGA A PARTIR DE 05-07-2022<\/p>\n<p><em>Casos Que N\u00e3o V\u00eam AO Acaso<\/em>, de M\u00e1rio Roberto, \u00e9 o terceiro livro de contos do autor, agora editado pela Artes e Letras Editora.<\/p>\n<p>Ao Longo de 98 p\u00e1ginas M\u00e1rio Roberto apresenta uma multiplicidade de registos. \u00c9 intenso, provocador, sarc\u00e1stico, terno, surreal. Contador da dimens\u00e3o quotidiana da exist\u00eancia.<\/p>\n<p>A sua prosa \u00e9 ditada pela pr\u00f3pria experi\u00eancia de vida, mas tamb\u00e9m\u00a0 pelo que nunca viveu mas absorveu, no seu amor pelas artes, pela cultura.<\/p>\n","protected":false},"author":2,"featured_media":5218,"template":"","meta":[],"product_cat":[146],"product_tag":[],"cat_produtos":[],"yoast_head":"<!-- This site is optimized with the Yoast SEO plugin v16.6 - https:\/\/yoast.com\/wordpress\/plugins\/seo\/ -->\n<title>Casos Que N\u00e3o V\u00eam ao Acaso - Livraria Solmar - Livraria online<\/title>\n<meta name=\"robots\" content=\"index, follow, max-snippet:-1, max-image-preview:large, max-video-preview:-1\" \/>\n<link rel=\"canonical\" href=\"https:\/\/livrariasolmar.pt\/en\/produto\/casos-que-nao-vem-ao-acaso\/\" \/>\n<meta property=\"og:locale\" content=\"en_US\" \/>\n<meta property=\"og:type\" content=\"article\" \/>\n<meta property=\"og:title\" content=\"Casos Que N\u00e3o V\u00eam ao Acaso - Livraria Solmar - Livraria online\" \/>\n<meta property=\"og:description\" content=\"PR\u00c9-LAN\u00c7AMENTO - ENTREGA A PARTIR DE 05-07-2022  Casos Que N\u00e3o V\u00eam AO Acaso, de M\u00e1rio Roberto, \u00e9 o terceiro livro de contos do autor, agora editado pela Artes e Letras Editora.  Ao Longo de 98 p\u00e1ginas M\u00e1rio Roberto apresenta uma multiplicidade de registos. \u00c9 intenso, provocador, sarc\u00e1stico, terno, surreal. Contador da dimens\u00e3o quotidiana da exist\u00eancia.  A sua prosa \u00e9 ditada pela pr\u00f3pria experi\u00eancia de vida, mas tamb\u00e9m\u00a0 pelo que nunca viveu mas absorveu, no seu amor pelas artes, pela cultura.\" \/>\n<meta property=\"og:url\" content=\"https:\/\/livrariasolmar.pt\/produto\/casos-que-nao-vem-ao-acaso\/\" \/>\n<meta property=\"og:site_name\" content=\"Livraria Solmar - Livraria online\" \/>\n<meta property=\"article:modified_time\" content=\"2022-09-09T14:36:54+00:00\" \/>\n<meta property=\"og:image\" content=\"https:\/\/livrariasolmar.pt\/wp-content\/uploads\/2022\/06\/289626879_740837370380276_5183372328756813112_n.jpg\" \/>\n\t<meta property=\"og:image:width\" content=\"1311\" \/>\n\t<meta property=\"og:image:height\" content=\"2048\" \/>\n<meta name=\"twitter:card\" content=\"summary_large_image\" \/>\n<script type=\"application\/ld+json\" class=\"yoast-schema-graph\">{\"@context\":\"https:\/\/schema.org\",\"@graph\":[{\"@type\":\"WebSite\",\"@id\":\"https:\/\/livrariasolmar.pt\/#website\",\"url\":\"https:\/\/livrariasolmar.pt\/\",\"name\":\"Livraria Solmar - Livraria online\",\"description\":\"Com\\u00e9rcio Livros E Objetos De Arte, Lda - Ponta Delgada, A\\u00e7ores\",\"potentialAction\":[{\"@type\":\"SearchAction\",\"target\":{\"@type\":\"EntryPoint\",\"urlTemplate\":\"https:\/\/livrariasolmar.pt\/?s={search_term_string}\"},\"query-input\":\"required name=search_term_string\"}],\"inLanguage\":\"en-US\"},{\"@type\":\"ImageObject\",\"@id\":\"https:\/\/livrariasolmar.pt\/produto\/casos-que-nao-vem-ao-acaso\/#primaryimage\",\"inLanguage\":\"en-US\",\"url\":\"https:\/\/livrariasolmar.pt\/wp-content\/uploads\/2022\/06\/289626879_740837370380276_5183372328756813112_n.jpg\",\"contentUrl\":\"https:\/\/livrariasolmar.pt\/wp-content\/uploads\/2022\/06\/289626879_740837370380276_5183372328756813112_n.jpg\",\"width\":1311,\"height\":2048},{\"@type\":\"WebPage\",\"@id\":\"https:\/\/livrariasolmar.pt\/produto\/casos-que-nao-vem-ao-acaso\/#webpage\",\"url\":\"https:\/\/livrariasolmar.pt\/produto\/casos-que-nao-vem-ao-acaso\/\",\"name\":\"Casos Que N\\u00e3o V\\u00eam ao Acaso - Livraria Solmar - Livraria online\",\"isPartOf\":{\"@id\":\"https:\/\/livrariasolmar.pt\/#website\"},\"primaryImageOfPage\":{\"@id\":\"https:\/\/livrariasolmar.pt\/produto\/casos-que-nao-vem-ao-acaso\/#primaryimage\"},\"datePublished\":\"2022-06-24T15:04:35+00:00\",\"dateModified\":\"2022-09-09T14:36:54+00:00\",\"breadcrumb\":{\"@id\":\"https:\/\/livrariasolmar.pt\/produto\/casos-que-nao-vem-ao-acaso\/#breadcrumb\"},\"inLanguage\":\"en-US\",\"potentialAction\":[{\"@type\":\"ReadAction\",\"target\":[\"https:\/\/livrariasolmar.pt\/produto\/casos-que-nao-vem-ao-acaso\/\"]}]},{\"@type\":\"BreadcrumbList\",\"@id\":\"https:\/\/livrariasolmar.pt\/produto\/casos-que-nao-vem-ao-acaso\/#breadcrumb\",\"itemListElement\":[{\"@type\":\"ListItem\",\"position\":1,\"name\":\"In\\u00edcio\",\"item\":\"https:\/\/livrariasolmar.pt\/en\/\"},{\"@type\":\"ListItem\",\"position\":2,\"name\":\"Shop\",\"item\":\"https:\/\/livrariasolmar.pt\/en\/shop\/\"},{\"@type\":\"ListItem\",\"position\":3,\"name\":\"Casos Que N\\u00e3o V\\u00eam ao Acaso\"}]}]}<\/script>\n<!-- \/ Yoast SEO plugin. -->","_links":{"self":[{"href":"https:\/\/livrariasolmar.pt\/en\/wp-json\/wp\/v2\/product\/5217"}],"collection":[{"href":"https:\/\/livrariasolmar.pt\/en\/wp-json\/wp\/v2\/product"}],"about":[{"href":"https:\/\/livrariasolmar.pt\/en\/wp-json\/wp\/v2\/types\/product"}],"author":[{"embeddable":true,"href":"https:\/\/livrariasolmar.pt\/en\/wp-json\/wp\/v2\/users\/2"}],"wp:featuredmedia":[{"embeddable":true,"href":"https:\/\/livrariasolmar.pt\/en\/wp-json\/wp\/v2\/media\/5218"}],"wp:attachment":[{"href":"https:\/\/livrariasolmar.pt\/en\/wp-json\/wp\/v2\/media?parent=5217"}],"wp:term":[{"taxonomy":"product_cat","embeddable":true,"href":"https:\/\/livrariasolmar.pt\/en\/wp-json\/wp\/v2\/product_cat?post=5217"},{"taxonomy":"product_tag","embeddable":true,"href":"https:\/\/livrariasolmar.pt\/en\/wp-json\/wp\/v2\/product_tag?post=5217"},{"taxonomy":"cat_produtos","embeddable":true,"href":"https:\/\/livrariasolmar.pt\/en\/wp-json\/wp\/v2\/cat_produtos?post=5217"}],"curies":[{"name":"wp","href":"https:\/\/api.w.org\/{rel}","templated":true}]}}