{"id":5295,"date":"2022-08-27T14:08:18","date_gmt":"2022-08-27T14:08:18","guid":{"rendered":"https:\/\/livrariasolmar.pt\/?post_type=product&#038;p=5295"},"modified":"2023-08-28T17:55:08","modified_gmt":"2023-08-28T17:55:08","slug":"a-outra-veneza","status":"publish","type":"product","link":"https:\/\/livrariasolmar.pt\/en\/produto\/a-outra-veneza\/","title":{"rendered":"A Outra Veneza"},"content":{"rendered":"","protected":false},"excerpt":{"rendered":"<p>Veneza foi, durante muito tempo, o centro geogr\u00e1fico, pol\u00edtico, comercial e cultural do Mediterr\u00e2neo. Redescobri-la nos seus segredos \u00e9 encontrar a civiliza\u00e7\u00e3o europeia.<br \/>\nConhecer um lugar \u00e9 descobrir as suas fendas, as passagens secretas e os lugares escuros por onde flui seu sangue &#8211; e que melhor experi\u00eancia do que Veneza? Em A Outra Veneza, Predrag Matvejevitch parte \u00e0 descoberta do cora\u00e7\u00e3o da hist\u00f3rica cidade italiana, reconfigurando a sua paisagem, perseguindo mapas reais e imagin\u00e1rios, contempor\u00e2neos e hist\u00f3ricos, tra\u00e7ando os detalhes da sua sensualidade liter\u00e1ria.<\/p>\n<p>Cidade da literatura, do cinema, da pintura e da m\u00fasica, Veneza \u00e9 essa armadilha de pontes, barcos manchados de ferrugem, esculturas, canais e pra\u00e7as que revelam hist\u00f3rias pouco conhecidas e que escaparam aos olhos de escritores, artistas e fot\u00f3grafos ao longo dos s\u00e9culos. Matvejevitch, o autor do incompar\u00e1vel Brevi\u00e1rio Mediterr\u00e2nico, encontra-se com Veneza como historiador, cart\u00f3grafo, antrop\u00f3logo, poeta e fil\u00f3logo &#8211; e desvenda a eterna beleza da cidade de \u00e1gua e pedra, onde acabamos por descobrir parte das nossas ra\u00edzes e o lugar de encontro entre o esp\u00edrito latino e o esp\u00edrito bizantino, fundador da civiliza\u00e7\u00e3o europeia.<\/p>\n","protected":false},"author":2,"featured_media":5296,"template":"","meta":[],"product_cat":[153],"product_tag":[],"cat_produtos":[],"yoast_head":"<!-- This site is optimized with the Yoast SEO plugin v16.6 - https:\/\/yoast.com\/wordpress\/plugins\/seo\/ -->\n<title>A Outra Veneza - Livraria Solmar - Livraria online<\/title>\n<meta name=\"robots\" content=\"index, follow, max-snippet:-1, max-image-preview:large, max-video-preview:-1\" \/>\n<link rel=\"canonical\" href=\"https:\/\/livrariasolmar.pt\/en\/produto\/a-outra-veneza\/\" \/>\n<meta property=\"og:locale\" content=\"en_US\" \/>\n<meta property=\"og:type\" content=\"article\" \/>\n<meta property=\"og:title\" content=\"A Outra Veneza - Livraria Solmar - Livraria online\" \/>\n<meta property=\"og:description\" content=\"Veneza foi, durante muito tempo, o centro geogr\u00e1fico, pol\u00edtico, comercial e cultural do Mediterr\u00e2neo. Redescobri-la nos seus segredos \u00e9 encontrar a civiliza\u00e7\u00e3o europeia. Conhecer um lugar \u00e9 descobrir as suas fendas, as passagens secretas e os lugares escuros por onde flui seu sangue - e que melhor experi\u00eancia do que Veneza? Em A Outra Veneza, Predrag Matvejevitch parte \u00e0 descoberta do cora\u00e7\u00e3o da hist\u00f3rica cidade italiana, reconfigurando a sua paisagem, perseguindo mapas reais e imagin\u00e1rios, contempor\u00e2neos e hist\u00f3ricos, tra\u00e7ando os detalhes da sua sensualidade liter\u00e1ria.  Cidade da literatura, do cinema, da pintura e da m\u00fasica, Veneza \u00e9 essa armadilha de pontes, barcos manchados de ferrugem, esculturas, canais e pra\u00e7as que revelam hist\u00f3rias pouco conhecidas e que escaparam aos olhos de escritores, artistas e fot\u00f3grafos ao longo dos s\u00e9culos. Matvejevitch, o autor do incompar\u00e1vel Brevi\u00e1rio Mediterr\u00e2nico, encontra-se com Veneza como historiador, cart\u00f3grafo, antrop\u00f3logo, poeta e fil\u00f3logo - e desvenda a eterna beleza da cidade de \u00e1gua e pedra, onde acabamos por descobrir parte das nossas ra\u00edzes e o lugar de encontro entre o esp\u00edrito latino e o esp\u00edrito bizantino, fundador da civiliza\u00e7\u00e3o europeia.\" \/>\n<meta property=\"og:url\" content=\"https:\/\/livrariasolmar.pt\/produto\/a-outra-veneza\/\" \/>\n<meta property=\"og:site_name\" content=\"Livraria Solmar - Livraria online\" \/>\n<meta property=\"article:modified_time\" content=\"2023-08-28T17:55:08+00:00\" \/>\n<meta property=\"og:image\" content=\"https:\/\/livrariasolmar.pt\/wp-content\/uploads\/2022\/08\/1540-1-1.jpg\" \/>\n\t<meta property=\"og:image:width\" content=\"340\" \/>\n\t<meta property=\"og:image:height\" content=\"340\" \/>\n<meta name=\"twitter:card\" content=\"summary_large_image\" \/>\n<script type=\"application\/ld+json\" class=\"yoast-schema-graph\">{\"@context\":\"https:\/\/schema.org\",\"@graph\":[{\"@type\":\"WebSite\",\"@id\":\"https:\/\/livrariasolmar.pt\/#website\",\"url\":\"https:\/\/livrariasolmar.pt\/\",\"name\":\"Livraria Solmar - Livraria online\",\"description\":\"Com\\u00e9rcio Livros E Objetos De Arte, Lda - Ponta Delgada, A\\u00e7ores\",\"potentialAction\":[{\"@type\":\"SearchAction\",\"target\":{\"@type\":\"EntryPoint\",\"urlTemplate\":\"https:\/\/livrariasolmar.pt\/?s={search_term_string}\"},\"query-input\":\"required name=search_term_string\"}],\"inLanguage\":\"en-US\"},{\"@type\":\"ImageObject\",\"@id\":\"https:\/\/livrariasolmar.pt\/produto\/a-outra-veneza\/#primaryimage\",\"inLanguage\":\"en-US\",\"url\":\"https:\/\/livrariasolmar.pt\/wp-content\/uploads\/2022\/08\/1540-1-1.jpg\",\"contentUrl\":\"https:\/\/livrariasolmar.pt\/wp-content\/uploads\/2022\/08\/1540-1-1.jpg\",\"width\":340,\"height\":340},{\"@type\":\"WebPage\",\"@id\":\"https:\/\/livrariasolmar.pt\/produto\/a-outra-veneza\/#webpage\",\"url\":\"https:\/\/livrariasolmar.pt\/produto\/a-outra-veneza\/\",\"name\":\"A Outra Veneza - Livraria Solmar - Livraria online\",\"isPartOf\":{\"@id\":\"https:\/\/livrariasolmar.pt\/#website\"},\"primaryImageOfPage\":{\"@id\":\"https:\/\/livrariasolmar.pt\/produto\/a-outra-veneza\/#primaryimage\"},\"datePublished\":\"2022-08-27T14:08:18+00:00\",\"dateModified\":\"2023-08-28T17:55:08+00:00\",\"breadcrumb\":{\"@id\":\"https:\/\/livrariasolmar.pt\/produto\/a-outra-veneza\/#breadcrumb\"},\"inLanguage\":\"en-US\",\"potentialAction\":[{\"@type\":\"ReadAction\",\"target\":[\"https:\/\/livrariasolmar.pt\/produto\/a-outra-veneza\/\"]}]},{\"@type\":\"BreadcrumbList\",\"@id\":\"https:\/\/livrariasolmar.pt\/produto\/a-outra-veneza\/#breadcrumb\",\"itemListElement\":[{\"@type\":\"ListItem\",\"position\":1,\"name\":\"In\\u00edcio\",\"item\":\"https:\/\/livrariasolmar.pt\/en\/\"},{\"@type\":\"ListItem\",\"position\":2,\"name\":\"Shop\",\"item\":\"https:\/\/livrariasolmar.pt\/en\/shop\/\"},{\"@type\":\"ListItem\",\"position\":3,\"name\":\"A Outra Veneza\"}]}]}<\/script>\n<!-- \/ Yoast SEO plugin. -->","_links":{"self":[{"href":"https:\/\/livrariasolmar.pt\/en\/wp-json\/wp\/v2\/product\/5295"}],"collection":[{"href":"https:\/\/livrariasolmar.pt\/en\/wp-json\/wp\/v2\/product"}],"about":[{"href":"https:\/\/livrariasolmar.pt\/en\/wp-json\/wp\/v2\/types\/product"}],"author":[{"embeddable":true,"href":"https:\/\/livrariasolmar.pt\/en\/wp-json\/wp\/v2\/users\/2"}],"wp:featuredmedia":[{"embeddable":true,"href":"https:\/\/livrariasolmar.pt\/en\/wp-json\/wp\/v2\/media\/5296"}],"wp:attachment":[{"href":"https:\/\/livrariasolmar.pt\/en\/wp-json\/wp\/v2\/media?parent=5295"}],"wp:term":[{"taxonomy":"product_cat","embeddable":true,"href":"https:\/\/livrariasolmar.pt\/en\/wp-json\/wp\/v2\/product_cat?post=5295"},{"taxonomy":"product_tag","embeddable":true,"href":"https:\/\/livrariasolmar.pt\/en\/wp-json\/wp\/v2\/product_tag?post=5295"},{"taxonomy":"cat_produtos","embeddable":true,"href":"https:\/\/livrariasolmar.pt\/en\/wp-json\/wp\/v2\/cat_produtos?post=5295"}],"curies":[{"name":"wp","href":"https:\/\/api.w.org\/{rel}","templated":true}]}}