{"id":5421,"date":"2022-10-17T17:13:31","date_gmt":"2022-10-17T17:13:31","guid":{"rendered":"https:\/\/livrariasolmar.pt\/?post_type=product&#038;p=5421"},"modified":"2025-05-31T17:37:02","modified_gmt":"2025-05-31T17:37:02","slug":"o-quarto-do-pai","status":"publish","type":"product","link":"https:\/\/livrariasolmar.pt\/en\/produto\/o-quarto-do-pai\/","title":{"rendered":"O Quarto do Pai"},"content":{"rendered":"","protected":false},"excerpt":{"rendered":"<section id=\"product_about\" class=\"col-xs-12\">\n<div id=\"productPageSectionAboutBook\" class=\"col-xs-12 section\">\n<div id=\"productPageSectionAboutBook-collapseSobreLivro\" class=\"col-xs-12 col-lg-8 right-side collapse\">\n<div class=\"wells\">\n<div id=\"productPageSectionAboutBook-sinopse\" class=\"right-text\">\n<p>Entre a realidade e o del\u00edrio, a mem\u00f3ria e a fic\u00e7\u00e3o, a gravidade e o humor, o presente e o passado, a reflex\u00e3o e o retrato do tempo,\u00a0<i>O Quarto do Pai<\/i>\u00a0\u00e9 uma expedi\u00e7\u00e3o ao labirinto da vida de um homem singular.<\/p>\n<p>Um homem caprichoso e exigente, aproveitador dos prazeres mundanos, obcecado pelas suas paix\u00f5es e pela sua fam\u00edlia, preso numa urdidura cruel que lhe rouba a dignidade e o suga para o abismo. Esmurrado, mas n\u00e3o vencido, sob o efeito de drogas instigadoras de grandes altera\u00e7\u00f5es de consci\u00eancia, resiste tenazmente ao mais \u00f3bvio dos destinos e toma o comando de uma narrativa reveladora do mais \u00edntimo de si.<\/p>\n<\/div>\n<\/div>\n<\/div>\n<\/div>\n<\/section>\n<section id=\"product_detail\" class=\"col-xs-12\">\n<div id=\"productPageSectionDetails\" class=\"col-xs-12 section\">\n<div id=\"productPageSectionDetails-title\" class=\"hidden-xs visible-sm visible-md visible-lg col-sm-12 col-lg-4 left-title\"><\/div>\n<\/div>\n<\/section>\n","protected":false},"author":2,"featured_media":5422,"template":"","meta":[],"product_cat":[146],"product_tag":[],"cat_produtos":[389],"yoast_head":"<!-- This site is optimized with the Yoast SEO plugin v16.6 - https:\/\/yoast.com\/wordpress\/plugins\/seo\/ -->\n<title>O Quarto do Pai - Livraria Solmar - Livraria online<\/title>\n<meta name=\"robots\" content=\"index, follow, max-snippet:-1, max-image-preview:large, max-video-preview:-1\" \/>\n<link rel=\"canonical\" href=\"https:\/\/livrariasolmar.pt\/en\/produto\/o-quarto-do-pai\/\" \/>\n<meta property=\"og:locale\" content=\"en_US\" \/>\n<meta property=\"og:type\" content=\"article\" \/>\n<meta property=\"og:title\" content=\"O Quarto do Pai - Livraria Solmar - Livraria online\" \/>\n<meta property=\"og:description\" content=\"Entre a realidade e o del\u00edrio, a mem\u00f3ria e a fic\u00e7\u00e3o, a gravidade e o humor, o presente e o passado, a reflex\u00e3o e o retrato do tempo,\u00a0O Quarto do Pai\u00a0\u00e9 uma expedi\u00e7\u00e3o ao labirinto da vida de um homem singular.  Um homem caprichoso e exigente, aproveitador dos prazeres mundanos, obcecado pelas suas paix\u00f5es e pela sua fam\u00edlia, preso numa urdidura cruel que lhe rouba a dignidade e o suga para o abismo. Esmurrado, mas n\u00e3o vencido, sob o efeito de drogas instigadoras de grandes altera\u00e7\u00f5es de consci\u00eancia, resiste tenazmente ao mais \u00f3bvio dos destinos e toma o comando de uma narrativa reveladora do mais \u00edntimo de si.\" \/>\n<meta property=\"og:url\" content=\"https:\/\/livrariasolmar.pt\/produto\/o-quarto-do-pai\/\" \/>\n<meta property=\"og:site_name\" content=\"Livraria Solmar - Livraria online\" \/>\n<meta property=\"article:modified_time\" content=\"2025-05-31T17:37:02+00:00\" \/>\n<meta property=\"og:image\" content=\"https:\/\/livrariasolmar.pt\/wp-content\/uploads\/2022\/10\/Maria_Brandao_O_Quarto_do_Pai_978-989-9007-86-4.jpg\" \/>\n\t<meta property=\"og:image:width\" content=\"1969\" \/>\n\t<meta property=\"og:image:height\" content=\"1969\" \/>\n<meta name=\"twitter:card\" content=\"summary_large_image\" \/>\n<script type=\"application\/ld+json\" class=\"yoast-schema-graph\">{\"@context\":\"https:\/\/schema.org\",\"@graph\":[{\"@type\":\"WebSite\",\"@id\":\"https:\/\/livrariasolmar.pt\/#website\",\"url\":\"https:\/\/livrariasolmar.pt\/\",\"name\":\"Livraria Solmar - Livraria online\",\"description\":\"Com\\u00e9rcio Livros E Objetos De Arte, Lda - Ponta Delgada, A\\u00e7ores\",\"potentialAction\":[{\"@type\":\"SearchAction\",\"target\":{\"@type\":\"EntryPoint\",\"urlTemplate\":\"https:\/\/livrariasolmar.pt\/?s={search_term_string}\"},\"query-input\":\"required name=search_term_string\"}],\"inLanguage\":\"en-US\"},{\"@type\":\"ImageObject\",\"@id\":\"https:\/\/livrariasolmar.pt\/produto\/o-quarto-do-pai\/#primaryimage\",\"inLanguage\":\"en-US\",\"url\":\"https:\/\/livrariasolmar.pt\/wp-content\/uploads\/2022\/10\/Maria_Brandao_O_Quarto_do_Pai_978-989-9007-86-4.jpg\",\"contentUrl\":\"https:\/\/livrariasolmar.pt\/wp-content\/uploads\/2022\/10\/Maria_Brandao_O_Quarto_do_Pai_978-989-9007-86-4.jpg\",\"width\":1969,\"height\":1969},{\"@type\":\"WebPage\",\"@id\":\"https:\/\/livrariasolmar.pt\/produto\/o-quarto-do-pai\/#webpage\",\"url\":\"https:\/\/livrariasolmar.pt\/produto\/o-quarto-do-pai\/\",\"name\":\"O Quarto do Pai - Livraria Solmar - Livraria online\",\"isPartOf\":{\"@id\":\"https:\/\/livrariasolmar.pt\/#website\"},\"primaryImageOfPage\":{\"@id\":\"https:\/\/livrariasolmar.pt\/produto\/o-quarto-do-pai\/#primaryimage\"},\"datePublished\":\"2022-10-17T17:13:31+00:00\",\"dateModified\":\"2025-05-31T17:37:02+00:00\",\"breadcrumb\":{\"@id\":\"https:\/\/livrariasolmar.pt\/produto\/o-quarto-do-pai\/#breadcrumb\"},\"inLanguage\":\"en-US\",\"potentialAction\":[{\"@type\":\"ReadAction\",\"target\":[\"https:\/\/livrariasolmar.pt\/produto\/o-quarto-do-pai\/\"]}]},{\"@type\":\"BreadcrumbList\",\"@id\":\"https:\/\/livrariasolmar.pt\/produto\/o-quarto-do-pai\/#breadcrumb\",\"itemListElement\":[{\"@type\":\"ListItem\",\"position\":1,\"name\":\"In\\u00edcio\",\"item\":\"https:\/\/livrariasolmar.pt\/en\/\"},{\"@type\":\"ListItem\",\"position\":2,\"name\":\"Shop\",\"item\":\"https:\/\/livrariasolmar.pt\/en\/shop\/\"},{\"@type\":\"ListItem\",\"position\":3,\"name\":\"O Quarto do Pai\"}]}]}<\/script>\n<!-- \/ Yoast SEO plugin. -->","_links":{"self":[{"href":"https:\/\/livrariasolmar.pt\/en\/wp-json\/wp\/v2\/product\/5421"}],"collection":[{"href":"https:\/\/livrariasolmar.pt\/en\/wp-json\/wp\/v2\/product"}],"about":[{"href":"https:\/\/livrariasolmar.pt\/en\/wp-json\/wp\/v2\/types\/product"}],"author":[{"embeddable":true,"href":"https:\/\/livrariasolmar.pt\/en\/wp-json\/wp\/v2\/users\/2"}],"wp:featuredmedia":[{"embeddable":true,"href":"https:\/\/livrariasolmar.pt\/en\/wp-json\/wp\/v2\/media\/5422"}],"wp:attachment":[{"href":"https:\/\/livrariasolmar.pt\/en\/wp-json\/wp\/v2\/media?parent=5421"}],"wp:term":[{"taxonomy":"product_cat","embeddable":true,"href":"https:\/\/livrariasolmar.pt\/en\/wp-json\/wp\/v2\/product_cat?post=5421"},{"taxonomy":"product_tag","embeddable":true,"href":"https:\/\/livrariasolmar.pt\/en\/wp-json\/wp\/v2\/product_tag?post=5421"},{"taxonomy":"cat_produtos","embeddable":true,"href":"https:\/\/livrariasolmar.pt\/en\/wp-json\/wp\/v2\/cat_produtos?post=5421"}],"curies":[{"name":"wp","href":"https:\/\/api.w.org\/{rel}","templated":true}]}}