{"id":5730,"date":"2022-12-05T13:20:00","date_gmt":"2022-12-05T13:20:00","guid":{"rendered":"https:\/\/livrariasolmar.pt\/?post_type=product&#038;p=5730"},"modified":"2025-11-01T14:19:07","modified_gmt":"2025-11-01T14:19:07","slug":"causas-da-decadencia-dos-povos-peninsulares-nos-tres-ultimos-seculos","status":"publish","type":"product","link":"https:\/\/livrariasolmar.pt\/en\/produto\/causas-da-decadencia-dos-povos-peninsulares-nos-tres-ultimos-seculos\/","title":{"rendered":"Causas Da Decad\u00eancia Dos Povos Peninsulares &#8211; Nos Tr\u00eas \u00daltimos S\u00e9culos"},"content":{"rendered":"","protected":false},"excerpt":{"rendered":"<p>\u201cCausas da Decad\u00eancia dos Povos Peninsulares \u00e9 um texto \u00edmpar na cultura portuguesa. O ainda jovem Antero tinha j\u00e1 estruturada uma vis\u00e3o do mundo altamente<br \/>\nconsciente das diferen\u00e7as fundamentais que separavam a Ib\u00e9ria da modernidade, \u00e0 \u00e9poca a implantar-se e a crescer desafogadamente no Centro e Norte da Europa.<br \/>\nO fil\u00f3sofo serve-se de uma linguagem de manifesto porque pretende intervir na sociedade acordando-a para as realidades que os novos tempos impunham.<br \/>\nDa\u00ed que, por vezes, o estilo algo bomb\u00e1stico, panflet\u00e1rio mesmo, tenha irritado alguns esp\u00edritos do seu tempo.Mas o apaixonado Antero dirigia-se oralmente ao seu p\u00fablico e essa marca ficou n\u00edtida na vers\u00e3o escrita que depois deu \u00e0 sua confer\u00eancia. N\u00e3o haja, por\u00e9m, d\u00favida de estarmos perante um grande cl\u00e1ssico da nossa hist\u00f3ria cultural.\u201d<\/p>\n<p>On\u00e9simo Teot\u00f3nio Almeida<\/p>\n","protected":false},"author":2,"featured_media":5731,"template":"","meta":[],"product_cat":[146],"product_tag":[],"cat_produtos":[],"yoast_head":"<!-- This site is optimized with the Yoast SEO plugin v16.6 - https:\/\/yoast.com\/wordpress\/plugins\/seo\/ -->\n<title>Causas Da Decad\u00eancia Dos Povos Peninsulares - Nos Tr\u00eas \u00daltimos S\u00e9culos - Livraria Solmar - Livraria online<\/title>\n<meta name=\"robots\" content=\"index, follow, max-snippet:-1, max-image-preview:large, max-video-preview:-1\" \/>\n<link rel=\"canonical\" href=\"https:\/\/livrariasolmar.pt\/en\/produto\/causas-da-decadencia-dos-povos-peninsulares-nos-tres-ultimos-seculos\/\" \/>\n<meta property=\"og:locale\" content=\"en_US\" \/>\n<meta property=\"og:type\" content=\"article\" \/>\n<meta property=\"og:title\" content=\"Causas Da Decad\u00eancia Dos Povos Peninsulares - Nos Tr\u00eas \u00daltimos S\u00e9culos - Livraria Solmar - Livraria online\" \/>\n<meta property=\"og:description\" content=\"\u201cCausas da Decad\u00eancia dos Povos Peninsulares \u00e9 um texto \u00edmpar na cultura portuguesa. O ainda jovem Antero tinha j\u00e1 estruturada uma vis\u00e3o do mundo altamente consciente das diferen\u00e7as fundamentais que separavam a Ib\u00e9ria da modernidade, \u00e0 \u00e9poca a implantar-se e a crescer desafogadamente no Centro e Norte da Europa. O fil\u00f3sofo serve-se de uma linguagem de manifesto porque pretende intervir na sociedade acordando-a para as realidades que os novos tempos impunham. Da\u00ed que, por vezes, o estilo algo bomb\u00e1stico, panflet\u00e1rio mesmo, tenha irritado alguns esp\u00edritos do seu tempo.Mas o apaixonado Antero dirigia-se oralmente ao seu p\u00fablico e essa marca ficou n\u00edtida na vers\u00e3o escrita que depois deu \u00e0 sua confer\u00eancia. N\u00e3o haja, por\u00e9m, d\u00favida de estarmos perante um grande cl\u00e1ssico da nossa hist\u00f3ria cultural.\u201d  On\u00e9simo Teot\u00f3nio Almeida\" \/>\n<meta property=\"og:url\" content=\"https:\/\/livrariasolmar.pt\/produto\/causas-da-decadencia-dos-povos-peninsulares-nos-tres-ultimos-seculos\/\" \/>\n<meta property=\"og:site_name\" content=\"Livraria Solmar - Livraria online\" \/>\n<meta property=\"article:modified_time\" content=\"2025-11-01T14:19:07+00:00\" \/>\n<meta property=\"og:image\" content=\"https:\/\/livrariasolmar.pt\/wp-content\/uploads\/2022\/12\/317015083_894064598628013_8337139216809006135_n-683x1024.png\" \/>\n\t<meta property=\"og:image:width\" content=\"683\" \/>\n\t<meta property=\"og:image:height\" content=\"1024\" \/>\n<meta name=\"twitter:card\" content=\"summary_large_image\" \/>\n<script type=\"application\/ld+json\" class=\"yoast-schema-graph\">{\"@context\":\"https:\/\/schema.org\",\"@graph\":[{\"@type\":\"WebSite\",\"@id\":\"https:\/\/livrariasolmar.pt\/#website\",\"url\":\"https:\/\/livrariasolmar.pt\/\",\"name\":\"Livraria Solmar - Livraria online\",\"description\":\"Com\\u00e9rcio Livros E Objetos De Arte, Lda - Ponta Delgada, A\\u00e7ores\",\"potentialAction\":[{\"@type\":\"SearchAction\",\"target\":{\"@type\":\"EntryPoint\",\"urlTemplate\":\"https:\/\/livrariasolmar.pt\/?s={search_term_string}\"},\"query-input\":\"required name=search_term_string\"}],\"inLanguage\":\"en-US\"},{\"@type\":\"ImageObject\",\"@id\":\"https:\/\/livrariasolmar.pt\/produto\/causas-da-decadencia-dos-povos-peninsulares-nos-tres-ultimos-seculos\/#primaryimage\",\"inLanguage\":\"en-US\",\"url\":\"https:\/\/livrariasolmar.pt\/wp-content\/uploads\/2022\/12\/317015083_894064598628013_8337139216809006135_n.png\",\"contentUrl\":\"https:\/\/livrariasolmar.pt\/wp-content\/uploads\/2022\/12\/317015083_894064598628013_8337139216809006135_n.png\",\"width\":1365,\"height\":2048},{\"@type\":\"WebPage\",\"@id\":\"https:\/\/livrariasolmar.pt\/produto\/causas-da-decadencia-dos-povos-peninsulares-nos-tres-ultimos-seculos\/#webpage\",\"url\":\"https:\/\/livrariasolmar.pt\/produto\/causas-da-decadencia-dos-povos-peninsulares-nos-tres-ultimos-seculos\/\",\"name\":\"Causas Da Decad\\u00eancia Dos Povos Peninsulares - Nos Tr\\u00eas \\u00daltimos S\\u00e9culos - Livraria Solmar - Livraria online\",\"isPartOf\":{\"@id\":\"https:\/\/livrariasolmar.pt\/#website\"},\"primaryImageOfPage\":{\"@id\":\"https:\/\/livrariasolmar.pt\/produto\/causas-da-decadencia-dos-povos-peninsulares-nos-tres-ultimos-seculos\/#primaryimage\"},\"datePublished\":\"2022-12-05T13:20:00+00:00\",\"dateModified\":\"2025-11-01T14:19:07+00:00\",\"breadcrumb\":{\"@id\":\"https:\/\/livrariasolmar.pt\/produto\/causas-da-decadencia-dos-povos-peninsulares-nos-tres-ultimos-seculos\/#breadcrumb\"},\"inLanguage\":\"en-US\",\"potentialAction\":[{\"@type\":\"ReadAction\",\"target\":[\"https:\/\/livrariasolmar.pt\/produto\/causas-da-decadencia-dos-povos-peninsulares-nos-tres-ultimos-seculos\/\"]}]},{\"@type\":\"BreadcrumbList\",\"@id\":\"https:\/\/livrariasolmar.pt\/produto\/causas-da-decadencia-dos-povos-peninsulares-nos-tres-ultimos-seculos\/#breadcrumb\",\"itemListElement\":[{\"@type\":\"ListItem\",\"position\":1,\"name\":\"In\\u00edcio\",\"item\":\"https:\/\/livrariasolmar.pt\/en\/\"},{\"@type\":\"ListItem\",\"position\":2,\"name\":\"Shop\",\"item\":\"https:\/\/livrariasolmar.pt\/en\/shop\/\"},{\"@type\":\"ListItem\",\"position\":3,\"name\":\"Causas Da Decad\\u00eancia Dos Povos Peninsulares &#8211; Nos Tr\\u00eas \\u00daltimos S\\u00e9culos\"}]}]}<\/script>\n<!-- \/ Yoast SEO plugin. -->","_links":{"self":[{"href":"https:\/\/livrariasolmar.pt\/en\/wp-json\/wp\/v2\/product\/5730"}],"collection":[{"href":"https:\/\/livrariasolmar.pt\/en\/wp-json\/wp\/v2\/product"}],"about":[{"href":"https:\/\/livrariasolmar.pt\/en\/wp-json\/wp\/v2\/types\/product"}],"author":[{"embeddable":true,"href":"https:\/\/livrariasolmar.pt\/en\/wp-json\/wp\/v2\/users\/2"}],"wp:featuredmedia":[{"embeddable":true,"href":"https:\/\/livrariasolmar.pt\/en\/wp-json\/wp\/v2\/media\/5731"}],"wp:attachment":[{"href":"https:\/\/livrariasolmar.pt\/en\/wp-json\/wp\/v2\/media?parent=5730"}],"wp:term":[{"taxonomy":"product_cat","embeddable":true,"href":"https:\/\/livrariasolmar.pt\/en\/wp-json\/wp\/v2\/product_cat?post=5730"},{"taxonomy":"product_tag","embeddable":true,"href":"https:\/\/livrariasolmar.pt\/en\/wp-json\/wp\/v2\/product_tag?post=5730"},{"taxonomy":"cat_produtos","embeddable":true,"href":"https:\/\/livrariasolmar.pt\/en\/wp-json\/wp\/v2\/cat_produtos?post=5730"}],"curies":[{"name":"wp","href":"https:\/\/api.w.org\/{rel}","templated":true}]}}