{"id":5746,"date":"2022-12-22T20:08:56","date_gmt":"2022-12-22T20:08:56","guid":{"rendered":"https:\/\/livrariasolmar.pt\/?post_type=product&#038;p=5746"},"modified":"2024-02-29T19:41:07","modified_gmt":"2024-02-29T19:41:07","slug":"avenida-marginal-poesia","status":"publish","type":"product","link":"https:\/\/livrariasolmar.pt\/en\/produto\/avenida-marginal-poesia\/","title":{"rendered":"Avenida Marginal &#8211; Poesia"},"content":{"rendered":"","protected":false},"excerpt":{"rendered":"<p>Colet\u00e2nea de poesia, Avenida Marginal, com dedicat\u00f3ria ao poeta Emanuel Felix, e um poema in\u00e9dito de 1969.<\/p>\n<p>Esta edi\u00e7\u00e3o conta com a participa\u00e7\u00e3o de:<\/p>\n<div dir=\"auto\">\u00c1lamo de Oliveira<\/div>\n<div dir=\"auto\">Ana Paula In\u00e1cio<\/div>\n<div dir=\"auto\">Andr\u00e9 Tecedeiro<\/div>\n<div dir=\"auto\">Daniel Gon\u00e7alves<\/div>\n<div dir=\"auto\">Eduardo Bettencourt Pinto<\/div>\n<div dir=\"auto\">Edu\u00edno de Jesus<\/div>\n<div dir=\"auto\">Emanuel Jorge Botelho<\/div>\n<div dir=\"auto\">In\u00eas Dias<\/div>\n<div dir=\"auto\">Leonardo<\/div>\n<div dir=\"auto\">Luis Manuel Gaspar<\/div>\n<div dir=\"auto\">Manuel de Freitas<\/div>\n<div dir=\"auto\">Renata Correia Botelho<\/div>\n<div dir=\"auto\">Urbano Bettencourt<\/div>\n<p>&nbsp;<\/p>\n","protected":false},"author":2,"featured_media":5747,"template":"","meta":[],"product_cat":[162],"product_tag":[],"cat_produtos":[],"yoast_head":"<!-- This site is optimized with the Yoast SEO plugin v16.6 - https:\/\/yoast.com\/wordpress\/plugins\/seo\/ -->\n<title>Avenida Marginal - Poesia - Livraria Solmar - Livraria online<\/title>\n<meta name=\"robots\" content=\"index, follow, max-snippet:-1, max-image-preview:large, max-video-preview:-1\" \/>\n<link rel=\"canonical\" href=\"https:\/\/livrariasolmar.pt\/en\/produto\/avenida-marginal-poesia\/\" \/>\n<meta property=\"og:locale\" content=\"en_US\" \/>\n<meta property=\"og:type\" content=\"article\" \/>\n<meta property=\"og:title\" content=\"Avenida Marginal - Poesia - Livraria Solmar - Livraria online\" \/>\n<meta property=\"og:description\" content=\"Colet\u00e2nea de poesia, Avenida Marginal, com dedicat\u00f3ria ao poeta Emanuel Felix, e um poema in\u00e9dito de 1969.  Esta edi\u00e7\u00e3o conta com a participa\u00e7\u00e3o de: \u00c1lamo de Oliveira Ana Paula In\u00e1cio Andr\u00e9 Tecedeiro Daniel Gon\u00e7alves Eduardo Bettencourt Pinto Edu\u00edno de Jesus Emanuel Jorge Botelho In\u00eas Dias Leonardo Luis Manuel Gaspar Manuel de Freitas Renata Correia Botelho Urbano Bettencourt &nbsp;\" \/>\n<meta property=\"og:url\" content=\"https:\/\/livrariasolmar.pt\/produto\/avenida-marginal-poesia\/\" \/>\n<meta property=\"og:site_name\" content=\"Livraria Solmar - Livraria online\" \/>\n<meta property=\"article:modified_time\" content=\"2024-02-29T19:41:07+00:00\" \/>\n<meta property=\"og:image\" content=\"https:\/\/livrariasolmar.pt\/wp-content\/uploads\/2022\/12\/Capa-Avenida-Marginal-poesia-net.png\" \/>\n\t<meta property=\"og:image:width\" content=\"1654\" \/>\n\t<meta property=\"og:image:height\" content=\"2480\" \/>\n<meta name=\"twitter:card\" content=\"summary_large_image\" \/>\n<script type=\"application\/ld+json\" class=\"yoast-schema-graph\">{\"@context\":\"https:\/\/schema.org\",\"@graph\":[{\"@type\":\"WebSite\",\"@id\":\"https:\/\/livrariasolmar.pt\/#website\",\"url\":\"https:\/\/livrariasolmar.pt\/\",\"name\":\"Livraria Solmar - Livraria online\",\"description\":\"Com\\u00e9rcio Livros E Objetos De Arte, Lda - Ponta Delgada, A\\u00e7ores\",\"potentialAction\":[{\"@type\":\"SearchAction\",\"target\":{\"@type\":\"EntryPoint\",\"urlTemplate\":\"https:\/\/livrariasolmar.pt\/?s={search_term_string}\"},\"query-input\":\"required name=search_term_string\"}],\"inLanguage\":\"en-US\"},{\"@type\":\"ImageObject\",\"@id\":\"https:\/\/livrariasolmar.pt\/produto\/avenida-marginal-poesia\/#primaryimage\",\"inLanguage\":\"en-US\",\"url\":\"https:\/\/livrariasolmar.pt\/wp-content\/uploads\/2022\/12\/Capa-Avenida-Marginal-poesia-net.png\",\"contentUrl\":\"https:\/\/livrariasolmar.pt\/wp-content\/uploads\/2022\/12\/Capa-Avenida-Marginal-poesia-net.png\",\"width\":1654,\"height\":2480},{\"@type\":\"WebPage\",\"@id\":\"https:\/\/livrariasolmar.pt\/produto\/avenida-marginal-poesia\/#webpage\",\"url\":\"https:\/\/livrariasolmar.pt\/produto\/avenida-marginal-poesia\/\",\"name\":\"Avenida Marginal - Poesia - Livraria Solmar - Livraria online\",\"isPartOf\":{\"@id\":\"https:\/\/livrariasolmar.pt\/#website\"},\"primaryImageOfPage\":{\"@id\":\"https:\/\/livrariasolmar.pt\/produto\/avenida-marginal-poesia\/#primaryimage\"},\"datePublished\":\"2022-12-22T20:08:56+00:00\",\"dateModified\":\"2024-02-29T19:41:07+00:00\",\"breadcrumb\":{\"@id\":\"https:\/\/livrariasolmar.pt\/produto\/avenida-marginal-poesia\/#breadcrumb\"},\"inLanguage\":\"en-US\",\"potentialAction\":[{\"@type\":\"ReadAction\",\"target\":[\"https:\/\/livrariasolmar.pt\/produto\/avenida-marginal-poesia\/\"]}]},{\"@type\":\"BreadcrumbList\",\"@id\":\"https:\/\/livrariasolmar.pt\/produto\/avenida-marginal-poesia\/#breadcrumb\",\"itemListElement\":[{\"@type\":\"ListItem\",\"position\":1,\"name\":\"In\\u00edcio\",\"item\":\"https:\/\/livrariasolmar.pt\/en\/\"},{\"@type\":\"ListItem\",\"position\":2,\"name\":\"Shop\",\"item\":\"https:\/\/livrariasolmar.pt\/en\/shop\/\"},{\"@type\":\"ListItem\",\"position\":3,\"name\":\"Avenida Marginal &#8211; Poesia\"}]}]}<\/script>\n<!-- \/ Yoast SEO plugin. -->","_links":{"self":[{"href":"https:\/\/livrariasolmar.pt\/en\/wp-json\/wp\/v2\/product\/5746"}],"collection":[{"href":"https:\/\/livrariasolmar.pt\/en\/wp-json\/wp\/v2\/product"}],"about":[{"href":"https:\/\/livrariasolmar.pt\/en\/wp-json\/wp\/v2\/types\/product"}],"author":[{"embeddable":true,"href":"https:\/\/livrariasolmar.pt\/en\/wp-json\/wp\/v2\/users\/2"}],"wp:featuredmedia":[{"embeddable":true,"href":"https:\/\/livrariasolmar.pt\/en\/wp-json\/wp\/v2\/media\/5747"}],"wp:attachment":[{"href":"https:\/\/livrariasolmar.pt\/en\/wp-json\/wp\/v2\/media?parent=5746"}],"wp:term":[{"taxonomy":"product_cat","embeddable":true,"href":"https:\/\/livrariasolmar.pt\/en\/wp-json\/wp\/v2\/product_cat?post=5746"},{"taxonomy":"product_tag","embeddable":true,"href":"https:\/\/livrariasolmar.pt\/en\/wp-json\/wp\/v2\/product_tag?post=5746"},{"taxonomy":"cat_produtos","embeddable":true,"href":"https:\/\/livrariasolmar.pt\/en\/wp-json\/wp\/v2\/cat_produtos?post=5746"}],"curies":[{"name":"wp","href":"https:\/\/api.w.org\/{rel}","templated":true}]}}