{"id":5852,"date":"2023-01-25T18:49:25","date_gmt":"2023-01-25T18:49:25","guid":{"rendered":"https:\/\/livrariasolmar.pt\/?post_type=product&#038;p=5852"},"modified":"2025-11-15T20:12:56","modified_gmt":"2025-11-15T20:12:56","slug":"poesia-completa","status":"publish","type":"product","link":"https:\/\/livrariasolmar.pt\/en\/produto\/poesia-completa\/","title":{"rendered":"Poesia Completa"},"content":{"rendered":"","protected":false},"excerpt":{"rendered":"<p>\u00c9 um equ\u00edvoco pensar em Jorge Luis Borges sobretudo como narrador, ensa\u00edsta e prosador; ao longo de toda a sua vida, desde o primeiro livro, foi um grande e insistente poeta.<\/p>\n<p>Constru\u00edda com sabedoria, clareza, eleg\u00e2ncia cl\u00e1ssica e rigor formal, a sua poesia \u00e9 um monumento da literatura, uma esp\u00e9cie de m\u00fasica que passa do fasc\u00ednio pela tradi\u00e7\u00e3o e pela filosofia para a cifra de uma ordem obscura do mundo e &#8211; finalmente &#8211; para o n\u00f3 decisivo da sua obra. \u00c9 nessa poesia que assentam os pilares do seu legado: os livros, a mem\u00f3ria dos labirintos, os espelhos, o amor, a cegueira, as cosmogonias dispersas, o mar, as cidades e a eternidade dos grandes textos lidos como elementos de salva\u00e7\u00e3o.<\/p>\n<p>De Fervor de Buenos Aires (1923), sua primeira recolha de poemas, at\u00e9 Os Conjurados (1985), passando por O Fazedor (1960), Elogio da Sombra (1969) ou A Rosa Profunda (1975), a obra po\u00e9tica de Jorge Luis Borges \u00e9 um extraordin\u00e1rio legado de beleza que este volume re\u00fane na sua totalidade.<\/p>\n","protected":false},"author":2,"featured_media":5853,"template":"","meta":[],"product_cat":[162],"product_tag":[],"cat_produtos":[],"yoast_head":"<!-- This site is optimized with the Yoast SEO plugin v16.6 - https:\/\/yoast.com\/wordpress\/plugins\/seo\/ -->\n<title>Poesia Completa - Livraria Solmar - Livraria online<\/title>\n<meta name=\"robots\" content=\"index, follow, max-snippet:-1, max-image-preview:large, max-video-preview:-1\" \/>\n<link rel=\"canonical\" href=\"https:\/\/livrariasolmar.pt\/en\/produto\/poesia-completa\/\" \/>\n<meta property=\"og:locale\" content=\"en_US\" \/>\n<meta property=\"og:type\" content=\"article\" \/>\n<meta property=\"og:title\" content=\"Poesia Completa - Livraria Solmar - Livraria online\" \/>\n<meta property=\"og:description\" content=\"\u00c9 um equ\u00edvoco pensar em Jorge Luis Borges sobretudo como narrador, ensa\u00edsta e prosador; ao longo de toda a sua vida, desde o primeiro livro, foi um grande e insistente poeta.  Constru\u00edda com sabedoria, clareza, eleg\u00e2ncia cl\u00e1ssica e rigor formal, a sua poesia \u00e9 um monumento da literatura, uma esp\u00e9cie de m\u00fasica que passa do fasc\u00ednio pela tradi\u00e7\u00e3o e pela filosofia para a cifra de uma ordem obscura do mundo e - finalmente - para o n\u00f3 decisivo da sua obra. \u00c9 nessa poesia que assentam os pilares do seu legado: os livros, a mem\u00f3ria dos labirintos, os espelhos, o amor, a cegueira, as cosmogonias dispersas, o mar, as cidades e a eternidade dos grandes textos lidos como elementos de salva\u00e7\u00e3o.  De Fervor de Buenos Aires (1923), sua primeira recolha de poemas, at\u00e9 Os Conjurados (1985), passando por O Fazedor (1960), Elogio da Sombra (1969) ou A Rosa Profunda (1975), a obra po\u00e9tica de Jorge Luis Borges \u00e9 um extraordin\u00e1rio legado de beleza que este volume re\u00fane na sua totalidade.\" \/>\n<meta property=\"og:url\" content=\"https:\/\/livrariasolmar.pt\/produto\/poesia-completa\/\" \/>\n<meta property=\"og:site_name\" content=\"Livraria Solmar - Livraria online\" \/>\n<meta property=\"article:modified_time\" content=\"2025-11-15T20:12:56+00:00\" \/>\n<meta property=\"og:image\" content=\"https:\/\/livrariasolmar.pt\/wp-content\/uploads\/2023\/01\/20f5713-155802-9789897228513_1665480314.png\" \/>\n\t<meta property=\"og:image:width\" content=\"536\" \/>\n\t<meta property=\"og:image:height\" content=\"800\" \/>\n<meta name=\"twitter:card\" content=\"summary_large_image\" \/>\n<script type=\"application\/ld+json\" class=\"yoast-schema-graph\">{\"@context\":\"https:\/\/schema.org\",\"@graph\":[{\"@type\":\"WebSite\",\"@id\":\"https:\/\/livrariasolmar.pt\/#website\",\"url\":\"https:\/\/livrariasolmar.pt\/\",\"name\":\"Livraria Solmar - Livraria online\",\"description\":\"Com\\u00e9rcio Livros E Objetos De Arte, Lda - Ponta Delgada, A\\u00e7ores\",\"potentialAction\":[{\"@type\":\"SearchAction\",\"target\":{\"@type\":\"EntryPoint\",\"urlTemplate\":\"https:\/\/livrariasolmar.pt\/?s={search_term_string}\"},\"query-input\":\"required name=search_term_string\"}],\"inLanguage\":\"en-US\"},{\"@type\":\"ImageObject\",\"@id\":\"https:\/\/livrariasolmar.pt\/produto\/poesia-completa\/#primaryimage\",\"inLanguage\":\"en-US\",\"url\":\"https:\/\/livrariasolmar.pt\/wp-content\/uploads\/2023\/01\/20f5713-155802-9789897228513_1665480314.png\",\"contentUrl\":\"https:\/\/livrariasolmar.pt\/wp-content\/uploads\/2023\/01\/20f5713-155802-9789897228513_1665480314.png\",\"width\":536,\"height\":800},{\"@type\":\"WebPage\",\"@id\":\"https:\/\/livrariasolmar.pt\/produto\/poesia-completa\/#webpage\",\"url\":\"https:\/\/livrariasolmar.pt\/produto\/poesia-completa\/\",\"name\":\"Poesia Completa - Livraria Solmar - Livraria online\",\"isPartOf\":{\"@id\":\"https:\/\/livrariasolmar.pt\/#website\"},\"primaryImageOfPage\":{\"@id\":\"https:\/\/livrariasolmar.pt\/produto\/poesia-completa\/#primaryimage\"},\"datePublished\":\"2023-01-25T18:49:25+00:00\",\"dateModified\":\"2025-11-15T20:12:56+00:00\",\"breadcrumb\":{\"@id\":\"https:\/\/livrariasolmar.pt\/produto\/poesia-completa\/#breadcrumb\"},\"inLanguage\":\"en-US\",\"potentialAction\":[{\"@type\":\"ReadAction\",\"target\":[\"https:\/\/livrariasolmar.pt\/produto\/poesia-completa\/\"]}]},{\"@type\":\"BreadcrumbList\",\"@id\":\"https:\/\/livrariasolmar.pt\/produto\/poesia-completa\/#breadcrumb\",\"itemListElement\":[{\"@type\":\"ListItem\",\"position\":1,\"name\":\"In\\u00edcio\",\"item\":\"https:\/\/livrariasolmar.pt\/en\/\"},{\"@type\":\"ListItem\",\"position\":2,\"name\":\"Shop\",\"item\":\"https:\/\/livrariasolmar.pt\/en\/shop\/\"},{\"@type\":\"ListItem\",\"position\":3,\"name\":\"Poesia Completa\"}]}]}<\/script>\n<!-- \/ Yoast SEO plugin. -->","_links":{"self":[{"href":"https:\/\/livrariasolmar.pt\/en\/wp-json\/wp\/v2\/product\/5852"}],"collection":[{"href":"https:\/\/livrariasolmar.pt\/en\/wp-json\/wp\/v2\/product"}],"about":[{"href":"https:\/\/livrariasolmar.pt\/en\/wp-json\/wp\/v2\/types\/product"}],"author":[{"embeddable":true,"href":"https:\/\/livrariasolmar.pt\/en\/wp-json\/wp\/v2\/users\/2"}],"wp:featuredmedia":[{"embeddable":true,"href":"https:\/\/livrariasolmar.pt\/en\/wp-json\/wp\/v2\/media\/5853"}],"wp:attachment":[{"href":"https:\/\/livrariasolmar.pt\/en\/wp-json\/wp\/v2\/media?parent=5852"}],"wp:term":[{"taxonomy":"product_cat","embeddable":true,"href":"https:\/\/livrariasolmar.pt\/en\/wp-json\/wp\/v2\/product_cat?post=5852"},{"taxonomy":"product_tag","embeddable":true,"href":"https:\/\/livrariasolmar.pt\/en\/wp-json\/wp\/v2\/product_tag?post=5852"},{"taxonomy":"cat_produtos","embeddable":true,"href":"https:\/\/livrariasolmar.pt\/en\/wp-json\/wp\/v2\/cat_produtos?post=5852"}],"curies":[{"name":"wp","href":"https:\/\/api.w.org\/{rel}","templated":true}]}}