{"id":5992,"date":"2023-02-14T15:14:13","date_gmt":"2023-02-14T15:14:13","guid":{"rendered":"https:\/\/livrariasolmar.pt\/?post_type=product&#038;p=5992"},"modified":"2024-12-17T20:29:46","modified_gmt":"2024-12-17T20:29:46","slug":"m-train","status":"publish","type":"product","link":"https:\/\/livrariasolmar.pt\/en\/produto\/m-train\/","title":{"rendered":"M Train"},"content":{"rendered":"","protected":false},"excerpt":{"rendered":"<p>Ilustrado com dezenas de polaroides da pr\u00f3pria autora, M Train \u00e9 uma narrativa de viagens, e uma medita\u00e7\u00e3o sobre literatura, escritores &#8211; e caf\u00e9s.<\/p>\n<p>Sentada no seu caf\u00e9 nova-iorquino preferido, Patti Smith lembra as sucessivas viagens que alimentam as suas obsess\u00f5es art\u00edsticas e liter\u00e1rias, bem como o seu desejo de uma beleza que transgrida a ordem do tempo. Viajamos da Guiana ou do M\u00e9xico e da casa de Frida Kahlo at\u00e9 Berlim, contemplamos os t\u00famulos de Jean Genet, Sylvia Plath, Rimbaud e Mishima, sentamo-nos na cadeira que pertenceu a Roberto Bola\u00f1o, visitamos hot\u00e9is que lembram s\u00e9ries de televis\u00e3o, homenageamos Burroughs, ou Sebald \u2014 e, como todos os viajantes, recordamos coisas sem explica\u00e7\u00e3o.<\/p>\n<p>Livro de viagens, M Train \u00e9 uma das experi\u00eancias mais contagiantes para quem alguma vez foi ferido pelo animal da literatura, levando-nos pelos lugares em nome da mem\u00f3ria que transportam, talvez porque viajar e ler sejam formas de superar a morte.<\/p>\n","protected":false},"author":2,"featured_media":5993,"template":"","meta":[],"product_cat":[153],"product_tag":[],"cat_produtos":[],"yoast_head":"<!-- This site is optimized with the Yoast SEO plugin v16.6 - https:\/\/yoast.com\/wordpress\/plugins\/seo\/ -->\n<title>M Train - Livraria Solmar - Livraria online<\/title>\n<meta name=\"robots\" content=\"index, follow, max-snippet:-1, max-image-preview:large, max-video-preview:-1\" \/>\n<link rel=\"canonical\" href=\"https:\/\/livrariasolmar.pt\/en\/produto\/m-train\/\" \/>\n<meta property=\"og:locale\" content=\"en_US\" \/>\n<meta property=\"og:type\" content=\"article\" \/>\n<meta property=\"og:title\" content=\"M Train - Livraria Solmar - Livraria online\" \/>\n<meta property=\"og:description\" content=\"Ilustrado com dezenas de polaroides da pr\u00f3pria autora, M Train \u00e9 uma narrativa de viagens, e uma medita\u00e7\u00e3o sobre literatura, escritores - e caf\u00e9s.  Sentada no seu caf\u00e9 nova-iorquino preferido, Patti Smith lembra as sucessivas viagens que alimentam as suas obsess\u00f5es art\u00edsticas e liter\u00e1rias, bem como o seu desejo de uma beleza que transgrida a ordem do tempo. Viajamos da Guiana ou do M\u00e9xico e da casa de Frida Kahlo at\u00e9 Berlim, contemplamos os t\u00famulos de Jean Genet, Sylvia Plath, Rimbaud e Mishima, sentamo-nos na cadeira que pertenceu a Roberto Bola\u00f1o, visitamos hot\u00e9is que lembram s\u00e9ries de televis\u00e3o, homenageamos Burroughs, ou Sebald \u2014 e, como todos os viajantes, recordamos coisas sem explica\u00e7\u00e3o.  Livro de viagens, M Train \u00e9 uma das experi\u00eancias mais contagiantes para quem alguma vez foi ferido pelo animal da literatura, levando-nos pelos lugares em nome da mem\u00f3ria que transportam, talvez porque viajar e ler sejam formas de superar a morte.\" \/>\n<meta property=\"og:url\" content=\"https:\/\/livrariasolmar.pt\/produto\/m-train\/\" \/>\n<meta property=\"og:site_name\" content=\"Livraria Solmar - Livraria online\" \/>\n<meta property=\"article:modified_time\" content=\"2024-12-17T20:29:46+00:00\" \/>\n<meta property=\"og:image\" content=\"https:\/\/livrariasolmar.pt\/wp-content\/uploads\/2023\/02\/500_9789897228681_capa.jpg\" \/>\n\t<meta property=\"og:image:width\" content=\"320\" \/>\n\t<meta property=\"og:image:height\" content=\"500\" \/>\n<meta name=\"twitter:card\" content=\"summary_large_image\" \/>\n<script type=\"application\/ld+json\" class=\"yoast-schema-graph\">{\"@context\":\"https:\/\/schema.org\",\"@graph\":[{\"@type\":\"WebSite\",\"@id\":\"https:\/\/livrariasolmar.pt\/#website\",\"url\":\"https:\/\/livrariasolmar.pt\/\",\"name\":\"Livraria Solmar - Livraria online\",\"description\":\"Com\\u00e9rcio Livros E Objetos De Arte, Lda - Ponta Delgada, A\\u00e7ores\",\"potentialAction\":[{\"@type\":\"SearchAction\",\"target\":{\"@type\":\"EntryPoint\",\"urlTemplate\":\"https:\/\/livrariasolmar.pt\/?s={search_term_string}\"},\"query-input\":\"required name=search_term_string\"}],\"inLanguage\":\"en-US\"},{\"@type\":\"ImageObject\",\"@id\":\"https:\/\/livrariasolmar.pt\/produto\/m-train\/#primaryimage\",\"inLanguage\":\"en-US\",\"url\":\"https:\/\/livrariasolmar.pt\/wp-content\/uploads\/2023\/02\/500_9789897228681_capa.jpg\",\"contentUrl\":\"https:\/\/livrariasolmar.pt\/wp-content\/uploads\/2023\/02\/500_9789897228681_capa.jpg\",\"width\":320,\"height\":500},{\"@type\":\"WebPage\",\"@id\":\"https:\/\/livrariasolmar.pt\/produto\/m-train\/#webpage\",\"url\":\"https:\/\/livrariasolmar.pt\/produto\/m-train\/\",\"name\":\"M Train - Livraria Solmar - Livraria online\",\"isPartOf\":{\"@id\":\"https:\/\/livrariasolmar.pt\/#website\"},\"primaryImageOfPage\":{\"@id\":\"https:\/\/livrariasolmar.pt\/produto\/m-train\/#primaryimage\"},\"datePublished\":\"2023-02-14T15:14:13+00:00\",\"dateModified\":\"2024-12-17T20:29:46+00:00\",\"breadcrumb\":{\"@id\":\"https:\/\/livrariasolmar.pt\/produto\/m-train\/#breadcrumb\"},\"inLanguage\":\"en-US\",\"potentialAction\":[{\"@type\":\"ReadAction\",\"target\":[\"https:\/\/livrariasolmar.pt\/produto\/m-train\/\"]}]},{\"@type\":\"BreadcrumbList\",\"@id\":\"https:\/\/livrariasolmar.pt\/produto\/m-train\/#breadcrumb\",\"itemListElement\":[{\"@type\":\"ListItem\",\"position\":1,\"name\":\"In\\u00edcio\",\"item\":\"https:\/\/livrariasolmar.pt\/en\/\"},{\"@type\":\"ListItem\",\"position\":2,\"name\":\"Shop\",\"item\":\"https:\/\/livrariasolmar.pt\/en\/shop\/\"},{\"@type\":\"ListItem\",\"position\":3,\"name\":\"M Train\"}]}]}<\/script>\n<!-- \/ Yoast SEO plugin. -->","_links":{"self":[{"href":"https:\/\/livrariasolmar.pt\/en\/wp-json\/wp\/v2\/product\/5992"}],"collection":[{"href":"https:\/\/livrariasolmar.pt\/en\/wp-json\/wp\/v2\/product"}],"about":[{"href":"https:\/\/livrariasolmar.pt\/en\/wp-json\/wp\/v2\/types\/product"}],"author":[{"embeddable":true,"href":"https:\/\/livrariasolmar.pt\/en\/wp-json\/wp\/v2\/users\/2"}],"wp:featuredmedia":[{"embeddable":true,"href":"https:\/\/livrariasolmar.pt\/en\/wp-json\/wp\/v2\/media\/5993"}],"wp:attachment":[{"href":"https:\/\/livrariasolmar.pt\/en\/wp-json\/wp\/v2\/media?parent=5992"}],"wp:term":[{"taxonomy":"product_cat","embeddable":true,"href":"https:\/\/livrariasolmar.pt\/en\/wp-json\/wp\/v2\/product_cat?post=5992"},{"taxonomy":"product_tag","embeddable":true,"href":"https:\/\/livrariasolmar.pt\/en\/wp-json\/wp\/v2\/product_tag?post=5992"},{"taxonomy":"cat_produtos","embeddable":true,"href":"https:\/\/livrariasolmar.pt\/en\/wp-json\/wp\/v2\/cat_produtos?post=5992"}],"curies":[{"name":"wp","href":"https:\/\/api.w.org\/{rel}","templated":true}]}}