{"id":6125,"date":"2023-02-17T19:39:42","date_gmt":"2023-02-17T19:39:42","guid":{"rendered":"https:\/\/livrariasolmar.pt\/?post_type=product&#038;p=6125"},"modified":"2023-02-17T19:39:43","modified_gmt":"2023-02-17T19:39:43","slug":"lugar-de-massacre","status":"publish","type":"product","link":"https:\/\/livrariasolmar.pt\/en\/produto\/lugar-de-massacre\/","title":{"rendered":"Lugar de Massacre"},"content":{"rendered":"","protected":false},"excerpt":{"rendered":"<p>Neste livro n\u00e3o h\u00e1 amanh\u00e3s que cantam, nem sequer um requiem por um Portugal moribundo, nem tampouco qualquer glorifica\u00e7\u00e3o da luta do inimigo pela sua emancipa\u00e7\u00e3o. O inimigo \u00e9 invis\u00edvel, mas existe no cora\u00e7\u00e3o do mato e \u00e9 dessa fantasmagoria que emerge o horror. A selva esconde um perigo de morte, causa de um vigilante &#8220;horror que adivinha o inquietante mais do que v\u00ea, mas que por isso mesmo o homem \u00e9 apanhado por ele nas suas garras poderosas&#8221;.<br \/>\nA cita\u00e7\u00e3o de Ernst J\u00fcnger \u00e9 transplantada de\u00a0<i>O Cora\u00e7\u00e3o Aventuroso<\/i>, mas o horror que se vive na Guerra da Guin\u00e9 est\u00e1 mais pr\u00f3ximo da fronteira de temor que ecoa no\u00a0<i>Cora\u00e7\u00e3o das Trevas<\/i>\u00a0de Joseph Conrad.\u00a0<i>Em Lugar de Massacre<\/i>, rio acima at\u00e9 \u00e0 Ponta do Ingl\u00eas, s\u00edtio n\u00e3o cartografado e de indecifr\u00e1vel valor estrat\u00e9gico-militar, a guarni\u00e7\u00e3o, ao atingir o seu in\u00fatil destino, salta da lancha de patrulha &#8220;atascando-se at\u00e9 ao joelho num solo trai\u00e7oeiro&#8221; para ser emboscada pela &#8220;sombria e pensativa floresta&#8221;, de que nos fala Conrad, e de cujo cora\u00e7\u00e3o aparecem seres humanos &#8220;como se sa\u00edssem da terra&#8221;. O horror tel\u00farico \u00e9 o mesmo que povoa o\u00a0<i>Cora\u00e7\u00e3o das Trevas<\/i>, sendo que temos Pierre Avince no lugar de Marlow e o Rio Geba \u00e9 o equivalente do Rio Congo.<br \/>\nEm ambos, os homens \u00e0 deriva est\u00e3o \u00e0 merc\u00ea da &#8220;grande muralha de vegeta\u00e7\u00e3o &#8211; exuberante, emaranhado de troncos, ramos, folhas, rebentos e grinaldas &#8211; que lembra uma invas\u00e3o violenta de silenciosa vida, uma alta onda vegetal, prestes a desabar na enseada e a varrer os homens insignificantes&#8221;, citando Conrad.<br \/>\n[Jo\u00e3o Nuno Almeida e Sousa, em &#8220;\u00c0 Deriva no Imp\u00e9rio Morto&#8221; texto de abertura de Lugar de Massacre]<\/p>\n","protected":false},"author":2,"featured_media":6126,"template":"","meta":[],"product_cat":[146],"product_tag":[],"cat_produtos":[],"yoast_head":"<!-- This site is optimized with the Yoast SEO plugin v16.6 - https:\/\/yoast.com\/wordpress\/plugins\/seo\/ -->\n<title>Lugar de Massacre - Livraria Solmar - Livraria online<\/title>\n<meta name=\"robots\" content=\"index, follow, max-snippet:-1, max-image-preview:large, max-video-preview:-1\" \/>\n<link rel=\"canonical\" href=\"https:\/\/livrariasolmar.pt\/en\/produto\/lugar-de-massacre\/\" \/>\n<meta property=\"og:locale\" content=\"en_US\" \/>\n<meta property=\"og:type\" content=\"article\" \/>\n<meta property=\"og:title\" content=\"Lugar de Massacre - Livraria Solmar - Livraria online\" \/>\n<meta property=\"og:description\" content=\"Neste livro n\u00e3o h\u00e1 amanh\u00e3s que cantam, nem sequer um requiem por um Portugal moribundo, nem tampouco qualquer glorifica\u00e7\u00e3o da luta do inimigo pela sua emancipa\u00e7\u00e3o. O inimigo \u00e9 invis\u00edvel, mas existe no cora\u00e7\u00e3o do mato e \u00e9 dessa fantasmagoria que emerge o horror. A selva esconde um perigo de morte, causa de um vigilante &quot;horror que adivinha o inquietante mais do que v\u00ea, mas que por isso mesmo o homem \u00e9 apanhado por ele nas suas garras poderosas&quot;. A cita\u00e7\u00e3o de Ernst J\u00fcnger \u00e9 transplantada de\u00a0O Cora\u00e7\u00e3o Aventuroso, mas o horror que se vive na Guerra da Guin\u00e9 est\u00e1 mais pr\u00f3ximo da fronteira de temor que ecoa no\u00a0Cora\u00e7\u00e3o das Trevas\u00a0de Joseph Conrad.\u00a0Em Lugar de Massacre, rio acima at\u00e9 \u00e0 Ponta do Ingl\u00eas, s\u00edtio n\u00e3o cartografado e de indecifr\u00e1vel valor estrat\u00e9gico-militar, a guarni\u00e7\u00e3o, ao atingir o seu in\u00fatil destino, salta da lancha de patrulha &quot;atascando-se at\u00e9 ao joelho num solo trai\u00e7oeiro&quot; para ser emboscada pela &quot;sombria e pensativa floresta&quot;, de que nos fala Conrad, e de cujo cora\u00e7\u00e3o aparecem seres humanos &quot;como se sa\u00edssem da terra&quot;. O horror tel\u00farico \u00e9 o mesmo que povoa o\u00a0Cora\u00e7\u00e3o das Trevas, sendo que temos Pierre Avince no lugar de Marlow e o Rio Geba \u00e9 o equivalente do Rio Congo. Em ambos, os homens \u00e0 deriva est\u00e3o \u00e0 merc\u00ea da &quot;grande muralha de vegeta\u00e7\u00e3o - exuberante, emaranhado de troncos, ramos, folhas, rebentos e grinaldas - que lembra uma invas\u00e3o violenta de silenciosa vida, uma alta onda vegetal, prestes a desabar na enseada e a varrer os homens insignificantes&quot;, citando Conrad. [Jo\u00e3o Nuno Almeida e Sousa, em &quot;\u00c0 Deriva no Imp\u00e9rio Morto&quot; texto de abertura de Lugar de Massacre]\" \/>\n<meta property=\"og:url\" content=\"https:\/\/livrariasolmar.pt\/produto\/lugar-de-massacre\/\" \/>\n<meta property=\"og:site_name\" content=\"Livraria Solmar - Livraria online\" \/>\n<meta property=\"article:modified_time\" content=\"2023-02-17T19:39:43+00:00\" \/>\n<meta property=\"og:image\" content=\"https:\/\/livrariasolmar.pt\/wp-content\/uploads\/2023\/02\/51sDKvIHZJL._SX317_BO1204203200_.jpg\" \/>\n\t<meta property=\"og:image:width\" content=\"319\" \/>\n\t<meta property=\"og:image:height\" content=\"499\" \/>\n<meta name=\"twitter:card\" content=\"summary_large_image\" \/>\n<script type=\"application\/ld+json\" class=\"yoast-schema-graph\">{\"@context\":\"https:\/\/schema.org\",\"@graph\":[{\"@type\":\"WebSite\",\"@id\":\"https:\/\/livrariasolmar.pt\/#website\",\"url\":\"https:\/\/livrariasolmar.pt\/\",\"name\":\"Livraria Solmar - Livraria online\",\"description\":\"Com\\u00e9rcio Livros E Objetos De Arte, Lda - Ponta Delgada, A\\u00e7ores\",\"potentialAction\":[{\"@type\":\"SearchAction\",\"target\":{\"@type\":\"EntryPoint\",\"urlTemplate\":\"https:\/\/livrariasolmar.pt\/?s={search_term_string}\"},\"query-input\":\"required name=search_term_string\"}],\"inLanguage\":\"en-US\"},{\"@type\":\"ImageObject\",\"@id\":\"https:\/\/livrariasolmar.pt\/produto\/lugar-de-massacre\/#primaryimage\",\"inLanguage\":\"en-US\",\"url\":\"https:\/\/livrariasolmar.pt\/wp-content\/uploads\/2023\/02\/51sDKvIHZJL._SX317_BO1204203200_.jpg\",\"contentUrl\":\"https:\/\/livrariasolmar.pt\/wp-content\/uploads\/2023\/02\/51sDKvIHZJL._SX317_BO1204203200_.jpg\",\"width\":319,\"height\":499},{\"@type\":\"WebPage\",\"@id\":\"https:\/\/livrariasolmar.pt\/produto\/lugar-de-massacre\/#webpage\",\"url\":\"https:\/\/livrariasolmar.pt\/produto\/lugar-de-massacre\/\",\"name\":\"Lugar de Massacre - Livraria Solmar - Livraria online\",\"isPartOf\":{\"@id\":\"https:\/\/livrariasolmar.pt\/#website\"},\"primaryImageOfPage\":{\"@id\":\"https:\/\/livrariasolmar.pt\/produto\/lugar-de-massacre\/#primaryimage\"},\"datePublished\":\"2023-02-17T19:39:42+00:00\",\"dateModified\":\"2023-02-17T19:39:43+00:00\",\"breadcrumb\":{\"@id\":\"https:\/\/livrariasolmar.pt\/produto\/lugar-de-massacre\/#breadcrumb\"},\"inLanguage\":\"en-US\",\"potentialAction\":[{\"@type\":\"ReadAction\",\"target\":[\"https:\/\/livrariasolmar.pt\/produto\/lugar-de-massacre\/\"]}]},{\"@type\":\"BreadcrumbList\",\"@id\":\"https:\/\/livrariasolmar.pt\/produto\/lugar-de-massacre\/#breadcrumb\",\"itemListElement\":[{\"@type\":\"ListItem\",\"position\":1,\"name\":\"In\\u00edcio\",\"item\":\"https:\/\/livrariasolmar.pt\/en\/\"},{\"@type\":\"ListItem\",\"position\":2,\"name\":\"Shop\",\"item\":\"https:\/\/livrariasolmar.pt\/en\/shop\/\"},{\"@type\":\"ListItem\",\"position\":3,\"name\":\"Lugar de Massacre\"}]}]}<\/script>\n<!-- \/ Yoast SEO plugin. -->","_links":{"self":[{"href":"https:\/\/livrariasolmar.pt\/en\/wp-json\/wp\/v2\/product\/6125"}],"collection":[{"href":"https:\/\/livrariasolmar.pt\/en\/wp-json\/wp\/v2\/product"}],"about":[{"href":"https:\/\/livrariasolmar.pt\/en\/wp-json\/wp\/v2\/types\/product"}],"author":[{"embeddable":true,"href":"https:\/\/livrariasolmar.pt\/en\/wp-json\/wp\/v2\/users\/2"}],"wp:featuredmedia":[{"embeddable":true,"href":"https:\/\/livrariasolmar.pt\/en\/wp-json\/wp\/v2\/media\/6126"}],"wp:attachment":[{"href":"https:\/\/livrariasolmar.pt\/en\/wp-json\/wp\/v2\/media?parent=6125"}],"wp:term":[{"taxonomy":"product_cat","embeddable":true,"href":"https:\/\/livrariasolmar.pt\/en\/wp-json\/wp\/v2\/product_cat?post=6125"},{"taxonomy":"product_tag","embeddable":true,"href":"https:\/\/livrariasolmar.pt\/en\/wp-json\/wp\/v2\/product_tag?post=6125"},{"taxonomy":"cat_produtos","embeddable":true,"href":"https:\/\/livrariasolmar.pt\/en\/wp-json\/wp\/v2\/cat_produtos?post=6125"}],"curies":[{"name":"wp","href":"https:\/\/api.w.org\/{rel}","templated":true}]}}