{"id":6212,"date":"2023-02-28T13:26:06","date_gmt":"2023-02-28T13:26:06","guid":{"rendered":"https:\/\/livrariasolmar.pt\/?post_type=product&#038;p=6212"},"modified":"2026-03-29T11:06:20","modified_gmt":"2026-03-29T11:06:20","slug":"o-dever-de-deslumbrar","status":"publish","type":"product","link":"https:\/\/livrariasolmar.pt\/en\/produto\/o-dever-de-deslumbrar\/","title":{"rendered":"O Dever de Deslumbrar"},"content":{"rendered":"","protected":false},"excerpt":{"rendered":"<p>Intimidando pela verve de ar\u00edete e pela beleza, Nat\u00e1lia Correia simbolizou, como poucos, as inquieta\u00e7\u00f5es do s\u00e9culo XX portugu\u00eas. Precoce e radical no pensamento feminino, v\u00edtima de efabula\u00e7\u00f5es e de mitos, incompreendida e amada, lan\u00e7ou um olhar oracular sobre o seu tempo. Em tert\u00falias, que eram verdadeiras olimp\u00edadas da confraterniza\u00e7\u00e3o lisboeta, o seu tra\u00e7o aglutinador envolvia, juntamente com o fumo dos cigarros, intelectuais e admiradores, que se irmanavam com p\u00e1rias e malditos em ideias e poemas de vanguarda.<\/p>\n<p>Mulher deslumbrante e carism\u00e1tica, equiparada \u00e0s maiores pensadoras europeias e \u00e0s estrelas de Hollywood, atacou o Regime onde mais lhe do\u00eda &#8211; na moral caduca -, elegeu o erotismo como arma pol\u00edtica e tornou-se a autora mais censurada da ditadura. J\u00e1 no bar que fundou em Lisboa, fez e desfez governos \u00e0 batuta da sua boquilha.<\/p>\n<p>Nesta biografia, da autoria de uma das vozes mais seguras da nova literatura portuguesa, convivem a libert\u00e1ria e a conservadora, avessa a expor a sua atribulada vida \u00edntima, a mulher que desprezava a pol\u00edtica partid\u00e1ria e que nela viveu, inclusive como deputada; o esp\u00edrito fr\u00e1gil e o temperamento intempestivo; o pol\u00e9mico exerc\u00edcio de fun\u00e7\u00f5es diretivas em \u00f3rg\u00e3os de imprensa e a defesa intransigente das causas maiores; e, em todas as p\u00e1ginas, as contradi\u00e7\u00f5es e coer\u00eancias de uma pensadora capaz de criar para si pr\u00f3pria uma narrativa que n\u00e3o a torturasse pelas escolhas que fez.<\/p>\n<p>&nbsp;<\/p>\n","protected":false},"author":2,"featured_media":6203,"template":"","meta":[],"product_cat":[176],"product_tag":[],"cat_produtos":[],"yoast_head":"<!-- This site is optimized with the Yoast SEO plugin v16.6 - https:\/\/yoast.com\/wordpress\/plugins\/seo\/ -->\n<title>O Dever de Deslumbrar - Livraria Solmar - Livraria online<\/title>\n<meta name=\"robots\" content=\"index, follow, max-snippet:-1, max-image-preview:large, max-video-preview:-1\" \/>\n<link rel=\"canonical\" href=\"https:\/\/livrariasolmar.pt\/en\/produto\/o-dever-de-deslumbrar\/\" \/>\n<meta property=\"og:locale\" content=\"en_US\" \/>\n<meta property=\"og:type\" content=\"article\" \/>\n<meta property=\"og:title\" content=\"O Dever de Deslumbrar - Livraria Solmar - Livraria online\" \/>\n<meta property=\"og:description\" content=\"Intimidando pela verve de ar\u00edete e pela beleza, Nat\u00e1lia Correia simbolizou, como poucos, as inquieta\u00e7\u00f5es do s\u00e9culo XX portugu\u00eas. Precoce e radical no pensamento feminino, v\u00edtima de efabula\u00e7\u00f5es e de mitos, incompreendida e amada, lan\u00e7ou um olhar oracular sobre o seu tempo. Em tert\u00falias, que eram verdadeiras olimp\u00edadas da confraterniza\u00e7\u00e3o lisboeta, o seu tra\u00e7o aglutinador envolvia, juntamente com o fumo dos cigarros, intelectuais e admiradores, que se irmanavam com p\u00e1rias e malditos em ideias e poemas de vanguarda.  Mulher deslumbrante e carism\u00e1tica, equiparada \u00e0s maiores pensadoras europeias e \u00e0s estrelas de Hollywood, atacou o Regime onde mais lhe do\u00eda - na moral caduca -, elegeu o erotismo como arma pol\u00edtica e tornou-se a autora mais censurada da ditadura. J\u00e1 no bar que fundou em Lisboa, fez e desfez governos \u00e0 batuta da sua boquilha.  Nesta biografia, da autoria de uma das vozes mais seguras da nova literatura portuguesa, convivem a libert\u00e1ria e a conservadora, avessa a expor a sua atribulada vida \u00edntima, a mulher que desprezava a pol\u00edtica partid\u00e1ria e que nela viveu, inclusive como deputada; o esp\u00edrito fr\u00e1gil e o temperamento intempestivo; o pol\u00e9mico exerc\u00edcio de fun\u00e7\u00f5es diretivas em \u00f3rg\u00e3os de imprensa e a defesa intransigente das causas maiores; e, em todas as p\u00e1ginas, as contradi\u00e7\u00f5es e coer\u00eancias de uma pensadora capaz de criar para si pr\u00f3pria uma narrativa que n\u00e3o a torturasse pelas escolhas que fez.  &nbsp;\" \/>\n<meta property=\"og:url\" content=\"https:\/\/livrariasolmar.pt\/produto\/o-dever-de-deslumbrar\/\" \/>\n<meta property=\"og:site_name\" content=\"Livraria Solmar - Livraria online\" \/>\n<meta property=\"article:modified_time\" content=\"2026-03-29T11:06:20+00:00\" \/>\n<meta property=\"og:image\" content=\"https:\/\/livrariasolmar.pt\/wp-content\/uploads\/2023\/02\/Natalia-Correia.jpg\" \/>\n\t<meta property=\"og:image:width\" content=\"526\" \/>\n\t<meta property=\"og:image:height\" content=\"824\" \/>\n<meta name=\"twitter:card\" content=\"summary_large_image\" \/>\n<script type=\"application\/ld+json\" class=\"yoast-schema-graph\">{\"@context\":\"https:\/\/schema.org\",\"@graph\":[{\"@type\":\"WebSite\",\"@id\":\"https:\/\/livrariasolmar.pt\/#website\",\"url\":\"https:\/\/livrariasolmar.pt\/\",\"name\":\"Livraria Solmar - Livraria online\",\"description\":\"Com\\u00e9rcio Livros E Objetos De Arte, Lda - Ponta Delgada, A\\u00e7ores\",\"potentialAction\":[{\"@type\":\"SearchAction\",\"target\":{\"@type\":\"EntryPoint\",\"urlTemplate\":\"https:\/\/livrariasolmar.pt\/?s={search_term_string}\"},\"query-input\":\"required name=search_term_string\"}],\"inLanguage\":\"en-US\"},{\"@type\":\"ImageObject\",\"@id\":\"https:\/\/livrariasolmar.pt\/produto\/o-dever-de-deslumbrar\/#primaryimage\",\"inLanguage\":\"en-US\",\"url\":\"https:\/\/livrariasolmar.pt\/wp-content\/uploads\/2023\/02\/Natalia-Correia.jpg\",\"contentUrl\":\"https:\/\/livrariasolmar.pt\/wp-content\/uploads\/2023\/02\/Natalia-Correia.jpg\",\"width\":526,\"height\":824},{\"@type\":\"WebPage\",\"@id\":\"https:\/\/livrariasolmar.pt\/produto\/o-dever-de-deslumbrar\/#webpage\",\"url\":\"https:\/\/livrariasolmar.pt\/produto\/o-dever-de-deslumbrar\/\",\"name\":\"O Dever de Deslumbrar - Livraria Solmar - Livraria online\",\"isPartOf\":{\"@id\":\"https:\/\/livrariasolmar.pt\/#website\"},\"primaryImageOfPage\":{\"@id\":\"https:\/\/livrariasolmar.pt\/produto\/o-dever-de-deslumbrar\/#primaryimage\"},\"datePublished\":\"2023-02-28T13:26:06+00:00\",\"dateModified\":\"2026-03-29T11:06:20+00:00\",\"breadcrumb\":{\"@id\":\"https:\/\/livrariasolmar.pt\/produto\/o-dever-de-deslumbrar\/#breadcrumb\"},\"inLanguage\":\"en-US\",\"potentialAction\":[{\"@type\":\"ReadAction\",\"target\":[\"https:\/\/livrariasolmar.pt\/produto\/o-dever-de-deslumbrar\/\"]}]},{\"@type\":\"BreadcrumbList\",\"@id\":\"https:\/\/livrariasolmar.pt\/produto\/o-dever-de-deslumbrar\/#breadcrumb\",\"itemListElement\":[{\"@type\":\"ListItem\",\"position\":1,\"name\":\"In\\u00edcio\",\"item\":\"https:\/\/livrariasolmar.pt\/en\/\"},{\"@type\":\"ListItem\",\"position\":2,\"name\":\"Shop\",\"item\":\"https:\/\/livrariasolmar.pt\/en\/shop\/\"},{\"@type\":\"ListItem\",\"position\":3,\"name\":\"O Dever de Deslumbrar\"}]}]}<\/script>\n<!-- \/ Yoast SEO plugin. -->","_links":{"self":[{"href":"https:\/\/livrariasolmar.pt\/en\/wp-json\/wp\/v2\/product\/6212"}],"collection":[{"href":"https:\/\/livrariasolmar.pt\/en\/wp-json\/wp\/v2\/product"}],"about":[{"href":"https:\/\/livrariasolmar.pt\/en\/wp-json\/wp\/v2\/types\/product"}],"author":[{"embeddable":true,"href":"https:\/\/livrariasolmar.pt\/en\/wp-json\/wp\/v2\/users\/2"}],"wp:featuredmedia":[{"embeddable":true,"href":"https:\/\/livrariasolmar.pt\/en\/wp-json\/wp\/v2\/media\/6203"}],"wp:attachment":[{"href":"https:\/\/livrariasolmar.pt\/en\/wp-json\/wp\/v2\/media?parent=6212"}],"wp:term":[{"taxonomy":"product_cat","embeddable":true,"href":"https:\/\/livrariasolmar.pt\/en\/wp-json\/wp\/v2\/product_cat?post=6212"},{"taxonomy":"product_tag","embeddable":true,"href":"https:\/\/livrariasolmar.pt\/en\/wp-json\/wp\/v2\/product_tag?post=6212"},{"taxonomy":"cat_produtos","embeddable":true,"href":"https:\/\/livrariasolmar.pt\/en\/wp-json\/wp\/v2\/cat_produtos?post=6212"}],"curies":[{"name":"wp","href":"https:\/\/api.w.org\/{rel}","templated":true}]}}