{"id":6296,"date":"2023-03-28T14:36:09","date_gmt":"2023-03-28T14:36:09","guid":{"rendered":"https:\/\/livrariasolmar.pt\/?post_type=product&#038;p=6296"},"modified":"2024-10-10T14:36:52","modified_gmt":"2024-10-10T14:36:52","slug":"alice-no-pais-das-maravilhas","status":"publish","type":"product","link":"https:\/\/livrariasolmar.pt\/en\/produto\/alice-no-pais-das-maravilhas\/","title":{"rendered":"Alice no Pa\u00eds das Maravilhas"},"content":{"rendered":"","protected":false},"excerpt":{"rendered":"<p>Alice no Pa\u00eds das maravilhas \u00e9 provavelmente o livro de fantasias mais famoso de todos os tempos. Nas aventuras da pequena Alice, tudo \u00e9 poss\u00edvel, tudo \u00e9 maravilhoso, e na sua jornada desde que cai pela toca do coelho, a menina encontra personagens inesquec\u00edveis e que povoam os sonhos da nossa inf\u00e2ncia, como o Coelho Branco que anda sempre atraso, o Gato de Cheshire que n\u00e3o p\u00e1ra de rir, o Chapeleiro Louco, ou a Rainha de Copas, uma monarca com muito mau feitio e especial apet\u00eancia por decapita\u00e7\u00f5es.<\/p>\n","protected":false},"author":2,"featured_media":6297,"template":"","meta":[],"product_cat":[172],"product_tag":[],"cat_produtos":[],"yoast_head":"<!-- This site is optimized with the Yoast SEO plugin v16.6 - https:\/\/yoast.com\/wordpress\/plugins\/seo\/ -->\n<title>Alice no Pa\u00eds das Maravilhas - Livraria Solmar - Livraria online<\/title>\n<meta name=\"robots\" content=\"index, follow, max-snippet:-1, max-image-preview:large, max-video-preview:-1\" \/>\n<link rel=\"canonical\" href=\"https:\/\/livrariasolmar.pt\/en\/produto\/alice-no-pais-das-maravilhas\/\" \/>\n<meta property=\"og:locale\" content=\"en_US\" \/>\n<meta property=\"og:type\" content=\"article\" \/>\n<meta property=\"og:title\" content=\"Alice no Pa\u00eds das Maravilhas - Livraria Solmar - Livraria online\" \/>\n<meta property=\"og:description\" content=\"Alice no Pa\u00eds das maravilhas \u00e9 provavelmente o livro de fantasias mais famoso de todos os tempos. Nas aventuras da pequena Alice, tudo \u00e9 poss\u00edvel, tudo \u00e9 maravilhoso, e na sua jornada desde que cai pela toca do coelho, a menina encontra personagens inesquec\u00edveis e que povoam os sonhos da nossa inf\u00e2ncia, como o Coelho Branco que anda sempre atraso, o Gato de Cheshire que n\u00e3o p\u00e1ra de rir, o Chapeleiro Louco, ou a Rainha de Copas, uma monarca com muito mau feitio e especial apet\u00eancia por decapita\u00e7\u00f5es.\" \/>\n<meta property=\"og:url\" content=\"https:\/\/livrariasolmar.pt\/produto\/alice-no-pais-das-maravilhas\/\" \/>\n<meta property=\"og:site_name\" content=\"Livraria Solmar - Livraria online\" \/>\n<meta property=\"article:modified_time\" content=\"2024-10-10T14:36:52+00:00\" \/>\n<meta property=\"og:image\" content=\"https:\/\/livrariasolmar.pt\/wp-content\/uploads\/2023\/03\/300x-1-2.jpg\" \/>\n\t<meta property=\"og:image:width\" content=\"300\" \/>\n\t<meta property=\"og:image:height\" content=\"464\" \/>\n<meta name=\"twitter:card\" content=\"summary_large_image\" \/>\n<script type=\"application\/ld+json\" class=\"yoast-schema-graph\">{\"@context\":\"https:\/\/schema.org\",\"@graph\":[{\"@type\":\"WebSite\",\"@id\":\"https:\/\/livrariasolmar.pt\/#website\",\"url\":\"https:\/\/livrariasolmar.pt\/\",\"name\":\"Livraria Solmar - Livraria online\",\"description\":\"Com\\u00e9rcio Livros E Objetos De Arte, Lda - Ponta Delgada, A\\u00e7ores\",\"potentialAction\":[{\"@type\":\"SearchAction\",\"target\":{\"@type\":\"EntryPoint\",\"urlTemplate\":\"https:\/\/livrariasolmar.pt\/?s={search_term_string}\"},\"query-input\":\"required name=search_term_string\"}],\"inLanguage\":\"en-US\"},{\"@type\":\"ImageObject\",\"@id\":\"https:\/\/livrariasolmar.pt\/produto\/alice-no-pais-das-maravilhas\/#primaryimage\",\"inLanguage\":\"en-US\",\"url\":\"https:\/\/livrariasolmar.pt\/wp-content\/uploads\/2023\/03\/300x-1-2.jpg\",\"contentUrl\":\"https:\/\/livrariasolmar.pt\/wp-content\/uploads\/2023\/03\/300x-1-2.jpg\",\"width\":300,\"height\":464},{\"@type\":\"WebPage\",\"@id\":\"https:\/\/livrariasolmar.pt\/produto\/alice-no-pais-das-maravilhas\/#webpage\",\"url\":\"https:\/\/livrariasolmar.pt\/produto\/alice-no-pais-das-maravilhas\/\",\"name\":\"Alice no Pa\\u00eds das Maravilhas - Livraria Solmar - Livraria online\",\"isPartOf\":{\"@id\":\"https:\/\/livrariasolmar.pt\/#website\"},\"primaryImageOfPage\":{\"@id\":\"https:\/\/livrariasolmar.pt\/produto\/alice-no-pais-das-maravilhas\/#primaryimage\"},\"datePublished\":\"2023-03-28T14:36:09+00:00\",\"dateModified\":\"2024-10-10T14:36:52+00:00\",\"breadcrumb\":{\"@id\":\"https:\/\/livrariasolmar.pt\/produto\/alice-no-pais-das-maravilhas\/#breadcrumb\"},\"inLanguage\":\"en-US\",\"potentialAction\":[{\"@type\":\"ReadAction\",\"target\":[\"https:\/\/livrariasolmar.pt\/produto\/alice-no-pais-das-maravilhas\/\"]}]},{\"@type\":\"BreadcrumbList\",\"@id\":\"https:\/\/livrariasolmar.pt\/produto\/alice-no-pais-das-maravilhas\/#breadcrumb\",\"itemListElement\":[{\"@type\":\"ListItem\",\"position\":1,\"name\":\"In\\u00edcio\",\"item\":\"https:\/\/livrariasolmar.pt\/en\/\"},{\"@type\":\"ListItem\",\"position\":2,\"name\":\"Shop\",\"item\":\"https:\/\/livrariasolmar.pt\/en\/shop\/\"},{\"@type\":\"ListItem\",\"position\":3,\"name\":\"Alice no Pa\\u00eds das Maravilhas\"}]}]}<\/script>\n<!-- \/ Yoast SEO plugin. -->","_links":{"self":[{"href":"https:\/\/livrariasolmar.pt\/en\/wp-json\/wp\/v2\/product\/6296"}],"collection":[{"href":"https:\/\/livrariasolmar.pt\/en\/wp-json\/wp\/v2\/product"}],"about":[{"href":"https:\/\/livrariasolmar.pt\/en\/wp-json\/wp\/v2\/types\/product"}],"author":[{"embeddable":true,"href":"https:\/\/livrariasolmar.pt\/en\/wp-json\/wp\/v2\/users\/2"}],"wp:featuredmedia":[{"embeddable":true,"href":"https:\/\/livrariasolmar.pt\/en\/wp-json\/wp\/v2\/media\/6297"}],"wp:attachment":[{"href":"https:\/\/livrariasolmar.pt\/en\/wp-json\/wp\/v2\/media?parent=6296"}],"wp:term":[{"taxonomy":"product_cat","embeddable":true,"href":"https:\/\/livrariasolmar.pt\/en\/wp-json\/wp\/v2\/product_cat?post=6296"},{"taxonomy":"product_tag","embeddable":true,"href":"https:\/\/livrariasolmar.pt\/en\/wp-json\/wp\/v2\/product_tag?post=6296"},{"taxonomy":"cat_produtos","embeddable":true,"href":"https:\/\/livrariasolmar.pt\/en\/wp-json\/wp\/v2\/cat_produtos?post=6296"}],"curies":[{"name":"wp","href":"https:\/\/api.w.org\/{rel}","templated":true}]}}