{"id":6537,"date":"2023-05-10T17:19:01","date_gmt":"2023-05-10T17:19:01","guid":{"rendered":"https:\/\/livrariasolmar.pt\/?post_type=product&#038;p=6537"},"modified":"2024-08-15T16:26:17","modified_gmt":"2024-08-15T16:26:17","slug":"em-continua-evolucao","status":"publish","type":"product","link":"https:\/\/livrariasolmar.pt\/en\/produto\/em-continua-evolucao\/","title":{"rendered":"Em Cont\u00ednua Evolu\u00e7\u00e3o"},"content":{"rendered":"","protected":false},"excerpt":{"rendered":"<p>Vejo no teu olhar que \u00e9s uma pessoa curiosa. As pessoas curiosas fazem muitas perguntas e, \u00e0s vezes, n\u00e3o ficam satisfeitas com as respostas que encontram nos livros, que lhes d\u00e3o na escola, que a fam\u00edlia lhes oferece\u2026 Ent\u00e3o, procuram novas e melhores explica\u00e7\u00f5es.\u2026<\/p>\n<p>\u00abEm cont\u00ednua evolu\u00e7\u00e3o\u00bb presta uma clara homenagem \u00e0 figura e ao legado do naturalista Charles Darwin precisamente por enraizar a sua estrutura no progresso cient\u00edfico, colocando d\u00favidas, questionando as ideias estabelecidas e procurando novas respostas com aud\u00e1cia.<br \/>\nPelo recurso a um tom coloquial e direto com que vai interpelando o leitor, incentivando-o a &#8220;viajar, observar, recolher, saborear, tocar, escavar, trepar\u2026&#8221;, que nem um investigador; o epistem\u00f3logo Santiago Ginnobili faz uma abordagem ao pensamento darwiniano convidando-o, e a todos n\u00f3s tamb\u00e9m, a entender quem somos e de onde vimos, ao mesmo tempo que p\u00f5e em destaque a beleza, a complexidade e a diversidade do mundo em que vivemos.<br \/>\nE isto porque este livro corrobora que todos os organismos da Terra se encontram aparentados atrav\u00e9s de uma imensa \u00e1rvore da vida e que n\u00f3s, seres humanos, n\u00e3o passamos de uma pequena parte de uma grande fam\u00edlia.<br \/>\nA original proposta est\u00e9tica de Guido Ferro combina imagens inspiradas nos antigos livros cient\u00edficos com ilustra\u00e7\u00f5es surpreendentes. Descritivas e humor\u00edsticas, refor\u00e7am o estilo atual e quase pessoal deste livro informativo que pretende inculcar nas crian\u00e7as o interesse e a curiosidade para a ci\u00eancia e para a vida.<\/p>\n","protected":false},"author":2,"featured_media":6538,"template":"","meta":[],"product_cat":[172],"product_tag":[],"cat_produtos":[],"yoast_head":"<!-- This site is optimized with the Yoast SEO plugin v16.6 - https:\/\/yoast.com\/wordpress\/plugins\/seo\/ -->\n<title>Em Cont\u00ednua Evolu\u00e7\u00e3o - Livraria Solmar - Livraria online<\/title>\n<meta name=\"robots\" content=\"index, follow, max-snippet:-1, max-image-preview:large, max-video-preview:-1\" \/>\n<link rel=\"canonical\" href=\"https:\/\/livrariasolmar.pt\/en\/produto\/em-continua-evolucao\/\" \/>\n<meta property=\"og:locale\" content=\"en_US\" \/>\n<meta property=\"og:type\" content=\"article\" \/>\n<meta property=\"og:title\" content=\"Em Cont\u00ednua Evolu\u00e7\u00e3o - Livraria Solmar - Livraria online\" \/>\n<meta property=\"og:description\" content=\"Vejo no teu olhar que \u00e9s uma pessoa curiosa. As pessoas curiosas fazem muitas perguntas e, \u00e0s vezes, n\u00e3o ficam satisfeitas com as respostas que encontram nos livros, que lhes d\u00e3o na escola, que a fam\u00edlia lhes oferece\u2026 Ent\u00e3o, procuram novas e melhores explica\u00e7\u00f5es.\u2026  \u00abEm cont\u00ednua evolu\u00e7\u00e3o\u00bb presta uma clara homenagem \u00e0 figura e ao legado do naturalista Charles Darwin precisamente por enraizar a sua estrutura no progresso cient\u00edfico, colocando d\u00favidas, questionando as ideias estabelecidas e procurando novas respostas com aud\u00e1cia. Pelo recurso a um tom coloquial e direto com que vai interpelando o leitor, incentivando-o a &quot;viajar, observar, recolher, saborear, tocar, escavar, trepar\u2026&quot;, que nem um investigador; o epistem\u00f3logo Santiago Ginnobili faz uma abordagem ao pensamento darwiniano convidando-o, e a todos n\u00f3s tamb\u00e9m, a entender quem somos e de onde vimos, ao mesmo tempo que p\u00f5e em destaque a beleza, a complexidade e a diversidade do mundo em que vivemos. E isto porque este livro corrobora que todos os organismos da Terra se encontram aparentados atrav\u00e9s de uma imensa \u00e1rvore da vida e que n\u00f3s, seres humanos, n\u00e3o passamos de uma pequena parte de uma grande fam\u00edlia. A original proposta est\u00e9tica de Guido Ferro combina imagens inspiradas nos antigos livros cient\u00edficos com ilustra\u00e7\u00f5es surpreendentes. Descritivas e humor\u00edsticas, refor\u00e7am o estilo atual e quase pessoal deste livro informativo que pretende inculcar nas crian\u00e7as o interesse e a curiosidade para a ci\u00eancia e para a vida.\" \/>\n<meta property=\"og:url\" content=\"https:\/\/livrariasolmar.pt\/produto\/em-continua-evolucao\/\" \/>\n<meta property=\"og:site_name\" content=\"Livraria Solmar - Livraria online\" \/>\n<meta property=\"article:modified_time\" content=\"2024-08-15T16:26:17+00:00\" \/>\n<meta property=\"og:image\" content=\"https:\/\/livrariasolmar.pt\/wp-content\/uploads\/2023\/05\/500_9789895336760_capa.jpg\" \/>\n\t<meta property=\"og:image:width\" content=\"384\" \/>\n\t<meta property=\"og:image:height\" content=\"500\" \/>\n<meta name=\"twitter:card\" content=\"summary_large_image\" \/>\n<script type=\"application\/ld+json\" class=\"yoast-schema-graph\">{\"@context\":\"https:\/\/schema.org\",\"@graph\":[{\"@type\":\"WebSite\",\"@id\":\"https:\/\/livrariasolmar.pt\/#website\",\"url\":\"https:\/\/livrariasolmar.pt\/\",\"name\":\"Livraria Solmar - Livraria online\",\"description\":\"Com\\u00e9rcio Livros E Objetos De Arte, Lda - Ponta Delgada, A\\u00e7ores\",\"potentialAction\":[{\"@type\":\"SearchAction\",\"target\":{\"@type\":\"EntryPoint\",\"urlTemplate\":\"https:\/\/livrariasolmar.pt\/?s={search_term_string}\"},\"query-input\":\"required name=search_term_string\"}],\"inLanguage\":\"en-US\"},{\"@type\":\"ImageObject\",\"@id\":\"https:\/\/livrariasolmar.pt\/produto\/em-continua-evolucao\/#primaryimage\",\"inLanguage\":\"en-US\",\"url\":\"https:\/\/livrariasolmar.pt\/wp-content\/uploads\/2023\/05\/500_9789895336760_capa.jpg\",\"contentUrl\":\"https:\/\/livrariasolmar.pt\/wp-content\/uploads\/2023\/05\/500_9789895336760_capa.jpg\",\"width\":384,\"height\":500},{\"@type\":\"WebPage\",\"@id\":\"https:\/\/livrariasolmar.pt\/produto\/em-continua-evolucao\/#webpage\",\"url\":\"https:\/\/livrariasolmar.pt\/produto\/em-continua-evolucao\/\",\"name\":\"Em Cont\\u00ednua Evolu\\u00e7\\u00e3o - Livraria Solmar - Livraria online\",\"isPartOf\":{\"@id\":\"https:\/\/livrariasolmar.pt\/#website\"},\"primaryImageOfPage\":{\"@id\":\"https:\/\/livrariasolmar.pt\/produto\/em-continua-evolucao\/#primaryimage\"},\"datePublished\":\"2023-05-10T17:19:01+00:00\",\"dateModified\":\"2024-08-15T16:26:17+00:00\",\"breadcrumb\":{\"@id\":\"https:\/\/livrariasolmar.pt\/produto\/em-continua-evolucao\/#breadcrumb\"},\"inLanguage\":\"en-US\",\"potentialAction\":[{\"@type\":\"ReadAction\",\"target\":[\"https:\/\/livrariasolmar.pt\/produto\/em-continua-evolucao\/\"]}]},{\"@type\":\"BreadcrumbList\",\"@id\":\"https:\/\/livrariasolmar.pt\/produto\/em-continua-evolucao\/#breadcrumb\",\"itemListElement\":[{\"@type\":\"ListItem\",\"position\":1,\"name\":\"In\\u00edcio\",\"item\":\"https:\/\/livrariasolmar.pt\/en\/\"},{\"@type\":\"ListItem\",\"position\":2,\"name\":\"Shop\",\"item\":\"https:\/\/livrariasolmar.pt\/en\/shop\/\"},{\"@type\":\"ListItem\",\"position\":3,\"name\":\"Em Cont\\u00ednua Evolu\\u00e7\\u00e3o\"}]}]}<\/script>\n<!-- \/ Yoast SEO plugin. -->","_links":{"self":[{"href":"https:\/\/livrariasolmar.pt\/en\/wp-json\/wp\/v2\/product\/6537"}],"collection":[{"href":"https:\/\/livrariasolmar.pt\/en\/wp-json\/wp\/v2\/product"}],"about":[{"href":"https:\/\/livrariasolmar.pt\/en\/wp-json\/wp\/v2\/types\/product"}],"author":[{"embeddable":true,"href":"https:\/\/livrariasolmar.pt\/en\/wp-json\/wp\/v2\/users\/2"}],"wp:featuredmedia":[{"embeddable":true,"href":"https:\/\/livrariasolmar.pt\/en\/wp-json\/wp\/v2\/media\/6538"}],"wp:attachment":[{"href":"https:\/\/livrariasolmar.pt\/en\/wp-json\/wp\/v2\/media?parent=6537"}],"wp:term":[{"taxonomy":"product_cat","embeddable":true,"href":"https:\/\/livrariasolmar.pt\/en\/wp-json\/wp\/v2\/product_cat?post=6537"},{"taxonomy":"product_tag","embeddable":true,"href":"https:\/\/livrariasolmar.pt\/en\/wp-json\/wp\/v2\/product_tag?post=6537"},{"taxonomy":"cat_produtos","embeddable":true,"href":"https:\/\/livrariasolmar.pt\/en\/wp-json\/wp\/v2\/cat_produtos?post=6537"}],"curies":[{"name":"wp","href":"https:\/\/api.w.org\/{rel}","templated":true}]}}