{"id":6630,"date":"2023-05-24T18:38:07","date_gmt":"2023-05-24T18:38:07","guid":{"rendered":"https:\/\/livrariasolmar.pt\/?post_type=product&#038;p=6630"},"modified":"2025-12-13T19:07:49","modified_gmt":"2025-12-13T19:07:49","slug":"como-um-marinheiro-eu-partirei","status":"publish","type":"product","link":"https:\/\/livrariasolmar.pt\/en\/produto\/como-um-marinheiro-eu-partirei\/","title":{"rendered":"Como um Marinheiro Eu Partirei"},"content":{"rendered":"","protected":false},"excerpt":{"rendered":"<p>Uma narrativa profundamente humana que revisita a carreira e a vida do famoso cantor belga Jacques Brel e a sua passagem crepuscular pelos A\u00e7ores.<\/p>\n<p>\u00abUm homem fuma um cigarro \u00e0 proa de um iate, concentrado no som do mar.\u00bb<\/p>\n<p>Este homem \u00e9 Jacques Brel, compositor e int\u00e9rprete de can\u00e7\u00f5es de um lirismo e elabora\u00e7\u00e3o extraordin\u00e1rios, explosivas, contagiantes, que arrebatam audi\u00eancias. De esp\u00edrito rebelde e inconformado, no auge da sua popularidade, Brel toma a decis\u00e3o intempestiva de abandonar para sempre os palcos.<\/p>\n<p>Romance, biografia, reportagem, reflex\u00e3o sobre os nossos medos mais secretos, em\u00a0<i>Como um Marinheiro Eu Partirei<\/i>, Nuno Costa Santos comp\u00f5e com a for\u00e7a da Literatura uma indaga\u00e7\u00e3o sobre a identidade pessoal.<\/p>\n","protected":false},"author":2,"featured_media":6953,"template":"","meta":[],"product_cat":[146],"product_tag":[],"cat_produtos":[942],"yoast_head":"<!-- This site is optimized with the Yoast SEO plugin v16.6 - https:\/\/yoast.com\/wordpress\/plugins\/seo\/ -->\n<title>Como um Marinheiro Eu Partirei - Livraria Solmar - Livraria online<\/title>\n<meta name=\"robots\" content=\"index, follow, max-snippet:-1, max-image-preview:large, max-video-preview:-1\" \/>\n<link rel=\"canonical\" href=\"https:\/\/livrariasolmar.pt\/en\/produto\/como-um-marinheiro-eu-partirei\/\" \/>\n<meta property=\"og:locale\" content=\"en_US\" \/>\n<meta property=\"og:type\" content=\"article\" \/>\n<meta property=\"og:title\" content=\"Como um Marinheiro Eu Partirei - Livraria Solmar - Livraria online\" \/>\n<meta property=\"og:description\" content=\"Uma narrativa profundamente humana que revisita a carreira e a vida do famoso cantor belga Jacques Brel e a sua passagem crepuscular pelos A\u00e7ores.  \u00abUm homem fuma um cigarro \u00e0 proa de um iate, concentrado no som do mar.\u00bb  Este homem \u00e9 Jacques Brel, compositor e int\u00e9rprete de can\u00e7\u00f5es de um lirismo e elabora\u00e7\u00e3o extraordin\u00e1rios, explosivas, contagiantes, que arrebatam audi\u00eancias. De esp\u00edrito rebelde e inconformado, no auge da sua popularidade, Brel toma a decis\u00e3o intempestiva de abandonar para sempre os palcos.  Romance, biografia, reportagem, reflex\u00e3o sobre os nossos medos mais secretos, em\u00a0Como um Marinheiro Eu Partirei, Nuno Costa Santos comp\u00f5e com a for\u00e7a da Literatura uma indaga\u00e7\u00e3o sobre a identidade pessoal.\" \/>\n<meta property=\"og:url\" content=\"https:\/\/livrariasolmar.pt\/produto\/como-um-marinheiro-eu-partirei\/\" \/>\n<meta property=\"og:site_name\" content=\"Livraria Solmar - Livraria online\" \/>\n<meta property=\"article:modified_time\" content=\"2025-12-13T19:07:49+00:00\" \/>\n<meta property=\"og:image\" content=\"https:\/\/livrariasolmar.pt\/wp-content\/uploads\/2023\/05\/500_9789896239848_capa.jpg\" \/>\n\t<meta property=\"og:image:width\" content=\"339\" \/>\n\t<meta property=\"og:image:height\" content=\"500\" \/>\n<meta name=\"twitter:card\" content=\"summary_large_image\" \/>\n<script type=\"application\/ld+json\" class=\"yoast-schema-graph\">{\"@context\":\"https:\/\/schema.org\",\"@graph\":[{\"@type\":\"WebSite\",\"@id\":\"https:\/\/livrariasolmar.pt\/#website\",\"url\":\"https:\/\/livrariasolmar.pt\/\",\"name\":\"Livraria Solmar - Livraria online\",\"description\":\"Com\\u00e9rcio Livros E Objetos De Arte, Lda - Ponta Delgada, A\\u00e7ores\",\"potentialAction\":[{\"@type\":\"SearchAction\",\"target\":{\"@type\":\"EntryPoint\",\"urlTemplate\":\"https:\/\/livrariasolmar.pt\/?s={search_term_string}\"},\"query-input\":\"required name=search_term_string\"}],\"inLanguage\":\"en-US\"},{\"@type\":\"ImageObject\",\"@id\":\"https:\/\/livrariasolmar.pt\/produto\/como-um-marinheiro-eu-partirei\/#primaryimage\",\"inLanguage\":\"en-US\",\"url\":\"https:\/\/livrariasolmar.pt\/wp-content\/uploads\/2023\/05\/500_9789896239848_capa.jpg\",\"contentUrl\":\"https:\/\/livrariasolmar.pt\/wp-content\/uploads\/2023\/05\/500_9789896239848_capa.jpg\",\"width\":339,\"height\":500},{\"@type\":\"WebPage\",\"@id\":\"https:\/\/livrariasolmar.pt\/produto\/como-um-marinheiro-eu-partirei\/#webpage\",\"url\":\"https:\/\/livrariasolmar.pt\/produto\/como-um-marinheiro-eu-partirei\/\",\"name\":\"Como um Marinheiro Eu Partirei - Livraria Solmar - Livraria online\",\"isPartOf\":{\"@id\":\"https:\/\/livrariasolmar.pt\/#website\"},\"primaryImageOfPage\":{\"@id\":\"https:\/\/livrariasolmar.pt\/produto\/como-um-marinheiro-eu-partirei\/#primaryimage\"},\"datePublished\":\"2023-05-24T18:38:07+00:00\",\"dateModified\":\"2025-12-13T19:07:49+00:00\",\"breadcrumb\":{\"@id\":\"https:\/\/livrariasolmar.pt\/produto\/como-um-marinheiro-eu-partirei\/#breadcrumb\"},\"inLanguage\":\"en-US\",\"potentialAction\":[{\"@type\":\"ReadAction\",\"target\":[\"https:\/\/livrariasolmar.pt\/produto\/como-um-marinheiro-eu-partirei\/\"]}]},{\"@type\":\"BreadcrumbList\",\"@id\":\"https:\/\/livrariasolmar.pt\/produto\/como-um-marinheiro-eu-partirei\/#breadcrumb\",\"itemListElement\":[{\"@type\":\"ListItem\",\"position\":1,\"name\":\"In\\u00edcio\",\"item\":\"https:\/\/livrariasolmar.pt\/en\/\"},{\"@type\":\"ListItem\",\"position\":2,\"name\":\"Shop\",\"item\":\"https:\/\/livrariasolmar.pt\/en\/shop\/\"},{\"@type\":\"ListItem\",\"position\":3,\"name\":\"Como um Marinheiro Eu Partirei\"}]}]}<\/script>\n<!-- \/ Yoast SEO plugin. -->","_links":{"self":[{"href":"https:\/\/livrariasolmar.pt\/en\/wp-json\/wp\/v2\/product\/6630"}],"collection":[{"href":"https:\/\/livrariasolmar.pt\/en\/wp-json\/wp\/v2\/product"}],"about":[{"href":"https:\/\/livrariasolmar.pt\/en\/wp-json\/wp\/v2\/types\/product"}],"author":[{"embeddable":true,"href":"https:\/\/livrariasolmar.pt\/en\/wp-json\/wp\/v2\/users\/2"}],"wp:featuredmedia":[{"embeddable":true,"href":"https:\/\/livrariasolmar.pt\/en\/wp-json\/wp\/v2\/media\/6953"}],"wp:attachment":[{"href":"https:\/\/livrariasolmar.pt\/en\/wp-json\/wp\/v2\/media?parent=6630"}],"wp:term":[{"taxonomy":"product_cat","embeddable":true,"href":"https:\/\/livrariasolmar.pt\/en\/wp-json\/wp\/v2\/product_cat?post=6630"},{"taxonomy":"product_tag","embeddable":true,"href":"https:\/\/livrariasolmar.pt\/en\/wp-json\/wp\/v2\/product_tag?post=6630"},{"taxonomy":"cat_produtos","embeddable":true,"href":"https:\/\/livrariasolmar.pt\/en\/wp-json\/wp\/v2\/cat_produtos?post=6630"}],"curies":[{"name":"wp","href":"https:\/\/api.w.org\/{rel}","templated":true}]}}