{"id":6679,"date":"2023-06-05T13:55:15","date_gmt":"2023-06-05T13:55:15","guid":{"rendered":"https:\/\/livrariasolmar.pt\/?post_type=product&#038;p=6679"},"modified":"2023-12-26T18:10:15","modified_gmt":"2023-12-26T18:10:15","slug":"o-quarto-do-bebe","status":"publish","type":"product","link":"https:\/\/livrariasolmar.pt\/en\/produto\/o-quarto-do-bebe\/","title":{"rendered":"O Quarto do Beb\u00e9"},"content":{"rendered":"","protected":false},"excerpt":{"rendered":"<p>Escrito em grande parte durante o confinamento e a doen\u00e7a, e conclu\u00eddo ap\u00f3s uma longa gesta\u00e7\u00e3o, O Quarto do Beb\u00e9 \u00e9 um romance autoficcional em forma de di\u00e1rio \u00edntimo.<\/p>\n<p>Depois da morte de um conhecido psicanalista, a filha, sua \u00fanica herdeira, encontra entre os pap\u00e9is que ele deixou o di\u00e1rio de uma paciente. Tem t\u00edtulo &#8211; Fala Org\u00e2nica &#8211; e est\u00e1 assinado: Ester do Rio Arco. O que come\u00e7ou por ser uma curiosidade transformou-se numa obsess\u00e3o e objeto de leitura compulsiva. Neste manuscrito, a filha do psicanalista vai encontrar n\u00e3o apenas uma forma de conviver com o pai, como tamb\u00e9m in\u00fameros pontos de identifica\u00e7\u00e3o com a paciente dele.<\/p>\n<p>Os temas s\u00e3o os do dia a dia do isolamento e da doen\u00e7a, a escrita, o corpo, a mutila\u00e7\u00e3o, a rela\u00e7\u00e3o com a m\u00e3e e com as origens, a liga\u00e7\u00e3o profunda a uma amiga (figura tutelar e esp\u00e9cie de m\u00e3e de Ester) e a morte dela. Em suma, a perda, a infertilidade, maternidade e filia\u00e7\u00e3o, nascimento e morte. O arco narrativo desenha-se a partir do que poderia vir a ser um quarto de beb\u00e9, mas que nunca albergar\u00e1 uma crian\u00e7a, at\u00e9 \u00e0 transforma\u00e7\u00e3o desse quarto num lugar f\u00edsico e mental de cria\u00e7\u00e3o, nomeadamente da escrita.<\/p>\n<p>Daqui emerge ainda um retrato antropol\u00f3gico do pa\u00eds em que os pais estiveram na guerra e as m\u00e3es escreveram aerogramas, e \u00e9 exposta a viol\u00eancia que a sociedade patriarcal exerce sobre as mulheres. Com ecos do universo liter\u00e1rio da recentemente nobelizada Annie Ernaux, uma das grandes refer\u00eancias da autora, O Quarto do Beb\u00e9 \u00e9 um relato cru e corajoso que revela uma nova e envolvente faceta de Anabela Mota Ribeiro.<\/p>\n","protected":false},"author":2,"featured_media":6680,"template":"","meta":[],"product_cat":[153],"product_tag":[],"cat_produtos":[],"yoast_head":"<!-- This site is optimized with the Yoast SEO plugin v16.6 - https:\/\/yoast.com\/wordpress\/plugins\/seo\/ -->\n<title>O Quarto do Beb\u00e9 - Livraria Solmar - Livraria online<\/title>\n<meta name=\"robots\" content=\"index, follow, max-snippet:-1, max-image-preview:large, max-video-preview:-1\" \/>\n<link rel=\"canonical\" href=\"https:\/\/livrariasolmar.pt\/en\/produto\/o-quarto-do-bebe\/\" \/>\n<meta property=\"og:locale\" content=\"en_US\" \/>\n<meta property=\"og:type\" content=\"article\" \/>\n<meta property=\"og:title\" content=\"O Quarto do Beb\u00e9 - Livraria Solmar - Livraria online\" \/>\n<meta property=\"og:description\" content=\"Escrito em grande parte durante o confinamento e a doen\u00e7a, e conclu\u00eddo ap\u00f3s uma longa gesta\u00e7\u00e3o, O Quarto do Beb\u00e9 \u00e9 um romance autoficcional em forma de di\u00e1rio \u00edntimo.  Depois da morte de um conhecido psicanalista, a filha, sua \u00fanica herdeira, encontra entre os pap\u00e9is que ele deixou o di\u00e1rio de uma paciente. Tem t\u00edtulo - Fala Org\u00e2nica - e est\u00e1 assinado: Ester do Rio Arco. O que come\u00e7ou por ser uma curiosidade transformou-se numa obsess\u00e3o e objeto de leitura compulsiva. Neste manuscrito, a filha do psicanalista vai encontrar n\u00e3o apenas uma forma de conviver com o pai, como tamb\u00e9m in\u00fameros pontos de identifica\u00e7\u00e3o com a paciente dele.  Os temas s\u00e3o os do dia a dia do isolamento e da doen\u00e7a, a escrita, o corpo, a mutila\u00e7\u00e3o, a rela\u00e7\u00e3o com a m\u00e3e e com as origens, a liga\u00e7\u00e3o profunda a uma amiga (figura tutelar e esp\u00e9cie de m\u00e3e de Ester) e a morte dela. Em suma, a perda, a infertilidade, maternidade e filia\u00e7\u00e3o, nascimento e morte. O arco narrativo desenha-se a partir do que poderia vir a ser um quarto de beb\u00e9, mas que nunca albergar\u00e1 uma crian\u00e7a, at\u00e9 \u00e0 transforma\u00e7\u00e3o desse quarto num lugar f\u00edsico e mental de cria\u00e7\u00e3o, nomeadamente da escrita.  Daqui emerge ainda um retrato antropol\u00f3gico do pa\u00eds em que os pais estiveram na guerra e as m\u00e3es escreveram aerogramas, e \u00e9 exposta a viol\u00eancia que a sociedade patriarcal exerce sobre as mulheres. Com ecos do universo liter\u00e1rio da recentemente nobelizada Annie Ernaux, uma das grandes refer\u00eancias da autora, O Quarto do Beb\u00e9 \u00e9 um relato cru e corajoso que revela uma nova e envolvente faceta de Anabela Mota Ribeiro.\" \/>\n<meta property=\"og:url\" content=\"https:\/\/livrariasolmar.pt\/produto\/o-quarto-do-bebe\/\" \/>\n<meta property=\"og:site_name\" content=\"Livraria Solmar - Livraria online\" \/>\n<meta property=\"article:modified_time\" content=\"2023-12-26T18:10:15+00:00\" \/>\n<meta property=\"og:image\" content=\"https:\/\/livrariasolmar.pt\/wp-content\/uploads\/2023\/06\/500_9789897229190_capa.jpg\" \/>\n\t<meta property=\"og:image:width\" content=\"333\" \/>\n\t<meta property=\"og:image:height\" content=\"500\" \/>\n<meta name=\"twitter:card\" content=\"summary_large_image\" \/>\n<script type=\"application\/ld+json\" class=\"yoast-schema-graph\">{\"@context\":\"https:\/\/schema.org\",\"@graph\":[{\"@type\":\"WebSite\",\"@id\":\"https:\/\/livrariasolmar.pt\/#website\",\"url\":\"https:\/\/livrariasolmar.pt\/\",\"name\":\"Livraria Solmar - Livraria online\",\"description\":\"Com\\u00e9rcio Livros E Objetos De Arte, Lda - Ponta Delgada, A\\u00e7ores\",\"potentialAction\":[{\"@type\":\"SearchAction\",\"target\":{\"@type\":\"EntryPoint\",\"urlTemplate\":\"https:\/\/livrariasolmar.pt\/?s={search_term_string}\"},\"query-input\":\"required name=search_term_string\"}],\"inLanguage\":\"en-US\"},{\"@type\":\"ImageObject\",\"@id\":\"https:\/\/livrariasolmar.pt\/produto\/o-quarto-do-bebe\/#primaryimage\",\"inLanguage\":\"en-US\",\"url\":\"https:\/\/livrariasolmar.pt\/wp-content\/uploads\/2023\/06\/500_9789897229190_capa.jpg\",\"contentUrl\":\"https:\/\/livrariasolmar.pt\/wp-content\/uploads\/2023\/06\/500_9789897229190_capa.jpg\",\"width\":333,\"height\":500},{\"@type\":\"WebPage\",\"@id\":\"https:\/\/livrariasolmar.pt\/produto\/o-quarto-do-bebe\/#webpage\",\"url\":\"https:\/\/livrariasolmar.pt\/produto\/o-quarto-do-bebe\/\",\"name\":\"O Quarto do Beb\\u00e9 - Livraria Solmar - Livraria online\",\"isPartOf\":{\"@id\":\"https:\/\/livrariasolmar.pt\/#website\"},\"primaryImageOfPage\":{\"@id\":\"https:\/\/livrariasolmar.pt\/produto\/o-quarto-do-bebe\/#primaryimage\"},\"datePublished\":\"2023-06-05T13:55:15+00:00\",\"dateModified\":\"2023-12-26T18:10:15+00:00\",\"breadcrumb\":{\"@id\":\"https:\/\/livrariasolmar.pt\/produto\/o-quarto-do-bebe\/#breadcrumb\"},\"inLanguage\":\"en-US\",\"potentialAction\":[{\"@type\":\"ReadAction\",\"target\":[\"https:\/\/livrariasolmar.pt\/produto\/o-quarto-do-bebe\/\"]}]},{\"@type\":\"BreadcrumbList\",\"@id\":\"https:\/\/livrariasolmar.pt\/produto\/o-quarto-do-bebe\/#breadcrumb\",\"itemListElement\":[{\"@type\":\"ListItem\",\"position\":1,\"name\":\"In\\u00edcio\",\"item\":\"https:\/\/livrariasolmar.pt\/en\/\"},{\"@type\":\"ListItem\",\"position\":2,\"name\":\"Shop\",\"item\":\"https:\/\/livrariasolmar.pt\/en\/shop\/\"},{\"@type\":\"ListItem\",\"position\":3,\"name\":\"O Quarto do Beb\\u00e9\"}]}]}<\/script>\n<!-- \/ Yoast SEO plugin. -->","_links":{"self":[{"href":"https:\/\/livrariasolmar.pt\/en\/wp-json\/wp\/v2\/product\/6679"}],"collection":[{"href":"https:\/\/livrariasolmar.pt\/en\/wp-json\/wp\/v2\/product"}],"about":[{"href":"https:\/\/livrariasolmar.pt\/en\/wp-json\/wp\/v2\/types\/product"}],"author":[{"embeddable":true,"href":"https:\/\/livrariasolmar.pt\/en\/wp-json\/wp\/v2\/users\/2"}],"wp:featuredmedia":[{"embeddable":true,"href":"https:\/\/livrariasolmar.pt\/en\/wp-json\/wp\/v2\/media\/6680"}],"wp:attachment":[{"href":"https:\/\/livrariasolmar.pt\/en\/wp-json\/wp\/v2\/media?parent=6679"}],"wp:term":[{"taxonomy":"product_cat","embeddable":true,"href":"https:\/\/livrariasolmar.pt\/en\/wp-json\/wp\/v2\/product_cat?post=6679"},{"taxonomy":"product_tag","embeddable":true,"href":"https:\/\/livrariasolmar.pt\/en\/wp-json\/wp\/v2\/product_tag?post=6679"},{"taxonomy":"cat_produtos","embeddable":true,"href":"https:\/\/livrariasolmar.pt\/en\/wp-json\/wp\/v2\/cat_produtos?post=6679"}],"curies":[{"name":"wp","href":"https:\/\/api.w.org\/{rel}","templated":true}]}}