{"id":6697,"date":"2023-06-08T16:43:06","date_gmt":"2023-06-08T16:43:06","guid":{"rendered":"https:\/\/livrariasolmar.pt\/?post_type=product&#038;p=6697"},"modified":"2024-08-08T17:35:14","modified_gmt":"2024-08-08T17:35:14","slug":"guerra-e-paz-volume-ii","status":"publish","type":"product","link":"https:\/\/livrariasolmar.pt\/en\/produto\/guerra-e-paz-volume-ii\/","title":{"rendered":"Guerra e Paz \u2013 Volume II"},"content":{"rendered":"","protected":false},"excerpt":{"rendered":"<p>Obra verdadeiramente monumental, justamente considerada patrim\u00f3nio universal,\u00a0<i>Guerra e Paz<\/i>\u00a0descreve as guerras movidas por Napole\u00e3o contra as principais monarquias da Europa, dissecando as origens e as consequ\u00eancias dos conflitos e, principalmente, expondo as pessoas e as suas vulnerabilidades com uma aguda percep\u00e7\u00e3o psicol\u00f3gica.<\/p>\n<p>O enredo decorre durante a campanha de Napole\u00e3o na \u00c1ustria e descreve a invas\u00e3o da R\u00fassia pelo ex\u00e9rcito franc\u00eas, bem como a sua retirada, compreendendo o per\u00edodo de 1805 a 1820. A partir deste fundo hist\u00f3rico e \u00e9pico, onde se movem mais de 550 personagens, al\u00e9m dos elementos das fam\u00edlias aristocr\u00e1ticas principais, Tolst\u00f3i visou criar um retrato realista da sociedade russa de in\u00edcios do s\u00e9culo XIX, denunciando o preconceito e a hipocrisia da nobreza, ao lado da vida sofrida dos soldados e dos servos.<\/p>\n<p>Sobre este quadro, vemos tamb\u00e9m as ideias do autor acerca do sentido da vida e as suas reflex\u00f5es filos\u00f3ficas em favor de uma sociedade mais justa e fraterna: sentimos que \u00e9 o pr\u00f3prio romancista que se debate com as suas contradi\u00e7\u00f5es interiores, que haveriam mais tarde de o levar a procurar na espiritualidade uma resposta aos seus anseios mais profundos.<\/p>\n<p>Traduzido diretamente do russo por Nina Guerra e Filipe Guerra, Vencedores do Grande Pr\u00e9mio de Tradu\u00e7\u00e3o Liter\u00e1ria APT\/Pen Clube Portugu\u00eas.<\/p>\n","protected":false},"author":2,"featured_media":6698,"template":"","meta":[],"product_cat":[153],"product_tag":[],"cat_produtos":[],"yoast_head":"<!-- This site is optimized with the Yoast SEO plugin v16.6 - https:\/\/yoast.com\/wordpress\/plugins\/seo\/ -->\n<title>Guerra e Paz \u2013 Volume II - Livraria Solmar - Livraria online<\/title>\n<meta name=\"robots\" content=\"index, follow, max-snippet:-1, max-image-preview:large, max-video-preview:-1\" \/>\n<link rel=\"canonical\" href=\"https:\/\/livrariasolmar.pt\/en\/produto\/guerra-e-paz-volume-ii\/\" \/>\n<meta property=\"og:locale\" content=\"en_US\" \/>\n<meta property=\"og:type\" content=\"article\" \/>\n<meta property=\"og:title\" content=\"Guerra e Paz \u2013 Volume II - Livraria Solmar - Livraria online\" \/>\n<meta property=\"og:description\" content=\"Obra verdadeiramente monumental, justamente considerada patrim\u00f3nio universal,\u00a0Guerra e Paz\u00a0descreve as guerras movidas por Napole\u00e3o contra as principais monarquias da Europa, dissecando as origens e as consequ\u00eancias dos conflitos e, principalmente, expondo as pessoas e as suas vulnerabilidades com uma aguda percep\u00e7\u00e3o psicol\u00f3gica.  O enredo decorre durante a campanha de Napole\u00e3o na \u00c1ustria e descreve a invas\u00e3o da R\u00fassia pelo ex\u00e9rcito franc\u00eas, bem como a sua retirada, compreendendo o per\u00edodo de 1805 a 1820. A partir deste fundo hist\u00f3rico e \u00e9pico, onde se movem mais de 550 personagens, al\u00e9m dos elementos das fam\u00edlias aristocr\u00e1ticas principais, Tolst\u00f3i visou criar um retrato realista da sociedade russa de in\u00edcios do s\u00e9culo XIX, denunciando o preconceito e a hipocrisia da nobreza, ao lado da vida sofrida dos soldados e dos servos.  Sobre este quadro, vemos tamb\u00e9m as ideias do autor acerca do sentido da vida e as suas reflex\u00f5es filos\u00f3ficas em favor de uma sociedade mais justa e fraterna: sentimos que \u00e9 o pr\u00f3prio romancista que se debate com as suas contradi\u00e7\u00f5es interiores, que haveriam mais tarde de o levar a procurar na espiritualidade uma resposta aos seus anseios mais profundos.  Traduzido diretamente do russo por Nina Guerra e Filipe Guerra, Vencedores do Grande Pr\u00e9mio de Tradu\u00e7\u00e3o Liter\u00e1ria APT\/Pen Clube Portugu\u00eas.\" \/>\n<meta property=\"og:url\" content=\"https:\/\/livrariasolmar.pt\/produto\/guerra-e-paz-volume-ii\/\" \/>\n<meta property=\"og:site_name\" content=\"Livraria Solmar - Livraria online\" \/>\n<meta property=\"article:modified_time\" content=\"2024-08-08T17:35:14+00:00\" \/>\n<meta property=\"og:image\" content=\"https:\/\/livrariasolmar.pt\/wp-content\/uploads\/2023\/06\/1540-1-1.jpg\" \/>\n\t<meta property=\"og:image:width\" content=\"340\" \/>\n\t<meta property=\"og:image:height\" content=\"340\" \/>\n<meta name=\"twitter:card\" content=\"summary_large_image\" \/>\n<script type=\"application\/ld+json\" class=\"yoast-schema-graph\">{\"@context\":\"https:\/\/schema.org\",\"@graph\":[{\"@type\":\"WebSite\",\"@id\":\"https:\/\/livrariasolmar.pt\/#website\",\"url\":\"https:\/\/livrariasolmar.pt\/\",\"name\":\"Livraria Solmar - Livraria online\",\"description\":\"Com\\u00e9rcio Livros E Objetos De Arte, Lda - Ponta Delgada, A\\u00e7ores\",\"potentialAction\":[{\"@type\":\"SearchAction\",\"target\":{\"@type\":\"EntryPoint\",\"urlTemplate\":\"https:\/\/livrariasolmar.pt\/?s={search_term_string}\"},\"query-input\":\"required name=search_term_string\"}],\"inLanguage\":\"en-US\"},{\"@type\":\"ImageObject\",\"@id\":\"https:\/\/livrariasolmar.pt\/produto\/guerra-e-paz-volume-ii\/#primaryimage\",\"inLanguage\":\"en-US\",\"url\":\"https:\/\/livrariasolmar.pt\/wp-content\/uploads\/2023\/06\/1540-1-1.jpg\",\"contentUrl\":\"https:\/\/livrariasolmar.pt\/wp-content\/uploads\/2023\/06\/1540-1-1.jpg\",\"width\":340,\"height\":340},{\"@type\":\"WebPage\",\"@id\":\"https:\/\/livrariasolmar.pt\/produto\/guerra-e-paz-volume-ii\/#webpage\",\"url\":\"https:\/\/livrariasolmar.pt\/produto\/guerra-e-paz-volume-ii\/\",\"name\":\"Guerra e Paz \\u2013 Volume II - Livraria Solmar - Livraria online\",\"isPartOf\":{\"@id\":\"https:\/\/livrariasolmar.pt\/#website\"},\"primaryImageOfPage\":{\"@id\":\"https:\/\/livrariasolmar.pt\/produto\/guerra-e-paz-volume-ii\/#primaryimage\"},\"datePublished\":\"2023-06-08T16:43:06+00:00\",\"dateModified\":\"2024-08-08T17:35:14+00:00\",\"breadcrumb\":{\"@id\":\"https:\/\/livrariasolmar.pt\/produto\/guerra-e-paz-volume-ii\/#breadcrumb\"},\"inLanguage\":\"en-US\",\"potentialAction\":[{\"@type\":\"ReadAction\",\"target\":[\"https:\/\/livrariasolmar.pt\/produto\/guerra-e-paz-volume-ii\/\"]}]},{\"@type\":\"BreadcrumbList\",\"@id\":\"https:\/\/livrariasolmar.pt\/produto\/guerra-e-paz-volume-ii\/#breadcrumb\",\"itemListElement\":[{\"@type\":\"ListItem\",\"position\":1,\"name\":\"In\\u00edcio\",\"item\":\"https:\/\/livrariasolmar.pt\/en\/\"},{\"@type\":\"ListItem\",\"position\":2,\"name\":\"Shop\",\"item\":\"https:\/\/livrariasolmar.pt\/en\/shop\/\"},{\"@type\":\"ListItem\",\"position\":3,\"name\":\"Guerra e Paz \\u2013 Volume II\"}]}]}<\/script>\n<!-- \/ Yoast SEO plugin. -->","_links":{"self":[{"href":"https:\/\/livrariasolmar.pt\/en\/wp-json\/wp\/v2\/product\/6697"}],"collection":[{"href":"https:\/\/livrariasolmar.pt\/en\/wp-json\/wp\/v2\/product"}],"about":[{"href":"https:\/\/livrariasolmar.pt\/en\/wp-json\/wp\/v2\/types\/product"}],"author":[{"embeddable":true,"href":"https:\/\/livrariasolmar.pt\/en\/wp-json\/wp\/v2\/users\/2"}],"wp:featuredmedia":[{"embeddable":true,"href":"https:\/\/livrariasolmar.pt\/en\/wp-json\/wp\/v2\/media\/6698"}],"wp:attachment":[{"href":"https:\/\/livrariasolmar.pt\/en\/wp-json\/wp\/v2\/media?parent=6697"}],"wp:term":[{"taxonomy":"product_cat","embeddable":true,"href":"https:\/\/livrariasolmar.pt\/en\/wp-json\/wp\/v2\/product_cat?post=6697"},{"taxonomy":"product_tag","embeddable":true,"href":"https:\/\/livrariasolmar.pt\/en\/wp-json\/wp\/v2\/product_tag?post=6697"},{"taxonomy":"cat_produtos","embeddable":true,"href":"https:\/\/livrariasolmar.pt\/en\/wp-json\/wp\/v2\/cat_produtos?post=6697"}],"curies":[{"name":"wp","href":"https:\/\/api.w.org\/{rel}","templated":true}]}}