{"id":6700,"date":"2023-06-08T17:09:59","date_gmt":"2023-06-08T17:09:59","guid":{"rendered":"https:\/\/livrariasolmar.pt\/?post_type=product&#038;p=6700"},"modified":"2026-04-09T17:36:30","modified_gmt":"2026-04-09T17:36:30","slug":"livro-do-desassossego","status":"publish","type":"product","link":"https:\/\/livrariasolmar.pt\/en\/produto\/livro-do-desassossego\/","title":{"rendered":"Livro do Desassossego"},"content":{"rendered":"","protected":false},"excerpt":{"rendered":"<p>O\u00a0<i>Livro do Desassossego<\/i>\u00a0\u00e9 um dos maiores feitos liter\u00e1rios do s\u00e9culo XX. Obra-prima p\u00f3stuma, retrato da cidade de Lisboa e do seu retratista, comp\u00f5e-se de centenas de fragmentos, oscilando entre di\u00e1rio \u00edntimo, prosa po\u00e9tica e narrativa, num conjunto fundamental para compreender o lugar de Fernando Pessoa na cria\u00e7\u00e3o da consci\u00eancia do mundo moderno.<br \/>\nNesta nova edi\u00e7\u00e3o, Jer\u00f3nimo Pizarro, reconhecido estudioso pessoano, regressa \u00e0s fontes dos textos que Fernando Pessoa pretendia incorporar no\u00a0<i>Livro do Desassossego<\/i>. Com uma nova organiza\u00e7\u00e3o, melhorando a decifra\u00e7\u00e3o de quase todos os fragmentos, este livro re\u00fane os atributos para se tornar na edi\u00e7\u00e3o de refer\u00eancia.<\/p>\n","protected":false},"author":2,"featured_media":6701,"template":"","meta":[],"product_cat":[153],"product_tag":[],"cat_produtos":[337],"yoast_head":"<!-- This site is optimized with the Yoast SEO plugin v16.6 - https:\/\/yoast.com\/wordpress\/plugins\/seo\/ -->\n<title>Livro do Desassossego - Livraria Solmar - Livraria online<\/title>\n<meta name=\"robots\" content=\"index, follow, max-snippet:-1, max-image-preview:large, max-video-preview:-1\" \/>\n<link rel=\"canonical\" href=\"https:\/\/livrariasolmar.pt\/en\/produto\/livro-do-desassossego\/\" \/>\n<meta property=\"og:locale\" content=\"en_US\" \/>\n<meta property=\"og:type\" content=\"article\" \/>\n<meta property=\"og:title\" content=\"Livro do Desassossego - Livraria Solmar - Livraria online\" \/>\n<meta property=\"og:description\" content=\"O\u00a0Livro do Desassossego\u00a0\u00e9 um dos maiores feitos liter\u00e1rios do s\u00e9culo XX. Obra-prima p\u00f3stuma, retrato da cidade de Lisboa e do seu retratista, comp\u00f5e-se de centenas de fragmentos, oscilando entre di\u00e1rio \u00edntimo, prosa po\u00e9tica e narrativa, num conjunto fundamental para compreender o lugar de Fernando Pessoa na cria\u00e7\u00e3o da consci\u00eancia do mundo moderno. Nesta nova edi\u00e7\u00e3o, Jer\u00f3nimo Pizarro, reconhecido estudioso pessoano, regressa \u00e0s fontes dos textos que Fernando Pessoa pretendia incorporar no\u00a0Livro do Desassossego. Com uma nova organiza\u00e7\u00e3o, melhorando a decifra\u00e7\u00e3o de quase todos os fragmentos, este livro re\u00fane os atributos para se tornar na edi\u00e7\u00e3o de refer\u00eancia.\" \/>\n<meta property=\"og:url\" content=\"https:\/\/livrariasolmar.pt\/produto\/livro-do-desassossego\/\" \/>\n<meta property=\"og:site_name\" content=\"Livraria Solmar - Livraria online\" \/>\n<meta property=\"article:modified_time\" content=\"2026-04-09T17:36:30+00:00\" \/>\n<meta property=\"og:image\" content=\"https:\/\/livrariasolmar.pt\/wp-content\/uploads\/2023\/06\/500_9789896712075_capa.jpg\" \/>\n\t<meta property=\"og:image:width\" content=\"351\" \/>\n\t<meta property=\"og:image:height\" content=\"500\" \/>\n<meta name=\"twitter:card\" content=\"summary_large_image\" \/>\n<script type=\"application\/ld+json\" class=\"yoast-schema-graph\">{\"@context\":\"https:\/\/schema.org\",\"@graph\":[{\"@type\":\"WebSite\",\"@id\":\"https:\/\/livrariasolmar.pt\/#website\",\"url\":\"https:\/\/livrariasolmar.pt\/\",\"name\":\"Livraria Solmar - Livraria online\",\"description\":\"Com\\u00e9rcio Livros E Objetos De Arte, Lda - Ponta Delgada, A\\u00e7ores\",\"potentialAction\":[{\"@type\":\"SearchAction\",\"target\":{\"@type\":\"EntryPoint\",\"urlTemplate\":\"https:\/\/livrariasolmar.pt\/?s={search_term_string}\"},\"query-input\":\"required name=search_term_string\"}],\"inLanguage\":\"en-US\"},{\"@type\":\"ImageObject\",\"@id\":\"https:\/\/livrariasolmar.pt\/produto\/livro-do-desassossego\/#primaryimage\",\"inLanguage\":\"en-US\",\"url\":\"https:\/\/livrariasolmar.pt\/wp-content\/uploads\/2023\/06\/500_9789896712075_capa.jpg\",\"contentUrl\":\"https:\/\/livrariasolmar.pt\/wp-content\/uploads\/2023\/06\/500_9789896712075_capa.jpg\",\"width\":351,\"height\":500},{\"@type\":\"WebPage\",\"@id\":\"https:\/\/livrariasolmar.pt\/produto\/livro-do-desassossego\/#webpage\",\"url\":\"https:\/\/livrariasolmar.pt\/produto\/livro-do-desassossego\/\",\"name\":\"Livro do Desassossego - Livraria Solmar - Livraria online\",\"isPartOf\":{\"@id\":\"https:\/\/livrariasolmar.pt\/#website\"},\"primaryImageOfPage\":{\"@id\":\"https:\/\/livrariasolmar.pt\/produto\/livro-do-desassossego\/#primaryimage\"},\"datePublished\":\"2023-06-08T17:09:59+00:00\",\"dateModified\":\"2026-04-09T17:36:30+00:00\",\"breadcrumb\":{\"@id\":\"https:\/\/livrariasolmar.pt\/produto\/livro-do-desassossego\/#breadcrumb\"},\"inLanguage\":\"en-US\",\"potentialAction\":[{\"@type\":\"ReadAction\",\"target\":[\"https:\/\/livrariasolmar.pt\/produto\/livro-do-desassossego\/\"]}]},{\"@type\":\"BreadcrumbList\",\"@id\":\"https:\/\/livrariasolmar.pt\/produto\/livro-do-desassossego\/#breadcrumb\",\"itemListElement\":[{\"@type\":\"ListItem\",\"position\":1,\"name\":\"In\\u00edcio\",\"item\":\"https:\/\/livrariasolmar.pt\/en\/\"},{\"@type\":\"ListItem\",\"position\":2,\"name\":\"Shop\",\"item\":\"https:\/\/livrariasolmar.pt\/en\/shop\/\"},{\"@type\":\"ListItem\",\"position\":3,\"name\":\"Livro do Desassossego\"}]}]}<\/script>\n<!-- \/ Yoast SEO plugin. -->","_links":{"self":[{"href":"https:\/\/livrariasolmar.pt\/en\/wp-json\/wp\/v2\/product\/6700"}],"collection":[{"href":"https:\/\/livrariasolmar.pt\/en\/wp-json\/wp\/v2\/product"}],"about":[{"href":"https:\/\/livrariasolmar.pt\/en\/wp-json\/wp\/v2\/types\/product"}],"author":[{"embeddable":true,"href":"https:\/\/livrariasolmar.pt\/en\/wp-json\/wp\/v2\/users\/2"}],"wp:featuredmedia":[{"embeddable":true,"href":"https:\/\/livrariasolmar.pt\/en\/wp-json\/wp\/v2\/media\/6701"}],"wp:attachment":[{"href":"https:\/\/livrariasolmar.pt\/en\/wp-json\/wp\/v2\/media?parent=6700"}],"wp:term":[{"taxonomy":"product_cat","embeddable":true,"href":"https:\/\/livrariasolmar.pt\/en\/wp-json\/wp\/v2\/product_cat?post=6700"},{"taxonomy":"product_tag","embeddable":true,"href":"https:\/\/livrariasolmar.pt\/en\/wp-json\/wp\/v2\/product_tag?post=6700"},{"taxonomy":"cat_produtos","embeddable":true,"href":"https:\/\/livrariasolmar.pt\/en\/wp-json\/wp\/v2\/cat_produtos?post=6700"}],"curies":[{"name":"wp","href":"https:\/\/api.w.org\/{rel}","templated":true}]}}