{"id":6715,"date":"2023-06-08T18:58:56","date_gmt":"2023-06-08T18:58:56","guid":{"rendered":"https:\/\/livrariasolmar.pt\/?post_type=product&#038;p=6715"},"modified":"2023-06-26T18:52:40","modified_gmt":"2023-06-26T18:52:40","slug":"guia-pratico-da-flora-nativa-dos-acores","status":"publish","type":"product","link":"https:\/\/livrariasolmar.pt\/en\/produto\/guia-pratico-da-flora-nativa-dos-acores\/","title":{"rendered":"Guia Pr\u00e1tico da Flora Nativa dos A\u00e7ores"},"content":{"rendered":"","protected":false},"excerpt":{"rendered":"<p>Guia indispens\u00e1vel para amantes da natureza, curiosos, estudiosos, popula\u00e7\u00e3o escolar, turistas e quantos se interessam pelo patrim\u00f3nio natural das nove ilhas a\u00e7orianas, \u00e9 uma edi\u00e7\u00e3o com o selo de qualidade do Instituto A\u00e7oriano de Cultura.<\/p>\n<p>O\u00a0<em>Guia Pr\u00e1tico da Flora Nativa dos A\u00e7ores<\/em>\u00a0\/\u00a0<em>Field Guide of Azorean Terrestrial Fauna<\/em>\u00a0facilita n\u00e3o s\u00f3 o conhecimento das principais esp\u00e9cies da flora a\u00e7oriana, como permite uma f\u00e1cil e r\u00e1pida identifica\u00e7\u00e3o das end\u00e9micas, seja das mais comuns, seja das mais raras. Contempla quase tr\u00eas centenas de esp\u00e9cies, incluindo fichas de l\u00edquenes, musgos, hep\u00e1ticas, antocerotas, fetos e lic\u00f3fitas, gimnosp\u00e9rmicas e angiosp\u00e9rmicas. E inclui a localiza\u00e7\u00e3o onde podem ser avistadas, juntamente com um conjunto de aspetos de natureza cient\u00edfica, divulgando o patrim\u00f3nio natural da Regi\u00e3o, bem como a sua rica biodiversidade.<\/p>\n<p>Livro profusamente ilustrado e bilingue, em portugu\u00eas e ingl\u00eas, com fotografias de grande qualidade e padr\u00f5es de rigor cient\u00edfico, o\u00a0<em>Guia Pr\u00e1tico da Flora Nativa dos A\u00e7ores<\/em>\u00a0\u00e9, pois, um daqueles livros que todos deveriam ter em casa, pelo modo apelativo e sintetizado como divulga informa\u00e7\u00e3o cient\u00edfica.<\/p>\n<p>A coordena\u00e7\u00e3o cient\u00edfica \u00e9 de Paulo Borges e Rosalina Gabriel, da Universidade dos A\u00e7ores, e conta com textos da autoria de Rui Bento Elias, Rosalina Gabriel e Ant\u00f3nio F\u00e9lix Rodrigues. A edi\u00e7\u00e3o \u00e9 do Instituto A\u00e7oriano de Cultura, com apoio da Secretaria Regional do Ambiente e das Altera\u00e7\u00f5es Clim\u00e1ticas.<\/p>\n<p>Em 2019 o Instituto A\u00e7oriano de Cultura publicou o\u00a0<em>Guia Pr\u00e1tico da Fauna Terrestre dos A\u00e7ores<\/em>, coordenado por Rosalina Gabriel e Paulo A. V. Borges. Com essa edi\u00e7\u00e3o, inaugurou nos A\u00e7ores a publica\u00e7\u00e3o de guias pr\u00e1ticos, em portugu\u00eas e ingl\u00eas, sobre a Natureza da regi\u00e3o. Segue-se, agora, este segundo volume, dedicado \u00e0 flora nativa.<\/p>\n","protected":false},"author":2,"featured_media":6716,"template":"","meta":[],"product_cat":[146],"product_tag":[],"cat_produtos":[],"yoast_head":"<!-- This site is optimized with the Yoast SEO plugin v16.6 - https:\/\/yoast.com\/wordpress\/plugins\/seo\/ -->\n<title>Guia Pr\u00e1tico da Flora Nativa dos A\u00e7ores - Livraria Solmar - Livraria online<\/title>\n<meta name=\"robots\" content=\"index, follow, max-snippet:-1, max-image-preview:large, max-video-preview:-1\" \/>\n<link rel=\"canonical\" href=\"https:\/\/livrariasolmar.pt\/en\/produto\/guia-pratico-da-flora-nativa-dos-acores\/\" \/>\n<meta property=\"og:locale\" content=\"en_US\" \/>\n<meta property=\"og:type\" content=\"article\" \/>\n<meta property=\"og:title\" content=\"Guia Pr\u00e1tico da Flora Nativa dos A\u00e7ores - Livraria Solmar - Livraria online\" \/>\n<meta property=\"og:description\" content=\"Guia indispens\u00e1vel para amantes da natureza, curiosos, estudiosos, popula\u00e7\u00e3o escolar, turistas e quantos se interessam pelo patrim\u00f3nio natural das nove ilhas a\u00e7orianas, \u00e9 uma edi\u00e7\u00e3o com o selo de qualidade do Instituto A\u00e7oriano de Cultura.  O\u00a0Guia Pr\u00e1tico da Flora Nativa dos A\u00e7ores\u00a0\/\u00a0Field Guide of Azorean Terrestrial Fauna\u00a0facilita n\u00e3o s\u00f3 o conhecimento das principais esp\u00e9cies da flora a\u00e7oriana, como permite uma f\u00e1cil e r\u00e1pida identifica\u00e7\u00e3o das end\u00e9micas, seja das mais comuns, seja das mais raras. Contempla quase tr\u00eas centenas de esp\u00e9cies, incluindo fichas de l\u00edquenes, musgos, hep\u00e1ticas, antocerotas, fetos e lic\u00f3fitas, gimnosp\u00e9rmicas e angiosp\u00e9rmicas. E inclui a localiza\u00e7\u00e3o onde podem ser avistadas, juntamente com um conjunto de aspetos de natureza cient\u00edfica, divulgando o patrim\u00f3nio natural da Regi\u00e3o, bem como a sua rica biodiversidade.  Livro profusamente ilustrado e bilingue, em portugu\u00eas e ingl\u00eas, com fotografias de grande qualidade e padr\u00f5es de rigor cient\u00edfico, o\u00a0Guia Pr\u00e1tico da Flora Nativa dos A\u00e7ores\u00a0\u00e9, pois, um daqueles livros que todos deveriam ter em casa, pelo modo apelativo e sintetizado como divulga informa\u00e7\u00e3o cient\u00edfica.  A coordena\u00e7\u00e3o cient\u00edfica \u00e9 de Paulo Borges e Rosalina Gabriel, da Universidade dos A\u00e7ores, e conta com textos da autoria de Rui Bento Elias, Rosalina Gabriel e Ant\u00f3nio F\u00e9lix Rodrigues. A edi\u00e7\u00e3o \u00e9 do Instituto A\u00e7oriano de Cultura, com apoio da Secretaria Regional do Ambiente e das Altera\u00e7\u00f5es Clim\u00e1ticas.  Em 2019 o Instituto A\u00e7oriano de Cultura publicou o\u00a0Guia Pr\u00e1tico da Fauna Terrestre dos A\u00e7ores, coordenado por Rosalina Gabriel e Paulo A. V. Borges. Com essa edi\u00e7\u00e3o, inaugurou nos A\u00e7ores a publica\u00e7\u00e3o de guias pr\u00e1ticos, em portugu\u00eas e ingl\u00eas, sobre a Natureza da regi\u00e3o. Segue-se, agora, este segundo volume, dedicado \u00e0 flora nativa.\" \/>\n<meta property=\"og:url\" content=\"https:\/\/livrariasolmar.pt\/produto\/guia-pratico-da-flora-nativa-dos-acores\/\" \/>\n<meta property=\"og:site_name\" content=\"Livraria Solmar - Livraria online\" \/>\n<meta property=\"article:modified_time\" content=\"2023-06-26T18:52:40+00:00\" \/>\n<meta property=\"og:image\" content=\"https:\/\/livrariasolmar.pt\/wp-content\/uploads\/2023\/06\/Flora.jpg\" \/>\n\t<meta property=\"og:image:width\" content=\"582\" \/>\n\t<meta property=\"og:image:height\" content=\"960\" \/>\n<meta name=\"twitter:card\" content=\"summary_large_image\" \/>\n<script type=\"application\/ld+json\" class=\"yoast-schema-graph\">{\"@context\":\"https:\/\/schema.org\",\"@graph\":[{\"@type\":\"WebSite\",\"@id\":\"https:\/\/livrariasolmar.pt\/#website\",\"url\":\"https:\/\/livrariasolmar.pt\/\",\"name\":\"Livraria Solmar - Livraria online\",\"description\":\"Com\\u00e9rcio Livros E Objetos De Arte, Lda - Ponta Delgada, A\\u00e7ores\",\"potentialAction\":[{\"@type\":\"SearchAction\",\"target\":{\"@type\":\"EntryPoint\",\"urlTemplate\":\"https:\/\/livrariasolmar.pt\/?s={search_term_string}\"},\"query-input\":\"required name=search_term_string\"}],\"inLanguage\":\"en-US\"},{\"@type\":\"ImageObject\",\"@id\":\"https:\/\/livrariasolmar.pt\/produto\/guia-pratico-da-flora-nativa-dos-acores\/#primaryimage\",\"inLanguage\":\"en-US\",\"url\":\"https:\/\/livrariasolmar.pt\/wp-content\/uploads\/2023\/06\/Flora.jpg\",\"contentUrl\":\"https:\/\/livrariasolmar.pt\/wp-content\/uploads\/2023\/06\/Flora.jpg\",\"width\":582,\"height\":960},{\"@type\":\"WebPage\",\"@id\":\"https:\/\/livrariasolmar.pt\/produto\/guia-pratico-da-flora-nativa-dos-acores\/#webpage\",\"url\":\"https:\/\/livrariasolmar.pt\/produto\/guia-pratico-da-flora-nativa-dos-acores\/\",\"name\":\"Guia Pr\\u00e1tico da Flora Nativa dos A\\u00e7ores - Livraria Solmar - Livraria online\",\"isPartOf\":{\"@id\":\"https:\/\/livrariasolmar.pt\/#website\"},\"primaryImageOfPage\":{\"@id\":\"https:\/\/livrariasolmar.pt\/produto\/guia-pratico-da-flora-nativa-dos-acores\/#primaryimage\"},\"datePublished\":\"2023-06-08T18:58:56+00:00\",\"dateModified\":\"2023-06-26T18:52:40+00:00\",\"breadcrumb\":{\"@id\":\"https:\/\/livrariasolmar.pt\/produto\/guia-pratico-da-flora-nativa-dos-acores\/#breadcrumb\"},\"inLanguage\":\"en-US\",\"potentialAction\":[{\"@type\":\"ReadAction\",\"target\":[\"https:\/\/livrariasolmar.pt\/produto\/guia-pratico-da-flora-nativa-dos-acores\/\"]}]},{\"@type\":\"BreadcrumbList\",\"@id\":\"https:\/\/livrariasolmar.pt\/produto\/guia-pratico-da-flora-nativa-dos-acores\/#breadcrumb\",\"itemListElement\":[{\"@type\":\"ListItem\",\"position\":1,\"name\":\"In\\u00edcio\",\"item\":\"https:\/\/livrariasolmar.pt\/en\/\"},{\"@type\":\"ListItem\",\"position\":2,\"name\":\"Shop\",\"item\":\"https:\/\/livrariasolmar.pt\/en\/shop\/\"},{\"@type\":\"ListItem\",\"position\":3,\"name\":\"Guia Pr\\u00e1tico da Flora Nativa dos A\\u00e7ores\"}]}]}<\/script>\n<!-- \/ Yoast SEO plugin. -->","_links":{"self":[{"href":"https:\/\/livrariasolmar.pt\/en\/wp-json\/wp\/v2\/product\/6715"}],"collection":[{"href":"https:\/\/livrariasolmar.pt\/en\/wp-json\/wp\/v2\/product"}],"about":[{"href":"https:\/\/livrariasolmar.pt\/en\/wp-json\/wp\/v2\/types\/product"}],"author":[{"embeddable":true,"href":"https:\/\/livrariasolmar.pt\/en\/wp-json\/wp\/v2\/users\/2"}],"wp:featuredmedia":[{"embeddable":true,"href":"https:\/\/livrariasolmar.pt\/en\/wp-json\/wp\/v2\/media\/6716"}],"wp:attachment":[{"href":"https:\/\/livrariasolmar.pt\/en\/wp-json\/wp\/v2\/media?parent=6715"}],"wp:term":[{"taxonomy":"product_cat","embeddable":true,"href":"https:\/\/livrariasolmar.pt\/en\/wp-json\/wp\/v2\/product_cat?post=6715"},{"taxonomy":"product_tag","embeddable":true,"href":"https:\/\/livrariasolmar.pt\/en\/wp-json\/wp\/v2\/product_tag?post=6715"},{"taxonomy":"cat_produtos","embeddable":true,"href":"https:\/\/livrariasolmar.pt\/en\/wp-json\/wp\/v2\/cat_produtos?post=6715"}],"curies":[{"name":"wp","href":"https:\/\/api.w.org\/{rel}","templated":true}]}}