{"id":6857,"date":"2023-07-05T17:32:57","date_gmt":"2023-07-05T17:32:57","guid":{"rendered":"https:\/\/livrariasolmar.pt\/?post_type=product&#038;p=6857"},"modified":"2024-10-16T17:18:53","modified_gmt":"2024-10-16T17:18:53","slug":"plano-de-fuga","status":"publish","type":"product","link":"https:\/\/livrariasolmar.pt\/en\/produto\/plano-de-fuga\/","title":{"rendered":"Plano De Fuga"},"content":{"rendered":"","protected":false},"excerpt":{"rendered":"<p>Pedro Gomes nasceu em Vila do Porto, ilha de Santa Maria, em 1966.<br \/>\nLicenciado em Direito pela Faculdade de Direito da Universidade de<br \/>\nLisboa, \u00e9 advogado e reside em Ponta Delgada. Foi Deputado \u00e0 Assembleia<br \/>\nda Rep\u00fablica e \u00e0 Assembleia Legislativa da Regi\u00e3o Aut\u00f3noma dos A\u00e7ores.<br \/>\n\u00c9 cronista e colaborador regular na imprensa dos A\u00e7ores. Integrou a<br \/>\nantologia de contos &#8220;Avenida Marginal, Fic\u00e7\u00f5es Ponta Delgada&#8221; (2019) com<br \/>\n&#8220;Olhos Manchados De Chuva&#8221;. ed. Artes e Letras<\/p>\n<p>&#8220;Plano de Fuga&#8221; \u00e9 o seu primeiro livro de poesia, agora editado pela<br \/>\nArtes e Letras editora.<\/p>\n<p>&nbsp;<\/p>\n","protected":false},"author":2,"featured_media":6862,"template":"","meta":[],"product_cat":[162],"product_tag":[],"cat_produtos":[984],"yoast_head":"<!-- This site is optimized with the Yoast SEO plugin v16.6 - https:\/\/yoast.com\/wordpress\/plugins\/seo\/ -->\n<title>Plano De Fuga - Livraria Solmar - Livraria online<\/title>\n<meta name=\"robots\" content=\"index, follow, max-snippet:-1, max-image-preview:large, max-video-preview:-1\" \/>\n<link rel=\"canonical\" href=\"https:\/\/livrariasolmar.pt\/en\/produto\/plano-de-fuga\/\" \/>\n<meta property=\"og:locale\" content=\"en_US\" \/>\n<meta property=\"og:type\" content=\"article\" \/>\n<meta property=\"og:title\" content=\"Plano De Fuga - Livraria Solmar - Livraria online\" \/>\n<meta property=\"og:description\" content=\"Pedro Gomes nasceu em Vila do Porto, ilha de Santa Maria, em 1966. Licenciado em Direito pela Faculdade de Direito da Universidade de Lisboa, \u00e9 advogado e reside em Ponta Delgada. Foi Deputado \u00e0 Assembleia da Rep\u00fablica e \u00e0 Assembleia Legislativa da Regi\u00e3o Aut\u00f3noma dos A\u00e7ores. \u00c9 cronista e colaborador regular na imprensa dos A\u00e7ores. Integrou a antologia de contos &quot;Avenida Marginal, Fic\u00e7\u00f5es Ponta Delgada&quot; (2019) com &quot;Olhos Manchados De Chuva&quot;. ed. Artes e Letras  &quot;Plano de Fuga&quot; \u00e9 o seu primeiro livro de poesia, agora editado pela Artes e Letras editora.  &nbsp;\" \/>\n<meta property=\"og:url\" content=\"https:\/\/livrariasolmar.pt\/produto\/plano-de-fuga\/\" \/>\n<meta property=\"og:site_name\" content=\"Livraria Solmar - Livraria online\" \/>\n<meta property=\"article:modified_time\" content=\"2024-10-16T17:18:53+00:00\" \/>\n<meta property=\"og:image\" content=\"https:\/\/livrariasolmar.pt\/wp-content\/uploads\/2023\/07\/Capa-Pedro.jpg\" \/>\n\t<meta property=\"og:image:width\" content=\"1309\" \/>\n\t<meta property=\"og:image:height\" content=\"2048\" \/>\n<meta name=\"twitter:card\" content=\"summary_large_image\" \/>\n<script type=\"application\/ld+json\" class=\"yoast-schema-graph\">{\"@context\":\"https:\/\/schema.org\",\"@graph\":[{\"@type\":\"WebSite\",\"@id\":\"https:\/\/livrariasolmar.pt\/#website\",\"url\":\"https:\/\/livrariasolmar.pt\/\",\"name\":\"Livraria Solmar - Livraria online\",\"description\":\"Com\\u00e9rcio Livros E Objetos De Arte, Lda - Ponta Delgada, A\\u00e7ores\",\"potentialAction\":[{\"@type\":\"SearchAction\",\"target\":{\"@type\":\"EntryPoint\",\"urlTemplate\":\"https:\/\/livrariasolmar.pt\/?s={search_term_string}\"},\"query-input\":\"required name=search_term_string\"}],\"inLanguage\":\"en-US\"},{\"@type\":\"ImageObject\",\"@id\":\"https:\/\/livrariasolmar.pt\/produto\/plano-de-fuga\/#primaryimage\",\"inLanguage\":\"en-US\",\"url\":\"https:\/\/livrariasolmar.pt\/wp-content\/uploads\/2023\/07\/Capa-Pedro.jpg\",\"contentUrl\":\"https:\/\/livrariasolmar.pt\/wp-content\/uploads\/2023\/07\/Capa-Pedro.jpg\",\"width\":1309,\"height\":2048},{\"@type\":\"WebPage\",\"@id\":\"https:\/\/livrariasolmar.pt\/produto\/plano-de-fuga\/#webpage\",\"url\":\"https:\/\/livrariasolmar.pt\/produto\/plano-de-fuga\/\",\"name\":\"Plano De Fuga - Livraria Solmar - Livraria online\",\"isPartOf\":{\"@id\":\"https:\/\/livrariasolmar.pt\/#website\"},\"primaryImageOfPage\":{\"@id\":\"https:\/\/livrariasolmar.pt\/produto\/plano-de-fuga\/#primaryimage\"},\"datePublished\":\"2023-07-05T17:32:57+00:00\",\"dateModified\":\"2024-10-16T17:18:53+00:00\",\"breadcrumb\":{\"@id\":\"https:\/\/livrariasolmar.pt\/produto\/plano-de-fuga\/#breadcrumb\"},\"inLanguage\":\"en-US\",\"potentialAction\":[{\"@type\":\"ReadAction\",\"target\":[\"https:\/\/livrariasolmar.pt\/produto\/plano-de-fuga\/\"]}]},{\"@type\":\"BreadcrumbList\",\"@id\":\"https:\/\/livrariasolmar.pt\/produto\/plano-de-fuga\/#breadcrumb\",\"itemListElement\":[{\"@type\":\"ListItem\",\"position\":1,\"name\":\"In\\u00edcio\",\"item\":\"https:\/\/livrariasolmar.pt\/en\/\"},{\"@type\":\"ListItem\",\"position\":2,\"name\":\"Shop\",\"item\":\"https:\/\/livrariasolmar.pt\/en\/shop\/\"},{\"@type\":\"ListItem\",\"position\":3,\"name\":\"Plano De Fuga\"}]}]}<\/script>\n<!-- \/ Yoast SEO plugin. -->","_links":{"self":[{"href":"https:\/\/livrariasolmar.pt\/en\/wp-json\/wp\/v2\/product\/6857"}],"collection":[{"href":"https:\/\/livrariasolmar.pt\/en\/wp-json\/wp\/v2\/product"}],"about":[{"href":"https:\/\/livrariasolmar.pt\/en\/wp-json\/wp\/v2\/types\/product"}],"author":[{"embeddable":true,"href":"https:\/\/livrariasolmar.pt\/en\/wp-json\/wp\/v2\/users\/2"}],"wp:featuredmedia":[{"embeddable":true,"href":"https:\/\/livrariasolmar.pt\/en\/wp-json\/wp\/v2\/media\/6862"}],"wp:attachment":[{"href":"https:\/\/livrariasolmar.pt\/en\/wp-json\/wp\/v2\/media?parent=6857"}],"wp:term":[{"taxonomy":"product_cat","embeddable":true,"href":"https:\/\/livrariasolmar.pt\/en\/wp-json\/wp\/v2\/product_cat?post=6857"},{"taxonomy":"product_tag","embeddable":true,"href":"https:\/\/livrariasolmar.pt\/en\/wp-json\/wp\/v2\/product_tag?post=6857"},{"taxonomy":"cat_produtos","embeddable":true,"href":"https:\/\/livrariasolmar.pt\/en\/wp-json\/wp\/v2\/cat_produtos?post=6857"}],"curies":[{"name":"wp","href":"https:\/\/api.w.org\/{rel}","templated":true}]}}