{"id":6915,"date":"2023-08-05T18:41:42","date_gmt":"2023-08-05T18:41:42","guid":{"rendered":"https:\/\/livrariasolmar.pt\/?post_type=product&#038;p=6915"},"modified":"2023-09-20T17:23:41","modified_gmt":"2023-09-20T17:23:41","slug":"100-primeiros-animais","status":"publish","type":"product","link":"https:\/\/livrariasolmar.pt\/en\/produto\/100-primeiros-animais\/","title":{"rendered":"100 Primeiros Animais"},"content":{"rendered":"","protected":false},"excerpt":{"rendered":"<p>Uma cole\u00e7\u00e3o de palavras, animais, jogos e muito mais!<br \/>\nEsta \u00e9 uma cole\u00e7\u00e3o de primeiros livros para os pequenos palradores. Um conceito cl\u00e1ssico de sucesso intemporal, com uma ilustra\u00e7\u00e3o moderna, muito apelativa para as novas gera\u00e7\u00f5es de pais e beb\u00e9s!<\/p>\n<p>O t\u00edtulo 100 Primeiros Animais \u00e9 um grande livro de imagens, que introduz as primeiras palavras aos pequenos palradores. Com muitas perguntas e um jogo de mem\u00f3ria, \u00e9 um livro que ajudar\u00e1 a ampliar o vocabul\u00e1rio relacionado com os animais de diferentes meios: quinta &#8211; oceano &#8211; selva &#8211; climas quentes &#8211; climas frios &#8211; floresta &#8211; casa &#8211; campo.<\/p>\n","protected":false},"author":2,"featured_media":6916,"template":"","meta":[],"product_cat":[172],"product_tag":[],"cat_produtos":[],"yoast_head":"<!-- This site is optimized with the Yoast SEO plugin v16.6 - https:\/\/yoast.com\/wordpress\/plugins\/seo\/ -->\n<title>100 Primeiros Animais - Livraria Solmar - Livraria online<\/title>\n<meta name=\"robots\" content=\"index, follow, max-snippet:-1, max-image-preview:large, max-video-preview:-1\" \/>\n<link rel=\"canonical\" href=\"https:\/\/livrariasolmar.pt\/en\/produto\/100-primeiros-animais\/\" \/>\n<meta property=\"og:locale\" content=\"en_US\" \/>\n<meta property=\"og:type\" content=\"article\" \/>\n<meta property=\"og:title\" content=\"100 Primeiros Animais - Livraria Solmar - Livraria online\" \/>\n<meta property=\"og:description\" content=\"Uma cole\u00e7\u00e3o de palavras, animais, jogos e muito mais! Esta \u00e9 uma cole\u00e7\u00e3o de primeiros livros para os pequenos palradores. Um conceito cl\u00e1ssico de sucesso intemporal, com uma ilustra\u00e7\u00e3o moderna, muito apelativa para as novas gera\u00e7\u00f5es de pais e beb\u00e9s!  O t\u00edtulo 100 Primeiros Animais \u00e9 um grande livro de imagens, que introduz as primeiras palavras aos pequenos palradores. Com muitas perguntas e um jogo de mem\u00f3ria, \u00e9 um livro que ajudar\u00e1 a ampliar o vocabul\u00e1rio relacionado com os animais de diferentes meios: quinta - oceano - selva - climas quentes - climas frios - floresta - casa - campo.\" \/>\n<meta property=\"og:url\" content=\"https:\/\/livrariasolmar.pt\/produto\/100-primeiros-animais\/\" \/>\n<meta property=\"og:site_name\" content=\"Livraria Solmar - Livraria online\" \/>\n<meta property=\"article:modified_time\" content=\"2023-09-20T17:23:41+00:00\" \/>\n<meta property=\"og:image\" content=\"https:\/\/livrariasolmar.pt\/wp-content\/uploads\/2023\/08\/300x.jpg\" \/>\n\t<meta property=\"og:image:width\" content=\"300\" \/>\n\t<meta property=\"og:image:height\" content=\"390\" \/>\n<meta name=\"twitter:card\" content=\"summary_large_image\" \/>\n<script type=\"application\/ld+json\" class=\"yoast-schema-graph\">{\"@context\":\"https:\/\/schema.org\",\"@graph\":[{\"@type\":\"WebSite\",\"@id\":\"https:\/\/livrariasolmar.pt\/#website\",\"url\":\"https:\/\/livrariasolmar.pt\/\",\"name\":\"Livraria Solmar - Livraria online\",\"description\":\"Com\\u00e9rcio Livros E Objetos De Arte, Lda - Ponta Delgada, A\\u00e7ores\",\"potentialAction\":[{\"@type\":\"SearchAction\",\"target\":{\"@type\":\"EntryPoint\",\"urlTemplate\":\"https:\/\/livrariasolmar.pt\/?s={search_term_string}\"},\"query-input\":\"required name=search_term_string\"}],\"inLanguage\":\"en-US\"},{\"@type\":\"ImageObject\",\"@id\":\"https:\/\/livrariasolmar.pt\/produto\/100-primeiros-animais\/#primaryimage\",\"inLanguage\":\"en-US\",\"url\":\"https:\/\/livrariasolmar.pt\/wp-content\/uploads\/2023\/08\/300x.jpg\",\"contentUrl\":\"https:\/\/livrariasolmar.pt\/wp-content\/uploads\/2023\/08\/300x.jpg\",\"width\":300,\"height\":390},{\"@type\":\"WebPage\",\"@id\":\"https:\/\/livrariasolmar.pt\/produto\/100-primeiros-animais\/#webpage\",\"url\":\"https:\/\/livrariasolmar.pt\/produto\/100-primeiros-animais\/\",\"name\":\"100 Primeiros Animais - Livraria Solmar - Livraria online\",\"isPartOf\":{\"@id\":\"https:\/\/livrariasolmar.pt\/#website\"},\"primaryImageOfPage\":{\"@id\":\"https:\/\/livrariasolmar.pt\/produto\/100-primeiros-animais\/#primaryimage\"},\"datePublished\":\"2023-08-05T18:41:42+00:00\",\"dateModified\":\"2023-09-20T17:23:41+00:00\",\"breadcrumb\":{\"@id\":\"https:\/\/livrariasolmar.pt\/produto\/100-primeiros-animais\/#breadcrumb\"},\"inLanguage\":\"en-US\",\"potentialAction\":[{\"@type\":\"ReadAction\",\"target\":[\"https:\/\/livrariasolmar.pt\/produto\/100-primeiros-animais\/\"]}]},{\"@type\":\"BreadcrumbList\",\"@id\":\"https:\/\/livrariasolmar.pt\/produto\/100-primeiros-animais\/#breadcrumb\",\"itemListElement\":[{\"@type\":\"ListItem\",\"position\":1,\"name\":\"In\\u00edcio\",\"item\":\"https:\/\/livrariasolmar.pt\/en\/\"},{\"@type\":\"ListItem\",\"position\":2,\"name\":\"Shop\",\"item\":\"https:\/\/livrariasolmar.pt\/en\/shop\/\"},{\"@type\":\"ListItem\",\"position\":3,\"name\":\"100 Primeiros Animais\"}]}]}<\/script>\n<!-- \/ Yoast SEO plugin. -->","_links":{"self":[{"href":"https:\/\/livrariasolmar.pt\/en\/wp-json\/wp\/v2\/product\/6915"}],"collection":[{"href":"https:\/\/livrariasolmar.pt\/en\/wp-json\/wp\/v2\/product"}],"about":[{"href":"https:\/\/livrariasolmar.pt\/en\/wp-json\/wp\/v2\/types\/product"}],"author":[{"embeddable":true,"href":"https:\/\/livrariasolmar.pt\/en\/wp-json\/wp\/v2\/users\/2"}],"wp:featuredmedia":[{"embeddable":true,"href":"https:\/\/livrariasolmar.pt\/en\/wp-json\/wp\/v2\/media\/6916"}],"wp:attachment":[{"href":"https:\/\/livrariasolmar.pt\/en\/wp-json\/wp\/v2\/media?parent=6915"}],"wp:term":[{"taxonomy":"product_cat","embeddable":true,"href":"https:\/\/livrariasolmar.pt\/en\/wp-json\/wp\/v2\/product_cat?post=6915"},{"taxonomy":"product_tag","embeddable":true,"href":"https:\/\/livrariasolmar.pt\/en\/wp-json\/wp\/v2\/product_tag?post=6915"},{"taxonomy":"cat_produtos","embeddable":true,"href":"https:\/\/livrariasolmar.pt\/en\/wp-json\/wp\/v2\/cat_produtos?post=6915"}],"curies":[{"name":"wp","href":"https:\/\/api.w.org\/{rel}","templated":true}]}}