{"id":6981,"date":"2023-08-09T15:24:11","date_gmt":"2023-08-09T15:24:11","guid":{"rendered":"https:\/\/livrariasolmar.pt\/?post_type=product&#038;p=6981"},"modified":"2024-03-02T20:10:36","modified_gmt":"2024-03-02T20:10:36","slug":"patrias","status":"publish","type":"product","link":"https:\/\/livrariasolmar.pt\/en\/produto\/patrias\/","title":{"rendered":"P\u00e1trias"},"content":{"rendered":"","protected":false},"excerpt":{"rendered":"<p>Timothy Garton Ash\u00a0tinha 17 anos quando o Reino Unido aderiu \u00e0 Comunidade Econ\u00f3mica Europeia e 64 quando o pa\u00eds deixou a Uni\u00e3o Europeia. Nos anos interm\u00e9dios viveu intensamente a pol\u00edtica europeia, testemunhando algumas das cenas mais marcantes da sua hist\u00f3ria, entrevistando muitos dos seus protagonistas e analisando o modo como se transformou a vida dos europeus comuns de todo o continente.<\/p>\n<p>Professor de Estudos Europeus da Universidade de Oxford, Senior Fellow da Hoover Institution da Universidade de Stanford e colunista do Guardian, \u00e9 tamb\u00e9m autor de dez livros de escrita pol\u00edtica ou \u00abhist\u00f3ria do presente\u00bb, entre os quais The Magic Lantern: The Revolution of \u201989 Witnessed in Warsaw, Budapest, Berlin, &amp; Prague; The File: A Personal History (um relato autobiogr\u00e1fico empolgante da investiga\u00e7\u00e3o do conte\u00fado do seu ficheiro na Stasi ap\u00f3s a queda da RDA); In Europe\u2019s Name;\u00a0Facts are Subversive e Liberdade de Express\u00e3o &#8211; Dez Princ\u00edpios para um Mundo Interligado, publicado pela Temas e Debates em 2017. Entre os numerosos pr\u00e9mios e distin\u00e7\u00f5es que recebeu, destacam-se o Somerset Maugham Award, o Prix Europ\u00e9en de l&#8217;Essai, o George Orwell Prize e o International Charlemagne Prize da cidade de Aachen.<\/p>\n","protected":false},"author":2,"featured_media":6982,"template":"","meta":[],"product_cat":[366],"product_tag":[],"cat_produtos":[],"yoast_head":"<!-- This site is optimized with the Yoast SEO plugin v16.6 - https:\/\/yoast.com\/wordpress\/plugins\/seo\/ -->\n<title>P\u00e1trias - Livraria Solmar - Livraria online<\/title>\n<meta name=\"robots\" content=\"index, follow, max-snippet:-1, max-image-preview:large, max-video-preview:-1\" \/>\n<link rel=\"canonical\" href=\"https:\/\/livrariasolmar.pt\/en\/produto\/patrias\/\" \/>\n<meta property=\"og:locale\" content=\"en_US\" \/>\n<meta property=\"og:type\" content=\"article\" \/>\n<meta property=\"og:title\" content=\"P\u00e1trias - Livraria Solmar - Livraria online\" \/>\n<meta property=\"og:description\" content=\"Timothy Garton Ash\u00a0tinha 17 anos quando o Reino Unido aderiu \u00e0 Comunidade Econ\u00f3mica Europeia e 64 quando o pa\u00eds deixou a Uni\u00e3o Europeia. Nos anos interm\u00e9dios viveu intensamente a pol\u00edtica europeia, testemunhando algumas das cenas mais marcantes da sua hist\u00f3ria, entrevistando muitos dos seus protagonistas e analisando o modo como se transformou a vida dos europeus comuns de todo o continente.  Professor de Estudos Europeus da Universidade de Oxford, Senior Fellow da Hoover Institution da Universidade de Stanford e colunista do Guardian, \u00e9 tamb\u00e9m autor de dez livros de escrita pol\u00edtica ou \u00abhist\u00f3ria do presente\u00bb, entre os quais The Magic Lantern: The Revolution of \u201989 Witnessed in Warsaw, Budapest, Berlin, &amp; Prague; The File: A Personal History (um relato autobiogr\u00e1fico empolgante da investiga\u00e7\u00e3o do conte\u00fado do seu ficheiro na Stasi ap\u00f3s a queda da RDA); In Europe\u2019s Name;\u00a0Facts are Subversive e Liberdade de Express\u00e3o - Dez Princ\u00edpios para um Mundo Interligado, publicado pela Temas e Debates em 2017. Entre os numerosos pr\u00e9mios e distin\u00e7\u00f5es que recebeu, destacam-se o Somerset Maugham Award, o Prix Europ\u00e9en de l&#039;Essai, o George Orwell Prize e o International Charlemagne Prize da cidade de Aachen.\" \/>\n<meta property=\"og:url\" content=\"https:\/\/livrariasolmar.pt\/produto\/patrias\/\" \/>\n<meta property=\"og:site_name\" content=\"Livraria Solmar - Livraria online\" \/>\n<meta property=\"article:modified_time\" content=\"2024-03-02T20:10:36+00:00\" \/>\n<meta property=\"og:image\" content=\"https:\/\/livrariasolmar.pt\/wp-content\/uploads\/2023\/08\/300x-2.jpg\" \/>\n\t<meta property=\"og:image:width\" content=\"300\" \/>\n\t<meta property=\"og:image:height\" content=\"494\" \/>\n<meta name=\"twitter:card\" content=\"summary_large_image\" \/>\n<script type=\"application\/ld+json\" class=\"yoast-schema-graph\">{\"@context\":\"https:\/\/schema.org\",\"@graph\":[{\"@type\":\"WebSite\",\"@id\":\"https:\/\/livrariasolmar.pt\/#website\",\"url\":\"https:\/\/livrariasolmar.pt\/\",\"name\":\"Livraria Solmar - Livraria online\",\"description\":\"Com\\u00e9rcio Livros E Objetos De Arte, Lda - Ponta Delgada, A\\u00e7ores\",\"potentialAction\":[{\"@type\":\"SearchAction\",\"target\":{\"@type\":\"EntryPoint\",\"urlTemplate\":\"https:\/\/livrariasolmar.pt\/?s={search_term_string}\"},\"query-input\":\"required name=search_term_string\"}],\"inLanguage\":\"en-US\"},{\"@type\":\"ImageObject\",\"@id\":\"https:\/\/livrariasolmar.pt\/produto\/patrias\/#primaryimage\",\"inLanguage\":\"en-US\",\"url\":\"https:\/\/livrariasolmar.pt\/wp-content\/uploads\/2023\/08\/300x-2.jpg\",\"contentUrl\":\"https:\/\/livrariasolmar.pt\/wp-content\/uploads\/2023\/08\/300x-2.jpg\",\"width\":300,\"height\":494},{\"@type\":\"WebPage\",\"@id\":\"https:\/\/livrariasolmar.pt\/produto\/patrias\/#webpage\",\"url\":\"https:\/\/livrariasolmar.pt\/produto\/patrias\/\",\"name\":\"P\\u00e1trias - Livraria Solmar - Livraria online\",\"isPartOf\":{\"@id\":\"https:\/\/livrariasolmar.pt\/#website\"},\"primaryImageOfPage\":{\"@id\":\"https:\/\/livrariasolmar.pt\/produto\/patrias\/#primaryimage\"},\"datePublished\":\"2023-08-09T15:24:11+00:00\",\"dateModified\":\"2024-03-02T20:10:36+00:00\",\"breadcrumb\":{\"@id\":\"https:\/\/livrariasolmar.pt\/produto\/patrias\/#breadcrumb\"},\"inLanguage\":\"en-US\",\"potentialAction\":[{\"@type\":\"ReadAction\",\"target\":[\"https:\/\/livrariasolmar.pt\/produto\/patrias\/\"]}]},{\"@type\":\"BreadcrumbList\",\"@id\":\"https:\/\/livrariasolmar.pt\/produto\/patrias\/#breadcrumb\",\"itemListElement\":[{\"@type\":\"ListItem\",\"position\":1,\"name\":\"In\\u00edcio\",\"item\":\"https:\/\/livrariasolmar.pt\/en\/\"},{\"@type\":\"ListItem\",\"position\":2,\"name\":\"Shop\",\"item\":\"https:\/\/livrariasolmar.pt\/en\/shop\/\"},{\"@type\":\"ListItem\",\"position\":3,\"name\":\"P\\u00e1trias\"}]}]}<\/script>\n<!-- \/ Yoast SEO plugin. -->","_links":{"self":[{"href":"https:\/\/livrariasolmar.pt\/en\/wp-json\/wp\/v2\/product\/6981"}],"collection":[{"href":"https:\/\/livrariasolmar.pt\/en\/wp-json\/wp\/v2\/product"}],"about":[{"href":"https:\/\/livrariasolmar.pt\/en\/wp-json\/wp\/v2\/types\/product"}],"author":[{"embeddable":true,"href":"https:\/\/livrariasolmar.pt\/en\/wp-json\/wp\/v2\/users\/2"}],"wp:featuredmedia":[{"embeddable":true,"href":"https:\/\/livrariasolmar.pt\/en\/wp-json\/wp\/v2\/media\/6982"}],"wp:attachment":[{"href":"https:\/\/livrariasolmar.pt\/en\/wp-json\/wp\/v2\/media?parent=6981"}],"wp:term":[{"taxonomy":"product_cat","embeddable":true,"href":"https:\/\/livrariasolmar.pt\/en\/wp-json\/wp\/v2\/product_cat?post=6981"},{"taxonomy":"product_tag","embeddable":true,"href":"https:\/\/livrariasolmar.pt\/en\/wp-json\/wp\/v2\/product_tag?post=6981"},{"taxonomy":"cat_produtos","embeddable":true,"href":"https:\/\/livrariasolmar.pt\/en\/wp-json\/wp\/v2\/cat_produtos?post=6981"}],"curies":[{"name":"wp","href":"https:\/\/api.w.org\/{rel}","templated":true}]}}