{"id":7078,"date":"2023-08-14T17:51:04","date_gmt":"2023-08-14T17:51:04","guid":{"rendered":"https:\/\/livrariasolmar.pt\/?post_type=product&#038;p=7078"},"modified":"2024-03-30T19:50:20","modified_gmt":"2024-03-30T19:50:20","slug":"vida-a-grande-historia","status":"publish","type":"product","link":"https:\/\/livrariasolmar.pt\/en\/produto\/vida-a-grande-historia\/","title":{"rendered":"Vida, a Grande Hist\u00f3ria"},"content":{"rendered":"","protected":false},"excerpt":{"rendered":"<p>H\u00e1 cerca de 4 mil milh\u00f5es de anos a vida apareceu na Terra.<br \/>\nQual \u00e9 a hist\u00f3ria da sua evolu\u00e7\u00e3o? Seria inevit\u00e1vel a vida? E a esp\u00e9cie humana? Teria existido outro ser inteligente, se os humanos n\u00e3o tivessem surgido? Que padr\u00f5es utiliza o mecanismo evolutivo? A evolu\u00e7\u00e3o avan\u00e7ar\u00e1 como uma seta, para diante? A partir de perguntas como estas, e das diversas respostas cient\u00edficas que lhes t\u00eam sido dadas ao longo dos anos, o autor tra\u00e7a uma verdadeira hist\u00f3ria da vida que culmina na mais antiga interroga\u00e7\u00e3o sobre o significado da humanidade: porque estamos aqui?<\/p>\n<p>A grandiosa viagem da vida, desde o seu aparecimento na Terra at\u00e9 hoje, contada por um dos seus maiores conhecedores.<\/p>\n","protected":false},"author":2,"featured_media":7079,"template":"","meta":[],"product_cat":[163],"product_tag":[],"cat_produtos":[],"yoast_head":"<!-- This site is optimized with the Yoast SEO plugin v16.6 - https:\/\/yoast.com\/wordpress\/plugins\/seo\/ -->\n<title>Vida, a Grande Hist\u00f3ria - Livraria Solmar - Livraria online<\/title>\n<meta name=\"robots\" content=\"index, follow, max-snippet:-1, max-image-preview:large, max-video-preview:-1\" \/>\n<link rel=\"canonical\" href=\"https:\/\/livrariasolmar.pt\/en\/produto\/vida-a-grande-historia\/\" \/>\n<meta property=\"og:locale\" content=\"en_US\" \/>\n<meta property=\"og:type\" content=\"article\" \/>\n<meta property=\"og:title\" content=\"Vida, a Grande Hist\u00f3ria - Livraria Solmar - Livraria online\" \/>\n<meta property=\"og:description\" content=\"H\u00e1 cerca de 4 mil milh\u00f5es de anos a vida apareceu na Terra. Qual \u00e9 a hist\u00f3ria da sua evolu\u00e7\u00e3o? Seria inevit\u00e1vel a vida? E a esp\u00e9cie humana? Teria existido outro ser inteligente, se os humanos n\u00e3o tivessem surgido? Que padr\u00f5es utiliza o mecanismo evolutivo? A evolu\u00e7\u00e3o avan\u00e7ar\u00e1 como uma seta, para diante? A partir de perguntas como estas, e das diversas respostas cient\u00edficas que lhes t\u00eam sido dadas ao longo dos anos, o autor tra\u00e7a uma verdadeira hist\u00f3ria da vida que culmina na mais antiga interroga\u00e7\u00e3o sobre o significado da humanidade: porque estamos aqui?  A grandiosa viagem da vida, desde o seu aparecimento na Terra at\u00e9 hoje, contada por um dos seus maiores conhecedores.\" \/>\n<meta property=\"og:url\" content=\"https:\/\/livrariasolmar.pt\/produto\/vida-a-grande-historia\/\" \/>\n<meta property=\"og:site_name\" content=\"Livraria Solmar - Livraria online\" \/>\n<meta property=\"article:modified_time\" content=\"2024-03-30T19:50:20+00:00\" \/>\n<meta property=\"og:image\" content=\"https:\/\/livrariasolmar.pt\/wp-content\/uploads\/2023\/08\/300x-1-1.jpg\" \/>\n\t<meta property=\"og:image:width\" content=\"300\" \/>\n\t<meta property=\"og:image:height\" content=\"472\" \/>\n<meta name=\"twitter:card\" content=\"summary_large_image\" \/>\n<script type=\"application\/ld+json\" class=\"yoast-schema-graph\">{\"@context\":\"https:\/\/schema.org\",\"@graph\":[{\"@type\":\"WebSite\",\"@id\":\"https:\/\/livrariasolmar.pt\/#website\",\"url\":\"https:\/\/livrariasolmar.pt\/\",\"name\":\"Livraria Solmar - Livraria online\",\"description\":\"Com\\u00e9rcio Livros E Objetos De Arte, Lda - Ponta Delgada, A\\u00e7ores\",\"potentialAction\":[{\"@type\":\"SearchAction\",\"target\":{\"@type\":\"EntryPoint\",\"urlTemplate\":\"https:\/\/livrariasolmar.pt\/?s={search_term_string}\"},\"query-input\":\"required name=search_term_string\"}],\"inLanguage\":\"en-US\"},{\"@type\":\"ImageObject\",\"@id\":\"https:\/\/livrariasolmar.pt\/produto\/vida-a-grande-historia\/#primaryimage\",\"inLanguage\":\"en-US\",\"url\":\"https:\/\/livrariasolmar.pt\/wp-content\/uploads\/2023\/08\/300x-1-1.jpg\",\"contentUrl\":\"https:\/\/livrariasolmar.pt\/wp-content\/uploads\/2023\/08\/300x-1-1.jpg\",\"width\":300,\"height\":472},{\"@type\":\"WebPage\",\"@id\":\"https:\/\/livrariasolmar.pt\/produto\/vida-a-grande-historia\/#webpage\",\"url\":\"https:\/\/livrariasolmar.pt\/produto\/vida-a-grande-historia\/\",\"name\":\"Vida, a Grande Hist\\u00f3ria - Livraria Solmar - Livraria online\",\"isPartOf\":{\"@id\":\"https:\/\/livrariasolmar.pt\/#website\"},\"primaryImageOfPage\":{\"@id\":\"https:\/\/livrariasolmar.pt\/produto\/vida-a-grande-historia\/#primaryimage\"},\"datePublished\":\"2023-08-14T17:51:04+00:00\",\"dateModified\":\"2024-03-30T19:50:20+00:00\",\"breadcrumb\":{\"@id\":\"https:\/\/livrariasolmar.pt\/produto\/vida-a-grande-historia\/#breadcrumb\"},\"inLanguage\":\"en-US\",\"potentialAction\":[{\"@type\":\"ReadAction\",\"target\":[\"https:\/\/livrariasolmar.pt\/produto\/vida-a-grande-historia\/\"]}]},{\"@type\":\"BreadcrumbList\",\"@id\":\"https:\/\/livrariasolmar.pt\/produto\/vida-a-grande-historia\/#breadcrumb\",\"itemListElement\":[{\"@type\":\"ListItem\",\"position\":1,\"name\":\"In\\u00edcio\",\"item\":\"https:\/\/livrariasolmar.pt\/en\/\"},{\"@type\":\"ListItem\",\"position\":2,\"name\":\"Shop\",\"item\":\"https:\/\/livrariasolmar.pt\/en\/shop\/\"},{\"@type\":\"ListItem\",\"position\":3,\"name\":\"Vida, a Grande Hist\\u00f3ria\"}]}]}<\/script>\n<!-- \/ Yoast SEO plugin. -->","_links":{"self":[{"href":"https:\/\/livrariasolmar.pt\/en\/wp-json\/wp\/v2\/product\/7078"}],"collection":[{"href":"https:\/\/livrariasolmar.pt\/en\/wp-json\/wp\/v2\/product"}],"about":[{"href":"https:\/\/livrariasolmar.pt\/en\/wp-json\/wp\/v2\/types\/product"}],"author":[{"embeddable":true,"href":"https:\/\/livrariasolmar.pt\/en\/wp-json\/wp\/v2\/users\/2"}],"wp:featuredmedia":[{"embeddable":true,"href":"https:\/\/livrariasolmar.pt\/en\/wp-json\/wp\/v2\/media\/7079"}],"wp:attachment":[{"href":"https:\/\/livrariasolmar.pt\/en\/wp-json\/wp\/v2\/media?parent=7078"}],"wp:term":[{"taxonomy":"product_cat","embeddable":true,"href":"https:\/\/livrariasolmar.pt\/en\/wp-json\/wp\/v2\/product_cat?post=7078"},{"taxonomy":"product_tag","embeddable":true,"href":"https:\/\/livrariasolmar.pt\/en\/wp-json\/wp\/v2\/product_tag?post=7078"},{"taxonomy":"cat_produtos","embeddable":true,"href":"https:\/\/livrariasolmar.pt\/en\/wp-json\/wp\/v2\/cat_produtos?post=7078"}],"curies":[{"name":"wp","href":"https:\/\/api.w.org\/{rel}","templated":true}]}}