{"id":7094,"date":"2023-08-16T16:30:31","date_gmt":"2023-08-16T16:30:31","guid":{"rendered":"https:\/\/livrariasolmar.pt\/?post_type=product&#038;p=7094"},"modified":"2023-11-07T20:05:54","modified_gmt":"2023-11-07T20:05:54","slug":"peste-colera","status":"publish","type":"product","link":"https:\/\/livrariasolmar.pt\/en\/produto\/peste-colera\/","title":{"rendered":"Peste &#038; C\u00f3lera"},"content":{"rendered":"","protected":false},"excerpt":{"rendered":"<p>Yersinia pestis. Peste bub\u00f3nica. Peste negra. S\u00e3o tr\u00eas nomes que significam o mesmo e que apontam para um outro: Alexandre Yersin (1863-1943), disc\u00edpulo de Pasteur, admirador de Livingstone e de Conrad, cientista brilhante que descobriu em Hong Kong o bacilo que recebeu o seu nome, salvando milhares de vidas. \u00c9 sobre ele, a sua vida e a imensa \u00e9poca em que viveu que se debru\u00e7a este \u00abromance sem fic\u00e7\u00e3o\u00bb de Patrick Deville: uma vida que, ao contr\u00e1rio do previs\u00edvel, fugiu o mais poss\u00edvel aos laborat\u00f3rios, levada por uma ambi\u00e7\u00e3o de conhecimento que foi do microsc\u00f3pico \u00e0 vontade de engolir o universo \u2014 entender o interior do corpo mas tamb\u00e9m as mar\u00e9s, os motores das m\u00e1quinas e as ra\u00edzes das plantas, a reprodu\u00e7\u00e3o das galinhas e a dist\u00e2ncia das estrelas. Estreia em Portugal do grande romancista franc\u00eas Patrick Deville.<\/p>\n<p>\u00abEis o que \u00e9 este livro extraordin\u00e1rio: o puzzle de uma vida e de uma \u00e9poca. Os seus temas s\u00e3o grandes e \u00e9 grande o seu protagonista e s\u00e3o grandes os cen\u00e1rios em que decorre, mesmo quando se revelam microsc\u00f3picos. Mas era preciso que surgisse um romancista como Patrick Deville, explorador e viajante, para contar esta hist\u00f3ria como ela merecia ser contada.\u00bb<br \/>\n<i>Juan Gabriel Vasquez, Pref\u00e1cio<\/i><\/p>\n","protected":false},"author":2,"featured_media":7099,"template":"","meta":[],"product_cat":[153],"product_tag":[],"cat_produtos":[],"yoast_head":"<!-- This site is optimized with the Yoast SEO plugin v16.6 - https:\/\/yoast.com\/wordpress\/plugins\/seo\/ -->\n<title>Peste &amp; C\u00f3lera - Livraria Solmar - Livraria online<\/title>\n<meta name=\"robots\" content=\"index, follow, max-snippet:-1, max-image-preview:large, max-video-preview:-1\" \/>\n<link rel=\"canonical\" href=\"https:\/\/livrariasolmar.pt\/en\/produto\/peste-colera\/\" \/>\n<meta property=\"og:locale\" content=\"en_US\" \/>\n<meta property=\"og:type\" content=\"article\" \/>\n<meta property=\"og:title\" content=\"Peste &amp; C\u00f3lera - Livraria Solmar - Livraria online\" \/>\n<meta property=\"og:description\" content=\"Yersinia pestis. Peste bub\u00f3nica. Peste negra. S\u00e3o tr\u00eas nomes que significam o mesmo e que apontam para um outro: Alexandre Yersin (1863-1943), disc\u00edpulo de Pasteur, admirador de Livingstone e de Conrad, cientista brilhante que descobriu em Hong Kong o bacilo que recebeu o seu nome, salvando milhares de vidas. \u00c9 sobre ele, a sua vida e a imensa \u00e9poca em que viveu que se debru\u00e7a este \u00abromance sem fic\u00e7\u00e3o\u00bb de Patrick Deville: uma vida que, ao contr\u00e1rio do previs\u00edvel, fugiu o mais poss\u00edvel aos laborat\u00f3rios, levada por uma ambi\u00e7\u00e3o de conhecimento que foi do microsc\u00f3pico \u00e0 vontade de engolir o universo \u2014 entender o interior do corpo mas tamb\u00e9m as mar\u00e9s, os motores das m\u00e1quinas e as ra\u00edzes das plantas, a reprodu\u00e7\u00e3o das galinhas e a dist\u00e2ncia das estrelas. Estreia em Portugal do grande romancista franc\u00eas Patrick Deville.  \u00abEis o que \u00e9 este livro extraordin\u00e1rio: o puzzle de uma vida e de uma \u00e9poca. Os seus temas s\u00e3o grandes e \u00e9 grande o seu protagonista e s\u00e3o grandes os cen\u00e1rios em que decorre, mesmo quando se revelam microsc\u00f3picos. Mas era preciso que surgisse um romancista como Patrick Deville, explorador e viajante, para contar esta hist\u00f3ria como ela merecia ser contada.\u00bb Juan Gabriel Vasquez, Pref\u00e1cio\" \/>\n<meta property=\"og:url\" content=\"https:\/\/livrariasolmar.pt\/produto\/peste-colera\/\" \/>\n<meta property=\"og:site_name\" content=\"Livraria Solmar - Livraria online\" \/>\n<meta property=\"article:modified_time\" content=\"2023-11-07T20:05:54+00:00\" \/>\n<meta property=\"og:image\" content=\"https:\/\/livrariasolmar.pt\/wp-content\/uploads\/2023\/08\/1540-1-1-5.jpg\" \/>\n\t<meta property=\"og:image:width\" content=\"340\" \/>\n\t<meta property=\"og:image:height\" content=\"340\" \/>\n<meta name=\"twitter:card\" content=\"summary_large_image\" \/>\n<script type=\"application\/ld+json\" class=\"yoast-schema-graph\">{\"@context\":\"https:\/\/schema.org\",\"@graph\":[{\"@type\":\"WebSite\",\"@id\":\"https:\/\/livrariasolmar.pt\/#website\",\"url\":\"https:\/\/livrariasolmar.pt\/\",\"name\":\"Livraria Solmar - Livraria online\",\"description\":\"Com\\u00e9rcio Livros E Objetos De Arte, Lda - Ponta Delgada, A\\u00e7ores\",\"potentialAction\":[{\"@type\":\"SearchAction\",\"target\":{\"@type\":\"EntryPoint\",\"urlTemplate\":\"https:\/\/livrariasolmar.pt\/?s={search_term_string}\"},\"query-input\":\"required name=search_term_string\"}],\"inLanguage\":\"en-US\"},{\"@type\":\"ImageObject\",\"@id\":\"https:\/\/livrariasolmar.pt\/produto\/peste-colera\/#primaryimage\",\"inLanguage\":\"en-US\",\"url\":\"https:\/\/livrariasolmar.pt\/wp-content\/uploads\/2023\/08\/1540-1-1-5.jpg\",\"contentUrl\":\"https:\/\/livrariasolmar.pt\/wp-content\/uploads\/2023\/08\/1540-1-1-5.jpg\",\"width\":340,\"height\":340},{\"@type\":\"WebPage\",\"@id\":\"https:\/\/livrariasolmar.pt\/produto\/peste-colera\/#webpage\",\"url\":\"https:\/\/livrariasolmar.pt\/produto\/peste-colera\/\",\"name\":\"Peste & C\\u00f3lera - Livraria Solmar - Livraria online\",\"isPartOf\":{\"@id\":\"https:\/\/livrariasolmar.pt\/#website\"},\"primaryImageOfPage\":{\"@id\":\"https:\/\/livrariasolmar.pt\/produto\/peste-colera\/#primaryimage\"},\"datePublished\":\"2023-08-16T16:30:31+00:00\",\"dateModified\":\"2023-11-07T20:05:54+00:00\",\"breadcrumb\":{\"@id\":\"https:\/\/livrariasolmar.pt\/produto\/peste-colera\/#breadcrumb\"},\"inLanguage\":\"en-US\",\"potentialAction\":[{\"@type\":\"ReadAction\",\"target\":[\"https:\/\/livrariasolmar.pt\/produto\/peste-colera\/\"]}]},{\"@type\":\"BreadcrumbList\",\"@id\":\"https:\/\/livrariasolmar.pt\/produto\/peste-colera\/#breadcrumb\",\"itemListElement\":[{\"@type\":\"ListItem\",\"position\":1,\"name\":\"In\\u00edcio\",\"item\":\"https:\/\/livrariasolmar.pt\/en\/\"},{\"@type\":\"ListItem\",\"position\":2,\"name\":\"Shop\",\"item\":\"https:\/\/livrariasolmar.pt\/en\/shop\/\"},{\"@type\":\"ListItem\",\"position\":3,\"name\":\"Peste &#038; C\\u00f3lera\"}]}]}<\/script>\n<!-- \/ Yoast SEO plugin. -->","_links":{"self":[{"href":"https:\/\/livrariasolmar.pt\/en\/wp-json\/wp\/v2\/product\/7094"}],"collection":[{"href":"https:\/\/livrariasolmar.pt\/en\/wp-json\/wp\/v2\/product"}],"about":[{"href":"https:\/\/livrariasolmar.pt\/en\/wp-json\/wp\/v2\/types\/product"}],"author":[{"embeddable":true,"href":"https:\/\/livrariasolmar.pt\/en\/wp-json\/wp\/v2\/users\/2"}],"wp:featuredmedia":[{"embeddable":true,"href":"https:\/\/livrariasolmar.pt\/en\/wp-json\/wp\/v2\/media\/7099"}],"wp:attachment":[{"href":"https:\/\/livrariasolmar.pt\/en\/wp-json\/wp\/v2\/media?parent=7094"}],"wp:term":[{"taxonomy":"product_cat","embeddable":true,"href":"https:\/\/livrariasolmar.pt\/en\/wp-json\/wp\/v2\/product_cat?post=7094"},{"taxonomy":"product_tag","embeddable":true,"href":"https:\/\/livrariasolmar.pt\/en\/wp-json\/wp\/v2\/product_tag?post=7094"},{"taxonomy":"cat_produtos","embeddable":true,"href":"https:\/\/livrariasolmar.pt\/en\/wp-json\/wp\/v2\/cat_produtos?post=7094"}],"curies":[{"name":"wp","href":"https:\/\/api.w.org\/{rel}","templated":true}]}}