{"id":7116,"date":"2023-08-19T12:45:52","date_gmt":"2023-08-19T12:45:52","guid":{"rendered":"https:\/\/livrariasolmar.pt\/?post_type=product&#038;p=7116"},"modified":"2024-12-17T14:25:27","modified_gmt":"2024-12-17T14:25:27","slug":"a-capitoa","status":"publish","type":"product","link":"https:\/\/livrariasolmar.pt\/en\/produto\/a-capitoa\/","title":{"rendered":"A Capitoa"},"content":{"rendered":"","protected":false},"excerpt":{"rendered":"<p>A 4 de mar\u00e7o de 1528 um peregrino, em Jerusal\u00e9m, sonha com o dia em que chegou ao Faial, exatamente cinquenta anos antes, e se apaixonou por D. Brites de Macedo, a mulher do capit\u00e3o da ilha.<br \/>\nEnquanto o dia a dia das ilhas decorre com sobressaltos, como a falta do sal ou as tropelias de uma baleia, em Jerusal\u00e9m o peregrino confessa-se a um padre an\u00e3o, que resolve acompanh\u00e1-lo aos A\u00e7ores quando sabe que reside a\u00ed um padre que prega a devo\u00e7\u00e3o a Deus pela alegria em vez da penit\u00eancia e do temor.<\/p>\n<p>Nas ilhas, aonde v\u00e3o chegando os ecos da modernidade que vai mudando o mundo, h\u00e1 assassinatos por resolver, um endemoninhado atormentado, um padre falso, destinos inesperadamente fatais, um navio que explode e duas vi\u00favas que descobrem a felicidade do prazer. E tudo \u00e9 observado por uma mo\u00e7a t\u00e3o simples que nem percebe o que \u00e9 o pecado.<\/p>\n<p>Finalmente, o peregrino Rufino regressa para completar os seus dias ao lado da capitoa; ao chegar, conta-lhe o sonho em que viu o Faial como um jardim das del\u00edcias, \u00e0 beira da Jerusal\u00e9m celestial\u2026<\/p>\n","protected":false},"author":2,"featured_media":7117,"template":"","meta":[],"product_cat":[153],"product_tag":[],"cat_produtos":[],"yoast_head":"<!-- This site is optimized with the Yoast SEO plugin v16.6 - https:\/\/yoast.com\/wordpress\/plugins\/seo\/ -->\n<title>A Capitoa - Livraria Solmar - Livraria online<\/title>\n<meta name=\"robots\" content=\"index, follow, max-snippet:-1, max-image-preview:large, max-video-preview:-1\" \/>\n<link rel=\"canonical\" href=\"https:\/\/livrariasolmar.pt\/en\/produto\/a-capitoa\/\" \/>\n<meta property=\"og:locale\" content=\"en_US\" \/>\n<meta property=\"og:type\" content=\"article\" \/>\n<meta property=\"og:title\" content=\"A Capitoa - Livraria Solmar - Livraria online\" \/>\n<meta property=\"og:description\" content=\"A 4 de mar\u00e7o de 1528 um peregrino, em Jerusal\u00e9m, sonha com o dia em que chegou ao Faial, exatamente cinquenta anos antes, e se apaixonou por D. Brites de Macedo, a mulher do capit\u00e3o da ilha. Enquanto o dia a dia das ilhas decorre com sobressaltos, como a falta do sal ou as tropelias de uma baleia, em Jerusal\u00e9m o peregrino confessa-se a um padre an\u00e3o, que resolve acompanh\u00e1-lo aos A\u00e7ores quando sabe que reside a\u00ed um padre que prega a devo\u00e7\u00e3o a Deus pela alegria em vez da penit\u00eancia e do temor.  Nas ilhas, aonde v\u00e3o chegando os ecos da modernidade que vai mudando o mundo, h\u00e1 assassinatos por resolver, um endemoninhado atormentado, um padre falso, destinos inesperadamente fatais, um navio que explode e duas vi\u00favas que descobrem a felicidade do prazer. E tudo \u00e9 observado por uma mo\u00e7a t\u00e3o simples que nem percebe o que \u00e9 o pecado.  Finalmente, o peregrino Rufino regressa para completar os seus dias ao lado da capitoa; ao chegar, conta-lhe o sonho em que viu o Faial como um jardim das del\u00edcias, \u00e0 beira da Jerusal\u00e9m celestial\u2026\" \/>\n<meta property=\"og:url\" content=\"https:\/\/livrariasolmar.pt\/produto\/a-capitoa\/\" \/>\n<meta property=\"og:site_name\" content=\"Livraria Solmar - Livraria online\" \/>\n<meta property=\"article:modified_time\" content=\"2024-12-17T14:25:27+00:00\" \/>\n<meta property=\"og:image\" content=\"https:\/\/livrariasolmar.pt\/wp-content\/uploads\/2023\/08\/300x-1-5.jpg\" \/>\n\t<meta property=\"og:image:width\" content=\"300\" \/>\n\t<meta property=\"og:image:height\" content=\"476\" \/>\n<meta name=\"twitter:card\" content=\"summary_large_image\" \/>\n<script type=\"application\/ld+json\" class=\"yoast-schema-graph\">{\"@context\":\"https:\/\/schema.org\",\"@graph\":[{\"@type\":\"WebSite\",\"@id\":\"https:\/\/livrariasolmar.pt\/#website\",\"url\":\"https:\/\/livrariasolmar.pt\/\",\"name\":\"Livraria Solmar - Livraria online\",\"description\":\"Com\\u00e9rcio Livros E Objetos De Arte, Lda - Ponta Delgada, A\\u00e7ores\",\"potentialAction\":[{\"@type\":\"SearchAction\",\"target\":{\"@type\":\"EntryPoint\",\"urlTemplate\":\"https:\/\/livrariasolmar.pt\/?s={search_term_string}\"},\"query-input\":\"required name=search_term_string\"}],\"inLanguage\":\"en-US\"},{\"@type\":\"ImageObject\",\"@id\":\"https:\/\/livrariasolmar.pt\/produto\/a-capitoa\/#primaryimage\",\"inLanguage\":\"en-US\",\"url\":\"https:\/\/livrariasolmar.pt\/wp-content\/uploads\/2023\/08\/300x-1-5.jpg\",\"contentUrl\":\"https:\/\/livrariasolmar.pt\/wp-content\/uploads\/2023\/08\/300x-1-5.jpg\",\"width\":300,\"height\":476},{\"@type\":\"WebPage\",\"@id\":\"https:\/\/livrariasolmar.pt\/produto\/a-capitoa\/#webpage\",\"url\":\"https:\/\/livrariasolmar.pt\/produto\/a-capitoa\/\",\"name\":\"A Capitoa - Livraria Solmar - Livraria online\",\"isPartOf\":{\"@id\":\"https:\/\/livrariasolmar.pt\/#website\"},\"primaryImageOfPage\":{\"@id\":\"https:\/\/livrariasolmar.pt\/produto\/a-capitoa\/#primaryimage\"},\"datePublished\":\"2023-08-19T12:45:52+00:00\",\"dateModified\":\"2024-12-17T14:25:27+00:00\",\"breadcrumb\":{\"@id\":\"https:\/\/livrariasolmar.pt\/produto\/a-capitoa\/#breadcrumb\"},\"inLanguage\":\"en-US\",\"potentialAction\":[{\"@type\":\"ReadAction\",\"target\":[\"https:\/\/livrariasolmar.pt\/produto\/a-capitoa\/\"]}]},{\"@type\":\"BreadcrumbList\",\"@id\":\"https:\/\/livrariasolmar.pt\/produto\/a-capitoa\/#breadcrumb\",\"itemListElement\":[{\"@type\":\"ListItem\",\"position\":1,\"name\":\"In\\u00edcio\",\"item\":\"https:\/\/livrariasolmar.pt\/en\/\"},{\"@type\":\"ListItem\",\"position\":2,\"name\":\"Shop\",\"item\":\"https:\/\/livrariasolmar.pt\/en\/shop\/\"},{\"@type\":\"ListItem\",\"position\":3,\"name\":\"A Capitoa\"}]}]}<\/script>\n<!-- \/ Yoast SEO plugin. -->","_links":{"self":[{"href":"https:\/\/livrariasolmar.pt\/en\/wp-json\/wp\/v2\/product\/7116"}],"collection":[{"href":"https:\/\/livrariasolmar.pt\/en\/wp-json\/wp\/v2\/product"}],"about":[{"href":"https:\/\/livrariasolmar.pt\/en\/wp-json\/wp\/v2\/types\/product"}],"author":[{"embeddable":true,"href":"https:\/\/livrariasolmar.pt\/en\/wp-json\/wp\/v2\/users\/2"}],"wp:featuredmedia":[{"embeddable":true,"href":"https:\/\/livrariasolmar.pt\/en\/wp-json\/wp\/v2\/media\/7117"}],"wp:attachment":[{"href":"https:\/\/livrariasolmar.pt\/en\/wp-json\/wp\/v2\/media?parent=7116"}],"wp:term":[{"taxonomy":"product_cat","embeddable":true,"href":"https:\/\/livrariasolmar.pt\/en\/wp-json\/wp\/v2\/product_cat?post=7116"},{"taxonomy":"product_tag","embeddable":true,"href":"https:\/\/livrariasolmar.pt\/en\/wp-json\/wp\/v2\/product_tag?post=7116"},{"taxonomy":"cat_produtos","embeddable":true,"href":"https:\/\/livrariasolmar.pt\/en\/wp-json\/wp\/v2\/cat_produtos?post=7116"}],"curies":[{"name":"wp","href":"https:\/\/api.w.org\/{rel}","templated":true}]}}