{"id":7215,"date":"2023-09-15T16:50:10","date_gmt":"2023-09-15T16:50:10","guid":{"rendered":"https:\/\/livrariasolmar.pt\/?post_type=product&#038;p=7215"},"modified":"2026-04-11T18:58:30","modified_gmt":"2026-04-11T18:58:30","slug":"o-segredo-da-criada","status":"publish","type":"product","link":"https:\/\/livrariasolmar.pt\/en\/produto\/o-segredo-da-criada\/","title":{"rendered":"O Segredo da Criada"},"content":{"rendered":"","protected":false},"excerpt":{"rendered":"<p>Cinco anos ap\u00f3s os acontecimentos de A Criada, Millie pensa que pode construir uma vida \u00abnormal\u00bb, formando-se como assistente social e trabalhando para outra fam\u00edlia rica&#8230; mas est\u00e1 muito enganada!<\/p>\n<p>MISTERIOSO, INTENSO E VICIANTE COMO UM VERDADEIRO THRILLER DEVE SER!<\/p>\n<p>\u00abMillie, nunca entre no quarto de h\u00f3spedes&#8230;\u00bb Uma sombra abate-se sobre o rosto de Douglas Garrick ao tocar na porta do quarto com a ponta dos dedos. \u00ab\u00c9 que&#8230; a minha mulher&#8230; est\u00e1 muito doente\u00bb. Enquanto me continua a mostrar o seu incr\u00edvel apartamento penthouse num dos pr\u00e9dios mais vistosos da cidade, tenho um pressentimento terr\u00edvel sobre a mulher fechada naquele quarto.<\/p>\n<p>Mas n\u00e3o posso arriscar-me a perder este emprego &#8211; pelo menos se quiser continuar a manter o meu segredo. \u00c9 dif\u00edcil encontrar empregadores que n\u00e3o fa\u00e7am muitas perguntas, especialmente sobre o passado. Nesse aspeto, agrade\u00e7o a sorte de os Garrick me terem contratado.<\/p>\n<p>Posso trabalhar aqui durante algum tempo, ficar sossegada at\u00e9 conseguir o que quero. Arrumar e limpar a sua deslumbrante penthouse de vista panor\u00e2mica sobre a cidade e preparar-lhes refei\u00e7\u00f5es sofisticadas na sua cozinha reluzente. O emprego quase perfeito.<\/p>\n<p>S\u00f3 ainda n\u00e3o conheci a Sra. Garrick, nem espreitei o quarto de h\u00f3spedes.<\/p>\n<p>Tenho a certeza que a ou\u00e7o chorar \u00e0s vezes. Tamb\u00e9m j\u00e1 reparei em manchas de sangue na gola das suas camisas de dormir quando estou a lavar a roupa. Um dia, n\u00e3o consigo evitar bater \u00e0 porta. E, quando se abre suavemente, o que vejo l\u00e1 dentro muda tudo..<\/p>\n","protected":false},"author":2,"featured_media":7216,"template":"","meta":[],"product_cat":[588],"product_tag":[],"cat_produtos":[],"yoast_head":"<!-- This site is optimized with the Yoast SEO plugin v16.6 - https:\/\/yoast.com\/wordpress\/plugins\/seo\/ -->\n<title>O Segredo da Criada - Livraria Solmar - Livraria online<\/title>\n<meta name=\"robots\" content=\"index, follow, max-snippet:-1, max-image-preview:large, max-video-preview:-1\" \/>\n<link rel=\"canonical\" href=\"https:\/\/livrariasolmar.pt\/en\/produto\/o-segredo-da-criada\/\" \/>\n<meta property=\"og:locale\" content=\"en_US\" \/>\n<meta property=\"og:type\" content=\"article\" \/>\n<meta property=\"og:title\" content=\"O Segredo da Criada - Livraria Solmar - Livraria online\" \/>\n<meta property=\"og:description\" content=\"Cinco anos ap\u00f3s os acontecimentos de A Criada, Millie pensa que pode construir uma vida \u00abnormal\u00bb, formando-se como assistente social e trabalhando para outra fam\u00edlia rica... mas est\u00e1 muito enganada!  MISTERIOSO, INTENSO E VICIANTE COMO UM VERDADEIRO THRILLER DEVE SER!  \u00abMillie, nunca entre no quarto de h\u00f3spedes...\u00bb Uma sombra abate-se sobre o rosto de Douglas Garrick ao tocar na porta do quarto com a ponta dos dedos. \u00ab\u00c9 que... a minha mulher... est\u00e1 muito doente\u00bb. Enquanto me continua a mostrar o seu incr\u00edvel apartamento penthouse num dos pr\u00e9dios mais vistosos da cidade, tenho um pressentimento terr\u00edvel sobre a mulher fechada naquele quarto.  Mas n\u00e3o posso arriscar-me a perder este emprego - pelo menos se quiser continuar a manter o meu segredo. \u00c9 dif\u00edcil encontrar empregadores que n\u00e3o fa\u00e7am muitas perguntas, especialmente sobre o passado. Nesse aspeto, agrade\u00e7o a sorte de os Garrick me terem contratado.  Posso trabalhar aqui durante algum tempo, ficar sossegada at\u00e9 conseguir o que quero. Arrumar e limpar a sua deslumbrante penthouse de vista panor\u00e2mica sobre a cidade e preparar-lhes refei\u00e7\u00f5es sofisticadas na sua cozinha reluzente. O emprego quase perfeito.  S\u00f3 ainda n\u00e3o conheci a Sra. Garrick, nem espreitei o quarto de h\u00f3spedes.  Tenho a certeza que a ou\u00e7o chorar \u00e0s vezes. Tamb\u00e9m j\u00e1 reparei em manchas de sangue na gola das suas camisas de dormir quando estou a lavar a roupa. Um dia, n\u00e3o consigo evitar bater \u00e0 porta. E, quando se abre suavemente, o que vejo l\u00e1 dentro muda tudo..\" \/>\n<meta property=\"og:url\" content=\"https:\/\/livrariasolmar.pt\/produto\/o-segredo-da-criada\/\" \/>\n<meta property=\"og:site_name\" content=\"Livraria Solmar - Livraria online\" \/>\n<meta property=\"article:modified_time\" content=\"2026-04-11T18:58:30+00:00\" \/>\n<meta property=\"og:image\" content=\"https:\/\/livrariasolmar.pt\/wp-content\/uploads\/2023\/09\/500_9789895701551_capa.jpg\" \/>\n\t<meta property=\"og:image:width\" content=\"332\" \/>\n\t<meta property=\"og:image:height\" content=\"500\" \/>\n<meta name=\"twitter:card\" content=\"summary_large_image\" \/>\n<script type=\"application\/ld+json\" class=\"yoast-schema-graph\">{\"@context\":\"https:\/\/schema.org\",\"@graph\":[{\"@type\":\"WebSite\",\"@id\":\"https:\/\/livrariasolmar.pt\/#website\",\"url\":\"https:\/\/livrariasolmar.pt\/\",\"name\":\"Livraria Solmar - Livraria online\",\"description\":\"Com\\u00e9rcio Livros E Objetos De Arte, Lda - Ponta Delgada, A\\u00e7ores\",\"potentialAction\":[{\"@type\":\"SearchAction\",\"target\":{\"@type\":\"EntryPoint\",\"urlTemplate\":\"https:\/\/livrariasolmar.pt\/?s={search_term_string}\"},\"query-input\":\"required name=search_term_string\"}],\"inLanguage\":\"en-US\"},{\"@type\":\"ImageObject\",\"@id\":\"https:\/\/livrariasolmar.pt\/produto\/o-segredo-da-criada\/#primaryimage\",\"inLanguage\":\"en-US\",\"url\":\"https:\/\/livrariasolmar.pt\/wp-content\/uploads\/2023\/09\/500_9789895701551_capa.jpg\",\"contentUrl\":\"https:\/\/livrariasolmar.pt\/wp-content\/uploads\/2023\/09\/500_9789895701551_capa.jpg\",\"width\":332,\"height\":500},{\"@type\":\"WebPage\",\"@id\":\"https:\/\/livrariasolmar.pt\/produto\/o-segredo-da-criada\/#webpage\",\"url\":\"https:\/\/livrariasolmar.pt\/produto\/o-segredo-da-criada\/\",\"name\":\"O Segredo da Criada - Livraria Solmar - Livraria online\",\"isPartOf\":{\"@id\":\"https:\/\/livrariasolmar.pt\/#website\"},\"primaryImageOfPage\":{\"@id\":\"https:\/\/livrariasolmar.pt\/produto\/o-segredo-da-criada\/#primaryimage\"},\"datePublished\":\"2023-09-15T16:50:10+00:00\",\"dateModified\":\"2026-04-11T18:58:30+00:00\",\"breadcrumb\":{\"@id\":\"https:\/\/livrariasolmar.pt\/produto\/o-segredo-da-criada\/#breadcrumb\"},\"inLanguage\":\"en-US\",\"potentialAction\":[{\"@type\":\"ReadAction\",\"target\":[\"https:\/\/livrariasolmar.pt\/produto\/o-segredo-da-criada\/\"]}]},{\"@type\":\"BreadcrumbList\",\"@id\":\"https:\/\/livrariasolmar.pt\/produto\/o-segredo-da-criada\/#breadcrumb\",\"itemListElement\":[{\"@type\":\"ListItem\",\"position\":1,\"name\":\"In\\u00edcio\",\"item\":\"https:\/\/livrariasolmar.pt\/en\/\"},{\"@type\":\"ListItem\",\"position\":2,\"name\":\"Shop\",\"item\":\"https:\/\/livrariasolmar.pt\/en\/shop\/\"},{\"@type\":\"ListItem\",\"position\":3,\"name\":\"O Segredo da Criada\"}]}]}<\/script>\n<!-- \/ Yoast SEO plugin. -->","_links":{"self":[{"href":"https:\/\/livrariasolmar.pt\/en\/wp-json\/wp\/v2\/product\/7215"}],"collection":[{"href":"https:\/\/livrariasolmar.pt\/en\/wp-json\/wp\/v2\/product"}],"about":[{"href":"https:\/\/livrariasolmar.pt\/en\/wp-json\/wp\/v2\/types\/product"}],"author":[{"embeddable":true,"href":"https:\/\/livrariasolmar.pt\/en\/wp-json\/wp\/v2\/users\/2"}],"wp:featuredmedia":[{"embeddable":true,"href":"https:\/\/livrariasolmar.pt\/en\/wp-json\/wp\/v2\/media\/7216"}],"wp:attachment":[{"href":"https:\/\/livrariasolmar.pt\/en\/wp-json\/wp\/v2\/media?parent=7215"}],"wp:term":[{"taxonomy":"product_cat","embeddable":true,"href":"https:\/\/livrariasolmar.pt\/en\/wp-json\/wp\/v2\/product_cat?post=7215"},{"taxonomy":"product_tag","embeddable":true,"href":"https:\/\/livrariasolmar.pt\/en\/wp-json\/wp\/v2\/product_tag?post=7215"},{"taxonomy":"cat_produtos","embeddable":true,"href":"https:\/\/livrariasolmar.pt\/en\/wp-json\/wp\/v2\/cat_produtos?post=7215"}],"curies":[{"name":"wp","href":"https:\/\/api.w.org\/{rel}","templated":true}]}}