{"id":7226,"date":"2023-09-15T17:28:03","date_gmt":"2023-09-15T17:28:03","guid":{"rendered":"https:\/\/livrariasolmar.pt\/?post_type=product&#038;p=7226"},"modified":"2023-10-17T12:45:20","modified_gmt":"2023-10-17T12:45:20","slug":"memorias-postumas-de-bras-cubas","status":"publish","type":"product","link":"https:\/\/livrariasolmar.pt\/en\/produto\/memorias-postumas-de-bras-cubas\/","title":{"rendered":"Mem\u00f3rias P\u00f3stumas de Br\u00e1s Cubas"},"content":{"rendered":"","protected":false},"excerpt":{"rendered":"<p>Um cl\u00e1ssico absoluto de Machado de Assis na Colec\u00e7\u00e3o de Literatura de Humor dirigida por Ricardo Ara\u00fajo Pereira. Com pref\u00e1cio de Abel Barros Baptista. A partir da campa, ou seja, j\u00e1 depois de morto, o grande her\u00f3i-banal Br\u00e1s Cubas, que marcou uma viragem definitiva na obra de Machado de Assis, recorda com sarcasmo, humor e alguma amargura a vida que deixou para tr\u00e1s. Ao verme que primeiro roeu as frias carnes do meu cad\u00e1ver dedico como saudosa lembran\u00e7a estas Mem\u00f3rias P\u00f3stumas &#8211; \u00abUma trapalhada, decerto, mas humor\u00edstica, quer dizer: impiedosa e original\u00edssima, o seu tanto cruel, o seu tanto brincalhona, quase sempre amarga, quase obl\u00edqua. O livro, de facto, foi escrito, sabemo-lo desde o in\u00edcio, com a pena da galhofa e a tinta da melancolia. Que se podia esperar desse con\u00fabio\u2026?\u00bb<br \/>\nAbel Barros Baptista, Pref\u00e1cio<\/p>\n","protected":false},"author":2,"featured_media":7227,"template":"","meta":[],"product_cat":[153],"product_tag":[],"cat_produtos":[],"yoast_head":"<!-- This site is optimized with the Yoast SEO plugin v16.6 - https:\/\/yoast.com\/wordpress\/plugins\/seo\/ -->\n<title>Mem\u00f3rias P\u00f3stumas de Br\u00e1s Cubas - Livraria Solmar - Livraria online<\/title>\n<meta name=\"robots\" content=\"index, follow, max-snippet:-1, max-image-preview:large, max-video-preview:-1\" \/>\n<link rel=\"canonical\" href=\"https:\/\/livrariasolmar.pt\/en\/produto\/memorias-postumas-de-bras-cubas\/\" \/>\n<meta property=\"og:locale\" content=\"en_US\" \/>\n<meta property=\"og:type\" content=\"article\" \/>\n<meta property=\"og:title\" content=\"Mem\u00f3rias P\u00f3stumas de Br\u00e1s Cubas - Livraria Solmar - Livraria online\" \/>\n<meta property=\"og:description\" content=\"Um cl\u00e1ssico absoluto de Machado de Assis na Colec\u00e7\u00e3o de Literatura de Humor dirigida por Ricardo Ara\u00fajo Pereira. Com pref\u00e1cio de Abel Barros Baptista. A partir da campa, ou seja, j\u00e1 depois de morto, o grande her\u00f3i-banal Br\u00e1s Cubas, que marcou uma viragem definitiva na obra de Machado de Assis, recorda com sarcasmo, humor e alguma amargura a vida que deixou para tr\u00e1s. Ao verme que primeiro roeu as frias carnes do meu cad\u00e1ver dedico como saudosa lembran\u00e7a estas Mem\u00f3rias P\u00f3stumas - \u00abUma trapalhada, decerto, mas humor\u00edstica, quer dizer: impiedosa e original\u00edssima, o seu tanto cruel, o seu tanto brincalhona, quase sempre amarga, quase obl\u00edqua. O livro, de facto, foi escrito, sabemo-lo desde o in\u00edcio, com a pena da galhofa e a tinta da melancolia. Que se podia esperar desse con\u00fabio\u2026?\u00bb Abel Barros Baptista, Pref\u00e1cio\" \/>\n<meta property=\"og:url\" content=\"https:\/\/livrariasolmar.pt\/produto\/memorias-postumas-de-bras-cubas\/\" \/>\n<meta property=\"og:site_name\" content=\"Livraria Solmar - Livraria online\" \/>\n<meta property=\"article:modified_time\" content=\"2023-10-17T12:45:20+00:00\" \/>\n<meta property=\"og:image\" content=\"https:\/\/livrariasolmar.pt\/wp-content\/uploads\/2023\/09\/500_9789896717698_capa.jpg\" \/>\n\t<meta property=\"og:image:width\" content=\"329\" \/>\n\t<meta property=\"og:image:height\" content=\"500\" \/>\n<meta name=\"twitter:card\" content=\"summary_large_image\" \/>\n<script type=\"application\/ld+json\" class=\"yoast-schema-graph\">{\"@context\":\"https:\/\/schema.org\",\"@graph\":[{\"@type\":\"WebSite\",\"@id\":\"https:\/\/livrariasolmar.pt\/#website\",\"url\":\"https:\/\/livrariasolmar.pt\/\",\"name\":\"Livraria Solmar - Livraria online\",\"description\":\"Com\\u00e9rcio Livros E Objetos De Arte, Lda - Ponta Delgada, A\\u00e7ores\",\"potentialAction\":[{\"@type\":\"SearchAction\",\"target\":{\"@type\":\"EntryPoint\",\"urlTemplate\":\"https:\/\/livrariasolmar.pt\/?s={search_term_string}\"},\"query-input\":\"required name=search_term_string\"}],\"inLanguage\":\"en-US\"},{\"@type\":\"ImageObject\",\"@id\":\"https:\/\/livrariasolmar.pt\/produto\/memorias-postumas-de-bras-cubas\/#primaryimage\",\"inLanguage\":\"en-US\",\"url\":\"https:\/\/livrariasolmar.pt\/wp-content\/uploads\/2023\/09\/500_9789896717698_capa.jpg\",\"contentUrl\":\"https:\/\/livrariasolmar.pt\/wp-content\/uploads\/2023\/09\/500_9789896717698_capa.jpg\",\"width\":329,\"height\":500},{\"@type\":\"WebPage\",\"@id\":\"https:\/\/livrariasolmar.pt\/produto\/memorias-postumas-de-bras-cubas\/#webpage\",\"url\":\"https:\/\/livrariasolmar.pt\/produto\/memorias-postumas-de-bras-cubas\/\",\"name\":\"Mem\\u00f3rias P\\u00f3stumas de Br\\u00e1s Cubas - Livraria Solmar - Livraria online\",\"isPartOf\":{\"@id\":\"https:\/\/livrariasolmar.pt\/#website\"},\"primaryImageOfPage\":{\"@id\":\"https:\/\/livrariasolmar.pt\/produto\/memorias-postumas-de-bras-cubas\/#primaryimage\"},\"datePublished\":\"2023-09-15T17:28:03+00:00\",\"dateModified\":\"2023-10-17T12:45:20+00:00\",\"breadcrumb\":{\"@id\":\"https:\/\/livrariasolmar.pt\/produto\/memorias-postumas-de-bras-cubas\/#breadcrumb\"},\"inLanguage\":\"en-US\",\"potentialAction\":[{\"@type\":\"ReadAction\",\"target\":[\"https:\/\/livrariasolmar.pt\/produto\/memorias-postumas-de-bras-cubas\/\"]}]},{\"@type\":\"BreadcrumbList\",\"@id\":\"https:\/\/livrariasolmar.pt\/produto\/memorias-postumas-de-bras-cubas\/#breadcrumb\",\"itemListElement\":[{\"@type\":\"ListItem\",\"position\":1,\"name\":\"In\\u00edcio\",\"item\":\"https:\/\/livrariasolmar.pt\/en\/\"},{\"@type\":\"ListItem\",\"position\":2,\"name\":\"Shop\",\"item\":\"https:\/\/livrariasolmar.pt\/en\/shop\/\"},{\"@type\":\"ListItem\",\"position\":3,\"name\":\"Mem\\u00f3rias P\\u00f3stumas de Br\\u00e1s Cubas\"}]}]}<\/script>\n<!-- \/ Yoast SEO plugin. -->","_links":{"self":[{"href":"https:\/\/livrariasolmar.pt\/en\/wp-json\/wp\/v2\/product\/7226"}],"collection":[{"href":"https:\/\/livrariasolmar.pt\/en\/wp-json\/wp\/v2\/product"}],"about":[{"href":"https:\/\/livrariasolmar.pt\/en\/wp-json\/wp\/v2\/types\/product"}],"author":[{"embeddable":true,"href":"https:\/\/livrariasolmar.pt\/en\/wp-json\/wp\/v2\/users\/2"}],"wp:featuredmedia":[{"embeddable":true,"href":"https:\/\/livrariasolmar.pt\/en\/wp-json\/wp\/v2\/media\/7227"}],"wp:attachment":[{"href":"https:\/\/livrariasolmar.pt\/en\/wp-json\/wp\/v2\/media?parent=7226"}],"wp:term":[{"taxonomy":"product_cat","embeddable":true,"href":"https:\/\/livrariasolmar.pt\/en\/wp-json\/wp\/v2\/product_cat?post=7226"},{"taxonomy":"product_tag","embeddable":true,"href":"https:\/\/livrariasolmar.pt\/en\/wp-json\/wp\/v2\/product_tag?post=7226"},{"taxonomy":"cat_produtos","embeddable":true,"href":"https:\/\/livrariasolmar.pt\/en\/wp-json\/wp\/v2\/cat_produtos?post=7226"}],"curies":[{"name":"wp","href":"https:\/\/api.w.org\/{rel}","templated":true}]}}